{"id":5617,"date":"2025-04-28T16:46:03","date_gmt":"2025-04-28T16:46:03","guid":{"rendered":"https:\/\/tullify.se\/?page_id=5617"},"modified":"2025-06-03T15:26:36","modified_gmt":"2025-06-03T13:26:36","slug":"everything-you-need-to-know-about-lrn-number","status":"publish","type":"page","link":"https:\/\/tullify.se\/en\/allt-du-behover-veta-om-lrn-nummer\/","title":{"rendered":"Everything you need to know about Customs ID: The identification number for smooth import and export"},"content":{"rendered":"\t\t<div data-elementor-type=\"wp-page\" data-elementor-id=\"5617\" class=\"elementor elementor-5617\" data-elementor-post-type=\"page\">\n\t\t\t\t<div class=\"elementor-element elementor-element-cf47e5d e-con-full e-flex e-con e-parent\" data-id=\"cf47e5d\" data-element_type=\"container\" data-e-type=\"container\">\n\t\t\t\t<div class=\"elementor-element elementor-element-e37c0d7 elementor-widget elementor-widget-template\" data-id=\"e37c0d7\" data-element_type=\"widget\" data-e-type=\"widget\" data-widget_type=\"template.default\">\n\t\t\t\t<div class=\"elementor-widget-container\">\n\t\t\t\t\t\t\t<div class=\"elementor-template\">\n\t\t\t\t\t<div data-elementor-type=\"container\" data-elementor-id=\"4245\" class=\"elementor elementor-4245\" data-elementor-post-type=\"elementor_library\">\n\t\t\t\t<div class=\"elementor-element elementor-element-44d9dce4 e-flex e-con-boxed e-con e-parent\" data-id=\"44d9dce4\" data-element_type=\"container\" data-e-type=\"container\" data-settings=\"{&quot;motion_fx_motion_fx_scrolling&quot;:&quot;yes&quot;,&quot;motion_fx_devices&quot;:[&quot;desktop&quot;,&quot;tablet&quot;,&quot;mobile&quot;]}\">\n\t\t\t\t\t<div class=\"e-con-inner\">\n\t\t\t\t<div class=\"elementor-element elementor-element-7642a86e elementor-widget elementor-widget-heading\" data-id=\"7642a86e\" data-element_type=\"widget\" data-e-type=\"widget\" data-widget_type=\"heading.default\">\n\t\t\t\t\t<h1 class=\"elementor-heading-title elementor-size-default\">Allt du beh\u00f6ver veta om LRN-nummer<\/h1>\t\t\t\t<\/div>\n\t\t\t\t\t<\/div>\n\t\t\t\t<\/div>\n\t\t\t\t<\/div>\n\t\t\t\t<\/div>\n\t\t\t\t\t\t<\/div>\n\t\t\t\t<\/div>\n\t\t\t\t<\/div>\n\t\t<div class=\"elementor-element elementor-element-1d4dcc8 e-flex e-con-boxed e-con e-parent\" data-id=\"1d4dcc8\" data-element_type=\"container\" data-e-type=\"container\">\n\t\t\t\t\t<div class=\"e-con-inner\">\n\t\t<div class=\"elementor-element elementor-element-5fe17c2 e-con-full e-flex e-con e-child\" data-id=\"5fe17c2\" data-element_type=\"container\" data-e-type=\"container\">\n\t\t\t\t<div class=\"elementor-element elementor-element-6cb44d1 textBlock elementor-widget elementor-widget-text-editor\" data-id=\"6cb44d1\" data-element_type=\"widget\" data-e-type=\"widget\" data-widget_type=\"text-editor.default\">\n\t\t\t\t\t\t\t\t\t<h2>Identifikationsnumret f\u00f6r smidig import och export<\/h2><hr \/><p>Att f\u00f6rst\u00e5 och anv\u00e4nda LRN-nummer \u00e4r av avg\u00f6rande betydelse f\u00f6r en effektiv import och export. Det \u00e4r det unika numret som tilldelas varje f\u00f6rs\u00e4ndelse vid registrering i tulldatasystemet (TDS). Genom att l\u00e4ra sig mer om <a href=\"https:\/\/www.tullverket.se\/foretag\/ansokochdeklarera\/etjansterforforetag\/fragatullid.4.44a6a1ff14dad48234f15c33.html\" target=\"_blank\" rel=\"noopener\">LRN-nummer<\/a> och dess betydelse kan du f\u00f6rb\u00e4ttra din f\u00f6rs\u00e4ndelses hantering och underl\u00e4tta processen f\u00f6r import- och exports\u00e4ndningar.<\/p>\t\t\t\t\t\t\t\t<\/div>\n\t\t\t\t<div class=\"elementor-element elementor-element-756ba7d landscape elementor-widget elementor-widget-image\" data-id=\"756ba7d\" data-element_type=\"widget\" data-e-type=\"widget\" data-widget_type=\"image.default\">\n\t\t\t\t\t\t\t\t\t\t\t\t\t\t\t<img decoding=\"async\" src=\"https:\/\/tullify.se\/wp-content\/uploads\/elementor\/thumbs\/opt-tull-id-r5169m18rbjj9tqjbfn70ukxsnn7yzmxx2wquepoos.webp\" title=\"Import och export\" alt=\"Import och export\" loading=\"lazy\" \/>\t\t\t\t\t\t\t\t\t\t\t\t\t\t\t<\/div>\n\t\t\t\t<\/div>\n\t\t\t\t<div class=\"elementor-element elementor-element-8d18a8f elementor-widget elementor-widget-text-editor\" data-id=\"8d18a8f\" data-element_type=\"widget\" data-e-type=\"widget\" data-widget_type=\"text-editor.default\">\n\t\t\t\t\t\t\t\t\t<h2>Vad \u00e4r LRN-numret?<\/h2>\n\n<hr \/>\n\nLRN-numret \u00e4r som ett fingeravtryck f\u00f6r varje import- och exports\u00e4ndning. Det \u00e4r ett unikt identifikationsnummer som tilldelas varje g\u00e5ng en f\u00f6rs\u00e4ndelse registreras i tulldatasystemet. Detta nummer m\u00f6jligg\u00f6r sp\u00e5rning och \u00f6vervakning av f\u00f6rs\u00e4ndelsen genom hela tullprocessen, vilket \u00e4r avg\u00f6rande f\u00f6r att s\u00e4kerst\u00e4lla en smidig import eller export.\t\t\t\t\t\t\t\t<\/div>\n\t\t<div class=\"elementor-element elementor-element-8ae478e e-con-full e-flex e-con e-child\" data-id=\"8ae478e\" data-element_type=\"container\" data-e-type=\"container\" data-settings=\"{&quot;background_background&quot;:&quot;classic&quot;}\">\n\t\t\t\t<div class=\"elementor-element elementor-element-db2681b elementor-align-start elementor-icon-list--layout-inline elementor-list-item-link-full_width elementor-widget elementor-widget-icon-list\" data-id=\"db2681b\" data-element_type=\"widget\" data-e-type=\"widget\" data-widget_type=\"icon-list.default\">\n\t\t\t\t\t\t\t<ul class=\"elementor-icon-list-items elementor-inline-items\">\n\t\t\t\t\t\t\t<li class=\"elementor-icon-list-item elementor-inline-item\">\n\t\t\t\t\t\t\t\t\t\t\t<a href=\"mailto:info@tullify.se\">\n\n\t\t\t\t\t\t\t\t\t\t\t\t<span class=\"elementor-icon-list-icon\">\n\t\t\t\t\t\t\t<svg aria-hidden=\"true\" class=\"e-font-icon-svg e-fas-envelope\" viewBox=\"0 0 512 512\" xmlns=\"http:\/\/www.w3.org\/2000\/svg\"><path d=\"M502.3 190.8c3.9-3.1 9.7-.2 9.7 4.7V400c0 26.5-21.5 48-48 48H48c-26.5 0-48-21.5-48-48V195.6c0-5 5.7-7.8 9.7-4.7 22.4 17.4 52.1 39.5 154.1 113.6 21.1 15.4 56.7 47.8 92.2 47.6 35.7.3 72-32.8 92.3-47.6 102-74.1 131.6-96.3 154-113.7zM256 320c23.2.4 56.6-29.2 73.4-41.4 132.7-96.3 142.8-104.7 173.4-128.7 5.8-4.5 9.2-11.5 9.2-18.9v-19c0-26.5-21.5-48-48-48H48C21.5 64 0 85.5 0 112v19c0 7.4 3.4 14.3 9.2 18.9 30.6 23.9 40.7 32.4 173.4 128.7 16.8 12.2 50.2 41.8 73.4 41.4z\"><\/path><\/svg>\t\t\t\t\t\t<\/span>\n\t\t\t\t\t\t\t\t\t\t<span class=\"elementor-icon-list-text\">info@tullify.se<\/span>\n\t\t\t\t\t\t\t\t\t\t\t<\/a>\n\t\t\t\t\t\t\t\t\t<\/li>\n\t\t\t\t\t\t\t\t<li class=\"elementor-icon-list-item elementor-inline-item\">\n\t\t\t\t\t\t\t\t\t\t\t<a href=\"tel:+46103333555\">\n\n\t\t\t\t\t\t\t\t\t\t\t\t<span class=\"elementor-icon-list-icon\">\n\t\t\t\t\t\t\t<svg aria-hidden=\"true\" class=\"e-font-icon-svg e-fas-phone\" viewBox=\"0 0 512 512\" xmlns=\"http:\/\/www.w3.org\/2000\/svg\"><path d=\"M493.4 24.6l-104-24c-11.3-2.6-22.9 3.3-27.5 13.9l-48 112c-4.2 9.8-1.4 21.3 6.9 28l60.6 49.6c-36 76.7-98.9 140.5-177.2 177.2l-49.6-60.6c-6.8-8.3-18.2-11.1-28-6.9l-112 48C3.9 366.5-2 378.1.6 389.4l24 104C27.1 504.2 36.7 512 48 512c256.1 0 464-207.5 464-464 0-11.2-7.7-20.9-18.6-23.4z\"><\/path><\/svg>\t\t\t\t\t\t<\/span>\n\t\t\t\t\t\t\t\t\t\t<span class=\"elementor-icon-list-text\">+46 (0) 10-33 33 555<\/span>\n\t\t\t\t\t\t\t\t\t\t\t<\/a>\n\t\t\t\t\t\t\t\t\t<\/li>\n\t\t\t\t\t\t<\/ul>\n\t\t\t\t\t\t<\/div>\n\t\t\t\t<div class=\"elementor-element elementor-element-3b99fad elementor-widget elementor-widget-button\" data-id=\"3b99fad\" data-element_type=\"widget\" data-e-type=\"widget\" data-widget_type=\"button.default\">\n\t\t\t\t\t\t\t\t\t\t<a class=\"elementor-button elementor-button-link elementor-size-sm\" href=\"https:\/\/tullify.se\/en\/kontakt\/\">\n\t\t\t\t\t\t<span class=\"elementor-button-content-wrapper\">\n\t\t\t\t\t\t\t\t\t<span class=\"elementor-button-text\">Kontakta oss<\/span>\n\t\t\t\t\t<\/span>\n\t\t\t\t\t<\/a>\n\t\t\t\t\t\t\t\t<\/div>\n\t\t\t\t<\/div>\n\t\t\t\t<div class=\"elementor-element elementor-element-ccba825 elementor-widget elementor-widget-text-editor\" data-id=\"ccba825\" data-element_type=\"widget\" data-e-type=\"widget\" data-widget_type=\"text-editor.default\">\n\t\t\t\t\t\t\t\t\t<h2>Varf\u00f6r \u00e4r LRN-nummer viktigt?<\/h2>\n\n<hr \/>\n\nLRN-nummer fungerar som en nyckelkomponent f\u00f6r tullmyndigheterna f\u00f6r att identifiera, sp\u00e5ra och \u00f6vervaka varor som passerar genom gr\u00e4nserna. Det underl\u00e4ttar en smidigare tullhantering och minskar risken f\u00f6r f\u00f6rdr\u00f6jningar eller missf\u00f6rst\u00e5nd under import- eller exportprocessen.\n\nGenom att ha detta unika identifieringsnummer kan tullmyndigheterna snabbt och noggrant behandla f\u00f6rs\u00e4ndelser, vilket minskar risken f\u00f6r fel eller f\u00f6rseningar. Det ger ocks\u00e5 f\u00f6retag och individer m\u00f6jlighet att f\u00f6lja sina f\u00f6rs\u00e4ndelser i realtid och d\u00e4rigenom effektivisera sin logistik och planering.\t\t\t\t\t\t\t\t<\/div>\n\t\t\t\t<div class=\"elementor-element elementor-element-9a173ad elementor-widget elementor-widget-text-editor\" data-id=\"9a173ad\" data-element_type=\"widget\" data-e-type=\"widget\" data-widget_type=\"text-editor.default\">\n\t\t\t\t\t\t\t\t\t<h2>Hur anv\u00e4nds LRN-nummer?<\/h2>\n\n<hr \/>\n\nN\u00e4r en f\u00f6rs\u00e4ndelse registreras i tulldatasystemet tilldelas den ett LRN-nummer. Detta nummer f\u00f6ljer f\u00f6rs\u00e4ndelsen genom hela tullprocessen. Det anv\u00e4nds f\u00f6r att sp\u00e5ra och \u00f6vervaka f\u00f6rs\u00e4ndelsen, underl\u00e4tta tullklareringen och s\u00e4kerst\u00e4lla att varorna n\u00e5r sin destination utan on\u00f6diga f\u00f6rdr\u00f6jningar.\n\nF\u00f6r import\u00f6rer och export\u00f6rer \u00e4r det viktigt att vara medveten om och korrekt ange LRN-nummer f\u00f6r varje f\u00f6rs\u00e4ndelse. Detta s\u00e4kerst\u00e4ller att tullmyndigheterna har all n\u00f6dv\u00e4ndig information f\u00f6r att effektivt hantera f\u00f6rs\u00e4ndelser och underl\u00e4ttar en smidig \u00f6verg\u00e5ng genom tullprocessen.\t\t\t\t\t\t\t\t<\/div>\n\t\t<div class=\"elementor-element elementor-element-0ffe78b e-con-full e-flex e-con e-child\" data-id=\"0ffe78b\" data-element_type=\"container\" data-e-type=\"container\" data-settings=\"{&quot;background_background&quot;:&quot;classic&quot;}\">\n\t\t\t\t<div class=\"elementor-element elementor-element-fdeeb2d elementor-align-start elementor-icon-list--layout-inline elementor-list-item-link-full_width elementor-widget elementor-widget-icon-list\" data-id=\"fdeeb2d\" data-element_type=\"widget\" data-e-type=\"widget\" data-widget_type=\"icon-list.default\">\n\t\t\t\t\t\t\t<ul class=\"elementor-icon-list-items elementor-inline-items\">\n\t\t\t\t\t\t\t<li class=\"elementor-icon-list-item elementor-inline-item\">\n\t\t\t\t\t\t\t\t\t\t\t<a href=\"mailto:info@tullify.se\">\n\n\t\t\t\t\t\t\t\t\t\t\t\t<span class=\"elementor-icon-list-icon\">\n\t\t\t\t\t\t\t<svg aria-hidden=\"true\" class=\"e-font-icon-svg e-fas-envelope\" viewBox=\"0 0 512 512\" xmlns=\"http:\/\/www.w3.org\/2000\/svg\"><path d=\"M502.3 190.8c3.9-3.1 9.7-.2 9.7 4.7V400c0 26.5-21.5 48-48 48H48c-26.5 0-48-21.5-48-48V195.6c0-5 5.7-7.8 9.7-4.7 22.4 17.4 52.1 39.5 154.1 113.6 21.1 15.4 56.7 47.8 92.2 47.6 35.7.3 72-32.8 92.3-47.6 102-74.1 131.6-96.3 154-113.7zM256 320c23.2.4 56.6-29.2 73.4-41.4 132.7-96.3 142.8-104.7 173.4-128.7 5.8-4.5 9.2-11.5 9.2-18.9v-19c0-26.5-21.5-48-48-48H48C21.5 64 0 85.5 0 112v19c0 7.4 3.4 14.3 9.2 18.9 30.6 23.9 40.7 32.4 173.4 128.7 16.8 12.2 50.2 41.8 73.4 41.4z\"><\/path><\/svg>\t\t\t\t\t\t<\/span>\n\t\t\t\t\t\t\t\t\t\t<span class=\"elementor-icon-list-text\">info@tullify.se<\/span>\n\t\t\t\t\t\t\t\t\t\t\t<\/a>\n\t\t\t\t\t\t\t\t\t<\/li>\n\t\t\t\t\t\t\t\t<li class=\"elementor-icon-list-item elementor-inline-item\">\n\t\t\t\t\t\t\t\t\t\t\t<a href=\"tel:+46103333555\">\n\n\t\t\t\t\t\t\t\t\t\t\t\t<span class=\"elementor-icon-list-icon\">\n\t\t\t\t\t\t\t<svg aria-hidden=\"true\" class=\"e-font-icon-svg e-fas-phone\" viewBox=\"0 0 512 512\" xmlns=\"http:\/\/www.w3.org\/2000\/svg\"><path d=\"M493.4 24.6l-104-24c-11.3-2.6-22.9 3.3-27.5 13.9l-48 112c-4.2 9.8-1.4 21.3 6.9 28l60.6 49.6c-36 76.7-98.9 140.5-177.2 177.2l-49.6-60.6c-6.8-8.3-18.2-11.1-28-6.9l-112 48C3.9 366.5-2 378.1.6 389.4l24 104C27.1 504.2 36.7 512 48 512c256.1 0 464-207.5 464-464 0-11.2-7.7-20.9-18.6-23.4z\"><\/path><\/svg>\t\t\t\t\t\t<\/span>\n\t\t\t\t\t\t\t\t\t\t<span class=\"elementor-icon-list-text\">+46 (0) 10-33 33 555<\/span>\n\t\t\t\t\t\t\t\t\t\t\t<\/a>\n\t\t\t\t\t\t\t\t\t<\/li>\n\t\t\t\t\t\t<\/ul>\n\t\t\t\t\t\t<\/div>\n\t\t\t\t<div class=\"elementor-element elementor-element-4318616 elementor-widget elementor-widget-button\" data-id=\"4318616\" data-element_type=\"widget\" data-e-type=\"widget\" data-widget_type=\"button.default\">\n\t\t\t\t\t\t\t\t\t\t<a class=\"elementor-button elementor-button-link elementor-size-sm\" href=\"https:\/\/tullify.se\/en\/kontakt\/\">\n\t\t\t\t\t\t<span class=\"elementor-button-content-wrapper\">\n\t\t\t\t\t\t\t\t\t<span class=\"elementor-button-text\">Kontakta oss<\/span>\n\t\t\t\t\t<\/span>\n\t\t\t\t\t<\/a>\n\t\t\t\t\t\t\t\t<\/div>\n\t\t\t\t<\/div>\n\t\t\t\t<div class=\"elementor-element elementor-element-cbdc5ee elementor-widget elementor-widget-text-editor\" data-id=\"cbdc5ee\" data-element_type=\"widget\" data-e-type=\"widget\" data-widget_type=\"text-editor.default\">\n\t\t\t\t\t\t\t\t\tLRN-numret\u00a0\u00e4r en central del av import- och exportprocessen. Det \u00e4r det unika identifikationsnumret som tilldelas varje f\u00f6rs\u00e4ndelse n\u00e4r den registreras i tulldatasystemet. Genom att anv\u00e4nda och f\u00f6rst\u00e5 detta nummer kan man s\u00e4kerst\u00e4lla en smidigare och mer effektiv import och export av varor, samtidigt som man minskar risken f\u00f6r f\u00f6rseningar eller felbehandling av f\u00f6rs\u00e4ndelser.\n\nGenom att se till att r\u00e4tt LRN-nummer anv\u00e4nds och registreras korrekt kan f\u00f6retag och individer f\u00f6renkla sin logistik och tullhantering och s\u00e4kerst\u00e4lla att deras varor n\u00e5r sina destinationer i tid och utan problem.\t\t\t\t\t\t\t\t<\/div>\n\t\t\t\t\t<\/div>\n\t\t\t\t<\/div>\n\t\t\t\t<\/div>\n\t\t","protected":false},"excerpt":{"rendered":"<p>Identifikationsnumret f\u00f6r smidig import och export Att f\u00f6rst\u00e5 och anv\u00e4nda LRN-nummer \u00e4r av avg\u00f6rande betydelse f\u00f6r en effektiv import och export. Det \u00e4r det unika numret som tilldelas varje f\u00f6rs\u00e4ndelse vid registrering i tulldatasystemet (TDS). Genom att l\u00e4ra sig mer om LRN-nummer och dess betydelse kan du f\u00f6rb\u00e4ttra din f\u00f6rs\u00e4ndelses hantering och underl\u00e4tta processen f\u00f6r [&hellip;]<\/p>\n","protected":false},"author":1,"featured_media":5619,"parent":0,"menu_order":0,"comment_status":"closed","ping_status":"closed","template":"","meta":{"_acf_changed":false,"footnotes":""},"class_list":["post-5617","page","type-page","status-publish","has-post-thumbnail","hentry"],"acf":[],"_links":{"self":[{"href":"https:\/\/tullify.se\/en\/wp-json\/wp\/v2\/pages\/5617","targetHints":{"allow":["GET"]}}],"collection":[{"href":"https:\/\/tullify.se\/en\/wp-json\/wp\/v2\/pages"}],"about":[{"href":"https:\/\/tullify.se\/en\/wp-json\/wp\/v2\/types\/page"}],"author":[{"embeddable":true,"href":"https:\/\/tullify.se\/en\/wp-json\/wp\/v2\/users\/1"}],"replies":[{"embeddable":true,"href":"https:\/\/tullify.se\/en\/wp-json\/wp\/v2\/comments?post=5617"}],"version-history":[{"count":36,"href":"https:\/\/tullify.se\/en\/wp-json\/wp\/v2\/pages\/5617\/revisions"}],"predecessor-version":[{"id":8781,"href":"https:\/\/tullify.se\/en\/wp-json\/wp\/v2\/pages\/5617\/revisions\/8781"}],"wp:featuredmedia":[{"embeddable":true,"href":"https:\/\/tullify.se\/en\/wp-json\/wp\/v2\/media\/5619"}],"wp:attachment":[{"href":"https:\/\/tullify.se\/en\/wp-json\/wp\/v2\/media?parent=5617"}],"curies":[{"name":"wp","href":"https:\/\/api.w.org\/{rel}","templated":true}]}}