{"id":5955,"date":"2025-04-29T15:01:59","date_gmt":"2025-04-29T15:01:59","guid":{"rendered":"https:\/\/tullify.se\/?page_id=5955"},"modified":"2025-04-29T15:20:29","modified_gmt":"2025-04-29T15:20:29","slug":"t2l-and-t2lf","status":"publish","type":"page","link":"https:\/\/tullify.se\/en\/dokument\/t2l-och-t2lf\/","title":{"rendered":"T2L and T2LF"},"content":{"rendered":"\t\t<div data-elementor-type=\"wp-page\" data-elementor-id=\"5955\" class=\"elementor elementor-5955\" data-elementor-post-type=\"page\">\n\t\t\t\t<div class=\"elementor-element elementor-element-51daa61 e-con-full e-flex e-con e-parent\" data-id=\"51daa61\" data-element_type=\"container\" data-e-type=\"container\">\n\t\t\t\t<div class=\"elementor-element elementor-element-6362f8b elementor-widget elementor-widget-template\" data-id=\"6362f8b\" data-element_type=\"widget\" data-e-type=\"widget\" data-widget_type=\"template.default\">\n\t\t\t\t<div class=\"elementor-widget-container\">\n\t\t\t\t\t\t\t<div class=\"elementor-template\">\n\t\t\t\t\t<div data-elementor-type=\"container\" data-elementor-id=\"2040\" class=\"elementor elementor-2040\" data-elementor-post-type=\"elementor_library\">\n\t\t\t\t<div class=\"elementor-element elementor-element-44d9dce4 e-flex e-con-boxed e-con e-parent\" data-id=\"44d9dce4\" data-element_type=\"container\" data-e-type=\"container\" data-settings=\"{&quot;motion_fx_motion_fx_scrolling&quot;:&quot;yes&quot;,&quot;motion_fx_devices&quot;:[&quot;desktop&quot;,&quot;tablet&quot;,&quot;mobile&quot;]}\">\n\t\t\t\t\t<div class=\"e-con-inner\">\n\t\t\t\t<div class=\"elementor-element elementor-element-7642a86e elementor-widget elementor-widget-heading\" data-id=\"7642a86e\" data-element_type=\"widget\" data-e-type=\"widget\" data-widget_type=\"heading.default\">\n\t\t\t\t\t<h1 class=\"elementor-heading-title elementor-size-default\">T2L och T2LF<\/h1>\t\t\t\t<\/div>\n\t\t\t\t\t<\/div>\n\t\t\t\t<\/div>\n\t\t\t\t<\/div>\n\t\t\t\t<\/div>\n\t\t\t\t\t\t<\/div>\n\t\t\t\t<\/div>\n\t\t\t\t<\/div>\n\t\t<div class=\"elementor-element elementor-element-65d0169 e-flex e-con-boxed e-con e-parent\" data-id=\"65d0169\" data-element_type=\"container\" data-e-type=\"container\" data-settings=\"{&quot;background_background&quot;:&quot;classic&quot;}\">\n\t\t\t\t\t<div class=\"e-con-inner\">\n\t\t<div class=\"elementor-element elementor-element-fa0013d e-grid e-con-full e-con e-child\" data-id=\"fa0013d\" data-element_type=\"container\" data-e-type=\"container\" data-settings=\"{&quot;motion_fx_motion_fx_scrolling&quot;:&quot;yes&quot;,&quot;motion_fx_devices&quot;:[&quot;desktop&quot;,&quot;tablet&quot;,&quot;mobile&quot;]}\">\n\t\t<div class=\"elementor-element elementor-element-9b3e771 e-con-full animated-slow e-flex elementor-invisible e-con e-child\" data-id=\"9b3e771\" data-element_type=\"container\" data-e-type=\"container\" data-settings=\"{&quot;motion_fx_motion_fx_scrolling&quot;:&quot;yes&quot;,&quot;animation&quot;:&quot;fadeIn&quot;,&quot;motion_fx_devices&quot;:[&quot;desktop&quot;,&quot;tablet&quot;,&quot;mobile&quot;]}\">\n\t\t\t\t<div class=\"elementor-element elementor-element-aa43edb elementor-widget elementor-widget-heading\" data-id=\"aa43edb\" data-element_type=\"widget\" data-e-type=\"widget\" data-widget_type=\"heading.default\">\n\t\t\t\t\t<h2 class=\"elementor-heading-title elementor-size-default\">Vad du beh\u00f6ver veta om<span style=\"color: var(--e-global-color-primary)\">  Transport- och Lagrings&shy;dokument<\/span> <\/h2>\t\t\t\t<\/div>\n\t\t\t\t<div class=\"elementor-element elementor-element-1ab1bc5 elementor-widget elementor-widget-text-editor\" data-id=\"1ab1bc5\" data-element_type=\"widget\" data-e-type=\"widget\" data-widget_type=\"text-editor.default\">\n\t\t\t\t\t\t\t\t\t<hr \/><p>Transport- och Lagringsdokument, \u00e4ven k\u00e4nda som T2L och T2LF, \u00e4r <strong>viktiga dokument inom internationell handel och tullhantering<\/strong>. Dessa dokument \u00e4r avg\u00f6rande f\u00f6r att underl\u00e4tta varuimport och <a href=\"https:\/\/tullify.se\/exportdeklaration\/\">export<\/a> inom Europeiska unionen (EU) och dess tullunion. I denna artikel kommer vi att utforska vad T2L och T2LF \u00e4r och varf\u00f6r de \u00e4r viktiga f\u00f6r f\u00f6retag som bedriver internationell handel.<\/p>\t\t\t\t\t\t\t\t<\/div>\n\t\t\t\t<div class=\"elementor-element elementor-element-baa606e elementor-widget elementor-widget-text-editor\" data-id=\"baa606e\" data-element_type=\"widget\" data-e-type=\"widget\" data-widget_type=\"text-editor.default\">\n\t\t\t\t\t\t\t\t\t<h2>T2L &#8211; Transportdokument<\/h2>\n\n<hr \/>\n\nT2L, som st\u00e5r f\u00f6r &#8221;Transportdokument,&#8221; \u00e4r ett dokument som anv\u00e4nds f\u00f6r att bevisa att varor har transporterats inom EU:s tullomr\u00e5de utan att betala tull och andra importavgifter. Det \u00e4r s\u00e4rskilt relevant f\u00f6r varor som transporteras mellan tv\u00e5 EU-l\u00e4nder. T2L fungerar som ett kvitto som visar att varorna har passerat tullmyndigheterna och \u00e4r i fri oms\u00e4ttning inom EU. Detta dokument \u00e4r s\u00e4rskilt viktigt f\u00f6r att undvika dubbelbeskattning och f\u00f6renkla gr\u00e4ns\u00f6verskridande handel.\t\t\t\t\t\t\t\t<\/div>\n\t\t\t\t<div class=\"elementor-element elementor-element-18d4977 elementor-widget elementor-widget-text-editor\" data-id=\"18d4977\" data-element_type=\"widget\" data-e-type=\"widget\" data-widget_type=\"text-editor.default\">\n\t\t\t\t\t\t\t\t\t<h2>T2LF &#8211; F\u00f6renklad Transportdokument<\/h2>\n\n<hr \/>\n\nT2LF, &#8221;F\u00f6renklad Transportdokument,&#8221; \u00e4r en variant av T2L som anv\u00e4nds f\u00f6r att f\u00f6renkla handeln med varor som passerar genom flera EU-l\u00e4nder innan de n\u00e5r sitt slutm\u00e5l. Detta dokument anv\u00e4nds f\u00f6r att undvika on\u00f6diga tullprocedurer vid varje gr\u00e4ns\u00f6verg\u00e5ng och g\u00f6r att varorna kan transporteras smidigt genom flera EU-l\u00e4nder utan att betala tull eller andra avgifter vid varje gr\u00e4ns.\t\t\t\t\t\t\t\t<\/div>\n\t\t\t\t<div class=\"elementor-element elementor-element-764fe61 elementor-widget elementor-widget-text-editor\" data-id=\"764fe61\" data-element_type=\"widget\" data-e-type=\"widget\" data-widget_type=\"text-editor.default\">\n\t\t\t\t\t\t\t\t\t<h2>Vikten av T2L och T2LF<\/h2><hr \/><p>T2L och T2LF \u00e4r avg\u00f6rande f\u00f6r f\u00f6retag som bedriver internationell handel inom EU. Genom att anv\u00e4nda dessa dokument kan f\u00f6retag minska sina administrativa b\u00f6rdor och undvika on\u00f6diga kostnader och f\u00f6rseningar vid gr\u00e4ns\u00f6verg\u00e5ngar. Detta fr\u00e4mjar en smidigare handel och g\u00f6r det m\u00f6jligt f\u00f6r f\u00f6retag att vara mer konkurrenskraftiga p\u00e5 den internationella marknaden.<\/p><p>F\u00f6r att erh\u00e5lla T2L och T2LF m\u00e5ste f\u00f6retag ans\u00f6ka hos sina nationella tullmyndigheter och f\u00f6lja de specifika regler och f\u00f6rfaranden som g\u00e4ller. Det \u00e4r viktigt att noggrant f\u00f6lja dessa regler f\u00f6r att undvika problem och f\u00f6rseningar i samband med tullklarering.<\/p><p>T2L och T2LF oumb\u00e4rliga verktyg f\u00f6r f\u00f6retag som bedriver internationell handel inom EU. Dessa dokument m\u00f6jligg\u00f6r smidigare och mer kostnadseffektiv handel genom att undvika dubbelbeskattning och on\u00f6diga tullprocedurer. F\u00f6r f\u00f6retag som str\u00e4var efter att ut\u00f6ka sin n\u00e4rvaro p\u00e5 den internationella marknaden \u00e4r f\u00f6rst\u00e5elsen och r\u00e4tt anv\u00e4ndning av T2L och T2LF av h\u00f6gsta vikt.<\/p>\t\t\t\t\t\t\t\t<\/div>\n\t\t\t\t<\/div>\n\t\t<div class=\"elementor-element elementor-element-13a0ee7 e-con-full e-flex e-con e-child\" data-id=\"13a0ee7\" data-element_type=\"container\" data-e-type=\"container\">\n\t\t<div class=\"elementor-element elementor-element-2b7a870 e-con-full e-flex e-con e-child\" data-id=\"2b7a870\" data-element_type=\"container\" data-e-type=\"container\">\n\t\t<div class=\"elementor-element elementor-element-da001bd e-con-full e-flex e-con e-child\" data-id=\"da001bd\" data-element_type=\"container\" data-e-type=\"container\" data-settings=\"{&quot;background_background&quot;:&quot;classic&quot;}\">\n\t\t\t\t<div class=\"elementor-element elementor-element-7251e35 elementor-cta--skin-cover elementor-cta--valign-middle elementor-animated-content elementor-widget elementor-widget-call-to-action\" data-id=\"7251e35\" data-element_type=\"widget\" data-e-type=\"widget\" data-settings=\"{&quot;motion_fx_motion_fx_scrolling&quot;:&quot;yes&quot;,&quot;motion_fx_translateY_effect&quot;:&quot;yes&quot;,&quot;motion_fx_translateY_speed&quot;:{&quot;unit&quot;:&quot;px&quot;,&quot;size&quot;:1,&quot;sizes&quot;:[]},&quot;motion_fx_translateY_affectedRange&quot;:{&quot;unit&quot;:&quot;%&quot;,&quot;size&quot;:&quot;&quot;,&quot;sizes&quot;:{&quot;start&quot;:0,&quot;end&quot;:100}},&quot;motion_fx_devices&quot;:[&quot;desktop&quot;,&quot;tablet&quot;,&quot;mobile&quot;]}\" data-widget_type=\"call-to-action.default\">\n\t\t\t\t\t\t\t<div class=\"elementor-cta\">\n\t\t\t\t\t<div class=\"elementor-cta__bg-wrapper\">\n\t\t\t\t<div class=\"elementor-cta__bg elementor-bg\" style=\"background-image: url();\" role=\"img\" aria-label=\"\"><\/div>\n\t\t\t\t<div class=\"elementor-cta__bg-overlay\"><\/div>\n\t\t\t<\/div>\n\t\t\t\t\t\t\t<div class=\"elementor-cta__content\">\n\t\t\t\t\t\t\t\t\t<div class=\"elementor-content-item elementor-cta__content-item elementor-icon-wrapper elementor-cta__icon elementor-view-default elementor-animated-item--grow\">\n\t\t\t\t\t\t<div class=\"elementor-icon\">\n\t\t\t\t\t\t\t<svg xmlns=\"http:\/\/www.w3.org\/2000\/svg\" width=\"119\" height=\"119\" viewBox=\"0 0 119 119\" fill=\"none\"><path fill-rule=\"evenodd\" clip-rule=\"evenodd\" d=\"M114.346 35.9705L59.6732 5L5 35.9705V61.7149L59.5934 30.8615V30.8612L59.5937 30.8613L114.422 61.7199L114.346 35.9705ZM59.5937 41.0042V41L114.453 71.9567L114.5 88L105.9 92.8475L59.5928 66.7852L13.4996 92.8346L5 88V71.8196L59.5937 41.0042ZM59.5928 76.928L96.8486 97.949L73.7458 110.971L59.5951 103.178L45.418 110.99L22.4214 97.9094L59.5928 76.928Z\" fill=\"white\"><\/path><\/svg>\t\t\t\t\t\t<\/div>\n\t\t\t\t\t<\/div>\n\t\t\t\t\n\t\t\t\t\t\t\t\t\t<h3 class=\"elementor-cta__title elementor-cta__content-item elementor-content-item elementor-animated-item--grow\">\n\t\t\t\t\t\tVi finns h\u00e4r om du beh\u00f6ver hj\u00e4lp\t\t\t\t\t<\/h3>\n\t\t\t\t\n\t\t\t\t\n\t\t\t\t\t\t\t\t\t<div class=\"elementor-cta__button-wrapper elementor-cta__content-item elementor-content-item elementor-animated-item--grow\">\n\t\t\t\t\t<a class=\"elementor-cta__button elementor-button elementor-size-\" href=\"https:\/\/tullify.se\/en\/kontakt\/\">\n\t\t\t\t\t\tKontakta oss\t\t\t\t\t<\/a>\n\t\t\t\t\t<\/div>\n\t\t\t\t\t\t\t<\/div>\n\t\t\t\t\t\t<\/div>\n\t\t\t\t\t\t<\/div>\n\t\t\t\t<\/div>\n\t\t\t\t<\/div>\n\t\t\t\t<div class=\"elementor-element elementor-element-31458b5 elementor-widget elementor-widget-template\" data-id=\"31458b5\" data-element_type=\"widget\" data-e-type=\"widget\" data-widget_type=\"template.default\">\n\t\t\t\t<div class=\"elementor-widget-container\">\n\t\t\t\t\t\t\t<div class=\"elementor-template\">\n\t\t\t\t\t<div data-elementor-type=\"container\" data-elementor-id=\"5501\" class=\"elementor elementor-5501\" data-elementor-post-type=\"elementor_library\">\n\t\t\t\t<div class=\"elementor-element elementor-element-770f14c7 e-con-full e-flex e-con e-child\" data-id=\"770f14c7\" data-element_type=\"container\" data-e-type=\"container\" data-settings=\"{&quot;background_background&quot;:&quot;classic&quot;}\">\n\t\t<div class=\"elementor-element elementor-element-4f087a4c e-con-full e-flex e-con e-child\" data-id=\"4f087a4c\" data-element_type=\"container\" data-e-type=\"container\">\n\t\t\t\t<div class=\"elementor-element elementor-element-b06d041 elementor-view-default elementor-widget elementor-widget-icon\" data-id=\"b06d041\" data-element_type=\"widget\" data-e-type=\"widget\" data-widget_type=\"icon.default\">\n\t\t\t\t\t\t\t<div class=\"elementor-icon-wrapper\">\n\t\t\t<div class=\"elementor-icon\">\n\t\t\t<svg aria-hidden=\"true\" class=\"e-font-icon-svg e-fas-paper-plane\" viewBox=\"0 0 512 512\" xmlns=\"http:\/\/www.w3.org\/2000\/svg\"><path d=\"M476 3.2L12.5 270.6c-18.1 10.4-15.8 35.6 2.2 43.2L121 358.4l287.3-253.2c5.5-4.9 13.3 2.6 8.6 8.3L176 407v80.5c0 23.6 28.5 32.9 42.5 15.8L282 426l124.6 52.2c14.2 6 30.4-2.9 33-18.2l72-432C515 7.8 493.3-6.8 476 3.2z\"><\/path><\/svg>\t\t\t<\/div>\n\t\t<\/div>\n\t\t\t\t\t\t<\/div>\n\t\t\t\t<div class=\"elementor-element elementor-element-6ca6bb98 elementor-widget__width-initial elementor-widget elementor-widget-heading\" data-id=\"6ca6bb98\" data-element_type=\"widget\" data-e-type=\"widget\" data-widget_type=\"heading.default\">\n\t\t\t\t\t<h3 class=\"elementor-heading-title elementor-size-default\">H\u00f6r av dig till oss<\/h3>\t\t\t\t<\/div>\n\t\t\t\t<\/div>\n\t\t\t\t<div class=\"elementor-element elementor-element-466285f0 elementor-widget elementor-widget-text-editor\" data-id=\"466285f0\" data-element_type=\"widget\" data-e-type=\"widget\" data-widget_type=\"text-editor.default\">\n\t\t\t\t\t\t\t\t\t<p>Vi ser fram emot att h\u00f6ra av dig och g\u00f6r v\u00e5rt b\u00e4sta f\u00f6r att svara s\u00e5 fort som m\u00f6jligt!<\/p>\t\t\t\t\t\t\t\t<\/div>\n\t\t\t\t<div class=\"elementor-element elementor-element-1f7eca5b elementor-button-align-stretch elementor-widget elementor-widget-form\" data-id=\"1f7eca5b\" data-element_type=\"widget\" data-e-type=\"widget\" data-settings=\"{&quot;step_next_label&quot;:&quot;Next&quot;,&quot;step_previous_label&quot;:&quot;Previous&quot;,&quot;button_width&quot;:&quot;100&quot;,&quot;step_type&quot;:&quot;number_text&quot;,&quot;step_icon_shape&quot;:&quot;circle&quot;}\" data-widget_type=\"form.default\">\n\t\t\t\t\t\t\t<form class=\"elementor-form\" method=\"post\" name=\"Kontakt\" aria-label=\"Kontakt\">\n\t\t\t<input type=\"hidden\" name=\"post_id\" value=\"5501\"\/>\n\t\t\t<input type=\"hidden\" name=\"form_id\" value=\"1f7eca5b\"\/>\n\t\t\t<input type=\"hidden\" name=\"referer_title\" value=\"\" \/>\n\n\t\t\t\n\t\t\t<div class=\"elementor-form-fields-wrapper elementor-labels-above\">\n\t\t\t\t\t\t\t\t<div class=\"elementor-field-type-text elementor-field-group elementor-column elementor-field-group-name elementor-col-100 elementor-field-required elementor-mark-required\">\n\t\t\t\t\t\t\t\t\t\t\t\t<label for=\"form-field-name\" class=\"elementor-field-label\">\n\t\t\t\t\t\t\t\tF\u00f6rnamn och efternamn\t\t\t\t\t\t\t<\/label>\n\t\t\t\t\t\t\t\t\t\t\t\t\t\t<input size=\"1\" type=\"text\" name=\"form_fields[name]\" id=\"form-field-name\" class=\"elementor-field elementor-size-lg  elementor-field-textual\" required=\"required\">\n\t\t\t\t\t\t\t\t\t\t\t<\/div>\n\t\t\t\t\t\t\t\t<div class=\"elementor-field-type-tel elementor-field-group elementor-column elementor-field-group-field_0d523e0 elementor-col-50 elementor-field-required elementor-mark-required\">\n\t\t\t\t\t\t\t\t\t\t\t\t<label for=\"form-field-field_0d523e0\" class=\"elementor-field-label\">\n\t\t\t\t\t\t\t\tTelefonnummer\t\t\t\t\t\t\t<\/label>\n\t\t\t\t\t\t\t\t<input size=\"1\" type=\"tel\" name=\"form_fields[field_0d523e0]\" id=\"form-field-field_0d523e0\" class=\"elementor-field elementor-size-lg  elementor-field-textual\" required=\"required\" pattern=\"[0-9()#&amp;+*-=.]+\" title=\"Only numbers and phone characters (#, -, *, etc) are accepted.\">\n\n\t\t\t\t\t\t<\/div>\n\t\t\t\t\t\t\t\t<div class=\"elementor-field-type-email elementor-field-group elementor-column elementor-field-group-email elementor-col-50 elementor-field-required elementor-mark-required\">\n\t\t\t\t\t\t\t\t\t\t\t\t<label for=\"form-field-email\" class=\"elementor-field-label\">\n\t\t\t\t\t\t\t\tE-post\t\t\t\t\t\t\t<\/label>\n\t\t\t\t\t\t\t\t\t\t\t\t\t\t<input size=\"1\" type=\"email\" name=\"form_fields[email]\" id=\"form-field-email\" class=\"elementor-field elementor-size-lg  elementor-field-textual\" required=\"required\">\n\t\t\t\t\t\t\t\t\t\t\t<\/div>\n\t\t\t\t\t\t\t\t<div class=\"elementor-field-type-select elementor-field-group elementor-column elementor-field-group-field_7887ef4 elementor-col-50 elementor-field-required elementor-mark-required\">\n\t\t\t\t\t\t\t\t\t\t\t\t<label for=\"form-field-field_7887ef4\" class=\"elementor-field-label\">\n\t\t\t\t\t\t\t\tG\u00e4ller \u00e4rendet privatperson eller f\u00f6retag?\t\t\t\t\t\t\t<\/label>\n\t\t\t\t\t\t\t\t<div class=\"elementor-field elementor-select-wrapper remove-before \">\n\t\t\t<div class=\"select-caret-down-wrapper\">\n\t\t\t\t<svg aria-hidden=\"true\" class=\"e-font-icon-svg e-eicon-caret-down\" viewBox=\"0 0 571.4 571.4\" xmlns=\"http:\/\/www.w3.org\/2000\/svg\"><path d=\"M571 393Q571 407 561 418L311 668Q300 679 286 679T261 668L11 418Q0 407 0 393T11 368 36 357H536Q550 357 561 368T571 393Z\"><\/path><\/svg>\t\t\t<\/div>\n\t\t\t<select name=\"form_fields[field_7887ef4]\" id=\"form-field-field_7887ef4\" class=\"elementor-field-textual elementor-size-lg\" required=\"required\">\n\t\t\t\t\t\t\t\t\t<option value=\"\">V\u00e4lj ett alternativ <\/option>\n\t\t\t\t\t\t\t\t\t<option value=\"Privatperson\">Privatperson<\/option>\n\t\t\t\t\t\t\t\t\t<option value=\"F\u00f6retag\">F\u00f6retag<\/option>\n\t\t\t\t\t\t\t<\/select>\n\t\t<\/div>\n\t\t\t\t\t\t<\/div>\n\t\t\t\t\t\t\t\t<div class=\"elementor-field-type-select elementor-field-group elementor-column elementor-field-group-field_56fa6f5 elementor-col-50 elementor-field-required elementor-mark-required\">\n\t\t\t\t\t\t\t\t\t\t\t\t<label for=\"form-field-field_56fa6f5\" class=\"elementor-field-label\">\n\t\t\t\t\t\t\t\tVilket av f\u00f6ljande beh\u00f6ver du hj\u00e4lp med?\t\t\t\t\t\t\t<\/label>\n\t\t\t\t\t\t\t\t<div class=\"elementor-field elementor-select-wrapper remove-before \">\n\t\t\t<div class=\"select-caret-down-wrapper\">\n\t\t\t\t<svg aria-hidden=\"true\" class=\"e-font-icon-svg e-eicon-caret-down\" viewBox=\"0 0 571.4 571.4\" xmlns=\"http:\/\/www.w3.org\/2000\/svg\"><path d=\"M571 393Q571 407 561 418L311 668Q300 679 286 679T261 668L11 418Q0 407 0 393T11 368 36 357H536Q550 357 561 368T571 393Z\"><\/path><\/svg>\t\t\t<\/div>\n\t\t\t<select name=\"form_fields[field_56fa6f5]\" id=\"form-field-field_56fa6f5\" class=\"elementor-field-textual elementor-size-lg\" required=\"required\">\n\t\t\t\t\t\t\t\t\t<option value=\"\">V\u00e4lj ett alternativ <\/option>\n\t\t\t\t\t\t\t\t\t<option value=\"Annat\">Annat<\/option>\n\t\t\t\t\t\t\t\t\t<option value=\"Klassificering\">Klassificering<\/option>\n\t\t\t\t\t\t\t\t\t<option value=\"Konsultation\">Konsultation<\/option>\n\t\t\t\t\t\t\t\t\t<option value=\"R\u00e5dgivning\">R\u00e5dgivning<\/option>\n\t\t\t\t\t\t\t\t\t<option value=\"Ompr\u00f6vning\">Ompr\u00f6vning<\/option>\n\t\t\t\t\t\t\t\t\t<option value=\"Ursprungscertifikat\">Ursprungscertifikat<\/option>\n\t\t\t\t\t\t\t\t\t<option value=\"T2L eller T2LF\">T2L eller T2LF<\/option>\n\t\t\t\t\t\t\t\t\t<option value=\"Import\">Import<\/option>\n\t\t\t\t\t\t\t\t\t<option value=\"Export\">Export<\/option>\n\t\t\t\t\t\t\t<\/select>\n\t\t<\/div>\n\t\t\t\t\t\t<\/div>\n\t\t\t\t\t\t\t\t<div class=\"elementor-field-type-textarea elementor-field-group elementor-column elementor-field-group-message elementor-col-100 elementor-field-required elementor-mark-required\">\n\t\t\t\t\t\t\t\t\t\t\t\t<label for=\"form-field-message\" class=\"elementor-field-label\">\n\t\t\t\t\t\t\t\tBeskriv utf\u00f6rligt vad du vill ha hj\u00e4lp med\t\t\t\t\t\t\t<\/label>\n\t\t\t\t\t\t<textarea class=\"elementor-field-textual elementor-field  elementor-size-lg\" name=\"form_fields[message]\" id=\"form-field-message\" rows=\"4\" required=\"required\"><\/textarea>\t\t\t\t<\/div>\n\t\t\t\t\t\t\t\t<div class=\"elementor-field-type-html elementor-field-group elementor-column elementor-field-group-field_c98b62b elementor-col-100\">\n\t\t\t\t\t<span style=\"font-size: 16px;\">F\u00f6r att snabba p\u00e5 processen, v\u00e4nligen bifoga relevanta dokument till s\u00e4ndningen. Max 15mb.<\/span>\t\t\t\t<\/div>\n\t\t\t\t\t\t\t\t<div class=\"elementor-field-type-upload elementor-field-group elementor-column elementor-field-group-upload elementor-col-100\">\n\t\t\t\t\t\t\t\t\t\t\t\t<label for=\"form-field-upload\" class=\"elementor-field-label\">\n\t\t\t\t\t\t\t\tLadda upp\t\t\t\t\t\t\t<\/label>\n\t\t\t\t\t\t\t\t<input type=\"file\" name=\"form_fields[upload][]\" id=\"form-field-upload\" class=\"elementor-field elementor-size-lg  elementor-upload-field\" multiple=\"multiple\" data-maxsize=\"15\" data-maxsize-message=\"This file exceeds the maximum allowed size.\">\n\n\t\t\t\t\t\t<\/div>\n\t\t\t\t\t\t\t\t<div class=\"elementor-field-type-acceptance elementor-field-group elementor-column elementor-field-group-field_a14252f elementor-col-100 elementor-field-required elementor-mark-required\">\n\t\t\t\t\t\t\t<div class=\"elementor-field-subgroup\">\n\t\t\t<span class=\"elementor-field-option\">\n\t\t\t\t<input type=\"checkbox\" name=\"form_fields[field_a14252f]\" id=\"form-field-field_a14252f\" class=\"elementor-field elementor-size-lg  elementor-acceptance-field\" required=\"required\">\n\t\t\t\t<label for=\"form-field-field_a14252f\"><span style=\"color: #242424; padding-left: 4px;\">Jag accepterar Tullifys <strong><a style=\"color: var(--e-global-color-primary) \" \n href=\"\/villkor\/\">integritetspolicy <\/a><\/strong><\/span>*<\/label>\t\t\t<\/span>\n\t\t<\/div>\n\t\t\t\t\t\t<\/div>\n\t\t\t\t\t\t\t\t<div class=\"elementor-field-type-recaptcha_v3 elementor-field-group elementor-column elementor-field-group-field_510580d elementor-col-100 recaptcha_v3-bottomright\">\n\t\t\t\t\t<div class=\"elementor-field\" id=\"form-field-field_510580d\"><div class=\"elementor-g-recaptcha\" data-sitekey=\"6Lc2qUErAAAAAE8sivV5sWxJRSWVv7Svqc-wajIC\" data-type=\"v3\" data-action=\"Form\" data-badge=\"bottomright\" data-size=\"invisible\"><\/div><\/div>\t\t\t\t<\/div>\n\t\t\t\t\t\t\t\t<div class=\"elementor-field-group elementor-column elementor-field-type-submit elementor-col-100 e-form__buttons\">\n\t\t\t\t\t<button class=\"elementor-button elementor-size-md\" type=\"submit\">\n\t\t\t\t\t\t<span class=\"elementor-button-content-wrapper\">\n\t\t\t\t\t\t\t\t\t\t\t\t\t\t\t\t\t\t\t\t\t\t<span class=\"elementor-button-text\">Skicka<\/span>\n\t\t\t\t\t\t\t\t\t\t\t\t\t<\/span>\n\t\t\t\t\t<\/button>\n\t\t\t\t<\/div>\n\t\t\t<\/div>\n\t\t<\/form>\n\t\t\t\t\t\t<\/div>\n\t\t\t\t<\/div>\n\t\t\t\t<\/div>\n\t\t\t\t<\/div>\n\t\t\t\t\t\t<\/div>\n\t\t\t\t<\/div>\n\t\t\t\t<\/div>\n\t\t\t\t<\/div>\n\t\t\t\t\t<\/div>\n\t\t\t\t<\/div>\n\t\t\t\t<\/div>\n\t\t","protected":false},"excerpt":{"rendered":"<p>Vad du beh\u00f6ver veta om Transport- och Lagrings&shy;dokument Transport- och Lagringsdokument, \u00e4ven k\u00e4nda som T2L och T2LF, \u00e4r viktiga dokument inom internationell handel och tullhantering. Dessa dokument \u00e4r avg\u00f6rande f\u00f6r att underl\u00e4tta varuimport och export inom Europeiska unionen (EU) och dess tullunion. I denna artikel kommer vi att utforska vad T2L och T2LF \u00e4r och [&hellip;]<\/p>\n","protected":false},"author":1,"featured_media":4151,"parent":4147,"menu_order":0,"comment_status":"closed","ping_status":"closed","template":"","meta":{"_acf_changed":false,"footnotes":""},"class_list":["post-5955","page","type-page","status-publish","has-post-thumbnail","hentry"],"acf":[],"_links":{"self":[{"href":"https:\/\/tullify.se\/en\/wp-json\/wp\/v2\/pages\/5955","targetHints":{"allow":["GET"]}}],"collection":[{"href":"https:\/\/tullify.se\/en\/wp-json\/wp\/v2\/pages"}],"about":[{"href":"https:\/\/tullify.se\/en\/wp-json\/wp\/v2\/types\/page"}],"author":[{"embeddable":true,"href":"https:\/\/tullify.se\/en\/wp-json\/wp\/v2\/users\/1"}],"replies":[{"embeddable":true,"href":"https:\/\/tullify.se\/en\/wp-json\/wp\/v2\/comments?post=5955"}],"version-history":[{"count":17,"href":"https:\/\/tullify.se\/en\/wp-json\/wp\/v2\/pages\/5955\/revisions"}],"predecessor-version":[{"id":5973,"href":"https:\/\/tullify.se\/en\/wp-json\/wp\/v2\/pages\/5955\/revisions\/5973"}],"up":[{"embeddable":true,"href":"https:\/\/tullify.se\/en\/wp-json\/wp\/v2\/pages\/4147"}],"wp:featuredmedia":[{"embeddable":true,"href":"https:\/\/tullify.se\/en\/wp-json\/wp\/v2\/media\/4151"}],"wp:attachment":[{"href":"https:\/\/tullify.se\/en\/wp-json\/wp\/v2\/media?parent=5955"}],"curies":[{"name":"wp","href":"https:\/\/api.w.org\/{rel}","templated":true}]}}