{"id":6299,"date":"2025-05-01T07:38:52","date_gmt":"2025-05-01T07:38:52","guid":{"rendered":"https:\/\/tullify.se\/?page_id=6299"},"modified":"2025-06-03T15:37:14","modified_gmt":"2025-06-03T13:37:14","slug":"goods-room-code","status":"publish","type":"page","link":"https:\/\/tullify.se\/en\/godslokalkod\/","title":{"rendered":"Approved location for export \u2013 goods premises code"},"content":{"rendered":"\t\t<div data-elementor-type=\"wp-page\" data-elementor-id=\"6299\" class=\"elementor elementor-6299\" data-elementor-post-type=\"page\">\n\t\t\t\t<div class=\"elementor-element elementor-element-cf47e5d e-con-full e-flex e-con e-parent\" data-id=\"cf47e5d\" data-element_type=\"container\" data-e-type=\"container\">\n\t\t\t\t<div class=\"elementor-element elementor-element-e37c0d7 elementor-widget elementor-widget-template\" data-id=\"e37c0d7\" data-element_type=\"widget\" data-e-type=\"widget\" data-widget_type=\"template.default\">\n\t\t\t\t<div class=\"elementor-widget-container\">\n\t\t\t\t\t\t\t<div class=\"elementor-template\">\n\t\t\t\t\t<div data-elementor-type=\"container\" data-elementor-id=\"4245\" class=\"elementor elementor-4245\" data-elementor-post-type=\"elementor_library\">\n\t\t\t\t<div class=\"elementor-element elementor-element-44d9dce4 e-flex e-con-boxed e-con e-parent\" data-id=\"44d9dce4\" data-element_type=\"container\" data-e-type=\"container\" data-settings=\"{&quot;motion_fx_motion_fx_scrolling&quot;:&quot;yes&quot;,&quot;motion_fx_devices&quot;:[&quot;desktop&quot;,&quot;tablet&quot;,&quot;mobile&quot;]}\">\n\t\t\t\t\t<div class=\"e-con-inner\">\n\t\t\t\t<div class=\"elementor-element elementor-element-7642a86e elementor-widget elementor-widget-heading\" data-id=\"7642a86e\" data-element_type=\"widget\" data-e-type=\"widget\" data-widget_type=\"heading.default\">\n\t\t\t\t\t<h1 class=\"elementor-heading-title elementor-size-default\">Godk\u00e4nd plats vid export &#8211; godslokal&shy;kod<\/h1>\t\t\t\t<\/div>\n\t\t\t\t\t<\/div>\n\t\t\t\t<\/div>\n\t\t\t\t<\/div>\n\t\t\t\t<\/div>\n\t\t\t\t\t\t<\/div>\n\t\t\t\t<\/div>\n\t\t\t\t<\/div>\n\t\t<div class=\"elementor-element elementor-element-e44b89a e-flex e-con-boxed e-con e-parent\" data-id=\"e44b89a\" data-element_type=\"container\" data-e-type=\"container\">\n\t\t\t\t\t<div class=\"e-con-inner\">\n\t\t\t\t<div class=\"elementor-element elementor-element-905ba02 elementor-widget elementor-widget-text-editor\" data-id=\"905ba02\" data-element_type=\"widget\" data-e-type=\"widget\" data-widget_type=\"text-editor.default\">\n\t\t\t\t\t\t\t\t\t<h2>Vill du exportera varor?<\/h2><hr \/><p>Vill du anm\u00e4la varor f\u00f6r export fr\u00e5n en plats utanf\u00f6r ett tullkontor? D\u00e5 beh\u00f6ver du ett godk\u00e4nnande f\u00f6r den platsen d\u00e4r varorna lastas f\u00f6r export. H\u00e4r \u00e4r allt du beh\u00f6ver veta om att ans\u00f6ka om en s\u00e5dan godk\u00e4nd plats f\u00f6r smidig export.<\/p>\t\t\t\t\t\t\t\t<\/div>\n\t\t\t\t<div class=\"elementor-element elementor-element-20ff8ff elementor-widget elementor-widget-text-editor\" data-id=\"20ff8ff\" data-element_type=\"widget\" data-e-type=\"widget\" data-widget_type=\"text-editor.default\">\n\t\t\t\t\t\t\t\t\t<h2>Vem kan ans\u00f6ka?<\/h2><hr \/><p>F\u00f6r att ans\u00f6ka om en godk\u00e4nd exportplats m\u00e5ste ditt f\u00f6retag ha ett Eori-nummer och vara etablerat inom EU.<\/p><p>Om ditt f\u00f6retag saknar ett Eori-nummer kan du l\u00e4sa mer om det och ans\u00f6ka p\u00e5 sidan f\u00f6r Eori.<\/p>\t\t\t\t\t\t\t\t<\/div>\n\t\t\t\t<div class=\"elementor-element elementor-element-d0d71d1 elementor-widget elementor-widget-text-editor\" data-id=\"d0d71d1\" data-element_type=\"widget\" data-e-type=\"widget\" data-widget_type=\"text-editor.default\">\n\t\t\t\t\t\t\t\t\t<h2>S\u00e5 h\u00e4r ans\u00f6ker du<\/h2>\n\n<hr \/>\n\nAns\u00f6k genom att fylla i och skriva ut blanketten. En beh\u00f6rig firmatecknare m\u00e5ste skriva under blanketten innan den skickas i original till Tullverket.\n\nL\u00e4s om hur Tullverket behandlar personuppgifter i samband med ans\u00f6kan.\n\nG\u00e5 till ans\u00f6kan om godk\u00e4nd exportplats, TVEXP.Pdf, 128.4 kB.\t\t\t\t\t\t\t\t<\/div>\n\t\t<div class=\"elementor-element elementor-element-5d28d00 e-con-full e-flex e-con e-child\" data-id=\"5d28d00\" data-element_type=\"container\" data-e-type=\"container\" data-settings=\"{&quot;background_background&quot;:&quot;classic&quot;}\">\n\t\t\t\t<div class=\"elementor-element elementor-element-9166fa1 elementor-align-start elementor-icon-list--layout-inline elementor-list-item-link-full_width elementor-widget elementor-widget-icon-list\" data-id=\"9166fa1\" data-element_type=\"widget\" data-e-type=\"widget\" data-widget_type=\"icon-list.default\">\n\t\t\t\t\t\t\t<ul class=\"elementor-icon-list-items elementor-inline-items\">\n\t\t\t\t\t\t\t<li class=\"elementor-icon-list-item elementor-inline-item\">\n\t\t\t\t\t\t\t\t\t\t\t<a href=\"mailto:info@tullify.se\">\n\n\t\t\t\t\t\t\t\t\t\t\t\t<span class=\"elementor-icon-list-icon\">\n\t\t\t\t\t\t\t<svg aria-hidden=\"true\" class=\"e-font-icon-svg e-fas-envelope\" viewBox=\"0 0 512 512\" xmlns=\"http:\/\/www.w3.org\/2000\/svg\"><path d=\"M502.3 190.8c3.9-3.1 9.7-.2 9.7 4.7V400c0 26.5-21.5 48-48 48H48c-26.5 0-48-21.5-48-48V195.6c0-5 5.7-7.8 9.7-4.7 22.4 17.4 52.1 39.5 154.1 113.6 21.1 15.4 56.7 47.8 92.2 47.6 35.7.3 72-32.8 92.3-47.6 102-74.1 131.6-96.3 154-113.7zM256 320c23.2.4 56.6-29.2 73.4-41.4 132.7-96.3 142.8-104.7 173.4-128.7 5.8-4.5 9.2-11.5 9.2-18.9v-19c0-26.5-21.5-48-48-48H48C21.5 64 0 85.5 0 112v19c0 7.4 3.4 14.3 9.2 18.9 30.6 23.9 40.7 32.4 173.4 128.7 16.8 12.2 50.2 41.8 73.4 41.4z\"><\/path><\/svg>\t\t\t\t\t\t<\/span>\n\t\t\t\t\t\t\t\t\t\t<span class=\"elementor-icon-list-text\">info@tullify.se<\/span>\n\t\t\t\t\t\t\t\t\t\t\t<\/a>\n\t\t\t\t\t\t\t\t\t<\/li>\n\t\t\t\t\t\t\t\t<li class=\"elementor-icon-list-item elementor-inline-item\">\n\t\t\t\t\t\t\t\t\t\t\t<a href=\"tel:+46103333555\">\n\n\t\t\t\t\t\t\t\t\t\t\t\t<span class=\"elementor-icon-list-icon\">\n\t\t\t\t\t\t\t<svg aria-hidden=\"true\" class=\"e-font-icon-svg e-fas-phone\" viewBox=\"0 0 512 512\" xmlns=\"http:\/\/www.w3.org\/2000\/svg\"><path d=\"M493.4 24.6l-104-24c-11.3-2.6-22.9 3.3-27.5 13.9l-48 112c-4.2 9.8-1.4 21.3 6.9 28l60.6 49.6c-36 76.7-98.9 140.5-177.2 177.2l-49.6-60.6c-6.8-8.3-18.2-11.1-28-6.9l-112 48C3.9 366.5-2 378.1.6 389.4l24 104C27.1 504.2 36.7 512 48 512c256.1 0 464-207.5 464-464 0-11.2-7.7-20.9-18.6-23.4z\"><\/path><\/svg>\t\t\t\t\t\t<\/span>\n\t\t\t\t\t\t\t\t\t\t<span class=\"elementor-icon-list-text\">+46 (0) 10-33 33 555<\/span>\n\t\t\t\t\t\t\t\t\t\t\t<\/a>\n\t\t\t\t\t\t\t\t\t<\/li>\n\t\t\t\t\t\t<\/ul>\n\t\t\t\t\t\t<\/div>\n\t\t\t\t<div class=\"elementor-element elementor-element-79f29d6 elementor-widget elementor-widget-button\" data-id=\"79f29d6\" data-element_type=\"widget\" data-e-type=\"widget\" data-widget_type=\"button.default\">\n\t\t\t\t\t\t\t\t\t\t<a class=\"elementor-button elementor-button-link elementor-size-sm\" href=\"https:\/\/tullify.se\/en\/kontakt\/\">\n\t\t\t\t\t\t<span class=\"elementor-button-content-wrapper\">\n\t\t\t\t\t\t\t\t\t<span class=\"elementor-button-text\">Kontakta oss<\/span>\n\t\t\t\t\t<\/span>\n\t\t\t\t\t<\/a>\n\t\t\t\t\t\t\t\t<\/div>\n\t\t\t\t<\/div>\n\t\t\t\t\t<\/div>\n\t\t\t\t<\/div>\n\t\t<div class=\"elementor-element elementor-element-c91115d e-con-full e-flex e-con e-parent\" data-id=\"c91115d\" data-element_type=\"container\" data-e-type=\"container\">\n\t\t\t\t<div class=\"elementor-element elementor-element-835c02d elementor-widget elementor-widget-template\" data-id=\"835c02d\" data-element_type=\"widget\" data-e-type=\"widget\" data-widget_type=\"template.default\">\n\t\t\t\t<div class=\"elementor-widget-container\">\n\t\t\t\t\t\t\t<div class=\"elementor-template\">\n\t\t\t\t\t<div data-elementor-type=\"container\" data-elementor-id=\"5585\" class=\"elementor elementor-5585\" data-elementor-post-type=\"elementor_library\">\n\t\t\t\t<div class=\"elementor-element elementor-element-790d88ff e-flex e-con-boxed e-con e-parent\" data-id=\"790d88ff\" data-element_type=\"container\" data-e-type=\"container\" data-settings=\"{&quot;motion_fx_motion_fx_scrolling&quot;:&quot;yes&quot;,&quot;motion_fx_devices&quot;:[&quot;desktop&quot;,&quot;tablet&quot;,&quot;mobile&quot;]}\">\n\t\t\t\t\t<div class=\"e-con-inner\">\n\t\t\t\t<div class=\"elementor-element elementor-element-2a413fd elementor-cta--skin-cover elementor-cta--valign-middle elementor-animated-content elementor-widget elementor-widget-call-to-action\" data-id=\"2a413fd\" data-element_type=\"widget\" data-e-type=\"widget\" data-settings=\"{&quot;motion_fx_motion_fx_scrolling&quot;:&quot;yes&quot;,&quot;motion_fx_translateY_effect&quot;:&quot;yes&quot;,&quot;motion_fx_translateY_speed&quot;:{&quot;unit&quot;:&quot;px&quot;,&quot;size&quot;:1,&quot;sizes&quot;:[]},&quot;motion_fx_translateY_affectedRange&quot;:{&quot;unit&quot;:&quot;%&quot;,&quot;size&quot;:&quot;&quot;,&quot;sizes&quot;:{&quot;start&quot;:0,&quot;end&quot;:100}},&quot;motion_fx_devices&quot;:[&quot;desktop&quot;,&quot;tablet&quot;,&quot;mobile&quot;]}\" data-widget_type=\"call-to-action.default\">\n\t\t\t\t\t\t\t<div class=\"elementor-cta\">\n\t\t\t\t\t<div class=\"elementor-cta__bg-wrapper\">\n\t\t\t\t<div class=\"elementor-cta__bg elementor-bg\" style=\"background-image: url();\" role=\"img\" aria-label=\"\"><\/div>\n\t\t\t\t<div class=\"elementor-cta__bg-overlay\"><\/div>\n\t\t\t<\/div>\n\t\t\t\t\t\t\t<div class=\"elementor-cta__content\">\n\t\t\t\t\t\t\t\t\t<div class=\"elementor-content-item elementor-cta__content-item elementor-icon-wrapper elementor-cta__icon elementor-view-default elementor-animated-item--grow\">\n\t\t\t\t\t\t<div class=\"elementor-icon\">\n\t\t\t\t\t\t\t<svg xmlns=\"http:\/\/www.w3.org\/2000\/svg\" width=\"119\" height=\"119\" viewBox=\"0 0 119 119\" fill=\"none\"><path d=\"M96.8477 97.9482L73.7451 110.97L59.5947 103.179L45.417 110.989L22.4209 97.9092L59.5928 76.9277L96.8477 97.9482ZM114.452 71.9561L114.5 88L105.899 92.8467L59.5928 66.7852L13.499 92.834L5 88V71.8203L59.5938 41.0039V41L114.452 71.9561ZM114.347 35.9707L114.422 61.7197L59.5938 30.8613L5 61.7148V35.9707L59.6729 5L114.347 35.9707Z\" fill=\"url(#paint0_linear_49_4)\"><\/path><defs><linearGradient id=\"paint0_linear_49_4\" x1=\"114.5\" y1=\"57.9946\" x2=\"5\" y2=\"57.9946\" gradientUnits=\"userSpaceOnUse\"><stop stop-color=\"#1EFFFF\"><\/stop><stop offset=\"1\" stop-color=\"#147D6C\"><\/stop><\/linearGradient><\/defs><\/svg>\t\t\t\t\t\t<\/div>\n\t\t\t\t\t<\/div>\n\t\t\t\t\n\t\t\t\t\t\t\t\t\t<h3 class=\"elementor-cta__title elementor-cta__content-item elementor-content-item elementor-animated-item--grow\">\n\t\t\t\t\t\tVi finns h\u00e4r om du beh\u00f6ver hj\u00e4lp\t\t\t\t\t<\/h3>\n\t\t\t\t\n\t\t\t\t\n\t\t\t\t\t\t\t\t\t<div class=\"elementor-cta__button-wrapper elementor-cta__content-item elementor-content-item elementor-animated-item--grow\">\n\t\t\t\t\t<a class=\"elementor-cta__button elementor-button elementor-size-\" href=\"https:\/\/tullify.se\/en\/kontakt\/\">\n\t\t\t\t\t\tKontakta oss\t\t\t\t\t<\/a>\n\t\t\t\t\t<\/div>\n\t\t\t\t\t\t\t<\/div>\n\t\t\t\t\t\t<\/div>\n\t\t\t\t\t\t<\/div>\n\t\t\t\t\t<\/div>\n\t\t\t\t<\/div>\n\t\t\t\t<\/div>\n\t\t\t\t<\/div>\n\t\t\t\t\t\t<\/div>\n\t\t\t\t<\/div>\n\t\t\t\t<\/div>\n\t\t<div class=\"elementor-element elementor-element-ced7273 e-flex e-con-boxed e-con e-parent\" data-id=\"ced7273\" data-element_type=\"container\" data-e-type=\"container\">\n\t\t\t\t\t<div class=\"e-con-inner\">\n\t\t\t\t<div class=\"elementor-element elementor-element-cf67eff elementor-widget elementor-widget-text-editor\" data-id=\"cf67eff\" data-element_type=\"widget\" data-e-type=\"widget\" data-widget_type=\"text-editor.default\">\n\t\t\t\t\t\t\t\t\t<h2>Godslokalkod<\/h2><hr \/><p>Tullverket tilldelar varje godk\u00e4nd exportplats en godslokalkod, en trebokstavskod som identifierar platsen d\u00e4r varorna lastas f\u00f6r export. Denna kod m\u00e5ste anges i tulldeklarationen f\u00f6r att specificera platsen.<\/p>\t\t\t\t\t\t\t\t<\/div>\n\t\t\t\t<div class=\"elementor-element elementor-element-df2aceb elementor-widget elementor-widget-text-editor\" data-id=\"df2aceb\" data-element_type=\"widget\" data-e-type=\"widget\" data-widget_type=\"text-editor.default\">\n\t\t\t\t\t\t\t\t\t<h2>Tulldeklarationen<\/h2>\n\n<hr \/>\n\nVid export fr\u00e5n en godk\u00e4nd plats kan du anv\u00e4nda antingen en standardtulldeklaration eller en f\u00f6renklad deklaration.\n\n\t\t\t\t\t\t\t\t<\/div>\n\t\t\t\t<div class=\"elementor-element elementor-element-999f311 elementor-widget elementor-widget-text-editor\" data-id=\"999f311\" data-element_type=\"widget\" data-e-type=\"widget\" data-widget_type=\"text-editor.default\">\n\t\t\t\t\t\t\t\t\t<h2>Standardtulldeklaration<\/h2>\n\n<hr \/>\n\nSkicka in standardtulldeklarationen till Tullverket med meddelandet UGE. I deklarationen m\u00e5ste du ange godslokalkoden f\u00f6r den godk\u00e4nda platsen. Om du har f\u00e5tt en godslokalkod f\u00f6r flera lastplatser ska du \u00e4ven ange adressen till platsen i f\u00e4lt 44.\n\t\t\t\t\t\t\t\t<\/div>\n\t\t<div class=\"elementor-element elementor-element-ba2414f e-con-full e-flex e-con e-child\" data-id=\"ba2414f\" data-element_type=\"container\" data-e-type=\"container\" data-settings=\"{&quot;background_background&quot;:&quot;classic&quot;}\">\n\t\t\t\t<div class=\"elementor-element elementor-element-68a2ac5 elementor-cta--skin-cover elementor-cta--valign-middle elementor-animated-content elementor-widget elementor-widget-call-to-action\" data-id=\"68a2ac5\" data-element_type=\"widget\" data-e-type=\"widget\" data-settings=\"{&quot;motion_fx_motion_fx_scrolling&quot;:&quot;yes&quot;,&quot;motion_fx_translateY_effect&quot;:&quot;yes&quot;,&quot;motion_fx_translateY_speed&quot;:{&quot;unit&quot;:&quot;px&quot;,&quot;size&quot;:1,&quot;sizes&quot;:[]},&quot;motion_fx_translateY_affectedRange&quot;:{&quot;unit&quot;:&quot;%&quot;,&quot;size&quot;:&quot;&quot;,&quot;sizes&quot;:{&quot;start&quot;:0,&quot;end&quot;:100}},&quot;motion_fx_devices&quot;:[&quot;desktop&quot;,&quot;tablet&quot;,&quot;mobile&quot;]}\" data-widget_type=\"call-to-action.default\">\n\t\t\t\t\t\t\t<div class=\"elementor-cta\">\n\t\t\t\t\t<div class=\"elementor-cta__bg-wrapper\">\n\t\t\t\t<div class=\"elementor-cta__bg elementor-bg\" style=\"background-image: url();\" role=\"img\" aria-label=\"\"><\/div>\n\t\t\t\t<div class=\"elementor-cta__bg-overlay\"><\/div>\n\t\t\t<\/div>\n\t\t\t\t\t\t\t<div class=\"elementor-cta__content\">\n\t\t\t\t\t\t\t\t\t<div class=\"elementor-content-item elementor-cta__content-item elementor-icon-wrapper elementor-cta__icon elementor-view-default elementor-animated-item--grow\">\n\t\t\t\t\t\t<div class=\"elementor-icon\">\n\t\t\t\t\t\t\t<svg xmlns=\"http:\/\/www.w3.org\/2000\/svg\" width=\"119\" height=\"119\" viewBox=\"0 0 119 119\" fill=\"none\"><path fill-rule=\"evenodd\" clip-rule=\"evenodd\" d=\"M114.346 35.9705L59.6732 5L5 35.9705V61.7149L59.5934 30.8615V30.8612L59.5937 30.8613L114.422 61.7199L114.346 35.9705ZM59.5937 41.0042V41L114.453 71.9567L114.5 88L105.9 92.8475L59.5928 66.7852L13.4996 92.8346L5 88V71.8196L59.5937 41.0042ZM59.5928 76.928L96.8486 97.949L73.7458 110.971L59.5951 103.178L45.418 110.99L22.4214 97.9094L59.5928 76.928Z\" fill=\"white\"><\/path><\/svg>\t\t\t\t\t\t<\/div>\n\t\t\t\t\t<\/div>\n\t\t\t\t\n\t\t\t\t\t\t\t\t\t<h3 class=\"elementor-cta__title elementor-cta__content-item elementor-content-item elementor-animated-item--grow\">\n\t\t\t\t\t\tVi finns h\u00e4r om du beh\u00f6ver hj\u00e4lp\t\t\t\t\t<\/h3>\n\t\t\t\t\n\t\t\t\t\n\t\t\t\t\t\t\t\t\t<div class=\"elementor-cta__button-wrapper elementor-cta__content-item elementor-content-item elementor-animated-item--grow\">\n\t\t\t\t\t<a class=\"elementor-cta__button elementor-button elementor-size-\" href=\"https:\/\/tullify.se\/en\/kontakt\/\">\n\t\t\t\t\t\tKontakta oss\t\t\t\t\t<\/a>\n\t\t\t\t\t<\/div>\n\t\t\t\t\t\t\t<\/div>\n\t\t\t\t\t\t<\/div>\n\t\t\t\t\t\t<\/div>\n\t\t\t\t<\/div>\n\t\t\t\t<div class=\"elementor-element elementor-element-427c405 elementor-widget elementor-widget-text-editor\" data-id=\"427c405\" data-element_type=\"widget\" data-e-type=\"widget\" data-widget_type=\"text-editor.default\">\n\t\t\t\t\t\t\t\t\t<h2>Tullify AB kan hj\u00e4lpa dig<\/h2><hr \/><p>Tullify AB \u00e4r en erfaren partner som kan bist\u00e5 med exportprocessen och vi har v\u00e5r egen godslokalkod s\u00e5 du slipper s\u00f6ka om en och kan anv\u00e4nda v\u00e5r.<\/p><p>Med en tilldelad godslokalkod kan vi hj\u00e4lpa till med att hantera din export och se till att alla tullformaliteter sk\u00f6ts korrekt och effektivt. Vi hj\u00e4lper dig med hela din exportprocess med v\u00e5r godk\u00e4nda plats f\u00f6r export.<\/p>\t\t\t\t\t\t\t\t<\/div>\n\t\t\t\t\t<\/div>\n\t\t\t\t<\/div>\n\t\t\t\t<\/div>\n\t\t","protected":false},"excerpt":{"rendered":"<p>Vill du exportera varor? Vill du anm\u00e4la varor f\u00f6r export fr\u00e5n en plats utanf\u00f6r ett tullkontor? D\u00e5 beh\u00f6ver du ett godk\u00e4nnande f\u00f6r den platsen d\u00e4r varorna lastas f\u00f6r export. H\u00e4r \u00e4r allt du beh\u00f6ver veta om att ans\u00f6ka om en s\u00e5dan godk\u00e4nd plats f\u00f6r smidig export. Vem kan ans\u00f6ka? F\u00f6r att ans\u00f6ka om en godk\u00e4nd [&hellip;]<\/p>\n","protected":false},"author":1,"featured_media":5549,"parent":0,"menu_order":0,"comment_status":"closed","ping_status":"closed","template":"","meta":{"_acf_changed":false,"footnotes":""},"class_list":["post-6299","page","type-page","status-publish","has-post-thumbnail","hentry"],"acf":[],"_links":{"self":[{"href":"https:\/\/tullify.se\/en\/wp-json\/wp\/v2\/pages\/6299","targetHints":{"allow":["GET"]}}],"collection":[{"href":"https:\/\/tullify.se\/en\/wp-json\/wp\/v2\/pages"}],"about":[{"href":"https:\/\/tullify.se\/en\/wp-json\/wp\/v2\/types\/page"}],"author":[{"embeddable":true,"href":"https:\/\/tullify.se\/en\/wp-json\/wp\/v2\/users\/1"}],"replies":[{"embeddable":true,"href":"https:\/\/tullify.se\/en\/wp-json\/wp\/v2\/comments?post=6299"}],"version-history":[{"count":14,"href":"https:\/\/tullify.se\/en\/wp-json\/wp\/v2\/pages\/6299\/revisions"}],"predecessor-version":[{"id":8809,"href":"https:\/\/tullify.se\/en\/wp-json\/wp\/v2\/pages\/6299\/revisions\/8809"}],"wp:featuredmedia":[{"embeddable":true,"href":"https:\/\/tullify.se\/en\/wp-json\/wp\/v2\/media\/5549"}],"wp:attachment":[{"href":"https:\/\/tullify.se\/en\/wp-json\/wp\/v2\/media?parent=6299"}],"curies":[{"name":"wp","href":"https:\/\/api.w.org\/{rel}","templated":true}]}}