{"id":6341,"date":"2025-05-01T08:26:07","date_gmt":"2025-05-01T08:26:07","guid":{"rendered":"https:\/\/tullify.se\/?page_id=6341"},"modified":"2025-06-03T15:31:36","modified_gmt":"2025-06-03T13:31:36","slug":"export-customs-office","status":"publish","type":"page","link":"https:\/\/tullify.se\/en\/utforseltullkontor\/","title":{"rendered":"Everything you need to know about customs offices of exit"},"content":{"rendered":"\t\t<div data-elementor-type=\"wp-page\" data-elementor-id=\"6341\" class=\"elementor elementor-6341\" data-elementor-post-type=\"page\">\n\t\t\t\t<div class=\"elementor-element elementor-element-cf47e5d e-con-full e-flex e-con e-parent\" data-id=\"cf47e5d\" data-element_type=\"container\" data-e-type=\"container\">\n\t\t\t\t<div class=\"elementor-element elementor-element-e37c0d7 elementor-widget elementor-widget-template\" data-id=\"e37c0d7\" data-element_type=\"widget\" data-e-type=\"widget\" data-widget_type=\"template.default\">\n\t\t\t\t<div class=\"elementor-widget-container\">\n\t\t\t\t\t\t\t<div class=\"elementor-template\">\n\t\t\t\t\t<div data-elementor-type=\"container\" data-elementor-id=\"4245\" class=\"elementor elementor-4245\" data-elementor-post-type=\"elementor_library\">\n\t\t\t\t<div class=\"elementor-element elementor-element-44d9dce4 e-flex e-con-boxed e-con e-parent\" data-id=\"44d9dce4\" data-element_type=\"container\" data-e-type=\"container\" data-settings=\"{&quot;motion_fx_motion_fx_scrolling&quot;:&quot;yes&quot;,&quot;motion_fx_devices&quot;:[&quot;desktop&quot;,&quot;tablet&quot;,&quot;mobile&quot;]}\">\n\t\t\t\t\t<div class=\"e-con-inner\">\n\t\t\t\t<div class=\"elementor-element elementor-element-7642a86e elementor-widget elementor-widget-heading\" data-id=\"7642a86e\" data-element_type=\"widget\" data-e-type=\"widget\" data-widget_type=\"heading.default\">\n\t\t\t\t\t<h1 class=\"elementor-heading-title elementor-size-default\">Allt du beh\u00f6ver veta om utf\u00f6rseltullkontor<\/h1>\t\t\t\t<\/div>\n\t\t\t\t\t<\/div>\n\t\t\t\t<\/div>\n\t\t\t\t<\/div>\n\t\t\t\t<\/div>\n\t\t\t\t\t\t<\/div>\n\t\t\t\t<\/div>\n\t\t\t\t<\/div>\n\t\t<div class=\"elementor-element elementor-element-e44b89a e-flex e-con-boxed e-con e-parent\" data-id=\"e44b89a\" data-element_type=\"container\" data-e-type=\"container\">\n\t\t\t\t\t<div class=\"e-con-inner\">\n\t\t\t\t<div class=\"elementor-element elementor-element-905ba02 elementor-widget elementor-widget-text-editor\" data-id=\"905ba02\" data-element_type=\"widget\" data-e-type=\"widget\" data-widget_type=\"text-editor.default\">\n\t\t\t\t\t\t\t\t\t<h2>Utf\u00f6rseltullkontor<\/h2>\n\n<hr \/>\n\nUtf\u00f6rseltullkontor (tidigare utfartstullkontor) \u00e4r vitala knutpunkter i varje lands gr\u00e4ns\u00f6vervakning och spelar en avg\u00f6rande roll n\u00e4r det g\u00e4ller att s\u00e4kerst\u00e4lla att all export sker enligt g\u00e4llande lagar och regler. Om du \u00e4r i exportbranschen och beh\u00f6ver navigera genom komplexiteten i utf\u00f6rselstullar, \u00e4r det smart att v\u00e4nda sig till experter. Tullify \u00e4r din p\u00e5litliga partner som kan guida dig genom varje steg i processen, s\u00e4kerst\u00e4lla att din last klarar alla tullkontroller och hj\u00e4lpa dig att undvika kostsamma f\u00f6rseningar.\t\t\t\t\t\t\t\t<\/div>\n\t\t\t\t<div class=\"elementor-element elementor-element-20ff8ff elementor-widget elementor-widget-text-editor\" data-id=\"20ff8ff\" data-element_type=\"widget\" data-e-type=\"widget\" data-widget_type=\"text-editor.default\">\n\t\t\t\t\t\t\t\t\t<h2>Hur ser <span style=\"color: var(--e-global-color-primary);\">utf\u00f6rsel\u00adtullkontorkoden<\/span> ut och vart hittar man den infon?<\/h2><hr \/><p>Utf\u00f6rseltullkontorskoden b\u00f6rjar alltid med landets landkod f\u00f6ljt av 6 siffror\/bokst\u00e4ver. Se nedan exempel.<\/p><p>Arendal = SE603303<br \/>Bremerhaven = DE002452<\/p><p><a href=\"https:\/\/ec.europa.eu\/taxation_customs\/dds2\/rd\/rd_consultation_location.jsp?Lang=en\" target=\"_blank\" rel=\"noopener\">Klicka p\u00e5 EU Kommissionens sida f\u00f6r att v\u00e4lja r\u00e4tt utf\u00f6rseltullkontor.<\/a><\/p>\t\t\t\t\t\t\t\t<\/div>\n\t\t<div class=\"elementor-element elementor-element-5d28d00 e-con-full e-flex e-con e-child\" data-id=\"5d28d00\" data-element_type=\"container\" data-e-type=\"container\" data-settings=\"{&quot;background_background&quot;:&quot;classic&quot;}\">\n\t\t\t\t<div class=\"elementor-element elementor-element-9166fa1 elementor-align-start elementor-icon-list--layout-inline elementor-list-item-link-full_width elementor-widget elementor-widget-icon-list\" data-id=\"9166fa1\" data-element_type=\"widget\" data-e-type=\"widget\" data-widget_type=\"icon-list.default\">\n\t\t\t\t\t\t\t<ul class=\"elementor-icon-list-items elementor-inline-items\">\n\t\t\t\t\t\t\t<li class=\"elementor-icon-list-item elementor-inline-item\">\n\t\t\t\t\t\t\t\t\t\t\t<a href=\"mailto:info@tullify.se\">\n\n\t\t\t\t\t\t\t\t\t\t\t\t<span class=\"elementor-icon-list-icon\">\n\t\t\t\t\t\t\t<svg aria-hidden=\"true\" class=\"e-font-icon-svg e-fas-envelope\" viewBox=\"0 0 512 512\" xmlns=\"http:\/\/www.w3.org\/2000\/svg\"><path d=\"M502.3 190.8c3.9-3.1 9.7-.2 9.7 4.7V400c0 26.5-21.5 48-48 48H48c-26.5 0-48-21.5-48-48V195.6c0-5 5.7-7.8 9.7-4.7 22.4 17.4 52.1 39.5 154.1 113.6 21.1 15.4 56.7 47.8 92.2 47.6 35.7.3 72-32.8 92.3-47.6 102-74.1 131.6-96.3 154-113.7zM256 320c23.2.4 56.6-29.2 73.4-41.4 132.7-96.3 142.8-104.7 173.4-128.7 5.8-4.5 9.2-11.5 9.2-18.9v-19c0-26.5-21.5-48-48-48H48C21.5 64 0 85.5 0 112v19c0 7.4 3.4 14.3 9.2 18.9 30.6 23.9 40.7 32.4 173.4 128.7 16.8 12.2 50.2 41.8 73.4 41.4z\"><\/path><\/svg>\t\t\t\t\t\t<\/span>\n\t\t\t\t\t\t\t\t\t\t<span class=\"elementor-icon-list-text\">info@tullify.se<\/span>\n\t\t\t\t\t\t\t\t\t\t\t<\/a>\n\t\t\t\t\t\t\t\t\t<\/li>\n\t\t\t\t\t\t\t\t<li class=\"elementor-icon-list-item elementor-inline-item\">\n\t\t\t\t\t\t\t\t\t\t\t<a href=\"tel:+46103333555\">\n\n\t\t\t\t\t\t\t\t\t\t\t\t<span class=\"elementor-icon-list-icon\">\n\t\t\t\t\t\t\t<svg aria-hidden=\"true\" class=\"e-font-icon-svg e-fas-phone\" viewBox=\"0 0 512 512\" xmlns=\"http:\/\/www.w3.org\/2000\/svg\"><path d=\"M493.4 24.6l-104-24c-11.3-2.6-22.9 3.3-27.5 13.9l-48 112c-4.2 9.8-1.4 21.3 6.9 28l60.6 49.6c-36 76.7-98.9 140.5-177.2 177.2l-49.6-60.6c-6.8-8.3-18.2-11.1-28-6.9l-112 48C3.9 366.5-2 378.1.6 389.4l24 104C27.1 504.2 36.7 512 48 512c256.1 0 464-207.5 464-464 0-11.2-7.7-20.9-18.6-23.4z\"><\/path><\/svg>\t\t\t\t\t\t<\/span>\n\t\t\t\t\t\t\t\t\t\t<span class=\"elementor-icon-list-text\">+46 (0) 10-33 33 555<\/span>\n\t\t\t\t\t\t\t\t\t\t\t<\/a>\n\t\t\t\t\t\t\t\t\t<\/li>\n\t\t\t\t\t\t<\/ul>\n\t\t\t\t\t\t<\/div>\n\t\t\t\t<div class=\"elementor-element elementor-element-79f29d6 elementor-widget elementor-widget-button\" data-id=\"79f29d6\" data-element_type=\"widget\" data-e-type=\"widget\" data-widget_type=\"button.default\">\n\t\t\t\t\t\t\t\t\t\t<a class=\"elementor-button elementor-button-link elementor-size-sm\" href=\"https:\/\/tullify.se\/en\/kontakt\/\">\n\t\t\t\t\t\t<span class=\"elementor-button-content-wrapper\">\n\t\t\t\t\t\t\t\t\t<span class=\"elementor-button-text\">Kontakta oss<\/span>\n\t\t\t\t\t<\/span>\n\t\t\t\t\t<\/a>\n\t\t\t\t\t\t\t\t<\/div>\n\t\t\t\t<\/div>\n\t\t\t\t<div class=\"elementor-element elementor-element-cf67eff elementor-widget elementor-widget-text-editor\" data-id=\"cf67eff\" data-element_type=\"widget\" data-e-type=\"widget\" data-widget_type=\"text-editor.default\">\n\t\t\t\t\t\t\t\t\t<h2>Hur fungerar <span style=\"color: var(--e-global-color-primary);\">utf\u00f6rseltullkontor<\/span><\/h2><hr \/><h3>1. Granskning av exporterade varor:<\/h3><p>Utf\u00f6rseltullkontoret ser till att alla varor som l\u00e4mnar landet \u00e4r noggrant dokumenterade och uppfyller alla lagkrav. Detta inkluderar att f\u00f6rs\u00e4kra sig om att exporten inte inneh\u00e5ller f\u00f6rbjudna eller reglerade produkter. Tullify kan hj\u00e4lpa till att s\u00e4kerst\u00e4lla att all n\u00f6dv\u00e4ndig dokumentation \u00e4r korrekt ifylld och inskickad.<br \/><br \/><\/p><h3>2. Uppkr\u00e4vning av tullavgifter:<\/h3><p>\u00c4ven om det \u00e4r mer ovanligt med utfartstullar, kan vissa produkter kr\u00e4va avgifter vid export. Tullify har expertisen att ber\u00e4kna dessa avgifter korrekt och se till att du inte betalar mer \u00e4n n\u00f6dv\u00e4ndigt.<br \/><br \/><\/p><h3>3. S\u00e4kerhetskontroller:<\/h3><p>S\u00e4kerheten \u00e4r avg\u00f6rande i exportprocessen. Utf\u00f6rseltullkontor anv\u00e4nder sig av avancerad teknologi f\u00f6r att skanna och s\u00e4kerst\u00e4lla att inga olagliga varor smugglas ut ur landet. Tullify kan f\u00f6rbereda dig p\u00e5 vad som kan f\u00f6rv\u00e4ntas under dessa kontroller och hur du b\u00e4st f\u00f6rbereder din last.<br \/><br \/><\/p><h3>4. Samverkan med andra myndigheter:<\/h3><p>Tullify arbetar inte bara med tullkontoret utan samverkar ocks\u00e5 med andra relevanta myndigheter f\u00f6r att din export ska g\u00e5 s\u00e5 smidigt som m\u00f6jligt.<\/p>\t\t\t\t\t\t\t\t<\/div>\n\t\t\t\t\t<\/div>\n\t\t\t\t<\/div>\n\t\t<div class=\"elementor-element elementor-element-13e6552 e-con-full e-flex e-con e-parent\" data-id=\"13e6552\" data-element_type=\"container\" data-e-type=\"container\">\n\t\t\t\t<div class=\"elementor-element elementor-element-205f101 elementor-widget elementor-widget-template\" data-id=\"205f101\" data-element_type=\"widget\" data-e-type=\"widget\" data-widget_type=\"template.default\">\n\t\t\t\t<div class=\"elementor-widget-container\">\n\t\t\t\t\t\t\t<div class=\"elementor-template\">\n\t\t\t\t\t<div data-elementor-type=\"container\" data-elementor-id=\"5585\" class=\"elementor elementor-5585\" data-elementor-post-type=\"elementor_library\">\n\t\t\t\t<div class=\"elementor-element elementor-element-790d88ff e-flex e-con-boxed e-con e-parent\" data-id=\"790d88ff\" data-element_type=\"container\" data-e-type=\"container\" data-settings=\"{&quot;motion_fx_motion_fx_scrolling&quot;:&quot;yes&quot;,&quot;motion_fx_devices&quot;:[&quot;desktop&quot;,&quot;tablet&quot;,&quot;mobile&quot;]}\">\n\t\t\t\t\t<div class=\"e-con-inner\">\n\t\t\t\t<div class=\"elementor-element elementor-element-2a413fd elementor-cta--skin-cover elementor-cta--valign-middle elementor-animated-content elementor-widget elementor-widget-call-to-action\" data-id=\"2a413fd\" data-element_type=\"widget\" data-e-type=\"widget\" data-settings=\"{&quot;motion_fx_motion_fx_scrolling&quot;:&quot;yes&quot;,&quot;motion_fx_translateY_effect&quot;:&quot;yes&quot;,&quot;motion_fx_translateY_speed&quot;:{&quot;unit&quot;:&quot;px&quot;,&quot;size&quot;:1,&quot;sizes&quot;:[]},&quot;motion_fx_translateY_affectedRange&quot;:{&quot;unit&quot;:&quot;%&quot;,&quot;size&quot;:&quot;&quot;,&quot;sizes&quot;:{&quot;start&quot;:0,&quot;end&quot;:100}},&quot;motion_fx_devices&quot;:[&quot;desktop&quot;,&quot;tablet&quot;,&quot;mobile&quot;]}\" data-widget_type=\"call-to-action.default\">\n\t\t\t\t\t\t\t<div class=\"elementor-cta\">\n\t\t\t\t\t<div class=\"elementor-cta__bg-wrapper\">\n\t\t\t\t<div class=\"elementor-cta__bg elementor-bg\" style=\"background-image: url();\" role=\"img\" aria-label=\"\"><\/div>\n\t\t\t\t<div class=\"elementor-cta__bg-overlay\"><\/div>\n\t\t\t<\/div>\n\t\t\t\t\t\t\t<div class=\"elementor-cta__content\">\n\t\t\t\t\t\t\t\t\t<div class=\"elementor-content-item elementor-cta__content-item elementor-icon-wrapper elementor-cta__icon elementor-view-default elementor-animated-item--grow\">\n\t\t\t\t\t\t<div class=\"elementor-icon\">\n\t\t\t\t\t\t\t<svg xmlns=\"http:\/\/www.w3.org\/2000\/svg\" width=\"119\" height=\"119\" viewBox=\"0 0 119 119\" fill=\"none\"><path d=\"M96.8477 97.9482L73.7451 110.97L59.5947 103.179L45.417 110.989L22.4209 97.9092L59.5928 76.9277L96.8477 97.9482ZM114.452 71.9561L114.5 88L105.899 92.8467L59.5928 66.7852L13.499 92.834L5 88V71.8203L59.5938 41.0039V41L114.452 71.9561ZM114.347 35.9707L114.422 61.7197L59.5938 30.8613L5 61.7148V35.9707L59.6729 5L114.347 35.9707Z\" fill=\"url(#paint0_linear_49_4)\"><\/path><defs><linearGradient id=\"paint0_linear_49_4\" x1=\"114.5\" y1=\"57.9946\" x2=\"5\" y2=\"57.9946\" gradientUnits=\"userSpaceOnUse\"><stop stop-color=\"#1EFFFF\"><\/stop><stop offset=\"1\" stop-color=\"#147D6C\"><\/stop><\/linearGradient><\/defs><\/svg>\t\t\t\t\t\t<\/div>\n\t\t\t\t\t<\/div>\n\t\t\t\t\n\t\t\t\t\t\t\t\t\t<h3 class=\"elementor-cta__title elementor-cta__content-item elementor-content-item elementor-animated-item--grow\">\n\t\t\t\t\t\tVi finns h\u00e4r om du beh\u00f6ver hj\u00e4lp\t\t\t\t\t<\/h3>\n\t\t\t\t\n\t\t\t\t\n\t\t\t\t\t\t\t\t\t<div class=\"elementor-cta__button-wrapper elementor-cta__content-item elementor-content-item elementor-animated-item--grow\">\n\t\t\t\t\t<a class=\"elementor-cta__button elementor-button elementor-size-\" href=\"https:\/\/tullify.se\/en\/kontakt\/\">\n\t\t\t\t\t\tKontakta oss\t\t\t\t\t<\/a>\n\t\t\t\t\t<\/div>\n\t\t\t\t\t\t\t<\/div>\n\t\t\t\t\t\t<\/div>\n\t\t\t\t\t\t<\/div>\n\t\t\t\t\t<\/div>\n\t\t\t\t<\/div>\n\t\t\t\t<\/div>\n\t\t\t\t<\/div>\n\t\t\t\t\t\t<\/div>\n\t\t\t\t<\/div>\n\t\t\t\t<\/div>\n\t\t<div class=\"elementor-element elementor-element-ced7273 e-flex e-con-boxed e-con e-parent\" data-id=\"ced7273\" data-element_type=\"container\" data-e-type=\"container\">\n\t\t\t\t\t<div class=\"e-con-inner\">\n\t\t\t\t<div class=\"elementor-element elementor-element-d0d71d1 elementor-widget elementor-widget-text-editor\" data-id=\"d0d71d1\" data-element_type=\"widget\" data-e-type=\"widget\" data-widget_type=\"text-editor.default\">\n\t\t\t\t\t\t\t\t\t<h2>Processen vid utf\u00f6rseltullkontor<\/h2>\n\n<hr \/>\n\nExportprocessen b\u00f6rjar med att du deklarerar dina varor. Detta sker numera oftast genom digitala plattformar, och Tullify kan hj\u00e4lpa dig att hantera dessa system effektivt. Efter deklarationen kommer tullpersonal att granska dina uppgifter och kan komma att utf\u00f6ra en fysisk kontroll. Med Tullify hj\u00e4lp, kan du vara f\u00f6rberedd och s\u00e4ker p\u00e5 att allt g\u00e5r r\u00e4tt till.\t\t\t\t\t\t\t\t<\/div>\n\t\t\t\t<div class=\"elementor-element elementor-element-1de16a0 elementor-widget elementor-widget-text-editor\" data-id=\"1de16a0\" data-element_type=\"widget\" data-e-type=\"widget\" data-widget_type=\"text-editor.default\">\n\t\t\t\t\t\t\t\t\t<h2>Framtid och modernisering<\/h2><hr \/><p>I och med det nya exportsystemet som kommer h\u00f6sten 2024 s\u00e5 har utf\u00f6rseltullkontor aldrig varit viktigare. L\u00e4s mer om varf\u00f6r och <a href=\"https:\/\/tullify.se\/nytt-exportsystem-2\/\">nya exportsystemet h\u00e4r<\/a>.<\/p><p>Att navigera i v\u00e4rlden av utf\u00f6rselstullar kan vara komplicerat, men med Tullify vid din sida \u00e4r du aldrig ensam. L\u00e5t oss tillsammans se till att din exportverksamhet \u00e4r b\u00e5de effektiv och compliant. Kontakta oss idag f\u00f6r att l\u00e4ra dig mer om hur vi kan hj\u00e4lpa dig att maximera din exportpotential!<\/p>\t\t\t\t\t\t\t\t<\/div>\n\t\t\t\t\t<\/div>\n\t\t\t\t<\/div>\n\t\t\t\t<\/div>\n\t\t","protected":false},"excerpt":{"rendered":"<p>Utf\u00f6rseltullkontor Utf\u00f6rseltullkontor (tidigare utfartstullkontor) \u00e4r vitala knutpunkter i varje lands gr\u00e4ns\u00f6vervakning och spelar en avg\u00f6rande roll n\u00e4r det g\u00e4ller att s\u00e4kerst\u00e4lla att all export sker enligt g\u00e4llande lagar och regler. Om du \u00e4r i exportbranschen och beh\u00f6ver navigera genom komplexiteten i utf\u00f6rselstullar, \u00e4r det smart att v\u00e4nda sig till experter. Tullify \u00e4r din p\u00e5litliga partner [&hellip;]<\/p>\n","protected":false},"author":1,"featured_media":6343,"parent":0,"menu_order":0,"comment_status":"closed","ping_status":"closed","template":"","meta":{"_acf_changed":false,"footnotes":""},"class_list":["post-6341","page","type-page","status-publish","has-post-thumbnail","hentry"],"acf":[],"_links":{"self":[{"href":"https:\/\/tullify.se\/en\/wp-json\/wp\/v2\/pages\/6341","targetHints":{"allow":["GET"]}}],"collection":[{"href":"https:\/\/tullify.se\/en\/wp-json\/wp\/v2\/pages"}],"about":[{"href":"https:\/\/tullify.se\/en\/wp-json\/wp\/v2\/types\/page"}],"author":[{"embeddable":true,"href":"https:\/\/tullify.se\/en\/wp-json\/wp\/v2\/users\/1"}],"replies":[{"embeddable":true,"href":"https:\/\/tullify.se\/en\/wp-json\/wp\/v2\/comments?post=6341"}],"version-history":[{"count":22,"href":"https:\/\/tullify.se\/en\/wp-json\/wp\/v2\/pages\/6341\/revisions"}],"predecessor-version":[{"id":8787,"href":"https:\/\/tullify.se\/en\/wp-json\/wp\/v2\/pages\/6341\/revisions\/8787"}],"wp:featuredmedia":[{"embeddable":true,"href":"https:\/\/tullify.se\/en\/wp-json\/wp\/v2\/media\/6343"}],"wp:attachment":[{"href":"https:\/\/tullify.se\/en\/wp-json\/wp\/v2\/media?parent=6341"}],"curies":[{"name":"wp","href":"https:\/\/api.w.org\/{rel}","templated":true}]}}