{"id":6597,"date":"2025-05-02T09:22:52","date_gmt":"2025-05-02T09:22:52","guid":{"rendered":"https:\/\/tullify.se\/?page_id=6597"},"modified":"2025-06-03T06:35:18","modified_gmt":"2025-06-03T04:35:18","slug":"customs-agent-gothenburg","status":"publish","type":"page","link":"https:\/\/tullify.se\/en\/tullombud-goteborg\/","title":{"rendered":"Customs agent Gothenburg"},"content":{"rendered":"\t\t<div data-elementor-type=\"wp-page\" data-elementor-id=\"6597\" class=\"elementor elementor-6597\" data-elementor-post-type=\"page\">\n\t\t\t\t<div class=\"elementor-element elementor-element-51daa61 e-con-full e-flex e-con e-parent\" data-id=\"51daa61\" data-element_type=\"container\" data-e-type=\"container\">\n\t\t\t\t<div class=\"elementor-element elementor-element-6362f8b elementor-widget elementor-widget-template\" data-id=\"6362f8b\" data-element_type=\"widget\" data-e-type=\"widget\" data-widget_type=\"template.default\">\n\t\t\t\t<div class=\"elementor-widget-container\">\n\t\t\t\t\t\t\t<div class=\"elementor-template\">\n\t\t\t\t\t<div data-elementor-type=\"container\" data-elementor-id=\"2040\" class=\"elementor elementor-2040\" data-elementor-post-type=\"elementor_library\">\n\t\t\t\t<div class=\"elementor-element elementor-element-44d9dce4 e-flex e-con-boxed e-con e-parent\" data-id=\"44d9dce4\" data-element_type=\"container\" data-e-type=\"container\" data-settings=\"{&quot;motion_fx_motion_fx_scrolling&quot;:&quot;yes&quot;,&quot;motion_fx_devices&quot;:[&quot;desktop&quot;,&quot;tablet&quot;,&quot;mobile&quot;]}\">\n\t\t\t\t\t<div class=\"e-con-inner\">\n\t\t\t\t<div class=\"elementor-element elementor-element-7642a86e elementor-widget elementor-widget-heading\" data-id=\"7642a86e\" data-element_type=\"widget\" data-e-type=\"widget\" data-widget_type=\"heading.default\">\n\t\t\t\t\t<h1 class=\"elementor-heading-title elementor-size-default\">Tullombud G\u00f6teborg<\/h1>\t\t\t\t<\/div>\n\t\t\t\t\t<\/div>\n\t\t\t\t<\/div>\n\t\t\t\t<\/div>\n\t\t\t\t<\/div>\n\t\t\t\t\t\t<\/div>\n\t\t\t\t<\/div>\n\t\t\t\t<\/div>\n\t\t<div class=\"elementor-element elementor-element-6f140f0 e-flex e-con-boxed e-con e-parent\" data-id=\"6f140f0\" data-element_type=\"container\" data-e-type=\"container\" data-settings=\"{&quot;background_background&quot;:&quot;classic&quot;}\">\n\t\t\t\t\t<div class=\"e-con-inner\">\n\t\t<div class=\"elementor-element elementor-element-c0e5460 e-grid e-con-full e-con e-child\" data-id=\"c0e5460\" data-element_type=\"container\" data-e-type=\"container\" data-settings=\"{&quot;motion_fx_motion_fx_scrolling&quot;:&quot;yes&quot;,&quot;motion_fx_translateY_effect&quot;:&quot;yes&quot;,&quot;motion_fx_translateY_speed&quot;:{&quot;unit&quot;:&quot;px&quot;,&quot;size&quot;:0.7,&quot;sizes&quot;:[]},&quot;motion_fx_devices&quot;:[&quot;desktop&quot;,&quot;tablet&quot;],&quot;motion_fx_translateY_affectedRange&quot;:{&quot;unit&quot;:&quot;%&quot;,&quot;size&quot;:&quot;&quot;,&quot;sizes&quot;:{&quot;start&quot;:0,&quot;end&quot;:100}}}\">\n\t\t<div class=\"elementor-element elementor-element-400cedb e-con-full animated-slow e-flex elementor-invisible e-con e-child\" data-id=\"400cedb\" data-element_type=\"container\" data-e-type=\"container\" data-settings=\"{&quot;motion_fx_motion_fx_scrolling&quot;:&quot;yes&quot;,&quot;animation&quot;:&quot;fadeIn&quot;,&quot;motion_fx_devices&quot;:[&quot;desktop&quot;,&quot;tablet&quot;,&quot;mobile&quot;]}\">\n\t\t\t\t<div class=\"elementor-element elementor-element-ea118ef elementor-widget elementor-widget-heading\" data-id=\"ea118ef\" data-element_type=\"widget\" data-e-type=\"widget\" data-widget_type=\"heading.default\">\n\t\t\t\t\t<h2 class=\"elementor-heading-title elementor-size-default\">Ett lokalt\n<span style=\"color: var(--e-global-color-primary)\">tullombud<\/span>  i G\u00f6teborg<\/h2>\t\t\t\t<\/div>\n\t\t\t\t<div class=\"elementor-element elementor-element-fd77e2a elementor-widget elementor-widget-text-editor\" data-id=\"fd77e2a\" data-element_type=\"widget\" data-e-type=\"widget\" data-widget_type=\"text-editor.default\">\n\t\t\t\t\t\t\t\t\t<hr \/><p>Ett lokalt tullombud i G\u00f6teborg \u00e4r avg\u00f6rande f\u00f6r smidig import och export. Med sin djupa lokala kunskap och starka relationer med tullmyndigheter kan de effektivt navigera genom tullprocesser och erbjuda skr\u00e4ddarsydda l\u00f6sningar f\u00f6r f\u00f6retag och enskilda.<\/p><p>G\u00f6teborgs roll som en viktig handelsstad betonar behovet av att dra nytta av lokala tullombuds expertis f\u00f6r att maximera handelsm\u00f6jligheterna. Genom att tillhandah\u00e5lla skr\u00e4ddarsydda tj\u00e4nster och hantera tullkrav p\u00e5 ett professionellt s\u00e4tt underl\u00e4ttar de f\u00f6retagens internationella handel och fr\u00e4mjar tillv\u00e4xt och l\u00f6nsamhet.<\/p>\t\t\t\t\t\t\t\t<\/div>\n\t\t\t\t<\/div>\n\t\t\t\t<div class=\"elementor-element elementor-element-d693880 elementor-widget elementor-widget-google_maps\" data-id=\"d693880\" data-element_type=\"widget\" data-e-type=\"widget\" data-widget_type=\"google_maps.default\">\n\t\t\t\t\t\t\t<div class=\"elementor-custom-embed\">\n\t\t\t<iframe loading=\"lazy\"\n\t\t\t\t\tsrc=\"https:\/\/maps.google.com\/maps?q=Stureplatsen%203%2C%20411%2039%20G%C3%B6teborg%2C%20Sweden&#038;t=m&#038;z=12&#038;output=embed&#038;iwloc=near\"\n\t\t\t\t\ttitle=\"Stureplatsen 3, 411 39 G\u00f6teborg, Sweden\"\n\t\t\t\t\taria-label=\"Stureplatsen 3, 411 39 G\u00f6teborg, Sweden\"\n\t\t\t><\/iframe>\n\t\t<\/div>\n\t\t\t\t\t\t<\/div>\n\t\t\t\t<\/div>\n\t\t\t\t\t<\/div>\n\t\t\t\t<\/div>\n\t\t<div class=\"elementor-element elementor-element-a2218ef e-flex e-con-boxed e-con e-parent\" data-id=\"a2218ef\" data-element_type=\"container\" data-e-type=\"container\">\n\t\t\t\t\t<div class=\"e-con-inner\">\n\t\t<div class=\"elementor-element elementor-element-a0d329b e-grid e-con-full e-con e-child\" data-id=\"a0d329b\" data-element_type=\"container\" data-e-type=\"container\" data-settings=\"{&quot;motion_fx_motion_fx_scrolling&quot;:&quot;yes&quot;,&quot;motion_fx_translateY_effect&quot;:&quot;yes&quot;,&quot;motion_fx_translateY_speed&quot;:{&quot;unit&quot;:&quot;px&quot;,&quot;size&quot;:0.7,&quot;sizes&quot;:[]},&quot;motion_fx_devices&quot;:[&quot;desktop&quot;,&quot;tablet&quot;],&quot;motion_fx_translateY_affectedRange&quot;:{&quot;unit&quot;:&quot;%&quot;,&quot;size&quot;:&quot;&quot;,&quot;sizes&quot;:{&quot;start&quot;:0,&quot;end&quot;:100}}}\">\n\t\t<div class=\"elementor-element elementor-element-b8a9a1b e-con-full e-flex e-con e-child\" data-id=\"b8a9a1b\" data-element_type=\"container\" data-e-type=\"container\" data-settings=\"{&quot;motion_fx_motion_fx_scrolling&quot;:&quot;yes&quot;,&quot;motion_fx_devices&quot;:[&quot;desktop&quot;,&quot;tablet&quot;,&quot;mobile&quot;]}\">\n\t\t\t\t<\/div>\n\t\t<div class=\"elementor-element elementor-element-427a9c8 e-con-full animated-slow e-flex elementor-invisible e-con e-child\" data-id=\"427a9c8\" data-element_type=\"container\" data-e-type=\"container\" data-settings=\"{&quot;motion_fx_motion_fx_scrolling&quot;:&quot;yes&quot;,&quot;animation&quot;:&quot;fadeIn&quot;,&quot;motion_fx_devices&quot;:[&quot;desktop&quot;,&quot;tablet&quot;,&quot;mobile&quot;]}\">\n\t\t\t\t<div class=\"elementor-element elementor-element-e631180 elementor-widget elementor-widget-heading\" data-id=\"e631180\" data-element_type=\"widget\" data-e-type=\"widget\" data-widget_type=\"heading.default\">\n\t\t\t\t\t<h2 class=\"elementor-heading-title elementor-size-default\">Varf\u00f6r ska jag anv\u00e4nda ett \n<span style=\"color: var(--e-global-color-primary)\">lokalt tullombud<\/span> ?<\/h2>\t\t\t\t<\/div>\n\t\t\t\t<div class=\"elementor-element elementor-element-95c8766 elementor-widget elementor-widget-text-editor\" data-id=\"95c8766\" data-element_type=\"widget\" data-e-type=\"widget\" data-widget_type=\"text-editor.default\">\n\t\t\t\t\t\t\t\t\t<hr \/><p>Att navigera genom tullbest\u00e4mmelser och import- och exportprocesser kan vara en utmanande uppgift f\u00f6r f\u00f6retag och enskilda. Det \u00e4r h\u00e4r ett lokalt tullombud blir ov\u00e4rderligt. I G\u00f6teborg, en livlig hamnstad och nav f\u00f6r handel, \u00e4r n\u00e4rvaron av kunniga tullombud av avg\u00f6rande betydelse f\u00f6r smidig och effektiv import och export. L\u00e4s mer om <a href=\"https:\/\/tullify.se\/tullombud\/\">vad ett tullombud g\u00f6r h\u00e4r<\/a>.<\/p><p>\u200bG\u00f6teborgs hamn \u00e4r en central knutpunkt f\u00f6r internationell handel, och varje dag passerar ett brett spektrum av varor genom dess portar. F\u00f6r att s\u00e4kerst\u00e4lla att dessa varor snabbt och korrekt passerar genom tullprocessen, \u00e4r det viktigt att ha lokala experter som f\u00f6rst\u00e5r de specifika kraven och f\u00f6reskrifterna.<\/p><p>\u200bEtt av de viktigaste sk\u00e4len till att anv\u00e4nda ett lokalt tullombud \u00e4r deras djupa f\u00f6rst\u00e5else f\u00f6r den lokala tullmilj\u00f6n. Genom att ha starka relationer med tullmyndigheterna och en omfattande kunskap om de senaste tullbest\u00e4mmelserna kan de guida f\u00f6retag och individer genom de komplicerade tullprocesserna p\u00e5 ett smidigt s\u00e4tt.<\/p><p>\u200bDessutom kan lokala tullombud erbjuda skr\u00e4ddarsydda l\u00f6sningar som \u00e4r anpassade efter f\u00f6retagens specifika behov. Oavsett om det handlar om att optimera tulldeklarationer f\u00f6r att minimera kostnader eller att s\u00e4kerst\u00e4lla efterlevnad av alla tullbest\u00e4mmelser, kan ett erfaret lokalt tullombud vara en ov\u00e4rderlig partner f\u00f6r f\u00f6retag som str\u00e4var efter att effektivisera sin internationella handel.<\/p><p>Import och export \u00e4r av central betydelse f\u00f6r Sveriges ekonomi, och G\u00f6teborgs roll som en viktig handelsstad \u00e4r oomtvistad. F\u00f6r att dra full nytta av de m\u00f6jligheter som internationell handel erbjuder \u00e4r det avg\u00f6rande att ha tillg\u00e5ng till kompetent och p\u00e5litligt st\u00f6d fr\u00e5n lokala tullombud.<\/p>\t\t\t\t\t\t\t\t<\/div>\n\t\t\t\t<\/div>\n\t\t\t\t<\/div>\n\t\t\t\t\t<\/div>\n\t\t\t\t<\/div>\n\t\t<div class=\"elementor-element elementor-element-ce72d09 e-flex e-con-boxed e-con e-parent\" data-id=\"ce72d09\" data-element_type=\"container\" data-e-type=\"container\">\n\t\t\t\t\t<div class=\"e-con-inner\">\n\t\t\t\t<div class=\"elementor-element elementor-element-d750ad6 elementor-cta--skin-cover elementor-cta--valign-middle elementor-animated-content elementor-widget elementor-widget-call-to-action\" data-id=\"d750ad6\" data-element_type=\"widget\" data-e-type=\"widget\" data-settings=\"{&quot;motion_fx_motion_fx_scrolling&quot;:&quot;yes&quot;,&quot;motion_fx_translateY_effect&quot;:&quot;yes&quot;,&quot;motion_fx_translateY_speed&quot;:{&quot;unit&quot;:&quot;px&quot;,&quot;size&quot;:1,&quot;sizes&quot;:[]},&quot;motion_fx_translateY_affectedRange&quot;:{&quot;unit&quot;:&quot;%&quot;,&quot;size&quot;:&quot;&quot;,&quot;sizes&quot;:{&quot;start&quot;:0,&quot;end&quot;:100}},&quot;motion_fx_devices&quot;:[&quot;desktop&quot;,&quot;tablet&quot;,&quot;mobile&quot;]}\" data-widget_type=\"call-to-action.default\">\n\t\t\t\t\t\t\t<div class=\"elementor-cta\">\n\t\t\t\t\t<div class=\"elementor-cta__bg-wrapper\">\n\t\t\t\t<div class=\"elementor-cta__bg elementor-bg\" style=\"background-image: url();\" role=\"img\" aria-label=\"\"><\/div>\n\t\t\t\t<div class=\"elementor-cta__bg-overlay\"><\/div>\n\t\t\t<\/div>\n\t\t\t\t\t\t\t<div class=\"elementor-cta__content\">\n\t\t\t\t\t\t\t\t\t<div class=\"elementor-content-item elementor-cta__content-item elementor-icon-wrapper elementor-cta__icon elementor-view-default elementor-animated-item--grow\">\n\t\t\t\t\t\t<div class=\"elementor-icon\">\n\t\t\t\t\t\t\t<svg xmlns=\"http:\/\/www.w3.org\/2000\/svg\" width=\"119\" height=\"119\" viewBox=\"0 0 119 119\" fill=\"none\"><path fill-rule=\"evenodd\" clip-rule=\"evenodd\" d=\"M114.346 35.9705L59.6732 5L5 35.9705V61.7149L59.5934 30.8615V30.8612L59.5937 30.8613L114.422 61.7199L114.346 35.9705ZM59.5937 41.0042V41L114.453 71.9567L114.5 88L105.9 92.8475L59.5928 66.7852L13.4996 92.8346L5 88V71.8196L59.5937 41.0042ZM59.5928 76.928L96.8486 97.949L73.7458 110.971L59.5951 103.178L45.418 110.99L22.4214 97.9094L59.5928 76.928Z\" fill=\"white\"><\/path><\/svg>\t\t\t\t\t\t<\/div>\n\t\t\t\t\t<\/div>\n\t\t\t\t\n\t\t\t\t\t\t\t\t\t<h3 class=\"elementor-cta__title elementor-cta__content-item elementor-content-item elementor-animated-item--grow\">\n\t\t\t\t\t\tVi finns h\u00e4r om du beh\u00f6ver hj\u00e4lp\t\t\t\t\t<\/h3>\n\t\t\t\t\n\t\t\t\t\n\t\t\t\t\t\t\t\t\t<div class=\"elementor-cta__button-wrapper elementor-cta__content-item elementor-content-item elementor-animated-item--grow\">\n\t\t\t\t\t<a class=\"elementor-cta__button elementor-button elementor-size-\" href=\"https:\/\/tullify.se\/en\/kontakt\/\">\n\t\t\t\t\t\tKontakta oss\t\t\t\t\t<\/a>\n\t\t\t\t\t<\/div>\n\t\t\t\t\t\t\t<\/div>\n\t\t\t\t\t\t<\/div>\n\t\t\t\t\t\t<\/div>\n\t\t\t\t\t<\/div>\n\t\t\t\t<\/div>\n\t\t<div class=\"elementor-element elementor-element-65d0169 e-flex e-con-boxed e-con e-parent\" data-id=\"65d0169\" data-element_type=\"container\" data-e-type=\"container\" data-settings=\"{&quot;background_background&quot;:&quot;classic&quot;}\">\n\t\t\t\t\t<div class=\"e-con-inner\">\n\t\t\t\t<div class=\"elementor-element elementor-element-29e17f1 elementor-widget elementor-widget-text-editor\" data-id=\"29e17f1\" data-element_type=\"widget\" data-e-type=\"widget\" data-widget_type=\"text-editor.default\">\n\t\t\t\t\t\t\t\t\t<h2>Tullombud Landvetter<\/h2><hr \/><p>Tullhantering \u00e4r avg\u00f6rande f\u00f6r smidig import och export, s\u00e4rskilt vid en viktig nod som Landvetter flygplats. Tullify erbjuder skr\u00e4ddarsydda och p\u00e5litliga tj\u00e4nster f\u00f6r f\u00f6retag och enskilda som beh\u00f6ver effektiv tullhantering p\u00e5 flygplatsen.\u200b<\/p><p>Landvetter flygplats spelar en central roll i Sveriges internationella handel, och att ha r\u00e4tt partners f\u00f6r tullhantering \u00e4r kritiskt. Tullify har en djup f\u00f6rst\u00e5else f\u00f6r de specifika kraven och f\u00f6reskrifterna som g\u00e4ller f\u00f6r tullhantering p\u00e5 flygplatsen, vilket g\u00f6r dem till det optimala valet f\u00f6r att s\u00e4kerst\u00e4lla en smidig process f\u00f6r import och export.<\/p><p>Genom att samarbeta med Tullify kan f\u00f6retag fokusera p\u00e5 sin k\u00e4rnverksamhet medan de \u00f6verl\u00e5ter tullhanteringen till erfarna proffs. Tullify erbjuder skr\u00e4ddarsydda l\u00f6sningar som \u00e4r anpassade efter varje kunds unika behov och preferenser, vilket g\u00f6r det m\u00f6jligt att uppr\u00e4tth\u00e5lla en h\u00f6g grad av flexibilitet och anpassning i handelsverksamheten.<\/p><p>Oavsett om det handlar om att hantera tulldeklarationer, f\u00f6rbereda n\u00f6dv\u00e4ndiga dokument eller navigera genom komplexa tullf\u00f6rfaranden, kan f\u00f6retag lita p\u00e5 Tullify f\u00f6r p\u00e5litlig och professionell tullhantering p\u00e5 Landvetter flygplats.<\/p>\t\t\t\t\t\t\t\t<\/div>\n\t\t\t\t\t<\/div>\n\t\t\t\t<\/div>\n\t\t\t\t<\/div>\n\t\t","protected":false},"excerpt":{"rendered":"<p>Ett lokalt tullombud i G\u00f6teborg Ett lokalt tullombud i G\u00f6teborg \u00e4r avg\u00f6rande f\u00f6r smidig import och export. Med sin djupa lokala kunskap och starka relationer med tullmyndigheter kan de effektivt navigera genom tullprocesser och erbjuda skr\u00e4ddarsydda l\u00f6sningar f\u00f6r f\u00f6retag och enskilda. G\u00f6teborgs roll som en viktig handelsstad betonar behovet av att dra nytta av lokala [&hellip;]<\/p>\n","protected":false},"author":1,"featured_media":6599,"parent":0,"menu_order":0,"comment_status":"closed","ping_status":"closed","template":"","meta":{"_acf_changed":false,"footnotes":""},"class_list":["post-6597","page","type-page","status-publish","has-post-thumbnail","hentry"],"acf":[],"_links":{"self":[{"href":"https:\/\/tullify.se\/en\/wp-json\/wp\/v2\/pages\/6597","targetHints":{"allow":["GET"]}}],"collection":[{"href":"https:\/\/tullify.se\/en\/wp-json\/wp\/v2\/pages"}],"about":[{"href":"https:\/\/tullify.se\/en\/wp-json\/wp\/v2\/types\/page"}],"author":[{"embeddable":true,"href":"https:\/\/tullify.se\/en\/wp-json\/wp\/v2\/users\/1"}],"replies":[{"embeddable":true,"href":"https:\/\/tullify.se\/en\/wp-json\/wp\/v2\/comments?post=6597"}],"version-history":[{"count":25,"href":"https:\/\/tullify.se\/en\/wp-json\/wp\/v2\/pages\/6597\/revisions"}],"predecessor-version":[{"id":8734,"href":"https:\/\/tullify.se\/en\/wp-json\/wp\/v2\/pages\/6597\/revisions\/8734"}],"wp:featuredmedia":[{"embeddable":true,"href":"https:\/\/tullify.se\/en\/wp-json\/wp\/v2\/media\/6599"}],"wp:attachment":[{"href":"https:\/\/tullify.se\/en\/wp-json\/wp\/v2\/media?parent=6597"}],"curies":[{"name":"wp","href":"https:\/\/api.w.org\/{rel}","templated":true}]}}