{"id":6877,"date":"2025-05-03T08:29:05","date_gmt":"2025-05-03T08:29:05","guid":{"rendered":"https:\/\/tullify.se\/?page_id=6877"},"modified":"2025-05-20T03:31:38","modified_gmt":"2025-05-20T03:31:38","slug":"export-to-serbia","status":"publish","type":"page","link":"https:\/\/tullify.se\/en\/exportera-till-serbien\/","title":{"rendered":"Guide to exporting to Serbia"},"content":{"rendered":"\t\t<div data-elementor-type=\"wp-page\" data-elementor-id=\"6877\" class=\"elementor elementor-6877\" data-elementor-post-type=\"page\">\n\t\t\t\t<div class=\"elementor-element elementor-element-51daa61 e-con-full e-flex e-con e-parent\" data-id=\"51daa61\" data-element_type=\"container\" data-e-type=\"container\">\n\t\t\t\t<div class=\"elementor-element elementor-element-6362f8b elementor-widget elementor-widget-template\" data-id=\"6362f8b\" data-element_type=\"widget\" data-e-type=\"widget\" data-widget_type=\"template.default\">\n\t\t\t\t<div class=\"elementor-widget-container\">\n\t\t\t\t\t\t\t<div class=\"elementor-template\">\n\t\t\t\t\t<div data-elementor-type=\"container\" data-elementor-id=\"2040\" class=\"elementor elementor-2040\" data-elementor-post-type=\"elementor_library\">\n\t\t\t\t<div class=\"elementor-element elementor-element-44d9dce4 e-flex e-con-boxed e-con e-parent\" data-id=\"44d9dce4\" data-element_type=\"container\" data-e-type=\"container\" data-settings=\"{&quot;motion_fx_motion_fx_scrolling&quot;:&quot;yes&quot;,&quot;motion_fx_devices&quot;:[&quot;desktop&quot;,&quot;tablet&quot;,&quot;mobile&quot;]}\">\n\t\t\t\t\t<div class=\"e-con-inner\">\n\t\t\t\t<div class=\"elementor-element elementor-element-7642a86e elementor-widget elementor-widget-heading\" data-id=\"7642a86e\" data-element_type=\"widget\" data-e-type=\"widget\" data-widget_type=\"heading.default\">\n\t\t\t\t\t<h1 class=\"elementor-heading-title elementor-size-default\">Guide f\u00f6r att exportera till Serbien<\/h1>\t\t\t\t<\/div>\n\t\t\t\t\t<\/div>\n\t\t\t\t<\/div>\n\t\t\t\t<\/div>\n\t\t\t\t<\/div>\n\t\t\t\t\t\t<\/div>\n\t\t\t\t<\/div>\n\t\t\t\t<\/div>\n\t\t<div class=\"elementor-element elementor-element-6f140f0 e-flex e-con-boxed e-con e-parent\" data-id=\"6f140f0\" data-element_type=\"container\" data-e-type=\"container\" data-settings=\"{&quot;background_background&quot;:&quot;classic&quot;}\">\n\t\t\t\t\t<div class=\"e-con-inner\">\n\t\t<div class=\"elementor-element elementor-element-c0e5460 e-grid e-con-full e-con e-child\" data-id=\"c0e5460\" data-element_type=\"container\" data-e-type=\"container\" data-settings=\"{&quot;motion_fx_motion_fx_scrolling&quot;:&quot;yes&quot;,&quot;motion_fx_translateY_effect&quot;:&quot;yes&quot;,&quot;motion_fx_translateY_speed&quot;:{&quot;unit&quot;:&quot;px&quot;,&quot;size&quot;:0.7,&quot;sizes&quot;:[]},&quot;motion_fx_devices&quot;:[&quot;desktop&quot;,&quot;tablet&quot;],&quot;motion_fx_translateY_affectedRange&quot;:{&quot;unit&quot;:&quot;%&quot;,&quot;size&quot;:&quot;&quot;,&quot;sizes&quot;:{&quot;start&quot;:0,&quot;end&quot;:100}}}\">\n\t\t<div class=\"elementor-element elementor-element-400cedb e-con-full animated-slow e-flex elementor-invisible e-con e-child\" data-id=\"400cedb\" data-element_type=\"container\" data-e-type=\"container\" data-settings=\"{&quot;animation&quot;:&quot;fadeIn&quot;}\">\n\t\t\t\t<div class=\"elementor-element elementor-element-ea118ef elementor-widget elementor-widget-heading\" data-id=\"ea118ef\" data-element_type=\"widget\" data-e-type=\"widget\" data-widget_type=\"heading.default\">\n\t\t\t\t\t<h2 class=\"elementor-heading-title elementor-size-default\">Guide:\n<span style=\"color: var(--e-global-color-primary)\"> Exportera till Serbien <\/span> <\/h2>\t\t\t\t<\/div>\n\t\t\t\t<div class=\"elementor-element elementor-element-fd77e2a elementor-widget elementor-widget-text-editor\" data-id=\"fd77e2a\" data-element_type=\"widget\" data-e-type=\"widget\" data-widget_type=\"text-editor.default\">\n\t\t\t\t\t\t\t\t\t<hr \/><p>Att <a href=\"https:\/\/www.tullverket.se\/foretag\/internationellhandel\/importeravaror\/frihandelvidimport\/bestammelserforolikalanderochomraden\/serbien.4.226de36015804b8cf3561ed.html\" target=\"_blank\" rel=\"noopener\">exportera varor till Serbien<\/a> (landkod XS) kan vara en lukrativ aff\u00e4rsm\u00f6jlighet f\u00f6r svenska f\u00f6retag. Med r\u00e4tt kunskap om processen kan du expandera din verksamhet och utforska nya marknader. H\u00e4r \u00e4r en steg-f\u00f6r-steg-guide som f\u00f6rklarar hur du g\u00e5r tillv\u00e4ga f\u00f6r att exportera till Serbien fr\u00e5n Sverige.<\/p><h3>Steg 1: Identifiera marknadsm\u00f6jligheter<\/h3><p>Innan du p\u00e5b\u00f6rjar exportprocessen \u00e4r det viktigt att noggrant analysera marknaden. Unders\u00f6k efterfr\u00e5gan p\u00e5 din produkt i Serbien, identifiera potentiella konkurrenter och f\u00f6rst\u00e5 lokala regelverk som kan p\u00e5verka din export. Anv\u00e4nd resurser som Business Sweden eller svenska handelskammaren i Serbien f\u00f6r att f\u00e5 insikter och st\u00f6d.<\/p><h3>Steg 2: F\u00f6rbered n\u00f6dv\u00e4ndiga dokument<\/h3><p>F\u00f6r att exportera till Serbien kr\u00e4vs flera viktiga dokument:<\/p><ul><li><strong>Handelsfaktura:<\/strong> Denna b\u00f6r inneh\u00e5lla detaljerad information om vad som exporteras, export\u00f6rens och mottagarens namn och adress, samt priset p\u00e5 varorna.<\/li><li><strong>Transportdokument:<\/strong> Till exempel ett fraktsedel eller ett flygfraktbrev som bevisar att varorna har skickats.<\/li><li><strong>Exportdeklaration:<\/strong> Skapas elektroniskt via Tullverkets TDS-system eller med hj\u00e4lp av oss som ditt tullombud.<\/li><li><strong>Ursprungscertifikat:<\/strong> Kan beh\u00f6vas f\u00f6r att styrka varornas ursprung och f\u00f6r att kunna till\u00e4mpa reducerade tullsatser.<\/li><\/ul>\t\t\t\t\t\t\t\t<\/div>\n\t\t\t\t<\/div>\n\t\t<div class=\"elementor-element elementor-element-59c8dde e-con-full e-flex e-con e-child\" data-id=\"59c8dde\" data-element_type=\"container\" data-e-type=\"container\">\n\t\t\t\t<\/div>\n\t\t\t\t<\/div>\n\t\t\t\t\t<\/div>\n\t\t\t\t<\/div>\n\t\t<div class=\"elementor-element elementor-element-a2218ef e-flex e-con-boxed e-con e-parent\" data-id=\"a2218ef\" data-element_type=\"container\" data-e-type=\"container\">\n\t\t\t\t\t<div class=\"e-con-inner\">\n\t\t<div class=\"elementor-element elementor-element-a0d329b e-grid e-con-full e-con e-child\" data-id=\"a0d329b\" data-element_type=\"container\" data-e-type=\"container\" data-settings=\"{&quot;motion_fx_motion_fx_scrolling&quot;:&quot;yes&quot;,&quot;motion_fx_translateY_effect&quot;:&quot;yes&quot;,&quot;motion_fx_translateY_speed&quot;:{&quot;unit&quot;:&quot;px&quot;,&quot;size&quot;:0.7,&quot;sizes&quot;:[]},&quot;motion_fx_devices&quot;:[&quot;desktop&quot;,&quot;tablet&quot;],&quot;motion_fx_translateY_affectedRange&quot;:{&quot;unit&quot;:&quot;%&quot;,&quot;size&quot;:&quot;&quot;,&quot;sizes&quot;:{&quot;start&quot;:0,&quot;end&quot;:100}}}\">\n\t\t<div class=\"elementor-element elementor-element-b8a9a1b e-con-full e-flex e-con e-child\" data-id=\"b8a9a1b\" data-element_type=\"container\" data-e-type=\"container\">\n\t\t\t\t<\/div>\n\t\t<div class=\"elementor-element elementor-element-427a9c8 e-con-full animated-slow e-flex elementor-invisible e-con e-child\" data-id=\"427a9c8\" data-element_type=\"container\" data-e-type=\"container\" data-settings=\"{&quot;motion_fx_motion_fx_scrolling&quot;:&quot;yes&quot;,&quot;animation&quot;:&quot;fadeIn&quot;,&quot;motion_fx_devices&quot;:[&quot;desktop&quot;,&quot;tablet&quot;,&quot;mobile&quot;]}\">\n\t\t\t\t<div class=\"elementor-element elementor-element-95c8766 elementor-widget elementor-widget-text-editor\" data-id=\"95c8766\" data-element_type=\"widget\" data-e-type=\"widget\" data-widget_type=\"text-editor.default\">\n\t\t\t\t\t\t\t\t\t<h3 style=\"margin-top: 0px;\">Steg 3: Registrera export&shy;deklaration<\/h3>\nRegistrera en exportdeklaration hos Tullverket genom deras TDS-system. H\u00e4r m\u00e5ste du ange detaljerad information om dina varor, inklusive tulltariffnummer och ursprungsland. Denna deklaration m\u00f6jligg\u00f6r f\u00f6r tullmyndigheterna att kontrollera och godk\u00e4nna dina varor f\u00f6r export.\n<h3>Steg 4: Skicka dina varor<\/h3>\nN\u00e4r du har f\u00e5tt alla n\u00f6dv\u00e4ndiga godk\u00e4nnanden kan du b\u00f6rja transportprocessen. V\u00e4lj en p\u00e5litlig spedit\u00f6r som har erfarenhet av att hantera export till Serbien. Se till att f\u00f6rs\u00e4kringen t\u00e4cker internationell frakt och att alla logistiska detaljer \u00e4r ordentligt planerade.\n<h3>Steg 5: Hantering vid serbiska tullen<\/h3>\nN\u00e4r dina varor anl\u00e4nder till Serbien m\u00e5ste de genomg\u00e5 importprocedurer. Detta inkluderar betalning av importtullar och moms, samt en detaljerad granskning av dokumentationen f\u00f6r att s\u00e4kerst\u00e4lla att allt st\u00e4mmer. Det \u00e4r viktigt att ha en lokal kontakt eller agent som kan hj\u00e4lpa till med dessa processer.\n<h3>Steg 6: Eftermarknadssupport<\/h3>\nEfter att dina varor framg\u00e5ngsrikt har exporterats till Serbien \u00e4r det viktigt att underh\u00e5lla goda relationer med dina kunder och partners d\u00e4r. Erbjud utm\u00e4rkt kundsupport och f\u00f6lj upp regelbundet f\u00f6r att s\u00e4kerst\u00e4lla att allt g\u00e5r smidigt och att f\u00f6rbereda f\u00f6r framtida aff\u00e4rer.\t\t\t\t\t\t\t\t<\/div>\n\t\t\t\t<\/div>\n\t\t\t\t<\/div>\n\t\t\t\t\t<\/div>\n\t\t\t\t<\/div>\n\t\t<div class=\"elementor-element elementor-element-65d0169 e-flex e-con-boxed e-con e-parent\" data-id=\"65d0169\" data-element_type=\"container\" data-e-type=\"container\" data-settings=\"{&quot;background_background&quot;:&quot;classic&quot;}\">\n\t\t\t\t\t<div class=\"e-con-inner\">\n\t\t\t\t<div class=\"elementor-element elementor-element-29e17f1 elementor-widget elementor-widget-text-editor\" data-id=\"29e17f1\" data-element_type=\"widget\" data-e-type=\"widget\" data-widget_type=\"text-editor.default\">\n\t\t\t\t\t\t\t\t\t<h2>Vad exporterar Sverige till Serbien?<\/h2>\n\n<hr \/>\n\nSverige exporterar en m\u00e5ngfald av produkter till Serbien, inklusive:\n<ul>\n \t<li><strong>Industrimaskiner och utrustning:<\/strong> Detta st\u00e5r f\u00f6r en stor del av exporten och omfattar allt fr\u00e5n tillverkningsmaskiner till verktygsmaskiner.<\/li>\n \t<li><strong>Telekommunikations&shy;utrustning:<\/strong> Svenska f\u00f6retag \u00e4r ledande inom telekommunikation och bidrar till uppbyggnaden av Serbiens infrastruktur.<\/li>\n \t<li><strong>Bilar och transportutrustning:<\/strong> Svenska fordon och transportteknik uppskattas f\u00f6r sin kvalitet och teknologi.<\/li>\n \t<li><strong>Farmaceutiska produkter:<\/strong> Sverige exporterar medicinska och farmaceutiska produkter, vilket st\u00f6djer Serbiens h\u00e4lso- och sjukv\u00e5rdssektor.<\/li>\n \t<li><strong>Milj\u00f6teknologi:<\/strong> Med Sveriges ledande position inom h\u00e5llbar teknik, inkluderar exporten \u00e4ven produkter relaterade till f\u00f6rnybar energi och avfallshantering.<\/li>\n<\/ul>\nGenom att f\u00f6lja dessa steg kan du framg\u00e5ngsrikt exportera till Serbien och utnyttja nya m\u00f6jligheter p\u00e5 denna sp\u00e4nnande marknad. Kom ih\u00e5g att st\u00e4ndigt h\u00e5lla dig uppdaterad om \u00e4ndringar i b\u00e5de svenska och serbiska tull- och handelsregler f\u00f6r att s\u00e4kerst\u00e4lla smidig och effektiv handel.\t\t\t\t\t\t\t\t<\/div>\n\t\t<div class=\"elementor-element elementor-element-ce7d911 e-con-full e-flex e-con e-child\" data-id=\"ce7d911\" data-element_type=\"container\" data-e-type=\"container\" data-settings=\"{&quot;background_background&quot;:&quot;classic&quot;}\">\n\t\t\t\t<div class=\"elementor-element elementor-element-742af39 elementor-align-start elementor-icon-list--layout-inline elementor-list-item-link-full_width elementor-widget elementor-widget-icon-list\" data-id=\"742af39\" data-element_type=\"widget\" data-e-type=\"widget\" data-widget_type=\"icon-list.default\">\n\t\t\t\t\t\t\t<ul class=\"elementor-icon-list-items elementor-inline-items\">\n\t\t\t\t\t\t\t<li class=\"elementor-icon-list-item elementor-inline-item\">\n\t\t\t\t\t\t\t\t\t\t\t<a href=\"mailto:info@tullify.se\">\n\n\t\t\t\t\t\t\t\t\t\t\t\t<span class=\"elementor-icon-list-icon\">\n\t\t\t\t\t\t\t<svg aria-hidden=\"true\" class=\"e-font-icon-svg e-fas-envelope\" viewBox=\"0 0 512 512\" xmlns=\"http:\/\/www.w3.org\/2000\/svg\"><path d=\"M502.3 190.8c3.9-3.1 9.7-.2 9.7 4.7V400c0 26.5-21.5 48-48 48H48c-26.5 0-48-21.5-48-48V195.6c0-5 5.7-7.8 9.7-4.7 22.4 17.4 52.1 39.5 154.1 113.6 21.1 15.4 56.7 47.8 92.2 47.6 35.7.3 72-32.8 92.3-47.6 102-74.1 131.6-96.3 154-113.7zM256 320c23.2.4 56.6-29.2 73.4-41.4 132.7-96.3 142.8-104.7 173.4-128.7 5.8-4.5 9.2-11.5 9.2-18.9v-19c0-26.5-21.5-48-48-48H48C21.5 64 0 85.5 0 112v19c0 7.4 3.4 14.3 9.2 18.9 30.6 23.9 40.7 32.4 173.4 128.7 16.8 12.2 50.2 41.8 73.4 41.4z\"><\/path><\/svg>\t\t\t\t\t\t<\/span>\n\t\t\t\t\t\t\t\t\t\t<span class=\"elementor-icon-list-text\">info@tullify.se<\/span>\n\t\t\t\t\t\t\t\t\t\t\t<\/a>\n\t\t\t\t\t\t\t\t\t<\/li>\n\t\t\t\t\t\t\t\t<li class=\"elementor-icon-list-item elementor-inline-item\">\n\t\t\t\t\t\t\t\t\t\t\t<a href=\"tel:+46103333555\">\n\n\t\t\t\t\t\t\t\t\t\t\t\t<span class=\"elementor-icon-list-icon\">\n\t\t\t\t\t\t\t<svg aria-hidden=\"true\" class=\"e-font-icon-svg e-fas-phone\" viewBox=\"0 0 512 512\" xmlns=\"http:\/\/www.w3.org\/2000\/svg\"><path d=\"M493.4 24.6l-104-24c-11.3-2.6-22.9 3.3-27.5 13.9l-48 112c-4.2 9.8-1.4 21.3 6.9 28l60.6 49.6c-36 76.7-98.9 140.5-177.2 177.2l-49.6-60.6c-6.8-8.3-18.2-11.1-28-6.9l-112 48C3.9 366.5-2 378.1.6 389.4l24 104C27.1 504.2 36.7 512 48 512c256.1 0 464-207.5 464-464 0-11.2-7.7-20.9-18.6-23.4z\"><\/path><\/svg>\t\t\t\t\t\t<\/span>\n\t\t\t\t\t\t\t\t\t\t<span class=\"elementor-icon-list-text\">+46 (0) 10-33 33 555<\/span>\n\t\t\t\t\t\t\t\t\t\t\t<\/a>\n\t\t\t\t\t\t\t\t\t<\/li>\n\t\t\t\t\t\t<\/ul>\n\t\t\t\t\t\t<\/div>\n\t\t\t\t<div class=\"elementor-element elementor-element-2e4b652 elementor-widget elementor-widget-button\" data-id=\"2e4b652\" data-element_type=\"widget\" data-e-type=\"widget\" data-widget_type=\"button.default\">\n\t\t\t\t\t\t\t\t\t\t<a class=\"elementor-button elementor-button-link elementor-size-sm\" href=\"https:\/\/tullify.se\/en\/kontakt\/\">\n\t\t\t\t\t\t<span class=\"elementor-button-content-wrapper\">\n\t\t\t\t\t\t\t\t\t<span class=\"elementor-button-text\">Kontakta oss<\/span>\n\t\t\t\t\t<\/span>\n\t\t\t\t\t<\/a>\n\t\t\t\t\t\t\t\t<\/div>\n\t\t\t\t<\/div>\n\t\t\t\t\t<\/div>\n\t\t\t\t<\/div>\n\t\t<div class=\"elementor-element elementor-element-ce72d09 e-flex e-con-boxed e-con e-parent\" data-id=\"ce72d09\" data-element_type=\"container\" data-e-type=\"container\">\n\t\t\t\t\t<div class=\"e-con-inner\">\n\t\t\t\t<div class=\"elementor-element elementor-element-d750ad6 elementor-cta--skin-cover elementor-cta--valign-middle elementor-animated-content elementor-widget elementor-widget-call-to-action\" data-id=\"d750ad6\" data-element_type=\"widget\" data-e-type=\"widget\" data-settings=\"{&quot;motion_fx_motion_fx_scrolling&quot;:&quot;yes&quot;,&quot;motion_fx_translateY_effect&quot;:&quot;yes&quot;,&quot;motion_fx_translateY_speed&quot;:{&quot;unit&quot;:&quot;px&quot;,&quot;size&quot;:1,&quot;sizes&quot;:[]},&quot;motion_fx_translateY_affectedRange&quot;:{&quot;unit&quot;:&quot;%&quot;,&quot;size&quot;:&quot;&quot;,&quot;sizes&quot;:{&quot;start&quot;:0,&quot;end&quot;:100}},&quot;motion_fx_devices&quot;:[&quot;desktop&quot;,&quot;tablet&quot;,&quot;mobile&quot;]}\" data-widget_type=\"call-to-action.default\">\n\t\t\t\t\t\t\t<div class=\"elementor-cta\">\n\t\t\t\t\t<div class=\"elementor-cta__bg-wrapper\">\n\t\t\t\t<div class=\"elementor-cta__bg elementor-bg\" style=\"background-image: url();\" role=\"img\" aria-label=\"\"><\/div>\n\t\t\t\t<div class=\"elementor-cta__bg-overlay\"><\/div>\n\t\t\t<\/div>\n\t\t\t\t\t\t\t<div class=\"elementor-cta__content\">\n\t\t\t\t\t\t\t\t\t<div class=\"elementor-content-item elementor-cta__content-item elementor-icon-wrapper elementor-cta__icon elementor-view-default elementor-animated-item--grow\">\n\t\t\t\t\t\t<div class=\"elementor-icon\">\n\t\t\t\t\t\t\t<svg xmlns=\"http:\/\/www.w3.org\/2000\/svg\" width=\"119\" height=\"119\" viewBox=\"0 0 119 119\" fill=\"none\"><path fill-rule=\"evenodd\" clip-rule=\"evenodd\" d=\"M114.346 35.9705L59.6732 5L5 35.9705V61.7149L59.5934 30.8615V30.8612L59.5937 30.8613L114.422 61.7199L114.346 35.9705ZM59.5937 41.0042V41L114.453 71.9567L114.5 88L105.9 92.8475L59.5928 66.7852L13.4996 92.8346L5 88V71.8196L59.5937 41.0042ZM59.5928 76.928L96.8486 97.949L73.7458 110.971L59.5951 103.178L45.418 110.99L22.4214 97.9094L59.5928 76.928Z\" fill=\"white\"><\/path><\/svg>\t\t\t\t\t\t<\/div>\n\t\t\t\t\t<\/div>\n\t\t\t\t\n\t\t\t\t\t\t\t\t\t<h3 class=\"elementor-cta__title elementor-cta__content-item elementor-content-item elementor-animated-item--grow\">\n\t\t\t\t\t\tVi finns h\u00e4r om du beh\u00f6ver hj\u00e4lp\t\t\t\t\t<\/h3>\n\t\t\t\t\n\t\t\t\t\n\t\t\t\t\t\t\t\t\t<div class=\"elementor-cta__button-wrapper elementor-cta__content-item elementor-content-item elementor-animated-item--grow\">\n\t\t\t\t\t<a class=\"elementor-cta__button elementor-button elementor-size-\" href=\"https:\/\/tullify.se\/en\/kontakt\/\">\n\t\t\t\t\t\tKontakta oss\t\t\t\t\t<\/a>\n\t\t\t\t\t<\/div>\n\t\t\t\t\t\t\t<\/div>\n\t\t\t\t\t\t<\/div>\n\t\t\t\t\t\t<\/div>\n\t\t\t\t\t<\/div>\n\t\t\t\t<\/div>\n\t\t<div class=\"elementor-element elementor-element-8ccd626 e-flex e-con-boxed e-con e-parent\" data-id=\"8ccd626\" data-element_type=\"container\" data-e-type=\"container\" data-settings=\"{&quot;background_background&quot;:&quot;classic&quot;}\">\n\t\t\t\t\t<div class=\"e-con-inner\">\n\t\t\t\t<div class=\"elementor-element elementor-element-dd6f414 elementor-widget elementor-widget-text-editor\" data-id=\"dd6f414\" data-element_type=\"widget\" data-e-type=\"widget\" data-widget_type=\"text-editor.default\">\n\t\t\t\t\t\t\t\t\t<h2>F\u00e5 hj\u00e4lp med din export&shy;deklaration genom Tullify<\/h2>\n\n<hr \/>\n\nNavigera i tullprocessen kan vara komplext och tidskr\u00e4vande. Tullify erbjuder expertis och st\u00f6d f\u00f6r att hantera din <a href=\"https:\/\/tullify.se\/exportdeklaration\/\" target=\"_blank\" rel=\"noopener\">exportdeklaration<\/a> smidigt och effektivt. Med v\u00e5r hj\u00e4lp kan du f\u00f6rs\u00e4kra dig om att alla tullrelaterade krav uppfylls korrekt, vilket minimerar risken f\u00f6r f\u00f6rseningar och extra kostnader. Kontakta oss f\u00f6r att g\u00f6ra din exportprocess till Serbien s\u00e5 problemfri som m\u00f6jligt.\t\t\t\t\t\t\t\t<\/div>\n\t\t\t\t\t<\/div>\n\t\t\t\t<\/div>\n\t\t\t\t<\/div>\n\t\t","protected":false},"excerpt":{"rendered":"<p>Guide: Exportera till Serbien Att exportera varor till Serbien (landkod XS) kan vara en lukrativ aff\u00e4rsm\u00f6jlighet f\u00f6r svenska f\u00f6retag. Med r\u00e4tt kunskap om processen kan du expandera din verksamhet och utforska nya marknader. H\u00e4r \u00e4r en steg-f\u00f6r-steg-guide som f\u00f6rklarar hur du g\u00e5r tillv\u00e4ga f\u00f6r att exportera till Serbien fr\u00e5n Sverige. Steg 1: Identifiera marknadsm\u00f6jligheter Innan [&hellip;]<\/p>\n","protected":false},"author":1,"featured_media":6888,"parent":0,"menu_order":0,"comment_status":"closed","ping_status":"closed","template":"","meta":{"_acf_changed":false,"footnotes":""},"class_list":["post-6877","page","type-page","status-publish","has-post-thumbnail","hentry"],"acf":[],"_links":{"self":[{"href":"https:\/\/tullify.se\/en\/wp-json\/wp\/v2\/pages\/6877","targetHints":{"allow":["GET"]}}],"collection":[{"href":"https:\/\/tullify.se\/en\/wp-json\/wp\/v2\/pages"}],"about":[{"href":"https:\/\/tullify.se\/en\/wp-json\/wp\/v2\/types\/page"}],"author":[{"embeddable":true,"href":"https:\/\/tullify.se\/en\/wp-json\/wp\/v2\/users\/1"}],"replies":[{"embeddable":true,"href":"https:\/\/tullify.se\/en\/wp-json\/wp\/v2\/comments?post=6877"}],"version-history":[{"count":20,"href":"https:\/\/tullify.se\/en\/wp-json\/wp\/v2\/pages\/6877\/revisions"}],"predecessor-version":[{"id":8219,"href":"https:\/\/tullify.se\/en\/wp-json\/wp\/v2\/pages\/6877\/revisions\/8219"}],"wp:featuredmedia":[{"embeddable":true,"href":"https:\/\/tullify.se\/en\/wp-json\/wp\/v2\/media\/6888"}],"wp:attachment":[{"href":"https:\/\/tullify.se\/en\/wp-json\/wp\/v2\/media?parent=6877"}],"curies":[{"name":"wp","href":"https:\/\/api.w.org\/{rel}","templated":true}]}}