{"id":7828,"date":"2025-05-19T06:55:59","date_gmt":"2025-05-19T06:55:59","guid":{"rendered":"https:\/\/tullify.se\/?page_id=7828"},"modified":"2025-07-07T15:15:50","modified_gmt":"2025-07-07T13:15:50","slug":"poa","status":"publish","type":"page","link":"https:\/\/tullify.se\/en\/poa\/","title":{"rendered":"Power of attorney"},"content":{"rendered":"\t\t<div data-elementor-type=\"wp-page\" data-elementor-id=\"7828\" class=\"elementor elementor-7828\" data-elementor-post-type=\"page\">\n\t\t\t\t<div class=\"elementor-element elementor-element-225c2a3 e-con-full e-flex e-con e-parent\" data-id=\"225c2a3\" data-element_type=\"container\" data-e-type=\"container\">\n\t\t\t\t<div class=\"elementor-element elementor-element-cdd22c6 elementor-widget elementor-widget-template\" data-id=\"cdd22c6\" data-element_type=\"widget\" data-e-type=\"widget\" data-widget_type=\"template.default\">\n\t\t\t\t<div class=\"elementor-widget-container\">\n\t\t\t\t\t\t\t<div class=\"elementor-template\">\n\t\t\t\t\t<div data-elementor-type=\"container\" data-elementor-id=\"2040\" class=\"elementor elementor-2040\" data-elementor-post-type=\"elementor_library\">\n\t\t\t\t<div class=\"elementor-element elementor-element-44d9dce4 e-flex e-con-boxed e-con e-parent\" data-id=\"44d9dce4\" data-element_type=\"container\" data-e-type=\"container\" data-settings=\"{&quot;motion_fx_motion_fx_scrolling&quot;:&quot;yes&quot;,&quot;motion_fx_devices&quot;:[&quot;desktop&quot;,&quot;tablet&quot;,&quot;mobile&quot;]}\">\n\t\t\t\t\t<div class=\"e-con-inner\">\n\t\t\t\t<div class=\"elementor-element elementor-element-7642a86e elementor-widget elementor-widget-heading\" data-id=\"7642a86e\" data-element_type=\"widget\" data-e-type=\"widget\" data-widget_type=\"heading.default\">\n\t\t\t\t\t<h1 class=\"elementor-heading-title elementor-size-default\">Ombudsfullmakt<\/h1>\t\t\t\t<\/div>\n\t\t\t\t\t<\/div>\n\t\t\t\t<\/div>\n\t\t\t\t<\/div>\n\t\t\t\t<\/div>\n\t\t\t\t\t\t<\/div>\n\t\t\t\t<\/div>\n\t\t\t\t<\/div>\n\t\t<div class=\"elementor-element elementor-element-21779c7 e-flex e-con-boxed e-con e-parent\" data-id=\"21779c7\" data-element_type=\"container\" data-e-type=\"container\">\n\t\t\t\t\t<div class=\"e-con-inner\">\n\t\t<div class=\"elementor-element elementor-element-0005983 e-con-full e-flex e-con e-child\" data-id=\"0005983\" data-element_type=\"container\" data-e-type=\"container\" data-settings=\"{&quot;background_background&quot;:&quot;classic&quot;}\">\n\t\t<div class=\"elementor-element elementor-element-553af6d e-flex e-con-boxed e-con e-child\" data-id=\"553af6d\" data-element_type=\"container\" data-e-type=\"container\">\n\t\t\t\t\t<div class=\"e-con-inner\">\n\t\t\t\t<div class=\"elementor-element elementor-element-b94f2d4 elementor-widget__width-inherit elementor-widget elementor-widget-heading\" data-id=\"b94f2d4\" data-element_type=\"widget\" data-e-type=\"widget\" data-widget_type=\"heading.default\">\n\t\t\t\t\t<h3 class=\"elementor-heading-title elementor-size-default\">OMBUDSFULLMAKT<\/h3>\t\t\t\t<\/div>\n\t\t\t\t<div class=\"elementor-element elementor-element-213d53a elementor-widget__width-initial elementor-widget elementor-widget-text-editor\" data-id=\"213d53a\" data-element_type=\"widget\" data-e-type=\"widget\" data-widget_type=\"text-editor.default\">\n\t\t\t\t\t\t\t\t\t<p>Att vara <a href=\"https:\/\/tullify.se\/tullombud\/\">tullombud<\/a> inneb\u00e4r att man l\u00e4mnar en tulldeklaration i en annan persons namn. Man m\u00e5ste d\u00e5 ha en fullmakt fr\u00e5n sin kund f\u00f6r att f\u00e5 agera i dennes namn.\u00a0<\/p>\t\t\t\t\t\t\t\t<\/div>\n\t\t\t\t\t<\/div>\n\t\t\t\t<\/div>\n\t\t\t\t<div class=\"elementor-element elementor-element-8436d3d elementor-mobile-button-align-stretch elementor-button-align-stretch elementor-widget elementor-widget-form\" data-id=\"8436d3d\" data-element_type=\"widget\" data-e-type=\"widget\" data-settings=\"{&quot;step_next_label&quot;:&quot;Next&quot;,&quot;step_previous_label&quot;:&quot;Previous&quot;,&quot;button_width&quot;:&quot;100&quot;,&quot;step_type&quot;:&quot;number_text&quot;,&quot;step_icon_shape&quot;:&quot;circle&quot;}\" data-widget_type=\"form.default\">\n\t\t\t\t\t\t\t<form class=\"elementor-form\" method=\"post\" name=\"Fullmakt Tullfokus\" aria-label=\"Fullmakt Tullfokus\">\n\t\t\t<input type=\"hidden\" name=\"post_id\" value=\"7828\"\/>\n\t\t\t<input type=\"hidden\" name=\"form_id\" value=\"8436d3d\"\/>\n\t\t\t<input type=\"hidden\" name=\"referer_title\" value=\"\" \/>\n\n\t\t\t\n\t\t\t<div class=\"elementor-form-fields-wrapper elementor-labels-above\">\n\t\t\t\t\t\t\t\t<div class=\"elementor-field-type-radio elementor-field-group elementor-column elementor-field-group-typ elementor-col-100 elementor-field-required elementor-mark-required\">\n\t\t\t\t\t\t\t\t\t\t\t\t<label for=\"form-field-typ\" class=\"elementor-field-label\">\n\t\t\t\t\t\t\t\tF\u00f6retag eller privatperson\t\t\t\t\t\t\t<\/label>\n\t\t\t\t\t\t<div class=\"elementor-field-subgroup  elementor-subgroup-inline\"><span class=\"elementor-field-option\"><input type=\"radio\" value=\"foretag\" id=\"form-field-typ-0\" name=\"form_fields[typ]\" required=\"required\"> <label for=\"form-field-typ-0\">F\u00f6retag<\/label><\/span><span class=\"elementor-field-option\"><input type=\"radio\" value=\"Privatperson\" id=\"form-field-typ-1\" name=\"form_fields[typ]\" required=\"required\"> <label for=\"form-field-typ-1\">Privatperson<\/label><\/span><\/div>\t\t\t\t<\/div>\n\t\t\t\t\t\t\t\t<div class=\"elementor-field-type-text elementor-field-group elementor-column elementor-field-group-name elementor-col-33 elementor-field-required elementor-mark-required\">\n\t\t\t\t\t\t\t\t\t\t\t\t<label for=\"form-field-name\" class=\"elementor-field-label\">\n\t\t\t\t\t\t\t\tF\u00f6rnamn\t\t\t\t\t\t\t<\/label>\n\t\t\t\t\t\t\t\t\t\t\t\t\t\t<input size=\"1\" type=\"text\" name=\"form_fields[name]\" id=\"form-field-name\" class=\"elementor-field elementor-size-lg  elementor-field-textual\" placeholder=\"F\u00f6rnamn\" required=\"required\">\n\t\t\t\t\t\t\t\t\t\t\t<\/div>\n\t\t\t\t\t\t\t\t<div class=\"elementor-field-type-text elementor-field-group elementor-column elementor-field-group-field_1a22ece elementor-col-33 elementor-field-required elementor-mark-required\">\n\t\t\t\t\t\t\t\t\t\t\t\t<label for=\"form-field-field_1a22ece\" class=\"elementor-field-label\">\n\t\t\t\t\t\t\t\tEfternamn\t\t\t\t\t\t\t<\/label>\n\t\t\t\t\t\t\t\t\t\t\t\t\t\t<input size=\"1\" type=\"text\" name=\"form_fields[field_1a22ece]\" id=\"form-field-field_1a22ece\" class=\"elementor-field elementor-size-lg  elementor-field-textual\" placeholder=\"Efternamn\" required=\"required\">\n\t\t\t\t\t\t\t\t\t\t\t<\/div>\n\t\t\t\t\t\t\t\t<div class=\"elementor-field-type-email elementor-field-group elementor-column elementor-field-group-email elementor-col-33 elementor-field-required elementor-mark-required\">\n\t\t\t\t\t\t\t\t\t\t\t\t<label for=\"form-field-email\" class=\"elementor-field-label\">\n\t\t\t\t\t\t\t\tE-post\t\t\t\t\t\t\t<\/label>\n\t\t\t\t\t\t\t\t\t\t\t\t\t\t<input size=\"1\" type=\"email\" name=\"form_fields[email]\" id=\"form-field-email\" class=\"elementor-field elementor-size-lg  elementor-field-textual\" placeholder=\"E-post\" required=\"required\">\n\t\t\t\t\t\t\t\t\t\t\t<\/div>\n\t\t\t\t\t\t\t\t<div class=\"elementor-field-type-tel elementor-field-group elementor-column elementor-field-group-field_0d523e0 elementor-col-33 elementor-field-required elementor-mark-required\">\n\t\t\t\t\t\t\t\t\t\t\t\t<label for=\"form-field-field_0d523e0\" class=\"elementor-field-label\">\n\t\t\t\t\t\t\t\tTelefonnummer\t\t\t\t\t\t\t<\/label>\n\t\t\t\t\t\t\t\t<input size=\"1\" type=\"tel\" name=\"form_fields[field_0d523e0]\" id=\"form-field-field_0d523e0\" class=\"elementor-field elementor-size-lg  elementor-field-textual\" placeholder=\"Telefonnummer\" required=\"required\" pattern=\"[0-9()#&amp;+*-=.]+\" title=\"Only numbers and phone characters (#, -, *, etc) are accepted.\">\n\n\t\t\t\t\t\t<\/div>\n\t\t\t\t\t\t\t\t<div class=\"elementor-field-type-text elementor-field-group elementor-column elementor-field-group-eori elementor-col-33\">\n\t\t\t\t\t\t\t\t\t\t\t\t<label for=\"form-field-eori\" class=\"elementor-field-label\">\n\t\t\t\t\t\t\t\tEORI-nummer <span class=\"dvxRequired\">*<\/span> <a href=\"https:\/\/www.tullverket.se\/sv\/foretag\/tillstandochregistreringar\/eori.4.6ac2c843157b7beb007364.html\" target=\"_blank\" rel=\"noopener\">(?)<\/a>\t\t\t\t\t\t\t<\/label>\n\t\t\t\t\t\t\t\t\t\t\t\t\t\t<input size=\"1\" type=\"text\" name=\"form_fields[eori]\" id=\"form-field-eori\" class=\"elementor-field elementor-size-lg  elementor-field-textual\" placeholder=\"Ange ditt f\u00f6retags EORI-nummer\">\n\t\t\t\t\t\t\t\t\t\t\t<\/div>\n\t\t\t\t\t\t\t\t<div class=\"elementor-field-type-text elementor-field-group elementor-column elementor-field-group-foretagsnamn elementor-col-33\">\n\t\t\t\t\t\t\t\t\t\t\t\t<label for=\"form-field-foretagsnamn\" class=\"elementor-field-label\">\n\t\t\t\t\t\t\t\tF\u00f6retagsnamn  <span class=\"dvxRequired\">*<\/span>\t\t\t\t\t\t\t<\/label>\n\t\t\t\t\t\t\t\t\t\t\t\t\t\t<input size=\"1\" type=\"text\" name=\"form_fields[foretagsnamn]\" id=\"form-field-foretagsnamn\" class=\"elementor-field elementor-size-lg  elementor-field-textual\" placeholder=\"F\u00f6retagsnamn\">\n\t\t\t\t\t\t\t\t\t\t\t<\/div>\n\t\t\t\t\t\t\t\t<div class=\"elementor-field-type-text elementor-field-group elementor-column elementor-field-group-personnummer elementor-col-33\">\n\t\t\t\t\t\t\t\t\t\t\t\t<label for=\"form-field-personnummer\" class=\"elementor-field-label\">\n\t\t\t\t\t\t\t\tPersonnummer <span class=\"dvxRequired\">*<\/span>\t\t\t\t\t\t\t<\/label>\n\t\t\t\t\t\t\t\t\t\t\t\t\t\t<input size=\"1\" type=\"text\" name=\"form_fields[personnummer]\" id=\"form-field-personnummer\" class=\"elementor-field elementor-size-lg  elementor-field-textual\" placeholder=\"Personnummer\">\n\t\t\t\t\t\t\t\t\t\t\t<\/div>\n\t\t\t\t\t\t\t\t<div class=\"elementor-field-type-acceptance elementor-field-group elementor-column elementor-field-group-confirm_correct_info elementor-col-100 elementor-field-required elementor-mark-required\">\n\t\t\t\t\t\t\t<div class=\"elementor-field-subgroup\">\n\t\t\t<span class=\"elementor-field-option\">\n\t\t\t\t<input type=\"checkbox\" name=\"form_fields[confirm_correct_info]\" id=\"form-field-confirm_correct_info\" class=\"elementor-field elementor-size-lg  elementor-acceptance-field\" required=\"required\">\n\t\t\t\t<label for=\"form-field-confirm_correct_info\">Jag bekr\u00e4ftar att informationen jag angivit \u00e4r korrekt<\/label>\t\t\t<\/span>\n\t\t<\/div>\n\t\t\t\t\t\t<\/div>\n\t\t\t\t\t\t\t\t<div class=\"elementor-field-type-acceptance elementor-field-group elementor-column elementor-field-group-accept_terms_and_conditions elementor-col-100 elementor-field-required elementor-mark-required\">\n\t\t\t\t\t\t\t<div class=\"elementor-field-subgroup\">\n\t\t\t<span class=\"elementor-field-option\">\n\t\t\t\t<input type=\"checkbox\" name=\"form_fields[accept_terms_and_conditions]\" id=\"form-field-accept_terms_and_conditions\" class=\"elementor-field elementor-size-lg  elementor-acceptance-field\" required=\"required\">\n\t\t\t\t<label for=\"form-field-accept_terms_and_conditions\">Jag godk\u00e4nner att Tullify AB (559196-3029) och\/eller v\u00e5r partner Tullfokus AB (556944-0505) att f\u00f6retr\u00e4da oss s\u00e5som direkt ombud enl. artikel 18-9 i Europaparlamentets och R\u00e5dets f\u00f6rordning (EU) nr. 952\/2013 av den 9 oktober 2013 om fastst\u00e4llande av en tullkodex f\u00f6r Unionen vid uppr\u00e4ttande av tulldeklarationer f\u00f6r samtliga tullf\u00f6rfaranden vid alla Tullmyndigheter inom Europeiska Unionen  Fullmakten \u00e4r giltig tills den skriftligen \u00e5terkallas av oss. L\u00e4s fullst\u00e4ndiga villkor<strong> <a style=\"color: var(--e-global-color-primary) \" \n href=\"\/villkor\/\">h\u00e4r<\/a><\/strong>.<\/label>\t\t\t<\/span>\n\t\t<\/div>\n\t\t\t\t\t\t<\/div>\n\t\t\t\t\t\t\t\t<div class=\"elementor-field-type-recaptcha_v3 elementor-field-group elementor-column elementor-field-group-field_079ad09 elementor-col-100 recaptcha_v3-bottomright\">\n\t\t\t\t\t<div class=\"elementor-field\" id=\"form-field-field_079ad09\"><div class=\"elementor-g-recaptcha\" data-sitekey=\"6Lc2qUErAAAAAE8sivV5sWxJRSWVv7Svqc-wajIC\" data-type=\"v3\" data-action=\"Form\" data-badge=\"bottomright\" data-size=\"invisible\"><\/div><\/div>\t\t\t\t<\/div>\n\t\t\t\t\t\t\t\t<div class=\"elementor-field-group elementor-column elementor-field-type-submit elementor-col-100 e-form__buttons\">\n\t\t\t\t\t<button class=\"elementor-button elementor-size-md\" type=\"submit\">\n\t\t\t\t\t\t<span class=\"elementor-button-content-wrapper\">\n\t\t\t\t\t\t\t\t\t\t\t\t\t\t\t\t\t\t\t\t\t\t<span class=\"elementor-button-text\">Signera<\/span>\n\t\t\t\t\t\t\t\t\t\t\t\t\t<\/span>\n\t\t\t\t\t<\/button>\n\t\t\t\t<\/div>\n\t\t\t<\/div>\n\t\t<\/form>\n\t\t\t\t\t\t<\/div>\n\t\t\t\t<div class=\"elementor-element elementor-element-49e6c04 elementor-widget elementor-widget-html\" data-id=\"49e6c04\" data-element_type=\"widget\" data-e-type=\"widget\" data-widget_type=\"html.default\">\n\t\t\t\t\t<script>\n  document.addEventListener('DOMContentLoaded', function () {\n    \/\/ Init: Hide all conditional fields and remove required\n    ['foretagsnamn', 'eori', 'personnummer'].forEach(function (id) {\n      const field = document.getElementById('form-field-' + id);\n      const wrapper = field ? field.closest('.elementor-field-group') : null;\n      if (wrapper) wrapper.style.display = 'none';\n      if (field) field.removeAttribute('required');\n    });\n\n    \/\/ Logic: Show\/hide fields based on selected \"typ\" value\n        function updateFields(value) {\n          value = value.trim().toLowerCase();\n        \n          const allFields = {\n            foretagsnamn: ['foretagsnamn', value === 'foretag'],\n            eori: ['eori', value === 'foretag'],\n            personnummer: ['personnummer', value === 'privatperson']\n          };\n        \n          Object.values(allFields).forEach(([id, shouldShow]) => {\n            const field = document.getElementById('form-field-' + id);\n            const wrapper = field ? field.closest('.elementor-field-group') : null;\n            if (!field || !wrapper) return;\n        \n            if (shouldShow) {\n              wrapper.style.display = 'block';\n              field.removeAttribute('disabled');\n              field.setAttribute('required', 'required');\n            } else {\n              wrapper.style.display = 'none';\n              field.removeAttribute('required');\n              field.setAttribute('disabled', 'disabled');\n            }\n          });\n        }\n\n    \/\/ Attach listener to radio buttons\n    const radios = document.querySelectorAll('input[name=\"form_fields[typ]\"]');\n    radios.forEach(function (radio) {\n      radio.addEventListener('change', function () {\n        updateFields(this.value);\n      });\n\n      \/\/ Trigger immediately if preselected\n      if (radio.checked) {\n        updateFields(radio.value);\n      }\n    });\n  });\n<\/script>\n\t\t\t\t<\/div>\n\t\t\t\t<\/div>\n\t\t\t\t\t<\/div>\n\t\t\t\t<\/div>\n\t\t\t\t<\/div>\n\t\t","protected":false},"excerpt":{"rendered":"<p>AUTHORITY OF REPRESENTATIVE Being a customs agent means that you submit a customs declaration in the name of another person. You must then have a power of attorney from your client to act on their behalf.\u00a0<\/p>","protected":false},"author":1,"featured_media":6141,"parent":0,"menu_order":0,"comment_status":"closed","ping_status":"closed","template":"","meta":{"_acf_changed":false,"footnotes":""},"class_list":["post-7828","page","type-page","status-publish","has-post-thumbnail","hentry"],"acf":[],"_links":{"self":[{"href":"https:\/\/tullify.se\/en\/wp-json\/wp\/v2\/pages\/7828","targetHints":{"allow":["GET"]}}],"collection":[{"href":"https:\/\/tullify.se\/en\/wp-json\/wp\/v2\/pages"}],"about":[{"href":"https:\/\/tullify.se\/en\/wp-json\/wp\/v2\/types\/page"}],"author":[{"embeddable":true,"href":"https:\/\/tullify.se\/en\/wp-json\/wp\/v2\/users\/1"}],"replies":[{"embeddable":true,"href":"https:\/\/tullify.se\/en\/wp-json\/wp\/v2\/comments?post=7828"}],"version-history":[{"count":111,"href":"https:\/\/tullify.se\/en\/wp-json\/wp\/v2\/pages\/7828\/revisions"}],"predecessor-version":[{"id":9032,"href":"https:\/\/tullify.se\/en\/wp-json\/wp\/v2\/pages\/7828\/revisions\/9032"}],"wp:featuredmedia":[{"embeddable":true,"href":"https:\/\/tullify.se\/en\/wp-json\/wp\/v2\/media\/6141"}],"wp:attachment":[{"href":"https:\/\/tullify.se\/en\/wp-json\/wp\/v2\/media?parent=7828"}],"curies":[{"name":"wp","href":"https:\/\/api.w.org\/{rel}","templated":true}]}}