{"id":8579,"date":"2025-05-23T12:42:04","date_gmt":"2025-05-23T10:42:04","guid":{"rendered":"https:\/\/tullify.se\/?page_id=8579"},"modified":"2025-05-26T13:06:17","modified_gmt":"2025-05-26T11:06:17","slug":"move-to-sweden","status":"publish","type":"page","link":"https:\/\/tullify.se\/en\/flytta-till-sverige\/","title":{"rendered":"Moving customs clearance"},"content":{"rendered":"\t\t<div data-elementor-type=\"wp-page\" data-elementor-id=\"8579\" class=\"elementor elementor-8579\" data-elementor-post-type=\"page\">\n\t\t\t\t<div class=\"elementor-element elementor-element-51daa61 e-con-full e-flex e-con e-parent\" data-id=\"51daa61\" data-element_type=\"container\" data-e-type=\"container\">\n\t\t\t\t<div class=\"elementor-element elementor-element-6362f8b elementor-widget elementor-widget-template\" data-id=\"6362f8b\" data-element_type=\"widget\" data-e-type=\"widget\" data-widget_type=\"template.default\">\n\t\t\t\t<div class=\"elementor-widget-container\">\n\t\t\t\t\t\t\t<div class=\"elementor-template\">\n\t\t\t\t\t<div data-elementor-type=\"container\" data-elementor-id=\"2040\" class=\"elementor elementor-2040\" data-elementor-post-type=\"elementor_library\">\n\t\t\t\t<div class=\"elementor-element elementor-element-44d9dce4 e-flex e-con-boxed e-con e-parent\" data-id=\"44d9dce4\" data-element_type=\"container\" data-e-type=\"container\" data-settings=\"{&quot;motion_fx_motion_fx_scrolling&quot;:&quot;yes&quot;,&quot;motion_fx_devices&quot;:[&quot;desktop&quot;,&quot;tablet&quot;,&quot;mobile&quot;]}\">\n\t\t\t\t\t<div class=\"e-con-inner\">\n\t\t\t\t<div class=\"elementor-element elementor-element-7642a86e elementor-widget elementor-widget-heading\" data-id=\"7642a86e\" data-element_type=\"widget\" data-e-type=\"widget\" data-widget_type=\"heading.default\">\n\t\t\t\t\t<h1 class=\"elementor-heading-title elementor-size-default\">Flyttf\u00f6rtullning<\/h1>\t\t\t\t<\/div>\n\t\t\t\t\t<\/div>\n\t\t\t\t<\/div>\n\t\t\t\t<\/div>\n\t\t\t\t<\/div>\n\t\t\t\t\t\t<\/div>\n\t\t\t\t<\/div>\n\t\t\t\t<\/div>\n\t\t<div class=\"elementor-element elementor-element-c48cc40 e-flex e-con-boxed e-con e-parent\" data-id=\"c48cc40\" data-element_type=\"container\" data-e-type=\"container\" data-settings=\"{&quot;background_background&quot;:&quot;classic&quot;}\">\n\t\t\t\t\t<div class=\"e-con-inner\">\n\t\t<div class=\"elementor-element elementor-element-c135893 e-grid e-con-full e-con e-child\" data-id=\"c135893\" data-element_type=\"container\" data-e-type=\"container\" data-settings=\"{&quot;motion_fx_motion_fx_scrolling&quot;:&quot;yes&quot;,&quot;motion_fx_translateY_effect&quot;:&quot;yes&quot;,&quot;motion_fx_translateY_speed&quot;:{&quot;unit&quot;:&quot;px&quot;,&quot;size&quot;:0.7,&quot;sizes&quot;:[]},&quot;motion_fx_devices&quot;:[&quot;desktop&quot;,&quot;tablet&quot;],&quot;motion_fx_translateY_affectedRange&quot;:{&quot;unit&quot;:&quot;%&quot;,&quot;size&quot;:&quot;&quot;,&quot;sizes&quot;:{&quot;start&quot;:0,&quot;end&quot;:100}}}\">\n\t\t<div class=\"elementor-element elementor-element-baf3037 e-con-full animated-slow e-flex elementor-invisible e-con e-child\" data-id=\"baf3037\" data-element_type=\"container\" data-e-type=\"container\" data-settings=\"{&quot;animation&quot;:&quot;fadeIn&quot;}\">\n\t\t\t\t<div class=\"elementor-element elementor-element-4131da7 elementor-widget elementor-widget-heading\" data-id=\"4131da7\" data-element_type=\"widget\" data-e-type=\"widget\" data-widget_type=\"heading.default\">\n\t\t\t\t\t<h2 class=\"elementor-heading-title elementor-size-default\"><span style=\"color: var(--e-global-color-primary)\">Flyttf\u00f6rtullning<\/span> till Sverige - S\u00e5 funkar det<\/h2>\t\t\t\t<\/div>\n\t\t\t\t<div class=\"elementor-element elementor-element-c106c07 elementor-widget elementor-widget-text-editor\" data-id=\"c106c07\" data-element_type=\"widget\" data-e-type=\"widget\" data-widget_type=\"text-editor.default\">\n\t\t\t\t\t\t\t\t\t<p>Att flytta till Sverige fr\u00e5n ett land utanf\u00f6r EU inneb\u00e4r att dina personliga \u00e4godelar m\u00e5ste deklareras till Tullverket. Men! Du kan f\u00e5 tullfrihet \u2013 om du uppfyller vissa villkor. H\u00e4r g\u00e5r vi p\u00e5 Tullify igenom allt du beh\u00f6ver veta, steg f\u00f6r steg, s\u00e5 att din inflytt g\u00e5r s\u00e5 smidigt som m\u00f6jligt.<\/p>\t\t\t\t\t\t\t\t<\/div>\n\t\t\t\t<\/div>\n\t\t<div class=\"elementor-element elementor-element-58dc01b e-con-full e-flex e-con e-child\" data-id=\"58dc01b\" data-element_type=\"container\" data-e-type=\"container\">\n\t\t\t\t<\/div>\n\t\t\t\t<\/div>\n\t\t\t\t\t<\/div>\n\t\t\t\t<\/div>\n\t\t<div class=\"elementor-element elementor-element-2ff6d41 e-flex e-con-boxed e-con e-child\" data-id=\"2ff6d41\" data-element_type=\"container\" data-e-type=\"container\" data-settings=\"{&quot;background_background&quot;:&quot;classic&quot;}\">\n\t\t\t\t\t<div class=\"e-con-inner\">\n\t\t\t\t<div class=\"elementor-element elementor-element-4fc692d elementor-widget elementor-widget-text-editor\" data-id=\"4fc692d\" data-element_type=\"widget\" data-e-type=\"widget\" data-widget_type=\"text-editor.default\">\n\t\t\t\t\t\t\t\t\t<h2>Vad \u00e4r flyttsakstullfrihet?<\/h2><hr \/><p>Flyttsakstullfrihet inneb\u00e4r att du inte beh\u00f6ver betala tull eller moms p\u00e5 personliga \u00e4godelar du tar med dig till Sverige i samband med att du flyttar hit fr\u00e5n ett land utanf\u00f6r EU.<\/p>\t\t\t\t\t\t\t\t<\/div>\n\t\t\t\t<div class=\"elementor-element elementor-element-387d512 elementor-widget elementor-widget-text-editor\" data-id=\"387d512\" data-element_type=\"widget\" data-e-type=\"widget\" data-widget_type=\"text-editor.default\">\n\t\t\t\t\t\t\t\t\t<h2><span lang=\"EN-US\">Krav f\u00f6r att f\u00e5 tullfrihet<\/span><\/h2><hr \/><ul><li>Du har varit bosatt utanf\u00f6r EU i minst 12 m\u00e5nader.<\/li><li>Du flyttar nu din permanenta hemvist till Sverige.<\/li><li>Dina saker har anv\u00e4nts av dig eller n\u00e5gon i ditt hush\u00e5ll i minst 6 m\u00e5nader.<\/li><li>Sakerna \u00e4r f\u00f6r privat bruk \u2013 inte f\u00f6r f\u00f6rs\u00e4ljning.<\/li><li>Du f\u00f6r in varorna inom 12 m\u00e5nader fr\u00e5n att du blev folkbokf\u00f6rd i Sverige.<\/li><\/ul>\t\t\t\t\t\t\t\t<\/div>\n\t\t\t\t<div class=\"elementor-element elementor-element-583db2c elementor-widget elementor-widget-text-editor\" data-id=\"583db2c\" data-element_type=\"widget\" data-e-type=\"widget\" data-widget_type=\"text-editor.default\">\n\t\t\t\t\t\t\t\t\t<h2>Styrkande handlingar \u2013 visa att du verkligen flyttar<\/h2><hr \/><p>F\u00f6r att f\u00e5 tullfrihet beh\u00f6ver du kunna bevisa att du faktiskt flyttar till Sverige och att du uppfyller kraven. Du kan beh\u00f6va l\u00e4mna in exempelvis:<\/p><p>F\u00f6r att styrka att du \u00e4r inflyttare:<\/p><ul><li>Bevis om utflyttning fr\u00e5n Sverige (om du varit h\u00e4r tidigare)<\/li><li>Dokument som visar att du bott utanf\u00f6r EU (t.ex. adressregistrering i det landet)<\/li><li>Registrering i kommunen d\u00e4r du bott<\/li><li>Uppeh\u00e5llstillst\u00e5nd och eventuellt arbetstillst\u00e5nd<\/li><li>Intyg fr\u00e5n arbetsgivare<\/li><li>Hyres- eller k\u00f6pekontrakt<\/li><li>Beslut om folkbokf\u00f6ring fr\u00e5n Skatteverket eller bevis om uppeh\u00e5llsr\u00e4tt<\/li><\/ul><p>F\u00f6r att styrka att du \u00e4gt och anv\u00e4nt dina saker:<\/p><ul><li>Ink\u00f6pshandlingar (kvitto, faktura eller avbetalningskontrakt)<\/li><li>Utl\u00e4ndska f\u00f6rs\u00e4kringspapper<\/li><li>Registrerings- och f\u00f6rs\u00e4kringshandlingar f\u00f6r fordon<\/li><li>Fraktdokument<\/li><\/ul>\t\t\t\t\t\t\t\t<\/div>\n\t\t\t\t\t<\/div>\n\t\t\t\t<\/div>\n\t\t<div class=\"elementor-element elementor-element-37f2ed4 e-flex e-con-boxed e-con e-parent\" data-id=\"37f2ed4\" data-element_type=\"container\" data-e-type=\"container\">\n\t\t\t\t\t<div class=\"e-con-inner\">\n\t\t\t\t<div class=\"elementor-element elementor-element-d975b8e elementor-align-center elementor-widget elementor-widget-button\" data-id=\"d975b8e\" data-element_type=\"widget\" data-e-type=\"widget\" data-widget_type=\"button.default\">\n\t\t\t\t\t\t\t\t\t\t<a class=\"elementor-button elementor-button-link elementor-size-sm\" href=\"https:\/\/tullify.se\/kontakt\/\" target=\"_blank\">\n\t\t\t\t\t\t<span class=\"elementor-button-content-wrapper\">\n\t\t\t\t\t\t\t\t\t<span class=\"elementor-button-text\">Kontakta oss<\/span>\n\t\t\t\t\t<\/span>\n\t\t\t\t\t<\/a>\n\t\t\t\t\t\t\t\t<\/div>\n\t\t\t\t\t<\/div>\n\t\t\t\t<\/div>\n\t\t<div class=\"elementor-element elementor-element-e6dca9d e-flex e-con-boxed e-con e-parent\" data-id=\"e6dca9d\" data-element_type=\"container\" data-e-type=\"container\" data-settings=\"{&quot;background_background&quot;:&quot;classic&quot;}\">\n\t\t\t\t\t<div class=\"e-con-inner\">\n\t\t<div class=\"elementor-element elementor-element-2ddc907 e-grid e-con-full e-con e-child\" data-id=\"2ddc907\" data-element_type=\"container\" data-e-type=\"container\">\n\t\t<div class=\"elementor-element elementor-element-96aa26b e-con-full animated-slow e-flex elementor-invisible e-con e-child\" data-id=\"96aa26b\" data-element_type=\"container\" data-e-type=\"container\" data-settings=\"{&quot;animation&quot;:&quot;fadeIn&quot;}\">\n\t\t\t\t<div class=\"elementor-element elementor-element-48c141e elementor-widget elementor-widget-heading\" data-id=\"48c141e\" data-element_type=\"widget\" data-e-type=\"widget\" data-widget_type=\"heading.default\">\n\t\t\t\t\t<h2 class=\"elementor-heading-title elementor-size-default\">Dokument du beh\u00f6ver ha redo<\/h2>\t\t\t\t<\/div>\n\t\t\t\t<div class=\"elementor-element elementor-element-9c6aae8 elementor-widget elementor-widget-text-editor\" data-id=\"9c6aae8\" data-element_type=\"widget\" data-e-type=\"widget\" data-widget_type=\"text-editor.default\">\n\t\t\t\t\t\t\t\t\t<hr \/><p>\u2610 Kopia p\u00e5 deklarantens pass<\/p><p>\u2610 Beslut fr\u00e5n Skatteverket om folkbokf\u00f6ring<\/p><p>\u2610 Dokument som styrker att du bott utanf\u00f6r EU<\/p><p>\u2610 Eventuella uppeh\u00e5lls- eller arbetstillst\u00e5nd<\/p><p>\u2610 Flyttintyg, adressregistrering eller utflyttningsbevis<\/p><p>\u2610 Packlista \u00f6ver ditt flyttgods<\/p><p>\u2610 Ifylld flyttsakf\u00f6rs\u00e4kran (inflyttare eller \u00e5terv\u00e4ndare)<\/p><p>\u2610 Registreringsbevis + ink\u00f6pshandlingar om du tar med fordon<\/p><p>\u2610 Fraktdokument (om du anlitat transportfirma)<\/p>\t\t\t\t\t\t\t\t<\/div>\n\t\t\t\t<\/div>\n\t\t<div class=\"elementor-element elementor-element-a55318e e-con-full e-flex e-con e-child\" data-id=\"a55318e\" data-element_type=\"container\" data-e-type=\"container\">\n\t\t\t\t<\/div>\n\t\t\t\t<\/div>\n\t\t\t\t\t<\/div>\n\t\t\t\t<\/div>\n\t\t<div class=\"elementor-element elementor-element-596a53f e-flex e-con-boxed e-con e-parent\" data-id=\"596a53f\" data-element_type=\"container\" data-e-type=\"container\">\n\t\t\t\t\t<div class=\"e-con-inner\">\n\t\t\t\t<div class=\"elementor-element elementor-element-af6b782 elementor-cta--skin-cover elementor-cta--valign-middle elementor-animated-content elementor-widget elementor-widget-call-to-action\" data-id=\"af6b782\" data-element_type=\"widget\" data-e-type=\"widget\" data-settings=\"{&quot;motion_fx_motion_fx_scrolling&quot;:&quot;yes&quot;,&quot;motion_fx_translateY_effect&quot;:&quot;yes&quot;,&quot;motion_fx_translateY_speed&quot;:{&quot;unit&quot;:&quot;px&quot;,&quot;size&quot;:1,&quot;sizes&quot;:[]},&quot;motion_fx_translateY_affectedRange&quot;:{&quot;unit&quot;:&quot;%&quot;,&quot;size&quot;:&quot;&quot;,&quot;sizes&quot;:{&quot;start&quot;:0,&quot;end&quot;:100}},&quot;motion_fx_devices&quot;:[&quot;desktop&quot;,&quot;tablet&quot;,&quot;mobile&quot;]}\" data-widget_type=\"call-to-action.default\">\n\t\t\t\t\t\t\t<div class=\"elementor-cta\">\n\t\t\t\t\t<div class=\"elementor-cta__bg-wrapper\">\n\t\t\t\t<div class=\"elementor-cta__bg elementor-bg\" style=\"background-image: url();\" role=\"img\" aria-label=\"\"><\/div>\n\t\t\t\t<div class=\"elementor-cta__bg-overlay\"><\/div>\n\t\t\t<\/div>\n\t\t\t\t\t\t\t<div class=\"elementor-cta__content\">\n\t\t\t\t\t\t\t\t\t<div class=\"elementor-content-item elementor-cta__content-item elementor-icon-wrapper elementor-cta__icon elementor-view-default elementor-animated-item--grow\">\n\t\t\t\t\t\t<div class=\"elementor-icon\">\n\t\t\t\t\t\t\t<svg xmlns=\"http:\/\/www.w3.org\/2000\/svg\" width=\"119\" height=\"119\" viewBox=\"0 0 119 119\" fill=\"none\"><path fill-rule=\"evenodd\" clip-rule=\"evenodd\" d=\"M114.346 35.9705L59.6732 5L5 35.9705V61.7149L59.5934 30.8615V30.8612L59.5937 30.8613L114.422 61.7199L114.346 35.9705ZM59.5937 41.0042V41L114.453 71.9567L114.5 88L105.9 92.8475L59.5928 66.7852L13.4996 92.8346L5 88V71.8196L59.5937 41.0042ZM59.5928 76.928L96.8486 97.949L73.7458 110.971L59.5951 103.178L45.418 110.99L22.4214 97.9094L59.5928 76.928Z\" fill=\"white\"><\/path><\/svg>\t\t\t\t\t\t<\/div>\n\t\t\t\t\t<\/div>\n\t\t\t\t\n\t\t\t\t\t\t\t\t\t<h3 class=\"elementor-cta__title elementor-cta__content-item elementor-content-item elementor-animated-item--grow\">\n\t\t\t\t\t\tVi finns h\u00e4r om du beh\u00f6ver hj\u00e4lp\t\t\t\t\t<\/h3>\n\t\t\t\t\n\t\t\t\t\n\t\t\t\t\t\t\t\t\t<div class=\"elementor-cta__button-wrapper elementor-cta__content-item elementor-content-item elementor-animated-item--grow\">\n\t\t\t\t\t<a class=\"elementor-cta__button elementor-button elementor-size-\" href=\"https:\/\/tullify.se\/en\/kontakt\/\">\n\t\t\t\t\t\tKontakta oss\t\t\t\t\t<\/a>\n\t\t\t\t\t<\/div>\n\t\t\t\t\t\t\t<\/div>\n\t\t\t\t\t\t<\/div>\n\t\t\t\t\t\t<\/div>\n\t\t\t\t\t<\/div>\n\t\t\t\t<\/div>\n\t\t<div class=\"elementor-element elementor-element-058fac2 e-flex e-con-boxed e-con e-child\" data-id=\"058fac2\" data-element_type=\"container\" data-e-type=\"container\" data-settings=\"{&quot;background_background&quot;:&quot;classic&quot;}\">\n\t\t\t\t\t<div class=\"e-con-inner\">\n\t\t\t\t<div class=\"elementor-element elementor-element-1e151af elementor-widget elementor-widget-text-editor\" data-id=\"1e151af\" data-element_type=\"widget\" data-e-type=\"widget\" data-widget_type=\"text-editor.default\">\n\t\t\t\t\t\t\t\t\t<h2>Packlista \u2013 det h\u00e4r ska vara med<\/h2><hr \/><p>En packlista \u00e4r obligatorisk. Den ska inneh\u00e5lla:<br \/><br \/>&#8211; En tydlig sammanst\u00e4llning av vad du tar med dig<br \/>&#8211; Specificerade kapitalvaror som:<br \/>\u00a0 \u2022 fordon<br \/>\u00a0 \u2022 datorer<br \/>\u00a0 \u2022 tv-apparater<br \/>\u00a0 \u2022 kylsk\u00e5p<br \/>\u00a0 \u2022 alkohol, tobak<\/p><p><br \/>&#8211; \u00d6vriga saker kan grupperas:<br \/>\u00a0 \u2022 kl\u00e4der<br \/>\u00a0 \u2022 k\u00f6ksartiklar<br \/>\u00a0 \u2022 b\u00f6cker<br \/>\u00a0 \u2022 textilier\/linne<\/p>\t\t\t\t\t\t\t\t<\/div>\n\t\t\t\t<div class=\"elementor-element elementor-element-ca3e54b elementor-widget elementor-widget-text-editor\" data-id=\"ca3e54b\" data-element_type=\"widget\" data-e-type=\"widget\" data-widget_type=\"text-editor.default\">\n\t\t\t\t\t\t\t\t\t<h2>S\u00e5 g\u00e5r det till \u2013 steg f\u00f6r steg<\/h2><hr \/><ol><li>Du kontaktar oss p\u00e5 Tullify \u2013 vi g\u00e5r igenom dina dokument och f\u00f6rbereder deklarationen.<\/li><li>Vi skickar in tulldeklarationen digitalt till Tullverket.<\/li><li>Tullverket beslutar om tullfrihet.<\/li><li>Ditt flyttgods kan levereras.<\/li><\/ol>\t\t\t\t\t\t\t\t<\/div>\n\t\t\t\t<div class=\"elementor-element elementor-element-13697e9 elementor-widget elementor-widget-text-editor\" data-id=\"13697e9\" data-element_type=\"widget\" data-e-type=\"widget\" data-widget_type=\"text-editor.default\">\n\t\t\t\t\t\t\t\t\t<h2><span lang=\"EN-US\">Vanliga misstag \u2013 och hur du undviker dem<\/span><\/h2><hr \/><ul><li>Att ta med helt nya prylar \u2013 kr\u00e4ver minst 6 m\u00e5naders anv\u00e4ndning<\/li><li>Att skicka in deklarationen f\u00f6r sent \u2013 m\u00e5ste ske inom 12 m\u00e5nader fr\u00e5n folkbokf\u00f6ring<\/li><li>Att inte ha tillr\u00e4ckligt med styrkande handlingar<\/li><li>Att f\u00f6rs\u00f6ka f\u00e5 med saker f\u00f6r f\u00f6rs\u00e4ljning<\/li><li>Att gl\u00f6mma extra handlingar vid medtag av fordon<\/li><\/ul>\t\t\t\t\t\t\t\t<\/div>\n\t\t\t\t<div class=\"elementor-element elementor-element-2bc7171 elementor-widget elementor-widget-text-editor\" data-id=\"2bc7171\" data-element_type=\"widget\" data-e-type=\"widget\" data-widget_type=\"text-editor.default\">\n\t\t\t\t\t\t\t\t\t<h2><span lang=\"EN-US\">Beh\u00f6ver du hj\u00e4lp?<\/span><\/h2><hr \/><p>Vi \u00e4r experter p\u00e5 flyttf\u00f6rtullning. Oavsett om du flyttar sj\u00e4lv eller anv\u00e4nder en transportfirma s\u00e5 ser vi till att allt blir r\u00e4tt fr\u00e5n b\u00f6rjan.<br \/><br \/>\ud83d\udce9 Maila oss p\u00e5 info@tullify.se eller ring oss \u2013 vi hj\u00e4lper dig hela v\u00e4gen.<\/p>\t\t\t\t\t\t\t\t<\/div>\n\t\t\t\t<div class=\"elementor-element elementor-element-064d66a elementor-widget elementor-widget-text-editor\" data-id=\"064d66a\" data-element_type=\"widget\" data-e-type=\"widget\" data-widget_type=\"text-editor.default\">\n\t\t\t\t\t\t\t\t\t<h2><span lang=\"EN-US\">Viktiga l\u00e4nkar<\/span><\/h2><hr \/><p>Tullverket \u2013 Flyttsakstullfrihet: <a href=\"https:\/\/www.tullverket.se\/privat\/importeravaror\/flyttasaker.4.78594778159e8354e24546.html\" target=\"_blank\" rel=\"noopener\">https:\/\/www.tullverket.se\/privat\/importeravaror\/flyttasaker.4.78594778159e8354e24546.html<\/a><\/p><p>Tullverkets guide f\u00f6r personflytt: <a href=\"https:\/\/www.tullverket.se\/privat\/importeravaror\/flyttasaker\/personflytt.4.78594778159e8354e2454b.html\" target=\"_blank\" rel=\"noopener\">https:\/\/www.tullverket.se\/privat\/importeravaror\/flyttasaker\/personflytt.4.78594778159e8354e2454b.html<\/a><\/p><p>Skatteverket \u2013 Flytta till Sverige: <a href=\"https:\/\/www.skatteverket.se\/privat\/folkbokforing\/flyttatillsverige\" target=\"_blank\" rel=\"noopener\">https:\/\/www.skatteverket.se\/privat\/folkbokforing\/flyttatillsverige<\/a><\/p><p>\u00a0<\/p><p>\u00a0<\/p><h2><span lang=\"EN-US\">Disclaimer<\/span><\/h2><p><em>Observera att det alltid \u00e4r Tullverket som slutgiltigt avg\u00f6r om du beviljas tullfrihet eller inte. Informationen h\u00e4r \u00e4r v\u00e4gledande och ers\u00e4tter inte officiella regler eller beslut.<\/em><\/p>\t\t\t\t\t\t\t\t<\/div>\n\t\t\t\t\t<\/div>\n\t\t\t\t<\/div>\n\t\t<div class=\"elementor-element elementor-element-3761063 e-flex e-con-boxed e-con e-parent\" data-id=\"3761063\" data-element_type=\"container\" data-e-type=\"container\">\n\t\t\t\t\t<div class=\"e-con-inner\">\n\t\t\t\t<div class=\"elementor-element elementor-element-59f87d1 elementor-cta--skin-cover elementor-cta--valign-middle elementor-animated-content elementor-widget elementor-widget-call-to-action\" data-id=\"59f87d1\" data-element_type=\"widget\" data-e-type=\"widget\" data-settings=\"{&quot;motion_fx_motion_fx_scrolling&quot;:&quot;yes&quot;,&quot;motion_fx_translateY_effect&quot;:&quot;yes&quot;,&quot;motion_fx_translateY_speed&quot;:{&quot;unit&quot;:&quot;px&quot;,&quot;size&quot;:1,&quot;sizes&quot;:[]},&quot;motion_fx_translateY_affectedRange&quot;:{&quot;unit&quot;:&quot;%&quot;,&quot;size&quot;:&quot;&quot;,&quot;sizes&quot;:{&quot;start&quot;:0,&quot;end&quot;:100}},&quot;motion_fx_devices&quot;:[&quot;desktop&quot;,&quot;tablet&quot;,&quot;mobile&quot;]}\" data-widget_type=\"call-to-action.default\">\n\t\t\t\t\t\t\t<div class=\"elementor-cta\">\n\t\t\t\t\t<div class=\"elementor-cta__bg-wrapper\">\n\t\t\t\t<div class=\"elementor-cta__bg elementor-bg\" style=\"background-image: url();\" role=\"img\" aria-label=\"\"><\/div>\n\t\t\t\t<div class=\"elementor-cta__bg-overlay\"><\/div>\n\t\t\t<\/div>\n\t\t\t\t\t\t\t<div class=\"elementor-cta__content\">\n\t\t\t\t\t\t\t\t\t<div class=\"elementor-content-item elementor-cta__content-item elementor-icon-wrapper elementor-cta__icon elementor-view-default elementor-animated-item--grow\">\n\t\t\t\t\t\t<div class=\"elementor-icon\">\n\t\t\t\t\t\t\t<svg xmlns=\"http:\/\/www.w3.org\/2000\/svg\" width=\"119\" height=\"119\" viewBox=\"0 0 119 119\" fill=\"none\"><path fill-rule=\"evenodd\" clip-rule=\"evenodd\" d=\"M114.346 35.9705L59.6732 5L5 35.9705V61.7149L59.5934 30.8615V30.8612L59.5937 30.8613L114.422 61.7199L114.346 35.9705ZM59.5937 41.0042V41L114.453 71.9567L114.5 88L105.9 92.8475L59.5928 66.7852L13.4996 92.8346L5 88V71.8196L59.5937 41.0042ZM59.5928 76.928L96.8486 97.949L73.7458 110.971L59.5951 103.178L45.418 110.99L22.4214 97.9094L59.5928 76.928Z\" fill=\"white\"><\/path><\/svg>\t\t\t\t\t\t<\/div>\n\t\t\t\t\t<\/div>\n\t\t\t\t\n\t\t\t\t\t\t\t\t\t<h3 class=\"elementor-cta__title elementor-cta__content-item elementor-content-item elementor-animated-item--grow\">\n\t\t\t\t\t\tVi finns h\u00e4r om du beh\u00f6ver hj\u00e4lp\t\t\t\t\t<\/h3>\n\t\t\t\t\n\t\t\t\t\n\t\t\t\t\t\t\t\t\t<div class=\"elementor-cta__button-wrapper elementor-cta__content-item elementor-content-item elementor-animated-item--grow\">\n\t\t\t\t\t<a class=\"elementor-cta__button elementor-button elementor-size-\" href=\"https:\/\/tullify.se\/en\/kontakt\/\">\n\t\t\t\t\t\tKontakta oss\t\t\t\t\t<\/a>\n\t\t\t\t\t<\/div>\n\t\t\t\t\t\t\t<\/div>\n\t\t\t\t\t\t<\/div>\n\t\t\t\t\t\t<\/div>\n\t\t\t\t\t<\/div>\n\t\t\t\t<\/div>\n\t\t\t\t<\/div>\n\t\t","protected":false},"excerpt":{"rendered":"<p>Flyttf\u00f6rtullning till Sverige &#8211; S\u00e5 funkar det Att flytta till Sverige fr\u00e5n ett land utanf\u00f6r EU inneb\u00e4r att dina personliga \u00e4godelar m\u00e5ste deklareras till Tullverket. Men! Du kan f\u00e5 tullfrihet \u2013 om du uppfyller vissa villkor. H\u00e4r g\u00e5r vi p\u00e5 Tullify igenom allt du beh\u00f6ver veta, steg f\u00f6r steg, s\u00e5 att din inflytt g\u00e5r s\u00e5 [&hellip;]<\/p>\n","protected":false},"author":3,"featured_media":6656,"parent":0,"menu_order":0,"comment_status":"closed","ping_status":"closed","template":"","meta":{"_acf_changed":false,"footnotes":""},"class_list":["post-8579","page","type-page","status-publish","has-post-thumbnail","hentry"],"acf":[],"_links":{"self":[{"href":"https:\/\/tullify.se\/en\/wp-json\/wp\/v2\/pages\/8579","targetHints":{"allow":["GET"]}}],"collection":[{"href":"https:\/\/tullify.se\/en\/wp-json\/wp\/v2\/pages"}],"about":[{"href":"https:\/\/tullify.se\/en\/wp-json\/wp\/v2\/types\/page"}],"author":[{"embeddable":true,"href":"https:\/\/tullify.se\/en\/wp-json\/wp\/v2\/users\/3"}],"replies":[{"embeddable":true,"href":"https:\/\/tullify.se\/en\/wp-json\/wp\/v2\/comments?post=8579"}],"version-history":[{"count":18,"href":"https:\/\/tullify.se\/en\/wp-json\/wp\/v2\/pages\/8579\/revisions"}],"predecessor-version":[{"id":8622,"href":"https:\/\/tullify.se\/en\/wp-json\/wp\/v2\/pages\/8579\/revisions\/8622"}],"wp:featuredmedia":[{"embeddable":true,"href":"https:\/\/tullify.se\/en\/wp-json\/wp\/v2\/media\/6656"}],"wp:attachment":[{"href":"https:\/\/tullify.se\/en\/wp-json\/wp\/v2\/media?parent=8579"}],"curies":[{"name":"wp","href":"https:\/\/api.w.org\/{rel}","templated":true}]}}