{"id":9145,"date":"2025-09-09T15:02:48","date_gmt":"2025-09-09T13:02:48","guid":{"rendered":"https:\/\/tullify.se\/?page_id=9145"},"modified":"2025-09-11T15:11:21","modified_gmt":"2025-09-11T13:11:21","slug":"job-cto","status":"publish","type":"page","link":"https:\/\/tullify.se\/en\/jobb-cto\/","title":{"rendered":"CTO"},"content":{"rendered":"<div data-elementor-type=\"wp-page\" data-elementor-id=\"9145\" class=\"elementor elementor-9145\" data-elementor-post-type=\"page\">\n\t\t\t\t<div class=\"elementor-element elementor-element-12c2005 e-flex e-con-boxed e-con e-parent\" data-id=\"12c2005\" data-element_type=\"container\" data-e-type=\"container\">\n\t\t\t\t\t<div class=\"e-con-inner\">\n\t\t\t\t<div class=\"elementor-element elementor-element-6572fa9 elementor-widget elementor-widget-spacer\" data-id=\"6572fa9\" data-element_type=\"widget\" data-e-type=\"widget\" data-widget_type=\"spacer.default\">\n\t\t\t\t\t\t\t<div class=\"elementor-spacer\">\n\t\t\t<div class=\"elementor-spacer-inner\"><\/div>\n\t\t<\/div>\n\t\t\t\t\t\t<\/div>\n\t\t\t\t<div class=\"elementor-element elementor-element-0973393 elementor-widget elementor-widget-heading\" data-id=\"0973393\" data-element_type=\"widget\" data-e-type=\"widget\" data-widget_type=\"heading.default\">\n\t\t\t\t\t<h2 class=\"elementor-heading-title elementor-size-default\">CTO \/ Tech Lead in AI and Programming<\/h2>\t\t\t\t<\/div>\n\t\t\t\t<div class=\"elementor-element elementor-element-9042a60 elementor-widget elementor-widget-spacer\" data-id=\"9042a60\" data-element_type=\"widget\" data-e-type=\"widget\" data-widget_type=\"spacer.default\">\n\t\t\t\t\t\t\t<div class=\"elementor-spacer\">\n\t\t\t<div class=\"elementor-spacer-inner\"><\/div>\n\t\t<\/div>\n\t\t\t\t\t\t<\/div>\n\t\t\t\t<div class=\"elementor-element elementor-element-fa55587 elementor-widget elementor-widget-text-editor\" data-id=\"fa55587\" data-element_type=\"widget\" data-e-type=\"widget\" data-widget_type=\"text-editor.default\">\n\t\t\t\t\t\t\t\t\t<p><strong>\ud83d\ude80 We are looking for a CTO \/ Tech Lead in AI and Programming<\/strong><\/p><p><strong>Place:<\/strong> Flexible \/ hybrid<br \/><strong>Employment type:<\/strong> Full-time<\/p><p><strong>About us<\/strong><\/p><p>We at <strong>Tullify<\/strong> is an innovative company that is passionate about developing smart, data-driven solutions that simplify and improve our customers&#039; everyday lives. We are in an exciting expansion phase and are now looking for a <strong>CTO\/Tech Lead<\/strong> who want to join us in building the technical platform of the future.<\/p><p><strong>The role<\/strong><\/p><p>With us, you build new things \u2013 from the first line of code. No legacy legacy, but freedom to shape the architecture, stack and working methods for a groundbreaking system that will scale in multiple countries. Do you like creating new things? As our CTO, you get to own the journey from idea to global rollout \u2013 with the best possible conditions to build a future-proof and groundbreaking system.<\/p><p>As our CTO, you will have overall responsibility for our technical strategy and architecture. You will:<\/p><ul style=\"font-weight: 400;\"><li><p>Lead and develop our technical team.<\/p><\/li><li><p>Responsible for selection of technical frameworks and tools.<\/p><\/li><li><p>Ensure high quality and scalability in our products.<\/p><\/li><li><p>Drive developments in AI and machine learning.<\/p><\/li><li><p>Build a long-term tech roadmap in close dialogue with management and the business side.<\/p><\/li><li><p>Develop and streamline our current work routines.<\/p><\/li><\/ul><p><strong>Qualifications<\/strong><\/p><p>We are looking for someone who has:<\/p><ul style=\"font-weight: 400;\"><li><p>A solid education in IT\/Tech (e.g., civil engineering, computer science or equivalent).<\/p><\/li><li><p>Deep knowledge in programming and system architecture.<\/p><\/li><li><p>Experience with AI\/ML \u2013 from model development to implementation in production.<\/p><\/li><li><p>Experience in building and leading teams in tech.<\/p><\/li><li><p>Ability to combine strategic thinking with a &quot;hands-on&quot; drive.<\/p><\/li><\/ul><p><strong>Requirements for AI-driven development methods<\/strong><br \/>We are looking for a senior developer who is not only comfortable with traditional programming, but who fully embraces AI development in their working methods. You see AI as a natural extension of your own skills and use tools like Claude Code or even platforms like Lovable to quickly and efficiently deliver specific solutions.<br \/>This means you have the ability to:<br \/>\u00a0\u00a0\u00a0\u00a0\u2022 Drive development projects with AI as the engine throughout the entire process \u2013 from idea to finished delivery.<br \/>\u00a0\u00a0\u00a0\u00a0\u2022 Switch between hands-on coding and using AI tools to accelerate productivity and quality.<br \/>\u00a0\u00a0\u00a0\u00a0\u2022 Explore, test and implement new AI support to optimize team workflows and create breakthrough solutions.<\/p><p>It would be advantageous if you have experience in:<\/p><ul style=\"font-weight: 400;\"><li><p>Scalable SaaS solutions.<\/p><\/li><li><p>Cloud infrastructure (AWS, Azure or GCP).<\/p><\/li><li><p>Startup\/scaleup environments where you build from scratch.<\/p><\/li><\/ul><p><strong>We offer<\/strong><\/p><ul style=\"font-weight: 400;\"><li><p>The opportunity to make your mark on a growing tech organization.<\/p><\/li><li><p>An entrepreneurial climate with short decision-making paths.<\/p><\/li><li><p>Plenty of room for innovation, creativity and own initiative.<\/p><\/li><li><p>Competitive terms and conditions and the possibility of co-ownership.<\/p><\/li><\/ul><p>\u00a0<\/p><p>\u00a0<\/p><p>\u00a0<\/p><p>\ud83d\udc49 Does this sound interesting? Send your application to <strong><a href=\"mailto:info@tullify.se\">info@tullify.se<\/a><\/strong> and tell us why you are the right person for the role!<\/p><p>If you would like to know more about the role or Tullify as a company, please contact <strong><a href=\"mailto:richard@tullify.se\" data-outlook-id=\"7eb14b32-60af-4037-822c-d33ece0e7aa7\">richard@tullify.se<\/a>.<\/strong><\/p>\t\t\t\t\t\t\t\t<\/div>\n\t\t\t\t\t<\/div>\n\t\t\t\t<\/div>\n\t\t\t\t<\/div>","protected":false},"excerpt":{"rendered":"<p>CTO \/ Tech Lead inom AI och Programmering \ud83d\ude80 Vi s\u00f6ker en CTO \/ Tech Lead inom AI och Programmering Plats: Flexibelt \/ hybridAnst\u00e4llningsform: Heltid Om oss Vi p\u00e5 Tullify \u00e4r ett innovativt bolag som brinner f\u00f6r att utveckla smarta, datadrivna l\u00f6sningar som f\u00f6renklar och f\u00f6rb\u00e4ttrar v\u00e5ra kunders vardag. Vi befinner oss i en sp\u00e4nnande [&hellip;]<\/p>\n","protected":false},"author":3,"featured_media":8355,"parent":0,"menu_order":0,"comment_status":"closed","ping_status":"closed","template":"","meta":{"_acf_changed":false,"footnotes":""},"class_list":["post-9145","page","type-page","status-publish","has-post-thumbnail","hentry"],"acf":[],"_links":{"self":[{"href":"https:\/\/tullify.se\/en\/wp-json\/wp\/v2\/pages\/9145","targetHints":{"allow":["GET"]}}],"collection":[{"href":"https:\/\/tullify.se\/en\/wp-json\/wp\/v2\/pages"}],"about":[{"href":"https:\/\/tullify.se\/en\/wp-json\/wp\/v2\/types\/page"}],"author":[{"embeddable":true,"href":"https:\/\/tullify.se\/en\/wp-json\/wp\/v2\/users\/3"}],"replies":[{"embeddable":true,"href":"https:\/\/tullify.se\/en\/wp-json\/wp\/v2\/comments?post=9145"}],"version-history":[{"count":27,"href":"https:\/\/tullify.se\/en\/wp-json\/wp\/v2\/pages\/9145\/revisions"}],"predecessor-version":[{"id":9279,"href":"https:\/\/tullify.se\/en\/wp-json\/wp\/v2\/pages\/9145\/revisions\/9279"}],"wp:featuredmedia":[{"embeddable":true,"href":"https:\/\/tullify.se\/en\/wp-json\/wp\/v2\/media\/8355"}],"wp:attachment":[{"href":"https:\/\/tullify.se\/en\/wp-json\/wp\/v2\/media?parent=9145"}],"curies":[{"name":"wp","href":"https:\/\/api.w.org\/{rel}","templated":true}]}}