{"id":9166,"date":"2025-09-09T15:10:22","date_gmt":"2025-09-09T13:10:22","guid":{"rendered":"https:\/\/tullify.se\/?page_id=9166"},"modified":"2025-09-10T11:27:20","modified_gmt":"2025-09-10T09:27:20","slug":"job-cpa","status":"publish","type":"page","link":"https:\/\/tullify.se\/en\/jobb-cpa\/","title":{"rendered":"Customs Administrator"},"content":{"rendered":"<div data-elementor-type=\"wp-page\" data-elementor-id=\"9166\" class=\"elementor elementor-9166\" data-elementor-post-type=\"page\">\n\t\t\t\t<div class=\"elementor-element elementor-element-12c2005 e-flex e-con-boxed e-con e-parent\" data-id=\"12c2005\" data-element_type=\"container\" data-e-type=\"container\">\n\t\t\t\t\t<div class=\"e-con-inner\">\n\t\t\t\t<div class=\"elementor-element elementor-element-e203657 elementor-widget elementor-widget-spacer\" data-id=\"e203657\" data-element_type=\"widget\" data-e-type=\"widget\" data-widget_type=\"spacer.default\">\n\t\t\t\t\t\t\t<div class=\"elementor-spacer\">\n\t\t\t<div class=\"elementor-spacer-inner\"><\/div>\n\t\t<\/div>\n\t\t\t\t\t\t<\/div>\n\t\t\t\t<div class=\"elementor-element elementor-element-b727b54 elementor-widget elementor-widget-heading\" data-id=\"b727b54\" data-element_type=\"widget\" data-e-type=\"widget\" data-widget_type=\"heading.default\">\n\t\t\t\t\t<h2 class=\"elementor-heading-title elementor-size-default\">Customs Administrator<\/h2>\t\t\t\t<\/div>\n\t\t\t\t<div class=\"elementor-element elementor-element-844513c elementor-widget elementor-widget-spacer\" data-id=\"844513c\" data-element_type=\"widget\" data-e-type=\"widget\" data-widget_type=\"spacer.default\">\n\t\t\t\t\t\t\t<div class=\"elementor-spacer\">\n\t\t\t<div class=\"elementor-spacer-inner\"><\/div>\n\t\t<\/div>\n\t\t\t\t\t\t<\/div>\n\t\t\t\t<div class=\"elementor-element elementor-element-fa55587 elementor-widget elementor-widget-text-editor\" data-id=\"fa55587\" data-element_type=\"widget\" data-e-type=\"widget\" data-widget_type=\"text-editor.default\">\n\t\t\t\t\t\t\t\t\t<p style=\"font-weight: 400;\"><strong>\ud83d\udce6<\/strong><strong> We are looking for a Customs Administrator for Tullify<\/strong><\/p><p style=\"font-weight: 400;\"><strong>Place:<\/strong> Flexible<br \/><strong>Employment type:<\/strong> Full-time<\/p><p style=\"font-weight: 400;\"><strong>About us<\/strong><\/p><p style=\"font-weight: 400;\">Tullify is a growing company that helps companies navigate the complex world of customs management. With our expertise, modern systems and personal service, we simplify international trade for our customers. We are now looking for a <strong>customs administrator<\/strong> who want to become part of our dedicated team.<\/p><p style=\"font-weight: 400;\"><strong>The role<\/strong><\/p><p style=\"font-weight: 400;\">As a Customs Administrator, you will be an important cog in our work to ensure smooth customs processes. Your main tasks will be:<\/p><ul style=\"font-weight: 400;\"><li>Handling of customs declarations and import\/export documentation.<\/li><li>Contact with customers, freight forwarders and authorities.<\/li><li>Checking customs documents to ensure accuracy and compliance.<\/li><li>Contribute to developing and streamlining our processes.<\/li><\/ul><p style=\"font-weight: 400;\"><strong>Qualifications<\/strong><\/p><p style=\"font-weight: 400;\">We are looking for you as:<\/p><ul style=\"font-weight: 400;\"><li>Have experience in customs administration, logistics or similar work.<\/li><li>Have good knowledge of Swedish and English, both spoken and written.<\/li><li>Is meticulous, structured and used to working with deadlines.<\/li><li>Enjoys customer contact and can provide top-class service.<\/li><\/ul><p style=\"font-weight: 400;\">It is advantageous if you have:<\/p><ul style=\"font-weight: 400;\"><li>Experience with customs data systems.<\/li><li>Knowledge of international trade regulations.<\/li><\/ul><p style=\"font-weight: 400;\"><strong>We offer<\/strong><\/p><ul style=\"font-weight: 400;\"><li>A stable workplace with growing opportunities.<\/li><li>A committed team and an inclusive work environment.<\/li><li>Opportunity for skills development in customs and logistics.<\/li><li>Competitive terms.<\/li><\/ul><p style=\"font-weight: 400;\">\ud83d\udc49 Are you ready to become part of Tullify? Send your application to <strong><a href=\"mailto:info@tullify.se\">info@tullify.se<\/a><\/strong> already today!<\/p><p style=\"font-weight: 400;\">If you would like to know more about the role or Tullify as a company, please contact\u00a0<strong><a href=\"mailto:richard@tullify.se\" data-outlook-id=\"46819254-fcde-488f-b31f-1fd2d3e31063\">richard@tullify.se<\/a>.<\/strong><\/p>\t\t\t\t\t\t\t\t<\/div>\n\t\t\t\t\t<\/div>\n\t\t\t\t<\/div>\n\t\t\t\t<\/div>","protected":false},"excerpt":{"rendered":"<p>Tulladministrat\u00f6r \ud83d\udce6 Vi s\u00f6ker en Tulladministrat\u00f6r till Tullify Plats: FlexibeltAnst\u00e4llningsform: Heltid Om oss Tullify \u00e4r ett v\u00e4xande bolag som hj\u00e4lper f\u00f6retag att navigera i den komplexa v\u00e4rlden av tullhantering. Med v\u00e5r expertis, moderna system och personliga service f\u00f6renklar vi internationell handel f\u00f6r v\u00e5ra kunder. Nu s\u00f6ker vi en tulladministrat\u00f6r som vill bli en del av [&hellip;]<\/p>\n","protected":false},"author":3,"featured_media":8355,"parent":0,"menu_order":0,"comment_status":"closed","ping_status":"closed","template":"","meta":{"_acf_changed":false,"footnotes":""},"class_list":["post-9166","page","type-page","status-publish","has-post-thumbnail","hentry"],"acf":[],"_links":{"self":[{"href":"https:\/\/tullify.se\/en\/wp-json\/wp\/v2\/pages\/9166","targetHints":{"allow":["GET"]}}],"collection":[{"href":"https:\/\/tullify.se\/en\/wp-json\/wp\/v2\/pages"}],"about":[{"href":"https:\/\/tullify.se\/en\/wp-json\/wp\/v2\/types\/page"}],"author":[{"embeddable":true,"href":"https:\/\/tullify.se\/en\/wp-json\/wp\/v2\/users\/3"}],"replies":[{"embeddable":true,"href":"https:\/\/tullify.se\/en\/wp-json\/wp\/v2\/comments?post=9166"}],"version-history":[{"count":7,"href":"https:\/\/tullify.se\/en\/wp-json\/wp\/v2\/pages\/9166\/revisions"}],"predecessor-version":[{"id":9199,"href":"https:\/\/tullify.se\/en\/wp-json\/wp\/v2\/pages\/9166\/revisions\/9199"}],"wp:featuredmedia":[{"embeddable":true,"href":"https:\/\/tullify.se\/en\/wp-json\/wp\/v2\/media\/8355"}],"wp:attachment":[{"href":"https:\/\/tullify.se\/en\/wp-json\/wp\/v2\/media?parent=9166"}],"curies":[{"name":"wp","href":"https:\/\/api.w.org\/{rel}","templated":true}]}}