{"id":4036,"date":"2025-04-07T14:22:02","date_gmt":"2025-04-07T14:22:02","guid":{"rendered":"https:\/\/tullify.se\/?page_id=4036"},"modified":"2025-04-16T16:44:55","modified_gmt":"2025-04-16T16:44:55","slug":"vilkar","status":"publish","type":"page","link":"https:\/\/tullify.se\/nb\/villkor\/","title":{"rendered":"Personvernerkl\u00e6ring og vilk\u00e5r"},"content":{"rendered":"\t\t<div data-elementor-type=\"wp-page\" data-elementor-id=\"4036\" class=\"elementor elementor-4036\" data-elementor-post-type=\"page\">\n\t\t\t\t<div class=\"elementor-element elementor-element-066dd74 e-con-full e-flex e-con e-parent\" data-id=\"066dd74\" data-element_type=\"container\" data-e-type=\"container\">\n\t\t\t\t<div class=\"elementor-element elementor-element-065c0b4 elementor-widget elementor-widget-template\" data-id=\"065c0b4\" data-element_type=\"widget\" data-e-type=\"widget\" data-widget_type=\"template.default\">\n\t\t\t\t<div class=\"elementor-widget-container\">\n\t\t\t\t\t\t\t<div class=\"elementor-template\">\n\t\t\t\t\t<div data-elementor-type=\"container\" data-elementor-id=\"4245\" class=\"elementor elementor-4245\" data-elementor-post-type=\"elementor_library\">\n\t\t\t\t<div class=\"elementor-element elementor-element-44d9dce4 e-flex e-con-boxed e-con e-parent\" data-id=\"44d9dce4\" data-element_type=\"container\" data-e-type=\"container\" data-settings=\"{&quot;motion_fx_motion_fx_scrolling&quot;:&quot;yes&quot;,&quot;motion_fx_devices&quot;:[&quot;desktop&quot;,&quot;tablet&quot;,&quot;mobile&quot;]}\">\n\t\t\t\t\t<div class=\"e-con-inner\">\n\t\t\t\t<div class=\"elementor-element elementor-element-7642a86e elementor-widget elementor-widget-heading\" data-id=\"7642a86e\" data-element_type=\"widget\" data-e-type=\"widget\" data-widget_type=\"heading.default\">\n\t\t\t\t\t<h1 class=\"elementor-heading-title elementor-size-default\">Integritetspolicy och villkor<\/h1>\t\t\t\t<\/div>\n\t\t\t\t\t<\/div>\n\t\t\t\t<\/div>\n\t\t\t\t<\/div>\n\t\t\t\t<\/div>\n\t\t\t\t\t\t<\/div>\n\t\t\t\t<\/div>\n\t\t\t\t<\/div>\n\t\t<div class=\"elementor-element elementor-element-9fae46f dvxColorContainer e-flex e-con-boxed e-con e-parent\" data-id=\"9fae46f\" data-element_type=\"container\" data-e-type=\"container\">\n\t\t\t\t\t<div class=\"e-con-inner\">\n\t\t\t\t<div class=\"elementor-element elementor-element-c1c2f89 elementor-widget elementor-widget-text-editor\" data-id=\"c1c2f89\" data-element_type=\"widget\" data-e-type=\"widget\" data-widget_type=\"text-editor.default\">\n\t\t\t\t\t\t\t\t\t<p>Som kund hos f\u00f6retaget behandlas dina uppgifter i den m\u00e5n det \u00e4r n\u00f6dv\u00e4ndigt f\u00f6r att administrera kundf\u00f6rh\u00e5llandet och f\u00f6r att f\u00f6retaget ska kunna uppfylla sina \u00e5taganden gentemot dig. D\u00e4rut\u00f6ver anv\u00e4nds uppgifterna f\u00f6r att f\u00f6retaget ska kunna erbjuda personligt anpassade erbjudanden till dig som kund. Behandlingen grundas p\u00e5 det avtal eller det kundf\u00f6rh\u00e5llande som uppst\u00e5r vid exempelvis en best\u00e4llning som kunden g\u00f6r hos f\u00f6retaget. Marknadsf\u00f6ring skickas till dig som kund grundat p\u00e5 antingen ett uttryckligt samtycke eller en intresseavv\u00e4gning genomf\u00f6rd av f\u00f6retaget.<\/p><p>Vi tar emot information som du frivilligt ger oss n\u00e4r du k\u00f6per en tj\u00e4nst av oss, skickar e-postmeddelande eller kontaktar oss p\u00e5 n\u00e5got s\u00e4tt. All behandling som grundas p\u00e5 kundens samtycke kan kunden n\u00e4r som helst och utan f\u00f6rklaring \u00e5terkalla genom att kontakta <a href=\"mailto:info@tullify.se\">info@tullify.se<\/a>.<\/p><p>\u200bUppgifterna kan komma att l\u00e4mnas ut till myndigheter i enlighet med vad som f\u00f6reskrivs i lag, till eventuella samarbetspartners som levererar st\u00f6dtj\u00e4nster till f\u00f6retaget, s\u00e5som IT-tj\u00e4nster, p\u00e5 det s\u00e4tt och i den omfattning som kr\u00e4vs f\u00f6r att f\u00f6retaget ska kunna fullf\u00f6lja sina \u00e5taganden gentemot dig som kund samt i marknadsf\u00f6ringssyfte.<\/p><p>\u200bF\u00f6retaget str\u00e4var efter att inte \u00f6verf\u00f6ra uppgifter till ett land eller bolag placerat utanf\u00f6r EU\/EES. Om det \u00e4nd\u00e5 skulle uppst\u00e5 ett behov av en s\u00e5dan \u00f6verf\u00f6ring kommer f\u00f6retaget vidta l\u00e4mpliga skydds\u00e5tg\u00e4rder f\u00f6r att p\u00e5 b\u00e4sta s\u00e4tt skydda v\u00e5ra kunders personuppgifter.<\/p><p>\u200bKundens personuppgifter sparas s\u00e5 l\u00e4nge kundf\u00f6rh\u00e5llandet kvarst\u00e5r och d\u00e4refter den tid som kr\u00e4vs eller \u00e4r till\u00e5ten enligt vid var tid g\u00e4llande lagstiftning och praxis.<\/p><p>\u200bN\u00e4r f\u00f6retaget samlar in och behandlar dina personuppgifter har du vissa r\u00e4ttigheter. Du har r\u00e4tt att:<\/p><p>\u200b\u2013 Beg\u00e4ra ett utdrag \u00f6ver de personuppgifter f\u00f6retaget behandlar samt p\u00e5 vilket s\u00e4tt de behandlas;<\/p><p>\u2013 Beg\u00e4ra r\u00e4ttelse av eventuellt felaktiga uppgifter;<\/p><p>\u2013 Beg\u00e4ra att bli raderad. Detta kan dock endast genomf\u00f6ras f\u00f6rutsatt att f\u00f6retaget inte har r\u00e4tt att beh\u00e5lla uppgifterna p\u00e5 n\u00e5gon annan laglig grund;<\/p><p>\u2013 Beg\u00e4ra att behandlingen under vissa omst\u00e4ndigheter begr\u00e4nsas, t.ex. under tiden en fr\u00e5ga om huruvida uppgifter \u00e4r korrekta eller inte utreds<\/p><p>\u2013 N\u00e4r dataskyddsf\u00f6rordningen b\u00f6rjar till\u00e4mpas nyttja r\u00e4tten till dataportabilitet.<\/p><p>\u200bF\u00f6retaget vidtar l\u00e4mpliga tekniska och organisatoriska informationss\u00e4kerhets\u00e5tg\u00e4rder f\u00f6r att f\u00f6rhindra och begr\u00e4nsa risker som \u00e4r f\u00f6rknippade med att utge personuppgifter s\u00e5som obeh\u00f6rig \u00e5tkomst, avsl\u00f6jande, missbruk, f\u00f6r\u00e4ndringar och f\u00f6rst\u00f6relse. Endast beh\u00f6rig personal bundna av sekretess har tillg\u00e5ng till identifierbara personuppgifter.<\/p><p>\u200bF\u00f6retagets webbplatser kan inneh\u00e5lla olika bloggar, forum, wikis och andra social media-applikationer eller tj\u00e4nster som till\u00e5ter dig att dela inneh\u00e5ll med andra anv\u00e4ndare (kollektivt \u201dSocial Media-applikationer). Alla personuppgifter eller annan information som du bidrar med i n\u00e5gon Social media-applikation kan l\u00e4sas, inh\u00e4mtas och anv\u00e4ndas av andra anv\u00e4ndare av denna Social media-applikation, \u00f6ver vilka vi har lite eller ingen kontroll. D\u00e4rf\u00f6r tar vi inget ansvar f\u00f6r n\u00e5gon annan anv\u00e4ndares anv\u00e4ndning eller missbruk av information som du bidragit med i n\u00e5gon Social media-applikation.<\/p>\t\t\t\t\t\t\t\t<\/div>\n\t\t\t\t<div class=\"elementor-element elementor-element-1f21e79 elementor-widget elementor-widget-heading\" data-id=\"1f21e79\" data-element_type=\"widget\" data-e-type=\"widget\" data-widget_type=\"heading.default\">\n\t\t\t\t\t<h2 class=\"elementor-heading-title elementor-size-default\">OM COOKIES &amp; DATAPOLICY<\/h2>\t\t\t\t<\/div>\n\t\t\t\t<div class=\"elementor-element elementor-element-df983f2 elementor-widget elementor-widget-text-editor\" data-id=\"df983f2\" data-element_type=\"widget\" data-e-type=\"widget\" data-widget_type=\"text-editor.default\">\n\t\t\t\t\t\t\t\t\t<p>V\u00e5r webbplats anv\u00e4nder n\u00e4stan inga cookies. En cookie \u00e4r en mycket liten textfil som lagras i din dator. Den anv\u00e4nds f\u00f6r att komma ih\u00e5g dig och dina val p\u00e5 hemsidan. Cookies \u00e4r ett utm\u00e4rkt s\u00e4tt f\u00f6r hemsidor att spara viktig information och inst\u00e4llningar. Till exempel n\u00e4r du senast var d\u00e4r, vad du skrev in i ett formul\u00e4r s\u00e5 att du slipper skriva igen, vilka val du gjort och s\u00e5 vidare.<\/p><p>Cookies kan inte inneh\u00e5lla kod och d\u00e4rf\u00f6r beh\u00f6ver du inte oroa dig f\u00f6r reklam, spionprogram, virus eller liknande. Cookies belastar inte ditt system m\u00e4rkbart. Det \u00e4r bara hemsidan som sparade textfilen som kan l\u00e4sa den, s\u00e5 ingen annan kan se vad du gjort hos oss. Svensk lag kr\u00e4ver att vi informerar om vilka cookies som anv\u00e4nds samt deras syfte.<\/p><p>Vi anv\u00e4nder f\u00f6ljande cookies:<\/p><p>Statistik-cookie: Anv\u00e4nds f\u00f6r att m\u00e4ta trafik och surfbeteenden, t.ex. om man bes\u00f6kt v\u00e5r webbplats tidigare eller inte och skapa f\u00f6rst\u00e5else \u00f6ver hur enskilda bes\u00f6kare anv\u00e4nder v\u00e5r webbplats.<\/p><p>Sessions-cookie: H\u00e5ller reda p\u00e5 om du \u00e4r inloggad p\u00e5 v\u00e5r webbplats samt f\u00f6r att anpassa inneh\u00e5llet p\u00e5 webbplatsen baserat p\u00e5 dina tidigare gjorda val.<\/p><p>Inom ramen f\u00f6r retargeting och bannerannonsering anv\u00e4nder vi \u00e4ven tj\u00e4nster fr\u00e5n tredje parter, som sparar cookies p\u00e5 v\u00e5r sida.<\/p><p>\u200bOm du inte vill till\u00e5ta lagring av cookies i din dator kan du st\u00e4nga av den m\u00f6jligheten i webbl\u00e4sarens s\u00e4kerhetsinst\u00e4llningar. D\u00e5 lagras inga cookies i din dator, men du kommer inte heller kunna anv\u00e4nda vissa funktioner p\u00e5 v\u00e5ra och andras hemsidor. Viss information om anv\u00e4ndningen av Tullify\u00b4s hemsida skickas till Google d\u00e5 vi anv\u00e4nder Google Analytics samt Google Search Console. Vi anv\u00e4nder dock anonymiseringsversionen av denna s\u00e5 ingen information som h\u00e4nf\u00f6r sig till n\u00e5gon individuell anv\u00e4ndare skickas vidare till Google. <a href=\"https:\/\/policies.google.com\/privacy?hl=sv\" target=\"_blank\" rel=\"noopener\">Klicka h\u00e4r<\/a> f\u00f6r att l\u00e4sa om hur Google anv\u00e4nder den data som de f\u00e5r p\u00e5 detta s\u00e4tt.<\/p><p>\u200bPersonuppgifter som samlas in p\u00e5 webbplatsen hanteras med modern informationsteknik och kan bland annat anv\u00e4ndas f\u00f6r att fullg\u00f6ra kundrelationer, analys, marknadsf\u00f6ring.<\/p><p>Vid fr\u00e5gor ang\u00e5ende hanteringen av dina personuppgifter, v\u00e4nligen kontakta f\u00f6retaget\/dataskyddsombudet p\u00e5 <a href=\"mailto:info@tullify.se\">info@tullify.se<\/a>.<\/p>\t\t\t\t\t\t\t\t<\/div>\n\t\t\t\t<div class=\"elementor-element elementor-element-0c1151a elementor-widget elementor-widget-heading\" data-id=\"0c1151a\" data-element_type=\"widget\" data-e-type=\"widget\" data-widget_type=\"heading.default\">\n\t\t\t\t\t<h2 class=\"elementor-heading-title elementor-size-default\">OMBUDSFULLMAKT VILLKOR<\/h2>\t\t\t\t<\/div>\n\t\t\t\t<div class=\"elementor-element elementor-element-1f6ccdb elementor-widget elementor-widget-text-editor\" data-id=\"1f6ccdb\" data-element_type=\"widget\" data-e-type=\"widget\" data-widget_type=\"text-editor.default\">\n\t\t\t\t\t\t\t\t\t<p>S\u00e5 som direkt ombud enligt art.5 i EU\u2019s tullkodex Artikel 5 [105]<\/p><p>Enligt de villkor som fastst\u00e4lls i artikel 64.2 och om inte annat f\u00f6ljer av de best\u00e4mmelser som antas inom ramen f\u00f6r artikel 243.2 b f\u00e5r alla utse ett ombud f\u00f6r sina kontakter med tullmyndigheterna f\u00f6r att fullg\u00f6ra de handlingar och formaliteter som fastst\u00e4lls i tullagstiftningen.<\/p><p>Detta ombudskap f\u00e5r vara \u2014 direkt, varvid ombudet skall handla i en annan persons namn och f\u00f6r dennes r\u00e4kning, eller \u2014 indirekt, varvid ombudet skall handla i eget namn men f\u00f6r en annan persons r\u00e4kning. En medlemsstat f\u00e5r begr\u00e4nsa r\u00e4tten att avge tulldeklarationer s\u00e5 att ombudet skall vara ett tullombud som bedriver sin verksamhet inom det landets territorium enligt reglerna f\u00f6r \u2013 direkt ombudskap eller \u2014 indirekt ombudskap.<\/p><p>Ett ombud skall vara etablerat i gemenskapen utom i de fall som avses i artikel 64.2 b och artikel 64.3.<\/p><p>Ett ombud skall uppge att han handlar f\u00f6r huvudmannens r\u00e4kning, ange om ombudskapet \u00e4r direkt eller indirekt och ha fullmakt att handla som ombud. En person som inte uppger att han handlar i n\u00e5gon annans namn eller f\u00f6r n\u00e5gon annans r\u00e4kning eller som uppger att han handlar i n\u00e5gon annans namn eller f\u00f6r n\u00e5gon annans r\u00e4kning utan att ha fullmakt att g\u00f6ra detta, skall anses handla i eget namn och f\u00f6r egen r\u00e4kning.<\/p><p>Tullmyndigheterna f\u00e5r kr\u00e4va att den som uppger sig handla i n\u00e5gon annans namn eller f\u00f6r n\u00e5gon annans r\u00e4kning styrker sin fullmakt att handla som ombud. Anm. Ytterligare f\u00f6reskrifter om r\u00e4tt att anlita ombud, se [1806\u20141807].\u200b<\/p>\t\t\t\t\t\t\t\t<\/div>\n\t\t\t\t\t<\/div>\n\t\t\t\t<\/div>\n\t\t\t\t<\/div>\n\t\t","protected":false},"excerpt":{"rendered":"<p>Som kund hos f\u00f6retaget behandlas dina uppgifter i den m\u00e5n det \u00e4r n\u00f6dv\u00e4ndigt f\u00f6r att administrera kundf\u00f6rh\u00e5llandet och f\u00f6r att f\u00f6retaget ska kunna uppfylla sina \u00e5taganden gentemot dig. D\u00e4rut\u00f6ver anv\u00e4nds uppgifterna f\u00f6r att f\u00f6retaget ska kunna erbjuda personligt anpassade erbjudanden till dig som kund. Behandlingen grundas p\u00e5 det avtal eller det kundf\u00f6rh\u00e5llande som uppst\u00e5r vid [&hellip;]<\/p>\n","protected":false},"author":1,"featured_media":3487,"parent":0,"menu_order":0,"comment_status":"closed","ping_status":"closed","template":"","meta":{"_acf_changed":false,"footnotes":""},"class_list":["post-4036","page","type-page","status-publish","has-post-thumbnail","hentry"],"acf":[],"_links":{"self":[{"href":"https:\/\/tullify.se\/nb\/wp-json\/wp\/v2\/pages\/4036","targetHints":{"allow":["GET"]}}],"collection":[{"href":"https:\/\/tullify.se\/nb\/wp-json\/wp\/v2\/pages"}],"about":[{"href":"https:\/\/tullify.se\/nb\/wp-json\/wp\/v2\/types\/page"}],"author":[{"embeddable":true,"href":"https:\/\/tullify.se\/nb\/wp-json\/wp\/v2\/users\/1"}],"replies":[{"embeddable":true,"href":"https:\/\/tullify.se\/nb\/wp-json\/wp\/v2\/comments?post=4036"}],"version-history":[{"count":26,"href":"https:\/\/tullify.se\/nb\/wp-json\/wp\/v2\/pages\/4036\/revisions"}],"predecessor-version":[{"id":4986,"href":"https:\/\/tullify.se\/nb\/wp-json\/wp\/v2\/pages\/4036\/revisions\/4986"}],"wp:featuredmedia":[{"embeddable":true,"href":"https:\/\/tullify.se\/nb\/wp-json\/wp\/v2\/media\/3487"}],"wp:attachment":[{"href":"https:\/\/tullify.se\/nb\/wp-json\/wp\/v2\/media?parent=4036"}],"curies":[{"name":"wp","href":"https:\/\/api.w.org\/{rel}","templated":true}]}}