{"id":4409,"date":"2025-04-09T14:39:07","date_gmt":"2025-04-09T14:39:07","guid":{"rendered":"https:\/\/tullify.se\/?page_id=4409"},"modified":"2026-04-16T12:19:49","modified_gmt":"2026-04-16T10:19:49","slug":"importere-bil-fra-usa","status":"publish","type":"page","link":"https:\/\/tullify.se\/nb\/importera-bil-fran-usa\/","title":{"rendered":"Importere bil fra USA"},"content":{"rendered":"\t\t<div data-elementor-type=\"wp-page\" data-elementor-id=\"4409\" class=\"elementor elementor-4409\" data-elementor-post-type=\"page\">\n\t\t\t\t<div class=\"elementor-element elementor-element-cf47e5d e-con-full e-flex e-con e-parent\" data-id=\"cf47e5d\" data-element_type=\"container\" data-e-type=\"container\">\n\t\t\t\t<div class=\"elementor-element elementor-element-e37c0d7 elementor-widget elementor-widget-template\" data-id=\"e37c0d7\" data-element_type=\"widget\" data-e-type=\"widget\" data-widget_type=\"template.default\">\n\t\t\t\t<div class=\"elementor-widget-container\">\n\t\t\t\t\t\t\t<div class=\"elementor-template\">\n\t\t\t\t\t<div data-elementor-type=\"container\" data-elementor-id=\"4245\" class=\"elementor elementor-4245\" data-elementor-post-type=\"elementor_library\">\n\t\t\t\t<div class=\"elementor-element elementor-element-44d9dce4 e-flex e-con-boxed e-con e-parent\" data-id=\"44d9dce4\" data-element_type=\"container\" data-e-type=\"container\" data-settings=\"{&quot;motion_fx_motion_fx_scrolling&quot;:&quot;yes&quot;,&quot;motion_fx_devices&quot;:[&quot;desktop&quot;,&quot;tablet&quot;,&quot;mobile&quot;]}\">\n\t\t\t\t\t<div class=\"e-con-inner\">\n\t\t\t\t<div class=\"elementor-element elementor-element-7642a86e elementor-widget elementor-widget-heading\" data-id=\"7642a86e\" data-element_type=\"widget\" data-e-type=\"widget\" data-widget_type=\"heading.default\">\n\t\t\t\t\t<h1 class=\"elementor-heading-title elementor-size-default\">Importera bil fr\u00e5n USA<\/h1>\t\t\t\t<\/div>\n\t\t\t\t\t<\/div>\n\t\t\t\t<\/div>\n\t\t\t\t<\/div>\n\t\t\t\t<\/div>\n\t\t\t\t\t\t<\/div>\n\t\t\t\t<\/div>\n\t\t\t\t<\/div>\n\t\t<div class=\"elementor-element elementor-element-6eede5e e-flex e-con-boxed e-con e-parent\" data-id=\"6eede5e\" data-element_type=\"container\" data-e-type=\"container\">\n\t\t\t\t\t<div class=\"e-con-inner\">\n\t\t\t\t<div class=\"elementor-element elementor-element-018edc2 elementor-widget elementor-widget-text-editor\" data-id=\"018edc2\" data-element_type=\"widget\" data-e-type=\"widget\" data-widget_type=\"text-editor.default\">\n\t\t\t\t\t\t\t\t\t<p>I denna noggranna och detaljrika guide kommer du hitta all information du beh\u00f6ver n\u00e4r du <a href=\"https:\/\/tullify.se\/importera-bil\/\">importerar bilar<\/a> fr\u00e5n USA. L\u00e4s igenom allting s\u00e5 att du inte missar n\u00e5gra steg &#8211; i l\u00e4ngden kan detta bli oerh\u00f6rt kostsamt samt att myndigheterna kan beslagta din bil. Om du \u00e4r os\u00e4ker &#8211; kontakta oss s\u00e5 g\u00f6r vi det \u00e5t dig.<\/p>\t\t\t\t\t\t\t\t<\/div>\n\t\t\t\t<div class=\"elementor-element elementor-element-0704b7d landscape elementor-widget elementor-widget-image\" data-id=\"0704b7d\" data-element_type=\"widget\" data-e-type=\"widget\" data-widget_type=\"image.default\">\n\t\t\t\t\t\t\t\t\t\t\t\t\t\t\t<img decoding=\"async\" src=\"https:\/\/tullify.se\/wp-content\/uploads\/elementor\/thumbs\/car2-1-1-r4tmog4kdjcbbnm33799e2zavy1iz4z1om0kcfeu6e.webp\" title=\"Importera bil fr\u00e5n USA\" alt=\"Importera bil fr\u00e5n USA\" loading=\"lazy\" \/>\t\t\t\t\t\t\t\t\t\t\t\t\t\t\t<\/div>\n\t\t\t\t<div class=\"elementor-element elementor-element-3e8e9b1 elementor-widget elementor-widget-text-editor\" data-id=\"3e8e9b1\" data-element_type=\"widget\" data-e-type=\"widget\" data-widget_type=\"text-editor.default\">\n\t\t\t\t\t\t\t\t\t<h2>Transport och f\u00f6rs\u00e4kring<\/h2><hr \/><p><strong>V\u00e4lj transportmetod &#8211; Ro-Ro eller containerfrakt:<\/strong><\/p><ul><li>Ro-Ro (Roll-on\/Roll-off) inneb\u00e4r att bilen k\u00f6rs p\u00e5 och av fartyget. Det \u00e4r oftast billigare men ger mindre skydd.<\/li><li>Containerfrakt inneb\u00e4r att bilen placeras i en container, vilket ger b\u00e4ttre skydd men kan vara dyrare.<\/li><li>Diskutera med fraktf\u00f6retag om de b\u00e4sta alternativen f\u00f6r din bil och din budget.<\/li><\/ul><p><strong>F\u00f6rs\u00e4kring under transport &#8211; Transportf\u00f6rs\u00e4kring:<\/strong><\/p><p>Se till att din bil \u00e4r f\u00f6rs\u00e4krad under transporten f\u00f6r att skydda mot eventuella skador eller f\u00f6rluster.<\/p>\t\t\t\t\t\t\t\t<\/div>\n\t\t<div class=\"elementor-element elementor-element-2af9568 e-con-full e-flex e-con e-child\" data-id=\"2af9568\" data-element_type=\"container\" data-e-type=\"container\" data-settings=\"{&quot;background_background&quot;:&quot;classic&quot;}\">\n\t\t\t\t<div class=\"elementor-element elementor-element-ec6bd78 elementor-align-start elementor-icon-list--layout-inline elementor-list-item-link-full_width elementor-widget elementor-widget-icon-list\" data-id=\"ec6bd78\" data-element_type=\"widget\" data-e-type=\"widget\" data-widget_type=\"icon-list.default\">\n\t\t\t\t\t\t\t<ul class=\"elementor-icon-list-items elementor-inline-items\">\n\t\t\t\t\t\t\t<li class=\"elementor-icon-list-item elementor-inline-item\">\n\t\t\t\t\t\t\t\t\t\t\t<a href=\"mailto:info@tullify.se\">\n\n\t\t\t\t\t\t\t\t\t\t\t\t<span class=\"elementor-icon-list-icon\">\n\t\t\t\t\t\t\t<svg aria-hidden=\"true\" class=\"e-font-icon-svg e-fas-envelope\" viewBox=\"0 0 512 512\" xmlns=\"http:\/\/www.w3.org\/2000\/svg\"><path d=\"M502.3 190.8c3.9-3.1 9.7-.2 9.7 4.7V400c0 26.5-21.5 48-48 48H48c-26.5 0-48-21.5-48-48V195.6c0-5 5.7-7.8 9.7-4.7 22.4 17.4 52.1 39.5 154.1 113.6 21.1 15.4 56.7 47.8 92.2 47.6 35.7.3 72-32.8 92.3-47.6 102-74.1 131.6-96.3 154-113.7zM256 320c23.2.4 56.6-29.2 73.4-41.4 132.7-96.3 142.8-104.7 173.4-128.7 5.8-4.5 9.2-11.5 9.2-18.9v-19c0-26.5-21.5-48-48-48H48C21.5 64 0 85.5 0 112v19c0 7.4 3.4 14.3 9.2 18.9 30.6 23.9 40.7 32.4 173.4 128.7 16.8 12.2 50.2 41.8 73.4 41.4z\"><\/path><\/svg>\t\t\t\t\t\t<\/span>\n\t\t\t\t\t\t\t\t\t\t<span class=\"elementor-icon-list-text\">info@tullify.se<\/span>\n\t\t\t\t\t\t\t\t\t\t\t<\/a>\n\t\t\t\t\t\t\t\t\t<\/li>\n\t\t\t\t\t\t\t\t<li class=\"elementor-icon-list-item elementor-inline-item\">\n\t\t\t\t\t\t\t\t\t\t\t<a href=\"tel:+46103333555\">\n\n\t\t\t\t\t\t\t\t\t\t\t\t<span class=\"elementor-icon-list-icon\">\n\t\t\t\t\t\t\t<svg aria-hidden=\"true\" class=\"e-font-icon-svg e-fas-phone\" viewBox=\"0 0 512 512\" xmlns=\"http:\/\/www.w3.org\/2000\/svg\"><path d=\"M493.4 24.6l-104-24c-11.3-2.6-22.9 3.3-27.5 13.9l-48 112c-4.2 9.8-1.4 21.3 6.9 28l60.6 49.6c-36 76.7-98.9 140.5-177.2 177.2l-49.6-60.6c-6.8-8.3-18.2-11.1-28-6.9l-112 48C3.9 366.5-2 378.1.6 389.4l24 104C27.1 504.2 36.7 512 48 512c256.1 0 464-207.5 464-464 0-11.2-7.7-20.9-18.6-23.4z\"><\/path><\/svg>\t\t\t\t\t\t<\/span>\n\t\t\t\t\t\t\t\t\t\t<span class=\"elementor-icon-list-text\">+46 (0) 10-33 33 555<\/span>\n\t\t\t\t\t\t\t\t\t\t\t<\/a>\n\t\t\t\t\t\t\t\t\t<\/li>\n\t\t\t\t\t\t<\/ul>\n\t\t\t\t\t\t<\/div>\n\t\t\t\t<div class=\"elementor-element elementor-element-5e2a953 elementor-widget elementor-widget-button\" data-id=\"5e2a953\" data-element_type=\"widget\" data-e-type=\"widget\" data-widget_type=\"button.default\">\n\t\t\t\t\t\t\t\t\t\t<a class=\"elementor-button elementor-button-link elementor-size-sm\" href=\"https:\/\/tullify.se\/nb\/kontakt\/\">\n\t\t\t\t\t\t<span class=\"elementor-button-content-wrapper\">\n\t\t\t\t\t\t\t\t\t<span class=\"elementor-button-text\">Kontakta oss<\/span>\n\t\t\t\t\t<\/span>\n\t\t\t\t\t<\/a>\n\t\t\t\t\t\t\t\t<\/div>\n\t\t\t\t<\/div>\n\t\t\t\t<div class=\"elementor-element elementor-element-cfb70e6 elementor-widget elementor-widget-text-editor\" data-id=\"cfb70e6\" data-element_type=\"widget\" data-e-type=\"widget\" data-widget_type=\"text-editor.default\">\n\t\t\t\t\t\t\t\t\t<h2>Tull och dokumentation f\u00f6r importerad bil fr\u00e5n USA<\/h2><ul><li><p><strong>Title (\u00e4gandeskapscertifikat):<\/strong> Visar att du \u00e4ger bilen.<\/p><\/li><li><p><strong>Bill of Sale<\/strong>: Kvittens p\u00e5 k\u00f6pet som visar k\u00f6pesumman och detaljer om fordonet.<\/p><\/li><li><p><strong>EPA (Environmental Protection Agency) och DOT (Department of Transportation) intyg:<\/strong> Dokument som visar att bilen uppfyller amerikanska milj\u00f6- och s\u00e4kerhetsstandarder.<\/p><\/li><\/ul><p><strong><br \/>Tullklarering i Sverige<br \/><\/strong><\/p><p>N\u00e4r bilen anl\u00e4nder till Sverige m\u00e5ste den <a href=\"https:\/\/tullify.se\/tullklarering\/\">tullklareras<\/a>. L\u00e4mna in en tulldeklaration och betala tullavgifter och moms.<\/p><p>Tullavgiften \u00e4r 10 % av bilens v\u00e4rde och momsen \u00e4r 25 %. Dokument som beh\u00f6vs inkluderar Title, Bill of Sale, och fraktdokument (Bill of Lading).<\/p>\t\t\t\t\t\t\t\t<\/div>\n\t\t\t\t<div class=\"elementor-element elementor-element-c49d14e elementor-widget elementor-widget-text-editor\" data-id=\"c49d14e\" data-element_type=\"widget\" data-e-type=\"widget\" data-widget_type=\"text-editor.default\">\n\t\t\t\t\t\t\t\t\t<h2>Registrering och besiktning<\/h2><hr \/><p><strong>Registreringsbesiktning:<\/strong><\/p><ul><li>Boka en tid f\u00f6r registreringsbesiktning hos Bilprovningen, Dekra eller Opus. Under besiktningen kontrolleras att bilen uppfyller svenska s\u00e4kerhets- och milj\u00f6krav.<\/li><li>Eventuella justeringar eller reparationer kan kr\u00e4vas f\u00f6r att bilen ska bli godk\u00e4nd.<\/li><\/ul><p><strong><br \/>Anm\u00e4lan till Transportstyrelsen &#8211; Registrera bilen:<\/strong><br \/><br \/>Efter godk\u00e4nd besiktning, l\u00e4mna in en anm\u00e4lan till Transportstyrelsen. Du beh\u00f6ver:<\/p><ul><li>Intyg om registreringsbesiktning<\/li><li>Identitetskontrollintyg<\/li><li>Title och Bill of Sale<\/li><\/ul><p><br \/>Transportstyrelsen utf\u00e4rdar svenska registreringsskyltar och registreringsbevis.<\/p>\t\t\t\t\t\t\t\t<\/div>\n\t\t\t\t<div class=\"elementor-element elementor-element-2e3e202 elementor-widget elementor-widget-text-editor\" data-id=\"2e3e202\" data-element_type=\"widget\" data-e-type=\"widget\" data-widget_type=\"text-editor.default\">\n\t\t\t\t\t\t\t\t\t<h2>F\u00f6rberedelser innan du k\u00f6per bil fr\u00e5n USA<\/h2><hr \/><p><strong>Hitta en p\u00e5litlig export\u00f6r:<\/strong><\/p><ul><li>S\u00f6k efter export\u00f6rer som har erfarenhet av att skicka bilar till Sverige. Be om rekommendationer och l\u00e4s recensioner.<\/li><li>F\u00e5 en detaljerad offert som inkluderar alla kostnader.<\/li><\/ul><p><strong><br \/>Genomf\u00f6r k\u00f6pet:<\/strong><\/p><ul><li>Efter att ha valt en bil och en export\u00f6r, genomf\u00f6r k\u00f6pet. Se till att alla dokument, inklusive Title och Bill of Sale, \u00e4r i ordning.<\/li><li>Diskutera betalningsmetoder, vanligtvis bank\u00f6verf\u00f6ring eller escrow-tj\u00e4nster.<\/li><\/ul><p><strong><br \/>F\u00f6rs\u00e4kring och underh\u00e5ll &#8211; Trafikf\u00f6rs\u00e4kring<\/strong><\/p><p><strong>Teckna trafikf\u00f6rs\u00e4kring:<\/strong> Innan du kan k\u00f6ra bilen i Sverige m\u00e5ste du ha en giltig trafikf\u00f6rs\u00e4kring. J\u00e4mf\u00f6r olika f\u00f6rs\u00e4kringsbolag f\u00f6r att hitta den b\u00e4sta l\u00f6sningen f\u00f6r dina behov.<\/p><p><strong>Anpassning och regelbundet underh\u00e5ll<\/strong><\/p><p>Kontrollera och anpassa bilen f\u00f6r att uppfylla svenska regler, som kan inkludera \u00e4ndringar av lampor, d\u00e4ck eller avgassystem.<\/p><p>Utf\u00f6r regelbundet underh\u00e5ll f\u00f6r att s\u00e4kerst\u00e4lla bilens s\u00e4kerhet och prestanda.<\/p>\t\t\t\t\t\t\t\t<\/div>\n\t\t<div class=\"elementor-element elementor-element-514553c e-con-full e-flex e-con e-child\" data-id=\"514553c\" data-element_type=\"container\" data-e-type=\"container\" data-settings=\"{&quot;background_background&quot;:&quot;classic&quot;}\">\n\t\t\t\t<div class=\"elementor-element elementor-element-355d57c elementor-align-start elementor-icon-list--layout-inline elementor-list-item-link-full_width elementor-widget elementor-widget-icon-list\" data-id=\"355d57c\" data-element_type=\"widget\" data-e-type=\"widget\" data-widget_type=\"icon-list.default\">\n\t\t\t\t\t\t\t<ul class=\"elementor-icon-list-items elementor-inline-items\">\n\t\t\t\t\t\t\t<li class=\"elementor-icon-list-item elementor-inline-item\">\n\t\t\t\t\t\t\t\t\t\t\t<a href=\"mailto:info@tullify.se\">\n\n\t\t\t\t\t\t\t\t\t\t\t\t<span class=\"elementor-icon-list-icon\">\n\t\t\t\t\t\t\t<svg aria-hidden=\"true\" class=\"e-font-icon-svg e-fas-envelope\" viewBox=\"0 0 512 512\" xmlns=\"http:\/\/www.w3.org\/2000\/svg\"><path d=\"M502.3 190.8c3.9-3.1 9.7-.2 9.7 4.7V400c0 26.5-21.5 48-48 48H48c-26.5 0-48-21.5-48-48V195.6c0-5 5.7-7.8 9.7-4.7 22.4 17.4 52.1 39.5 154.1 113.6 21.1 15.4 56.7 47.8 92.2 47.6 35.7.3 72-32.8 92.3-47.6 102-74.1 131.6-96.3 154-113.7zM256 320c23.2.4 56.6-29.2 73.4-41.4 132.7-96.3 142.8-104.7 173.4-128.7 5.8-4.5 9.2-11.5 9.2-18.9v-19c0-26.5-21.5-48-48-48H48C21.5 64 0 85.5 0 112v19c0 7.4 3.4 14.3 9.2 18.9 30.6 23.9 40.7 32.4 173.4 128.7 16.8 12.2 50.2 41.8 73.4 41.4z\"><\/path><\/svg>\t\t\t\t\t\t<\/span>\n\t\t\t\t\t\t\t\t\t\t<span class=\"elementor-icon-list-text\">info@tullify.se<\/span>\n\t\t\t\t\t\t\t\t\t\t\t<\/a>\n\t\t\t\t\t\t\t\t\t<\/li>\n\t\t\t\t\t\t\t\t<li class=\"elementor-icon-list-item elementor-inline-item\">\n\t\t\t\t\t\t\t\t\t\t\t<a href=\"tel:+46103333555\">\n\n\t\t\t\t\t\t\t\t\t\t\t\t<span class=\"elementor-icon-list-icon\">\n\t\t\t\t\t\t\t<svg aria-hidden=\"true\" class=\"e-font-icon-svg e-fas-phone\" viewBox=\"0 0 512 512\" xmlns=\"http:\/\/www.w3.org\/2000\/svg\"><path d=\"M493.4 24.6l-104-24c-11.3-2.6-22.9 3.3-27.5 13.9l-48 112c-4.2 9.8-1.4 21.3 6.9 28l60.6 49.6c-36 76.7-98.9 140.5-177.2 177.2l-49.6-60.6c-6.8-8.3-18.2-11.1-28-6.9l-112 48C3.9 366.5-2 378.1.6 389.4l24 104C27.1 504.2 36.7 512 48 512c256.1 0 464-207.5 464-464 0-11.2-7.7-20.9-18.6-23.4z\"><\/path><\/svg>\t\t\t\t\t\t<\/span>\n\t\t\t\t\t\t\t\t\t\t<span class=\"elementor-icon-list-text\">+46 (0) 10-33 33 555<\/span>\n\t\t\t\t\t\t\t\t\t\t\t<\/a>\n\t\t\t\t\t\t\t\t\t<\/li>\n\t\t\t\t\t\t<\/ul>\n\t\t\t\t\t\t<\/div>\n\t\t\t\t<div class=\"elementor-element elementor-element-9cee71f elementor-widget elementor-widget-button\" data-id=\"9cee71f\" data-element_type=\"widget\" data-e-type=\"widget\" data-widget_type=\"button.default\">\n\t\t\t\t\t\t\t\t\t\t<a class=\"elementor-button elementor-button-link elementor-size-sm\" href=\"https:\/\/tullify.se\/nb\/kontakt\/\">\n\t\t\t\t\t\t<span class=\"elementor-button-content-wrapper\">\n\t\t\t\t\t\t\t\t\t<span class=\"elementor-button-text\">Kontakta oss<\/span>\n\t\t\t\t\t<\/span>\n\t\t\t\t\t<\/a>\n\t\t\t\t\t\t\t\t<\/div>\n\t\t\t\t<\/div>\n\t\t\t\t<div class=\"elementor-element elementor-element-7b38548 elementor-widget elementor-widget-text-editor\" data-id=\"7b38548\" data-element_type=\"widget\" data-e-type=\"widget\" data-widget_type=\"text-editor.default\">\n\t\t\t\t\t\t\t\t\t<h3>Hantering av dokument och ov\u00e4ntade kostnader<\/h3><hr \/><p><strong>Dokumenthantering:<\/strong> Om det uppst\u00e5r problem med dokumentation, kontakta export\u00f6ren omedelbart f\u00f6r att l\u00f6sa problemet. Alla originaldokument \u00e4r viktiga f\u00f6r att undvika f\u00f6rseningar vid tullklareringen.<\/p><p><strong>Ov\u00e4ntade kostnader:<\/strong> Var beredd p\u00e5 extra kostnader som kan uppst\u00e5, s\u00e5som extra fraktavgifter, lagringsavgifter i hamnen eller n\u00f6dv\u00e4ndiga reparationer.<\/p>\t\t\t\t\t\t\t\t<\/div>\n\t\t\t\t<div class=\"elementor-element elementor-element-0233cc3 elementor-widget elementor-widget-text-editor\" data-id=\"0233cc3\" data-element_type=\"widget\" data-e-type=\"widget\" data-widget_type=\"text-editor.default\">\n\t\t\t\t\t\t\t\t\t<h2>Vad kostar det att importera en bil fr\u00e5n USA?<\/h2><hr \/><p>Att <a href=\"https:\/\/www.tullverket.se\/foretag\/internationellhandel\/importeravaror.4.5dc519dc152b285988a129.html\" target=\"_blank\" rel=\"noopener\">importera<\/a> en bil fr\u00e5n USA till Sverige kostar vanligtvis mellan 50 000 och 100 000 kronor, beroende p\u00e5 bilens pris, frakt, tull och moms. Fraktkostnaden ligger ofta mellan 10 000 och 20 000 kronor. Tullavgiften \u00e4r 10 % av bilens v\u00e4rde och momsen \u00e4r 25 %. Dessutom tillkommer kostnader f\u00f6r registreringsbesiktning, eventuella anpassningar till svenska standarder, och trafikf\u00f6rs\u00e4kring. Transportf\u00f6rs\u00e4kring kan ocks\u00e5 vara n\u00f6dv\u00e4ndig. Var beredd p\u00e5 eventuella extra kostnader f\u00f6r lagring i hamn eller ov\u00e4ntade reparationer som kr\u00e4vs f\u00f6r att bilen ska bli godk\u00e4nd i Sverige.<\/p>\t\t\t\t\t\t\t\t<\/div>\n\t\t\t\t<div class=\"elementor-element elementor-element-eaf65d7 elementor-widget elementor-widget-text-editor\" data-id=\"eaf65d7\" data-element_type=\"widget\" data-e-type=\"widget\" data-widget_type=\"text-editor.default\">\n\t\t\t\t\t\t\t\t\t<h3>Hur l\u00e5ng tid tar det att importera en bil fr\u00e5n USA?<\/h3><hr \/><p>Att importera en bil fr\u00e5n USA till Sverige tar vanligtvis mellan 8 och 12 veckor. Processen inkluderar att hitta och k\u00f6pa bilen, arrangera transporten, och frakten, vilket tar cirka 4-6 veckor. N\u00e4r bilen anl\u00e4nder till Sverige, tar tullklarering och betalning av avgifter ungef\u00e4r en vecka. D\u00e4refter m\u00e5ste bilen genomg\u00e5 registreringsbesiktning och eventuell anpassning till svenska krav, vilket kan ta ytterligare 1-2 veckor beroende p\u00e5 arbetets omfattning. Registrering hos Transportstyrelsen och att f\u00e5 svenska registreringsskyltar kan ocks\u00e5 ta n\u00e5gra dagar till en vecka. Planera f\u00f6r ov\u00e4ntade f\u00f6rseningar f\u00f6r en smidig process.<\/p>\t\t\t\t\t\t\t\t<\/div>\n\t\t\t\t<div class=\"elementor-element elementor-element-a32c58a elementor-widget elementor-widget-text-editor\" data-id=\"a32c58a\" data-element_type=\"widget\" data-e-type=\"widget\" data-widget_type=\"text-editor.default\">\n\t\t\t\t\t\t\t\t\t<h3>Kan jag s\u00e4lja vidare bilen efter att jag importerat den?<\/h3><hr \/><p>Ja, du kan s\u00e4lja vidare en bil efter att du har importerat den till Sverige. F\u00f6rst m\u00e5ste bilen registreras hos Transportstyrelsen och genomg\u00e5 en godk\u00e4nd registreringsbesiktning. Se till att alla tullavgifter, moms och eventuella anpassningskostnader \u00e4r betalda. N\u00e4r bilen \u00e4r fullt registrerad och godk\u00e4nd f\u00f6r svenska v\u00e4gar, kan du s\u00e4lja den som vilken annan bil som helst. Det \u00e4r viktigt att alla dokument och intyg \u00e4r i ordning f\u00f6r att underl\u00e4tta f\u00f6rs\u00e4ljningen. Potentiella k\u00f6pare kan vilja se bevis p\u00e5 att bilen uppfyller svenska s\u00e4kerhets- och milj\u00f6krav.<\/p>\t\t\t\t\t\t\t\t<\/div>\n\t\t\t\t<div class=\"elementor-element elementor-element-d09e131 elementor-widget elementor-widget-text-editor\" data-id=\"d09e131\" data-element_type=\"widget\" data-e-type=\"widget\" data-widget_type=\"text-editor.default\">\n\t\t\t\t\t\t\t\t\t<h3>L\u00e4s mer om importregler<\/h3><hr \/><ul><li><a href=\"https:\/\/tullify.se\/import-av-batar\/\">Import av b\u00e5tar (segelb\u00e5tar &amp; motorb\u00e5tar)<\/a><\/li><li><a href=\"https:\/\/tullify.se\/importera\/batmotorer-utombordare\/\">Importera b\u00e5tmotorer &amp; utombordare<\/a><\/li><li><a href=\"https:\/\/tullify.se\/importera-bil-till-sverige\/\">Importera bil till Sverige<\/a><\/li><li><a href=\"https:\/\/tullify.se\/importera-bil-fran-japan\/\">Importera bil fr\u00e5n Japan<\/a><\/li><li><a href=\"https:\/\/tullify.se\/importera-fran-kina\/\">Importera fr\u00e5n Kina<\/a><\/li><li><a href=\"https:\/\/tullify.se\/importera-fran-norge\/\">Importera fr\u00e5n Norge<\/a><\/li><li><a href=\"https:\/\/tullify.se\/import-fran-storbritannien\/\">Importera fr\u00e5n Storbritannien<\/a><\/li><li><a href=\"https:\/\/tullify.se\/importerar-fran-turkiet\/\">Importera fr\u00e5n Turkiet<\/a><\/li><li><a href=\"https:\/\/tullify.se\/importera-fran-usa\/\">Importera fr\u00e5n USA<\/a><\/li><li><a href=\"https:\/\/tullify.se\/importera-fran-kina\/importera-gravmaskin-fran-kina\/\">Importera gr\u00e4vmaskiner<\/a><\/li><\/ul>\t\t\t\t\t\t\t\t<\/div>\n\t\t\t\t\t<\/div>\n\t\t\t\t<\/div>\n\t\t\t\t<\/div>\n\t\t","protected":false},"excerpt":{"rendered":"<p>I denna noggranna och detaljrika guide kommer du hitta all information du beh\u00f6ver n\u00e4r du importerar bilar fr\u00e5n USA. L\u00e4s igenom allting s\u00e5 att du inte missar n\u00e5gra steg &#8211; i l\u00e4ngden kan detta bli oerh\u00f6rt kostsamt samt att myndigheterna kan beslagta din bil. Om du \u00e4r os\u00e4ker &#8211; kontakta oss s\u00e5 g\u00f6r vi det [&hellip;]<\/p>\n","protected":false},"author":1,"featured_media":3385,"parent":0,"menu_order":0,"comment_status":"closed","ping_status":"closed","template":"","meta":{"_acf_changed":false,"footnotes":""},"class_list":["post-4409","page","type-page","status-publish","has-post-thumbnail","hentry"],"acf":[],"_links":{"self":[{"href":"https:\/\/tullify.se\/nb\/wp-json\/wp\/v2\/pages\/4409","targetHints":{"allow":["GET"]}}],"collection":[{"href":"https:\/\/tullify.se\/nb\/wp-json\/wp\/v2\/pages"}],"about":[{"href":"https:\/\/tullify.se\/nb\/wp-json\/wp\/v2\/types\/page"}],"author":[{"embeddable":true,"href":"https:\/\/tullify.se\/nb\/wp-json\/wp\/v2\/users\/1"}],"replies":[{"embeddable":true,"href":"https:\/\/tullify.se\/nb\/wp-json\/wp\/v2\/comments?post=4409"}],"version-history":[{"count":63,"href":"https:\/\/tullify.se\/nb\/wp-json\/wp\/v2\/pages\/4409\/revisions"}],"predecessor-version":[{"id":9861,"href":"https:\/\/tullify.se\/nb\/wp-json\/wp\/v2\/pages\/4409\/revisions\/9861"}],"wp:featuredmedia":[{"embeddable":true,"href":"https:\/\/tullify.se\/nb\/wp-json\/wp\/v2\/media\/3385"}],"wp:attachment":[{"href":"https:\/\/tullify.se\/nb\/wp-json\/wp\/v2\/media?parent=4409"}],"curies":[{"name":"wp","href":"https:\/\/api.w.org\/{rel}","templated":true}]}}