{"id":4482,"date":"2025-04-10T07:55:22","date_gmt":"2025-04-10T07:55:22","guid":{"rendered":"https:\/\/tullify.se\/?page_id=4482"},"modified":"2026-02-04T17:04:29","modified_gmt":"2026-02-04T15:04:29","slug":"tolldeklarasjon-2","status":"publish","type":"page","link":"https:\/\/tullify.se\/nb\/tulldeklaration\/","title":{"rendered":"Tolldeklarasjon"},"content":{"rendered":"\t\t<div data-elementor-type=\"wp-page\" data-elementor-id=\"4482\" class=\"elementor elementor-4482\" data-elementor-post-type=\"page\">\n\t\t\t\t<div class=\"elementor-element elementor-element-cf47e5d e-con-full e-flex e-con e-parent\" data-id=\"cf47e5d\" data-element_type=\"container\" data-e-type=\"container\">\n\t\t\t\t<div class=\"elementor-element elementor-element-e37c0d7 elementor-widget elementor-widget-template\" data-id=\"e37c0d7\" data-element_type=\"widget\" data-e-type=\"widget\" data-widget_type=\"template.default\">\n\t\t\t\t<div class=\"elementor-widget-container\">\n\t\t\t\t\t\t\t<div class=\"elementor-template\">\n\t\t\t\t\t<div data-elementor-type=\"container\" data-elementor-id=\"4245\" class=\"elementor elementor-4245\" data-elementor-post-type=\"elementor_library\">\n\t\t\t\t<div class=\"elementor-element elementor-element-44d9dce4 e-flex e-con-boxed e-con e-parent\" data-id=\"44d9dce4\" data-element_type=\"container\" data-e-type=\"container\" data-settings=\"{&quot;motion_fx_motion_fx_scrolling&quot;:&quot;yes&quot;,&quot;motion_fx_devices&quot;:[&quot;desktop&quot;,&quot;tablet&quot;,&quot;mobile&quot;]}\">\n\t\t\t\t\t<div class=\"e-con-inner\">\n\t\t\t\t<div class=\"elementor-element elementor-element-7642a86e elementor-widget elementor-widget-heading\" data-id=\"7642a86e\" data-element_type=\"widget\" data-e-type=\"widget\" data-widget_type=\"heading.default\">\n\t\t\t\t\t<h1 class=\"elementor-heading-title elementor-size-default\">Tulldeklaration<\/h1>\t\t\t\t<\/div>\n\t\t\t\t\t<\/div>\n\t\t\t\t<\/div>\n\t\t\t\t<\/div>\n\t\t\t\t<\/div>\n\t\t\t\t\t\t<\/div>\n\t\t\t\t<\/div>\n\t\t\t\t<\/div>\n\t\t<div class=\"elementor-element elementor-element-e916b74 e-flex e-con-boxed e-con e-parent\" data-id=\"e916b74\" data-element_type=\"container\" data-e-type=\"container\" data-settings=\"{&quot;animation&quot;:&quot;none&quot;}\">\n\t\t\t\t\t<div class=\"e-con-inner\">\n\t\t<div class=\"elementor-element elementor-element-f4dda0a e-con-full e-flex e-con e-child\" data-id=\"f4dda0a\" data-element_type=\"container\" data-e-type=\"container\" data-settings=\"{&quot;animation&quot;:&quot;none&quot;}\">\n\t\t\t\t<div class=\"elementor-element elementor-element-9b5e104 elementor-widget elementor-widget-heading\" data-id=\"9b5e104\" data-element_type=\"widget\" data-e-type=\"widget\" data-widget_type=\"heading.default\">\n\t\t\t\t\t<h2 class=\"elementor-heading-title elementor-size-default\">Vad \u00e4r en tulldeklaration?<\/h2>\t\t\t\t<\/div>\n\t\t\t\t<div class=\"elementor-element elementor-element-799c2c2 dvxOpacity elementor-widget-divider--view-line elementor-widget elementor-widget-divider\" data-id=\"799c2c2\" data-element_type=\"widget\" data-e-type=\"widget\" data-widget_type=\"divider.default\">\n\t\t\t\t\t\t\t<div class=\"elementor-divider\">\n\t\t\t<span class=\"elementor-divider-separator\">\n\t\t\t\t\t\t<\/span>\n\t\t<\/div>\n\t\t\t\t\t\t<\/div>\n\t\t\t\t<div class=\"elementor-element elementor-element-6cb44d1 textBlock elementor-widget elementor-widget-text-editor\" data-id=\"6cb44d1\" data-element_type=\"widget\" data-e-type=\"widget\" data-widget_type=\"text-editor.default\">\n\t\t\t\t\t\t\t\t\t<p>En tulldeklaration \u00e4r den deklaration du beh\u00f6ver utf\u00e4rda n\u00e4r du importerar varor till Sverige fr\u00e5n andra l\u00e4nder utanf\u00f6r EU &#8211; detta i form av dokument som skickas in till Tullverket. Om du har varor som du skall importera till Sverige m\u00e5ste du alltid deklarera dessa varor. Detta g\u00f6r du genom en importdeklaration. Informationen du kommer att beh\u00f6va delge \u00e4r bland annat vad det \u00e4r f\u00f6r varor som du importerar, vilken tullavgift du skall betala samt om varorna i n\u00e5gon m\u00e5n omfattas av restriktioner eller andra lagar\/regler.<\/p><h3>Typer av tulldeklarationer f\u00f6r import<\/h3><p>Det finns 3 olika typer av deklarationer n\u00e4r du skall genomf\u00f6ra en <a href=\"https:\/\/tullify.se\/importdeklaration\/\">importdeklaration<\/a>:<\/p><ul><li>Tulldeklaration genom registrering i deklarantens bokf\u00f6ring.<\/li><li>Standardtulldeklaration.<\/li><li>F\u00f6renklad deklaration vid import.<\/li><\/ul><p>T\u00e4nk p\u00e5 att alla varor du importerar m\u00e5ste deklareras i en tulldeklaration. Om du har en vara eller flera varor som du inte har anm\u00e4lt eller deklarerat r\u00e4knas som en of\u00f6rtullad vara. Att inte anm\u00e4la eller deklarera varor som importeras till Sverige \u00e4r olagligt och kan vara ett brott enligt smugglingslagen.<\/p><p>En tulldeklaration kan ocks\u00e5 betyda tullhantering och deklarering av export. Detta kallas ocks\u00e5 f\u00f6r en <a href=\"https:\/\/tullify.se\/exportdeklaration\/\">exportdeklaration<\/a>. Men detta sker endast n\u00e4r du genomf\u00f6r en export till l\u00e4nder utanf\u00f6r EU och \u00e4r motsatsen till en importdeklaration.<\/p><p><img fetchpriority=\"high\" decoding=\"async\" class=\"alignnone size-full wp-image-8960\" src=\"https:\/\/tullify.se\/wp-content\/uploads\/2025\/06\/tulldeklaration.webp\" alt=\"Tulldeklaration\" width=\"640\" height=\"427\" \/><\/p><h3>Tulldeklarationer f\u00f6r export &#8211; CN22 och CN23<\/h3><p>En tulldeklaration kan ocks\u00e5 betyda tullhantering och deklarering av export. Detta kallas ocks\u00e5 f\u00f6r en exportdeklaration. Men detta sker endast n\u00e4r du genomf\u00f6r en export till l\u00e4nder utanf\u00f6r EU och \u00e4r motsatsen till en importdeklaration.<\/p><h4>CN22 &#8211; F\u00f6renklad tulldeklaration f\u00f6r brevf\u00f6rs\u00e4ndelser<\/h4><p><strong>CN22<\/strong> \u00e4r en f\u00f6renklad tulldeklaration f\u00f6r brevf\u00f6rs\u00e4ndelser som \u00e4ven inkluderar en s\u00e4kerhetsdeklaration. Denna blankett anv\u00e4nds f\u00f6r mindre f\u00f6rs\u00e4ndelser och postpaket.<\/p><p><strong>S\u00e5 fyller du i CN22:<\/strong><\/p><ul><li>Klistra CN22 direkt p\u00e5 f\u00f6rs\u00e4ndelsen, helt p\u00e5 framsidan<\/li><li>Vid fler \u00e4n tre varor kan du fylla i flera CN22 och f\u00e4sta dem p\u00e5 f\u00f6rs\u00e4ndelsen<\/li><li>Ta bort den nedre s\u00e4kerhetsdeklarationsdelen fr\u00e5n den f\u00f6rsta CN22 vid flera blanketter<\/li><li>Ta bort streckkoden fr\u00e5n andra CN22-blanketter<br \/>Summera v\u00e4rden och ange totalvikt p\u00e5 den CN22 som signeras<\/li><\/ul><p><strong>Viktig information att fylla i:<\/strong><\/p><ul><li>Kryssa f\u00f6r\/ange orsak f\u00f6r export<\/li><li>Ange antal och tydlig inneh\u00e5llsbeskrivning p\u00e5 engelska eller franska (t.ex. &#8221;two men&#8217;s cotton shirts&#8221;, inte bara &#8221;clothes&#8221;)<\/li><li>Ange varans vikt i kg (t.ex. &#8221;0,45 kg&#8221;)<\/li><li>Ange varans v\u00e4rde i kronor (t.ex. &#8221;412 kronor&#8221;)<\/li><li>Vid handel: ange <a href=\"https:\/\/tullify.se\/varukodsklassificering\/\">tullvarukod<\/a> (8 f\u00f6rsta siffrorna) samt person\/<a href=\"https:\/\/tullify.se\/tullguiden\/eori-nummer\/\">EORI-nummer<\/a><\/li><li>Ange varans tillverkningsland i ISO-kod (t.ex. &#8221;SE&#8221;)<\/li><li>Ange f\u00f6rs\u00e4ndelsens totala vikt och summerade v\u00e4rde<\/li><\/ul><h4>CN23 &#8211; Tulldeklaration f\u00f6r postpaket<\/h4><p><strong>CN23<\/strong> \u00e4r en tulldeklaration f\u00f6r samtliga postpaket och EDI som \u00e4ven inkluderar en s\u00e4kerhetsdeklaration. Denna anv\u00e4nds f\u00f6r st\u00f6rre paket och mer omfattande f\u00f6rs\u00e4ndelser.<\/p><p><strong>S\u00e5 anv\u00e4nder du CN23:<\/strong><\/p><ul><li>Tejpa dokumentet direkt p\u00e5 det du ska skicka<\/li><li>Alternativt l\u00e4gg i plastficka som du f\u00e4ster p\u00e5 f\u00f6rs\u00e4ndelsen<\/li><li>Fyll i all n\u00f6dv\u00e4ndig information p\u00e5 engelska eller franska<\/li><li>Inkludera detaljerad inneh\u00e5llsbeskrivning f\u00f6r att undvika problem i mottagarlandet<\/li><\/ul>\t\t\t\t\t\t\t\t<\/div>\n\t\t\t\t<\/div>\n\t\t\t\t\t<\/div>\n\t\t\t\t<\/div>\n\t\t<div class=\"elementor-element elementor-element-118ab62 e-flex e-con-boxed e-con e-parent\" data-id=\"118ab62\" data-element_type=\"container\" data-e-type=\"container\">\n\t\t\t\t\t<div class=\"e-con-inner\">\n\t\t<div class=\"elementor-element elementor-element-705ea81 e-con-full e-flex e-con e-child\" data-id=\"705ea81\" data-element_type=\"container\" data-e-type=\"container\" data-settings=\"{&quot;animation&quot;:&quot;none&quot;}\">\n\t\t\t\t<div class=\"elementor-element elementor-element-63d7e20 elementor-widget elementor-widget-heading\" data-id=\"63d7e20\" data-element_type=\"widget\" data-e-type=\"widget\" data-widget_type=\"heading.default\">\n\t\t\t\t\t<h2 class=\"elementor-heading-title elementor-size-default\">Tullavgifter och tullkostnader vid deklaration<\/h2>\t\t\t\t<\/div>\n\t\t\t\t<div class=\"elementor-element elementor-element-704b68c dvxOpacity elementor-widget-divider--view-line elementor-widget elementor-widget-divider\" data-id=\"704b68c\" data-element_type=\"widget\" data-e-type=\"widget\" data-widget_type=\"divider.default\">\n\t\t\t\t\t\t\t<div class=\"elementor-divider\">\n\t\t\t<span class=\"elementor-divider-separator\">\n\t\t\t\t\t\t<\/span>\n\t\t<\/div>\n\t\t\t\t\t\t<\/div>\n\t\t\t\t<div class=\"elementor-element elementor-element-cb8f0db textBlock elementor-widget elementor-widget-text-editor\" data-id=\"cb8f0db\" data-element_type=\"widget\" data-e-type=\"widget\" data-widget_type=\"text-editor.default\">\n\t\t\t\t\t\t\t\t\t<h3>Import<\/h3><p>Om vi b\u00f6rjar med att titta p\u00e5 tullavgifter kring <a href=\"https:\/\/tullify.se\/importdeklaration\/\">import<\/a> s\u00e5 har du som f\u00f6retag skyldighet att betala tull, moms och andra avgifter. Du som f\u00f6retag beh\u00f6ver genomf\u00f6ra f\u00f6ljande tv\u00e5 steg f\u00f6r att r\u00e4kna ut vilken tullavgift du skall betala:<\/p><ul><li>Genomf\u00f6r en klassificering p\u00e5 dina vara. Detta g\u00f6r att du f\u00e5r reda p\u00e5 r\u00e4tt varukod samt vilka tullavgifter och andra avgifter som tillkommer.<\/li><li>R\u00e4kna ut varan eller varornas totala tullv\u00e4rde. Dessa skall du sedan ber\u00e4kna tullavgifter och andra avgifter p\u00e5.<\/li><\/ul><p><span style=\"font-family: -apple-system, BlinkMacSystemFont, 'Segoe UI', Roboto, 'Helvetica Neue', Arial, 'Noto Sans', sans-serif, 'Apple Color Emoji', 'Segoe UI Emoji', 'Segoe UI Symbol', 'Noto Color Emoji';\">Du hittar enklast dina varukoder genom att v\u00e4nda dig till ett tullombud som g\u00f6r detta \u00e5t dig. Om du sj\u00e4lv vill genomf\u00f6ra en s\u00f6kning p\u00e5 r\u00e4tt varukod skall du v\u00e4nda dig till SCB eller till Tulltaxan (Tullverkets egna s\u00f6ktj\u00e4nst).<\/span><\/p><h3>Export<\/h3><p>Om du d\u00e4remot skall <a href=\"https:\/\/tullify.se\/exportdeklaration\/\">exportera varor<\/a> utanf\u00f6r EU (eller EU-omr\u00e5den som ligger utanf\u00f6r specifika skatteomr\u00e5den) skall du inte betala n\u00e5gon moms. Exporten i detta fallet \u00e4r allts\u00e5 momsfritt.<\/p><p>T\u00e4nk p\u00e5 att det finns specifika regler kring varor som tobak, energi, alkohol, kemikalier och plastp\u00e5sar. Dessa regler kretsar kring konsumtionsskatter och punktskatter f\u00f6r specifika varor. Enligt huvudregeln ska punktskatten betalas i det land dit varorna flyttas och till det landets skattesatser (destinationsprincipen).<\/p><p>Om du \u00e4r os\u00e4ker \u00e4r du varmt v\u00e4lkommen att kontakta oss s\u00e5 kan vi redog\u00f6ra f\u00f6r vad som g\u00e4ller just dig och dina varor som skulle exporteras.<\/p>\t\t\t\t\t\t\t\t<\/div>\n\t\t\t\t<\/div>\n\t\t\t\t\t<\/div>\n\t\t\t\t<\/div>\n\t\t<div class=\"elementor-element elementor-element-b3ca008 e-flex e-con-boxed e-con e-parent\" data-id=\"b3ca008\" data-element_type=\"container\" data-e-type=\"container\">\n\t\t\t\t\t<div class=\"e-con-inner\">\n\t\t<div class=\"elementor-element elementor-element-f91b35e e-con-full e-flex e-con e-child\" data-id=\"f91b35e\" data-element_type=\"container\" data-e-type=\"container\" data-settings=\"{&quot;animation&quot;:&quot;none&quot;}\">\n\t\t\t\t<div class=\"elementor-element elementor-element-593fc22 elementor-widget elementor-widget-heading\" data-id=\"593fc22\" data-element_type=\"widget\" data-e-type=\"widget\" data-widget_type=\"heading.default\">\n\t\t\t\t\t<h3 class=\"elementor-heading-title elementor-size-default\">Tulltaxan &amp; Tullklassificering<\/h3>\t\t\t\t<\/div>\n\t\t\t\t<div class=\"elementor-element elementor-element-5aea5ff dvxOpacity elementor-widget-divider--view-line elementor-widget elementor-widget-divider\" data-id=\"5aea5ff\" data-element_type=\"widget\" data-e-type=\"widget\" data-widget_type=\"divider.default\">\n\t\t\t\t\t\t\t<div class=\"elementor-divider\">\n\t\t\t<span class=\"elementor-divider-separator\">\n\t\t\t\t\t\t<\/span>\n\t\t<\/div>\n\t\t\t\t\t\t<\/div>\n\t\t\t\t<div class=\"elementor-element elementor-element-3b74367 textBlock elementor-widget elementor-widget-text-editor\" data-id=\"3b74367\" data-element_type=\"widget\" data-e-type=\"widget\" data-widget_type=\"text-editor.default\">\n\t\t\t\t\t\t\t\t\t<p>N\u00e4r du jobbar med importhantering och exporthantering kommer du att beh\u00f6va ha koll p\u00e5 tullsatser, import- och exportbest\u00e4mmelser, v\u00e4xelkurser och varuhandb\u00f6cker. Bland mycket annat. Tulltaxan \u00e4r en EU-gemensam f\u00f6rteckning \u00f6ver samtliga av dessa kategorier. I Tulltaxan hittar du ocks\u00e5 de varukoder f\u00f6r varor som du vill importera eller exportera. Varukoden \u00e4r den viktigaste informationen du kommer att beh\u00f6va ta reda p\u00e5 n\u00e4r du anv\u00e4nder tulltaxan. Denna kod g\u00f6r att du kan knyta din varor till specifik information, du kan ocks\u00e5 se vilka tillst\u00e5nd du beh\u00f6ver och vilka licenser som kr\u00e4vs f\u00f6r att importera varorna.<\/p><h3>De fem grundreglerna f\u00f6r tullklassificering<\/h3><p>Grundreglerna g\u00f6r att du kan klassificera en vara r\u00e4tt. Dessa grundregler kallas f\u00f6r de allm\u00e4nna best\u00e4mmelserna i tullbranschen. Anledningen till varf\u00f6r man vill jobba med de fem reglerna \u00e4r f\u00f6r att de talar om hur du skall tolka tulltaxans anm\u00e4rkningar och rubriker.<\/p><p>De allm\u00e4nna best\u00e4mmelserna hj\u00e4lper dig \u00e4ven att klassificera varor som:<\/p><ul><li>\u00c4r is\u00e4rtagna eller inte \u00e4r ihopsatta.<\/li><li>Best\u00e5r av eller \u00e4r sammansatta av olika \u00e4mnen.<\/li><li>Best\u00e5r av varor i form av satser.<\/li><li>Inte \u00e4r kompletta.<\/li><li>Inte \u00e4r f\u00e4rdigarbetad.<\/li><\/ul><p>Oavsett om du genomf\u00f6r en import eller en export \u00e4r du ansvarig f\u00f6r att dina varor blir r\u00e4tt klassificerade. Det h\u00e4r g\u00e4ller ocks\u00e5 om du anlitar ett ombud (tullombud) som genomf\u00f6r deklarationen \u00e5t dig och ditt f\u00f6retag.<\/p><p>Kontakta oss om du inte hittar din varukod eller om du beh\u00f6ver hj\u00e4lp med tulltaxan och r\u00e4tt tullklassificering. Vi har m\u00e5nga \u00e5rs erfarenhet av detta och har hj\u00e4lpt tusentals kunder genom \u00e5ren.<\/p><h3>Ytterligare tulldokument f\u00f6r f\u00f6retag<\/h3><h4>Handelsfaktura och proformafaktura<\/h4><p>Vid export beh\u00f6ver du ofta <a href=\"https:\/\/tullify.se\/proformafaktura-handelsfaktura\/\">bifoga en handelsfaktura eller proformafaktura<\/a> som visar varornas v\u00e4rde och beskrivning.<\/p><h4>S\u00e4ndningslista<\/h4><p>En detaljerad lista \u00f6ver alla varor i f\u00f6rs\u00e4ndelsen som underl\u00e4ttar tullbehandlingen.<\/p><h4>Tull-EDI<\/h4><p>Elektronisk f\u00f6ravisering som kr\u00e4vs till mottagande land f\u00f6r m\u00e5nga typer av f\u00f6rs\u00e4ndelser.<\/p><h4>VOEC-registrering<\/h4><p>Viktigt f\u00f6r e-handel och moms vid import fr\u00e5n tredje land.<\/p><h4>Ansvar och r\u00e5dgivning<\/h4><p>Oavsett om du genomf\u00f6r en import eller en export \u00e4r du ansvarig f\u00f6r att dina varor blir r\u00e4tt klassificerade. Det h\u00e4r g\u00e4ller ocks\u00e5 om du <a href=\"https:\/\/tullify.se\/tullombud\/\">anlitar ett ombud<\/a> som genomf\u00f6r deklarationen \u00e5t dig och ditt f\u00f6retag.<\/p>\t\t\t\t\t\t\t\t<\/div>\n\t\t\t\t<\/div>\n\t\t\t\t\t<\/div>\n\t\t\t\t<\/div>\n\t\t<div class=\"elementor-element elementor-element-c1b7849 e-flex e-con-boxed e-con e-parent\" data-id=\"c1b7849\" data-element_type=\"container\" data-e-type=\"container\">\n\t\t\t\t\t<div class=\"e-con-inner\">\n\t\t<div class=\"elementor-element elementor-element-535da05 e-con-full e-flex e-con e-child\" data-id=\"535da05\" data-element_type=\"container\" data-e-type=\"container\" data-settings=\"{&quot;animation&quot;:&quot;none&quot;}\">\n\t\t\t\t<div class=\"elementor-element elementor-element-781c0bd elementor-widget elementor-widget-heading\" data-id=\"781c0bd\" data-element_type=\"widget\" data-e-type=\"widget\" data-widget_type=\"heading.default\">\n\t\t\t\t\t<h2 class=\"elementor-heading-title elementor-size-default\">Tullspecialist i Sverige<\/h2>\t\t\t\t<\/div>\n\t\t\t\t<div class=\"elementor-element elementor-element-453facd dvxOpacity elementor-widget-divider--view-line elementor-widget elementor-widget-divider\" data-id=\"453facd\" data-element_type=\"widget\" data-e-type=\"widget\" data-widget_type=\"divider.default\">\n\t\t\t\t\t\t\t<div class=\"elementor-divider\">\n\t\t\t<span class=\"elementor-divider-separator\">\n\t\t\t\t\t\t<\/span>\n\t\t<\/div>\n\t\t\t\t\t\t<\/div>\n\t\t\t\t<div class=\"elementor-element elementor-element-4f6c5ae textBlock elementor-widget elementor-widget-text-editor\" data-id=\"4f6c5ae\" data-element_type=\"widget\" data-e-type=\"widget\" data-widget_type=\"text-editor.default\">\n\t\t\t\t\t\t\t\t\t<p>Om du skall genomf\u00f6ra en import eller en export utanf\u00f6r EU rekommenderar vi alltid att du v\u00e4nder dig till en tullspecialist. Tullspecialister i form av <a href=\"https:\/\/tullify.se\/tullombud\/\">tullombud<\/a> kommer att kunna hj\u00e4lpa dig med all hantering av import och export av varor.<\/p><p>P\u00e5 Tullify har vi valt att f\u00f6renkla all hantering f\u00f6r v\u00e5ra kunder. Du som kund kan antingen sj\u00e4lv v\u00e4lja att fylla i n\u00e5gra av v\u00e5ra formul\u00e4r f\u00f6r snabbast hantering. \u00c4r du os\u00e4ker och aldrig har genomf\u00f6rt en tulldeklaration innan \u00e4r du varmt v\u00e4lkommen att kontakta n\u00e5gra av v\u00e5ra handl\u00e4ggare s\u00e5 hj\u00e4lper vi dig omg\u00e5ende. \u200b<\/p><p>Ta hj\u00e4lp av Tullverkets egna mallar f\u00f6r att l\u00e4ra dig hur du genomf\u00f6r en deklaration p\u00e5 egen hand. Detta \u00e4r bara n\u00e5got vi rekommenderar om du har erfarenhet inom detta sedan innan.<\/p>\t\t\t\t\t\t\t\t<\/div>\n\t\t\t\t<div class=\"elementor-element elementor-element-a897894 elementor-cta--skin-cover elementor-cta--valign-bottom elementor-bg-transform elementor-bg-transform-zoom-out elementor-animated-content elementor-widget elementor-widget-global elementor-global-4271 elementor-widget-call-to-action\" data-id=\"a897894\" data-element_type=\"widget\" data-e-type=\"widget\" data-widget_type=\"call-to-action.default\">\n\t\t\t\t\t\t\t<div class=\"elementor-cta\">\n\t\t\t\t\t<div class=\"elementor-cta__bg-wrapper\">\n\t\t\t\t<div class=\"elementor-cta__bg elementor-bg\" style=\"background-image: url(https:\/\/tullify.se\/wp-content\/uploads\/2025\/04\/lit7757-1.webp);\" role=\"img\" aria-label=\"Johan &amp; Richard tullombud\"><\/div>\n\t\t\t\t<div class=\"elementor-cta__bg-overlay\"><\/div>\n\t\t\t<\/div>\n\t\t\t\t\t\t\t<div class=\"elementor-cta__content\">\n\t\t\t\t\n\t\t\t\t\t\t\t\t\t<span class=\"elementor-cta__title elementor-cta__content-item elementor-content-item elementor-animated-item--grow\">\n\t\t\t\t\t\tVi finns h\u00e4r om du beh\u00f6ver hj\u00e4lp\t\t\t\t\t<\/span>\n\t\t\t\t\n\t\t\t\t\n\t\t\t\t\t\t\t\t\t<div class=\"elementor-cta__button-wrapper elementor-cta__content-item elementor-content-item elementor-animated-item--grow\">\n\t\t\t\t\t<a class=\"elementor-cta__button elementor-button elementor-size-\" href=\"https:\/\/tullify.se\/nb\/kontakt\/\">\n\t\t\t\t\t\tKontakta oss\t\t\t\t\t<\/a>\n\t\t\t\t\t<\/div>\n\t\t\t\t\t\t\t<\/div>\n\t\t\t\t\t\t<\/div>\n\t\t\t\t\t\t<\/div>\n\t\t\t\t<\/div>\n\t\t\t\t\t<\/div>\n\t\t\t\t<\/div>\n\t\t\t\t<\/div>\n\t\t","protected":false},"excerpt":{"rendered":"<p>Vad \u00e4r en tulldeklaration? En tulldeklaration \u00e4r den deklaration du beh\u00f6ver utf\u00e4rda n\u00e4r du importerar varor till Sverige fr\u00e5n andra l\u00e4nder utanf\u00f6r EU &#8211; detta i form av dokument som skickas in till Tullverket. Om du har varor som du skall importera till Sverige m\u00e5ste du alltid deklarera dessa varor. Detta g\u00f6r du genom en [&hellip;]<\/p>\n","protected":false},"author":1,"featured_media":3979,"parent":0,"menu_order":0,"comment_status":"closed","ping_status":"closed","template":"","meta":{"_acf_changed":false,"footnotes":""},"class_list":["post-4482","page","type-page","status-publish","has-post-thumbnail","hentry"],"acf":[],"_links":{"self":[{"href":"https:\/\/tullify.se\/nb\/wp-json\/wp\/v2\/pages\/4482","targetHints":{"allow":["GET"]}}],"collection":[{"href":"https:\/\/tullify.se\/nb\/wp-json\/wp\/v2\/pages"}],"about":[{"href":"https:\/\/tullify.se\/nb\/wp-json\/wp\/v2\/types\/page"}],"author":[{"embeddable":true,"href":"https:\/\/tullify.se\/nb\/wp-json\/wp\/v2\/users\/1"}],"replies":[{"embeddable":true,"href":"https:\/\/tullify.se\/nb\/wp-json\/wp\/v2\/comments?post=4482"}],"version-history":[{"count":77,"href":"https:\/\/tullify.se\/nb\/wp-json\/wp\/v2\/pages\/4482\/revisions"}],"predecessor-version":[{"id":9643,"href":"https:\/\/tullify.se\/nb\/wp-json\/wp\/v2\/pages\/4482\/revisions\/9643"}],"wp:featuredmedia":[{"embeddable":true,"href":"https:\/\/tullify.se\/nb\/wp-json\/wp\/v2\/media\/3979"}],"wp:attachment":[{"href":"https:\/\/tullify.se\/nb\/wp-json\/wp\/v2\/media?parent=4482"}],"curies":[{"name":"wp","href":"https:\/\/api.w.org\/{rel}","templated":true}]}}