{"id":5976,"date":"2025-04-30T07:25:08","date_gmt":"2025-04-30T07:25:08","guid":{"rendered":"https:\/\/tullify.se\/?page_id=5976"},"modified":"2026-02-08T21:10:14","modified_gmt":"2026-02-08T19:10:14","slug":"pahengsmotorer-for-bater","status":"publish","type":"page","link":"https:\/\/tullify.se\/nb\/importera\/batmotorer-utombordare\/","title":{"rendered":"Importer b\u00e5tmotorer og p\u00e5hengsmotorer"},"content":{"rendered":"\t\t<div data-elementor-type=\"wp-page\" data-elementor-id=\"5976\" class=\"elementor elementor-5976\" data-elementor-post-type=\"page\">\n\t\t\t\t<div class=\"elementor-element elementor-element-cf47e5d e-con-full e-flex e-con e-parent\" data-id=\"cf47e5d\" data-element_type=\"container\" data-e-type=\"container\">\n\t\t\t\t<div class=\"elementor-element elementor-element-e37c0d7 elementor-widget elementor-widget-template\" data-id=\"e37c0d7\" data-element_type=\"widget\" data-e-type=\"widget\" data-widget_type=\"template.default\">\n\t\t\t\t<div class=\"elementor-widget-container\">\n\t\t\t\t\t\t\t<div class=\"elementor-template\">\n\t\t\t\t\t<div data-elementor-type=\"container\" data-elementor-id=\"4245\" class=\"elementor elementor-4245\" data-elementor-post-type=\"elementor_library\">\n\t\t\t\t<div class=\"elementor-element elementor-element-44d9dce4 e-flex e-con-boxed e-con e-parent\" data-id=\"44d9dce4\" data-element_type=\"container\" data-e-type=\"container\" data-settings=\"{&quot;motion_fx_motion_fx_scrolling&quot;:&quot;yes&quot;,&quot;motion_fx_devices&quot;:[&quot;desktop&quot;,&quot;tablet&quot;,&quot;mobile&quot;]}\">\n\t\t\t\t\t<div class=\"e-con-inner\">\n\t\t\t\t<div class=\"elementor-element elementor-element-7642a86e elementor-widget elementor-widget-heading\" data-id=\"7642a86e\" data-element_type=\"widget\" data-e-type=\"widget\" data-widget_type=\"heading.default\">\n\t\t\t\t\t<h1 class=\"elementor-heading-title elementor-size-default\">Importera b\u00e5tmotorer &#038; utombordare<\/h1>\t\t\t\t<\/div>\n\t\t\t\t\t<\/div>\n\t\t\t\t<\/div>\n\t\t\t\t<\/div>\n\t\t\t\t<\/div>\n\t\t\t\t\t\t<\/div>\n\t\t\t\t<\/div>\n\t\t\t\t<\/div>\n\t\t<div class=\"elementor-element elementor-element-e44b89a e-flex e-con-boxed e-con e-parent\" data-id=\"e44b89a\" data-element_type=\"container\" data-e-type=\"container\">\n\t\t\t\t\t<div class=\"e-con-inner\">\n\t\t\t\t<div class=\"elementor-element elementor-element-905ba02 elementor-widget elementor-widget-text-editor\" data-id=\"905ba02\" data-element_type=\"widget\" data-e-type=\"widget\" data-widget_type=\"text-editor.default\">\n\t\t\t\t\t\t\t\t\t<h2>10st enkla steg du beh\u00f6ver f\u00f6lja<\/h2><hr \/><p><strong>Denna guide syftar till att ge dig en klar och omfattande bild av hur du ska g\u00f6ra f\u00f6r att importerar b\u00e5tmotorer. F\u00f6lj stegen s\u00e5 kommer du lyckas med din import.<\/strong><\/p><p><strong>Om du inte har tiden eller kunskapen \u00e4r du varmt v\u00e4lkommen att kontakta oss. Vi hj\u00e4lper dig med din import.<\/strong><\/p>\t\t\t\t\t\t\t\t<\/div>\n\t\t\t\t<div class=\"elementor-element elementor-element-20ff8ff elementor-widget elementor-widget-text-editor\" data-id=\"20ff8ff\" data-element_type=\"widget\" data-e-type=\"widget\" data-widget_type=\"text-editor.default\">\n\t\t\t\t\t\t\t\t\t<h2>Viktiga \u00f6verv\u00e4ganden innan du b\u00f6rjar<\/h2><hr \/><p>Innan du b\u00f6rjar \u00e4r det viktigt att t\u00e4nka p\u00e5 n\u00e5gra grundl\u00e4ggande fr\u00e5gor. Vilka specifika behov har du f\u00f6r din b\u00e5t? Vilka \u00e4r de potentiella kostnaderna ut\u00f6ver sj\u00e4lva motorn, s\u00e5som frakt och tullavgifter? Genom att noggrant \u00f6verv\u00e4ga dessa fr\u00e5gor kan du b\u00e4ttre planera och f\u00f6rbereda din import.<\/p>\t\t\t\t\t\t\t\t<\/div>\n\t\t\t\t<div class=\"elementor-element elementor-element-d0d71d1 elementor-widget elementor-widget-text-editor\" data-id=\"d0d71d1\" data-element_type=\"widget\" data-e-type=\"widget\" data-widget_type=\"text-editor.default\">\n\t\t\t\t\t\t\t\t\t<h2>Steg 1 &#8211; Unders\u00f6kning och val av motor<\/h2><hr \/><p>Det f\u00f6rsta steget \u00e4r att noggrant unders\u00f6ka vilken typ av motor som passar b\u00e4st f\u00f6r dina behov. T\u00e4nk p\u00e5 faktorer som motorns kraft, br\u00e4nsleeffektivitet och tillf\u00f6rlitlighet. Genom att l\u00e4sa recensioner och j\u00e4mf\u00f6ra specifikationer kan du f\u00e5 en b\u00e4ttre uppfattning om vilken motor som \u00e4r r\u00e4tt f\u00f6r dig.<\/p>\t\t\t\t\t\t\t\t<\/div>\n\t\t\t\t<div class=\"elementor-element elementor-element-b6899c5 elementor-widget elementor-widget-text-editor\" data-id=\"b6899c5\" data-element_type=\"widget\" data-e-type=\"widget\" data-widget_type=\"text-editor.default\">\n\t\t\t\t\t\t\t\t\t<h2>Steg 2 &#8211; Kontroll av regler och best\u00e4mmelser<\/h2>\n\n<hr \/>\n\nInnan du importerar \u00e4r det viktigt att f\u00f6rst\u00e5 de regler och best\u00e4mmelser som g\u00e4ller i ditt land. Detta inkluderar n\u00f6dv\u00e4ndiga licenser, certifikat och eventuella milj\u00f6regler som m\u00e5ste f\u00f6ljas. Att ha denna kunskap i f\u00f6rv\u00e4g kan spara mycket tid och undvika potentiella problem senare.\n\n\t\t\t\t\t\t\t\t<\/div>\n\t\t\t\t<div class=\"elementor-element elementor-element-d78a2c1 elementor-widget elementor-widget-text-editor\" data-id=\"d78a2c1\" data-element_type=\"widget\" data-e-type=\"widget\" data-widget_type=\"text-editor.default\">\n\t\t\t\t\t\t\t\t\t<h2>Steg 3 &#8211; S\u00f6kning och utv\u00e4rdering av leverant\u00f6rer<\/h2><hr \/><p>Att hitta en p\u00e5litlig leverant\u00f6r \u00e4r en nyckel till en framg\u00e5ngsrik import. Genom att s\u00f6ka online, l\u00e4sa recensioner och j\u00e4mf\u00f6ra priser kan du identifiera potentiella leverant\u00f6rer. Det \u00e4r ocks\u00e5 bra att be om referenser och, om m\u00f6jligt, bes\u00f6ka leverant\u00f6ren personligen f\u00f6r att s\u00e4kerst\u00e4lla att de \u00e4r p\u00e5litliga.<\/p>\t\t\t\t\t\t\t\t<\/div>\n\t\t\t\t<div class=\"elementor-element elementor-element-bd9fd95 elementor-widget elementor-widget-text-editor\" data-id=\"bd9fd95\" data-element_type=\"widget\" data-e-type=\"widget\" data-widget_type=\"text-editor.default\">\n\t\t\t\t\t\t\t\t\t<h2>Steg 4 &#8211; Kommunikation och f\u00f6rhandling<\/h2>\n\n<hr \/>\n\nN\u00e4r du har hittat en leverant\u00f6r \u00e4r det viktigt att kommunicera klart och tydligt om dina behov och f\u00f6rv\u00e4ntningar. F\u00f6rhandla om priset och s\u00e4kerst\u00e4ll att alla villkor \u00e4r klara innan du slutf\u00f6r k\u00f6pet. Att ha allt skriftligt kan hj\u00e4lpa till att undvika missf\u00f6rst\u00e5nd.\t\t\t\t\t\t\t\t<\/div>\n\t\t\t\t<div class=\"elementor-element elementor-element-f003482 elementor-widget elementor-widget-text-editor\" data-id=\"f003482\" data-element_type=\"widget\" data-e-type=\"widget\" data-widget_type=\"text-editor.default\">\n\t\t\t\t\t\t\t\t\t<h2>Steg 5 &#8211; Transport och logistik &#8211; Fraktalternativ<\/h2>\n\n<hr \/>\n\nDet finns flera olika fraktalternativ att \u00f6verv\u00e4ga n\u00e4r du importerar en b\u00e5tmotor. Dessa inkluderar sj\u00f6frakt, luftfrakt och landtransport. Varje alternativ har sina f\u00f6rdelar och nackdelar vad g\u00e4ller kostnad och leveranstid. V\u00e4lj det alternativ som b\u00e4st passar dina behov och budget.\t\t\t\t\t\t\t\t<\/div>\n\t\t<div class=\"elementor-element elementor-element-86fd6f9 e-con-full e-flex e-con e-child\" data-id=\"86fd6f9\" data-element_type=\"container\" data-e-type=\"container\" data-settings=\"{&quot;background_background&quot;:&quot;classic&quot;}\">\n\t\t\t\t<div class=\"elementor-element elementor-element-b23238a elementor-align-start elementor-icon-list--layout-inline elementor-list-item-link-full_width elementor-widget elementor-widget-icon-list\" data-id=\"b23238a\" data-element_type=\"widget\" data-e-type=\"widget\" data-widget_type=\"icon-list.default\">\n\t\t\t\t\t\t\t<ul class=\"elementor-icon-list-items elementor-inline-items\">\n\t\t\t\t\t\t\t<li class=\"elementor-icon-list-item elementor-inline-item\">\n\t\t\t\t\t\t\t\t\t\t\t<a href=\"mailto:info@tullify.se\">\n\n\t\t\t\t\t\t\t\t\t\t\t\t<span class=\"elementor-icon-list-icon\">\n\t\t\t\t\t\t\t<svg aria-hidden=\"true\" class=\"e-font-icon-svg e-fas-envelope\" viewBox=\"0 0 512 512\" xmlns=\"http:\/\/www.w3.org\/2000\/svg\"><path d=\"M502.3 190.8c3.9-3.1 9.7-.2 9.7 4.7V400c0 26.5-21.5 48-48 48H48c-26.5 0-48-21.5-48-48V195.6c0-5 5.7-7.8 9.7-4.7 22.4 17.4 52.1 39.5 154.1 113.6 21.1 15.4 56.7 47.8 92.2 47.6 35.7.3 72-32.8 92.3-47.6 102-74.1 131.6-96.3 154-113.7zM256 320c23.2.4 56.6-29.2 73.4-41.4 132.7-96.3 142.8-104.7 173.4-128.7 5.8-4.5 9.2-11.5 9.2-18.9v-19c0-26.5-21.5-48-48-48H48C21.5 64 0 85.5 0 112v19c0 7.4 3.4 14.3 9.2 18.9 30.6 23.9 40.7 32.4 173.4 128.7 16.8 12.2 50.2 41.8 73.4 41.4z\"><\/path><\/svg>\t\t\t\t\t\t<\/span>\n\t\t\t\t\t\t\t\t\t\t<span class=\"elementor-icon-list-text\">info@tullify.se<\/span>\n\t\t\t\t\t\t\t\t\t\t\t<\/a>\n\t\t\t\t\t\t\t\t\t<\/li>\n\t\t\t\t\t\t\t\t<li class=\"elementor-icon-list-item elementor-inline-item\">\n\t\t\t\t\t\t\t\t\t\t\t<a href=\"tel:+46103333555\">\n\n\t\t\t\t\t\t\t\t\t\t\t\t<span class=\"elementor-icon-list-icon\">\n\t\t\t\t\t\t\t<svg aria-hidden=\"true\" class=\"e-font-icon-svg e-fas-phone\" viewBox=\"0 0 512 512\" xmlns=\"http:\/\/www.w3.org\/2000\/svg\"><path d=\"M493.4 24.6l-104-24c-11.3-2.6-22.9 3.3-27.5 13.9l-48 112c-4.2 9.8-1.4 21.3 6.9 28l60.6 49.6c-36 76.7-98.9 140.5-177.2 177.2l-49.6-60.6c-6.8-8.3-18.2-11.1-28-6.9l-112 48C3.9 366.5-2 378.1.6 389.4l24 104C27.1 504.2 36.7 512 48 512c256.1 0 464-207.5 464-464 0-11.2-7.7-20.9-18.6-23.4z\"><\/path><\/svg>\t\t\t\t\t\t<\/span>\n\t\t\t\t\t\t\t\t\t\t<span class=\"elementor-icon-list-text\">+46 (0) 10-33 33 555<\/span>\n\t\t\t\t\t\t\t\t\t\t\t<\/a>\n\t\t\t\t\t\t\t\t\t<\/li>\n\t\t\t\t\t\t<\/ul>\n\t\t\t\t\t\t<\/div>\n\t\t\t\t<div class=\"elementor-element elementor-element-cd9e6df elementor-widget elementor-widget-button\" data-id=\"cd9e6df\" data-element_type=\"widget\" data-e-type=\"widget\" data-widget_type=\"button.default\">\n\t\t\t\t\t\t\t\t\t\t<a class=\"elementor-button elementor-button-link elementor-size-sm\" href=\"https:\/\/tullify.se\/nb\/kontakt\/\">\n\t\t\t\t\t\t<span class=\"elementor-button-content-wrapper\">\n\t\t\t\t\t\t\t\t\t<span class=\"elementor-button-text\">Kontakta oss<\/span>\n\t\t\t\t\t<\/span>\n\t\t\t\t\t<\/a>\n\t\t\t\t\t\t\t\t<\/div>\n\t\t\t\t<\/div>\n\t\t\t\t<div class=\"elementor-element elementor-element-23fe833 elementor-widget elementor-widget-text-editor\" data-id=\"23fe833\" data-element_type=\"widget\" data-e-type=\"widget\" data-widget_type=\"text-editor.default\">\n\t\t\t\t\t\t\t\t\t<h2>Steg 6 &#8211; Tull och avgifter<\/h2>\n\n<hr \/>\n\nF\u00f6rst\u00e5 de tull- och avgiftskostnader som kan tillkomma vid import \u00e4r avg\u00f6rande f\u00f6r att undvika ov\u00e4ntade utgifter. Detta inkluderar tullavgifter, skatter och eventuella hanteringsavgifter. Genom att ha en klar bild av dessa kostnader kan du b\u00e4ttre planera din budget.\n\n\t\t\t\t\t\t\t\t<\/div>\n\t\t\t\t<div class=\"elementor-element elementor-element-ccd50c0 elementor-widget elementor-widget-text-editor\" data-id=\"ccd50c0\" data-element_type=\"widget\" data-e-type=\"widget\" data-widget_type=\"text-editor.default\">\n\t\t\t\t\t\t\t\t\t<h2>Steg 7 &#8211; Mottagning och inspektion<\/h2>\n\n<hr \/>\n\nN\u00e4r din motor anl\u00e4nder \u00e4r det viktigt att ha en plan f\u00f6r mottagningen. Detta inkluderar att ha alla n\u00f6dv\u00e4ndiga dokument redo f\u00f6r tullklarering och att arrangera transport fr\u00e5n hamnen eller flygplatsen till din destination.\n\n\t\t\t\t\t\t\t\t<\/div>\n\t\t\t\t<div class=\"elementor-element elementor-element-1dfecd4 elementor-widget elementor-widget-text-editor\" data-id=\"1dfecd4\" data-element_type=\"widget\" data-e-type=\"widget\" data-widget_type=\"text-editor.default\">\n\t\t\t\t\t\t\t\t\t<h2>Steg 8 &#8211; Inspektion och test<\/h2>\n\n<hr \/>\n\nEfter att motorn har mottagits b\u00f6r den inspekteras noggrant f\u00f6r att s\u00e4kerst\u00e4lla att den \u00e4r i gott skick och fungerar som den ska. Detta inkluderar att kontrollera f\u00f6r eventuella skador som kan ha uppst\u00e5tt under transporten och att testa motorn f\u00f6r att s\u00e4kerst\u00e4lla att den fungerar korrekt.\n\n\t\t\t\t\t\t\t\t<\/div>\n\t\t\t\t<div class=\"elementor-element elementor-element-c326a83 elementor-widget elementor-widget-text-editor\" data-id=\"c326a83\" data-element_type=\"widget\" data-e-type=\"widget\" data-widget_type=\"text-editor.default\">\n\t\t\t\t\t\t\t\t\t<h2>Steg 9 &#8211; Registrering och installation<\/h2>\n\n<hr \/>\n\nF\u00f6r att motorn ska vara laglig att anv\u00e4nda kan det kr\u00e4vas att den registreras enligt lokala lagar och f\u00f6rordningar. Detta inkluderar att fylla i n\u00f6dv\u00e4ndiga pappersarbeten och betala eventuella registreringsavgifter.\n\n\t\t\t\t\t\t\t\t<\/div>\n\t\t\t\t<div class=\"elementor-element elementor-element-3d63e61 elementor-widget elementor-widget-text-editor\" data-id=\"3d63e61\" data-element_type=\"widget\" data-e-type=\"widget\" data-widget_type=\"text-editor.default\">\n\t\t\t\t\t\t\t\t\t<h2>Steg 10 &#8211; Installation och underh\u00e5ll<\/h2>\n\n<hr \/>\n\nN\u00e4r motorn \u00e4r registrerad kan den installeras p\u00e5 din b\u00e5t. Det \u00e4r viktigt att f\u00f6lja tillverkarens anvisningar f\u00f6r installation f\u00f6r att s\u00e4kerst\u00e4lla att den fungerar korrekt och s\u00e4kert. Regelbundet underh\u00e5ll \u00e4r ocks\u00e5 viktigt f\u00f6r att f\u00f6rl\u00e4nga motorens livsl\u00e4ngd och s\u00e4kerst\u00e4lla dess p\u00e5litlighet.\n\n\t\t\t\t\t\t\t\t<\/div>\n\t\t\t\t<div class=\"elementor-element elementor-element-d07fb9a elementor-widget elementor-widget-text-editor\" data-id=\"d07fb9a\" data-element_type=\"widget\" data-e-type=\"widget\" data-widget_type=\"text-editor.default\">\n\t\t\t\t\t\t\t\t\t<h3>L\u00e4s mer om importregler<\/h3><hr \/><ul><li><a href=\"https:\/\/tullify.se\/import-av-batar\/\">Import av b\u00e5tar (segelb\u00e5tar &amp; motorb\u00e5tar)<\/a><\/li><li><a href=\"https:\/\/tullify.se\/importera-bil-till-sverige\/\">Importera bil till Sverige<\/a><\/li><li><a href=\"https:\/\/tullify.se\/importera-bil-fran-usa\/\">Importera bil fr\u00e5n USA<\/a><\/li><li><a href=\"https:\/\/tullify.se\/importera-bil-fran-japan\/\">Importera bil fr\u00e5n Japan<\/a><\/li><li><a href=\"https:\/\/tullify.se\/importera-fran-kina\/\">Importera fr\u00e5n Kina<\/a><\/li><li><a href=\"https:\/\/tullify.se\/importera-fran-norge\/\">Importera fr\u00e5n Norge<\/a><\/li><li><a href=\"https:\/\/tullify.se\/import-fran-storbritannien\/\">Importera fr\u00e5n Storbritannien<\/a><\/li><li><a href=\"https:\/\/tullify.se\/importerar-fran-turkiet\/\">Importera fr\u00e5n Turkiet<\/a><\/li><li><a href=\"https:\/\/tullify.se\/importera-fran-usa\/\">Importera fr\u00e5n USA<\/a><\/li><li><a href=\"https:\/\/tullify.se\/importera-fran-kina\/importera-gravmaskin-fran-kina\/\">Importera gr\u00e4vmaskiner<\/a><\/li><\/ul>\t\t\t\t\t\t\t\t<\/div>\n\t\t\t\t\t<\/div>\n\t\t\t\t<\/div>\n\t\t<div class=\"elementor-element elementor-element-c91115d e-con-full e-flex e-con e-parent\" data-id=\"c91115d\" data-element_type=\"container\" data-e-type=\"container\">\n\t\t\t\t<div class=\"elementor-element elementor-element-835c02d elementor-widget elementor-widget-template\" data-id=\"835c02d\" data-element_type=\"widget\" data-e-type=\"widget\" data-widget_type=\"template.default\">\n\t\t\t\t<div class=\"elementor-widget-container\">\n\t\t\t\t\t\t\t<div class=\"elementor-template\">\n\t\t\t\t\t<div data-elementor-type=\"container\" data-elementor-id=\"5585\" class=\"elementor elementor-5585\" data-elementor-post-type=\"elementor_library\">\n\t\t\t\t<div class=\"elementor-element elementor-element-790d88ff e-flex e-con-boxed e-con e-parent\" data-id=\"790d88ff\" data-element_type=\"container\" data-e-type=\"container\" data-settings=\"{&quot;motion_fx_motion_fx_scrolling&quot;:&quot;yes&quot;,&quot;motion_fx_devices&quot;:[&quot;desktop&quot;,&quot;tablet&quot;,&quot;mobile&quot;]}\">\n\t\t\t\t\t<div class=\"e-con-inner\">\n\t\t\t\t<div class=\"elementor-element elementor-element-2a413fd elementor-cta--skin-cover elementor-cta--valign-middle elementor-animated-content elementor-widget elementor-widget-call-to-action\" data-id=\"2a413fd\" data-element_type=\"widget\" data-e-type=\"widget\" data-settings=\"{&quot;motion_fx_motion_fx_scrolling&quot;:&quot;yes&quot;,&quot;motion_fx_translateY_effect&quot;:&quot;yes&quot;,&quot;motion_fx_translateY_speed&quot;:{&quot;unit&quot;:&quot;px&quot;,&quot;size&quot;:1,&quot;sizes&quot;:[]},&quot;motion_fx_translateY_affectedRange&quot;:{&quot;unit&quot;:&quot;%&quot;,&quot;size&quot;:&quot;&quot;,&quot;sizes&quot;:{&quot;start&quot;:0,&quot;end&quot;:100}},&quot;motion_fx_devices&quot;:[&quot;desktop&quot;,&quot;tablet&quot;,&quot;mobile&quot;]}\" data-widget_type=\"call-to-action.default\">\n\t\t\t\t\t\t\t<div class=\"elementor-cta\">\n\t\t\t\t\t<div class=\"elementor-cta__bg-wrapper\">\n\t\t\t\t<div class=\"elementor-cta__bg elementor-bg\" style=\"background-image: url();\" role=\"img\" aria-label=\"\"><\/div>\n\t\t\t\t<div class=\"elementor-cta__bg-overlay\"><\/div>\n\t\t\t<\/div>\n\t\t\t\t\t\t\t<div class=\"elementor-cta__content\">\n\t\t\t\t\t\t\t\t\t<div class=\"elementor-content-item elementor-cta__content-item elementor-icon-wrapper elementor-cta__icon elementor-view-default elementor-animated-item--grow\">\n\t\t\t\t\t\t<div class=\"elementor-icon\">\n\t\t\t\t\t\t\t<svg xmlns=\"http:\/\/www.w3.org\/2000\/svg\" width=\"119\" height=\"119\" viewBox=\"0 0 119 119\" fill=\"none\"><path d=\"M96.8477 97.9482L73.7451 110.97L59.5947 103.179L45.417 110.989L22.4209 97.9092L59.5928 76.9277L96.8477 97.9482ZM114.452 71.9561L114.5 88L105.899 92.8467L59.5928 66.7852L13.499 92.834L5 88V71.8203L59.5938 41.0039V41L114.452 71.9561ZM114.347 35.9707L114.422 61.7197L59.5938 30.8613L5 61.7148V35.9707L59.6729 5L114.347 35.9707Z\" fill=\"url(#paint0_linear_49_4)\"><\/path><defs><linearGradient id=\"paint0_linear_49_4\" x1=\"114.5\" y1=\"57.9946\" x2=\"5\" y2=\"57.9946\" gradientUnits=\"userSpaceOnUse\"><stop stop-color=\"#1EFFFF\"><\/stop><stop offset=\"1\" stop-color=\"#147D6C\"><\/stop><\/linearGradient><\/defs><\/svg>\t\t\t\t\t\t<\/div>\n\t\t\t\t\t<\/div>\n\t\t\t\t\n\t\t\t\t\t\t\t\t\t<h3 class=\"elementor-cta__title elementor-cta__content-item elementor-content-item elementor-animated-item--grow\">\n\t\t\t\t\t\tVi finns h\u00e4r om du beh\u00f6ver hj\u00e4lp\t\t\t\t\t<\/h3>\n\t\t\t\t\n\t\t\t\t\n\t\t\t\t\t\t\t\t\t<div class=\"elementor-cta__button-wrapper elementor-cta__content-item elementor-content-item elementor-animated-item--grow\">\n\t\t\t\t\t<a class=\"elementor-cta__button elementor-button elementor-size-\" href=\"https:\/\/tullify.se\/nb\/kontakt\/\">\n\t\t\t\t\t\tKontakta oss\t\t\t\t\t<\/a>\n\t\t\t\t\t<\/div>\n\t\t\t\t\t\t\t<\/div>\n\t\t\t\t\t\t<\/div>\n\t\t\t\t\t\t<\/div>\n\t\t\t\t\t<\/div>\n\t\t\t\t<\/div>\n\t\t\t\t<\/div>\n\t\t\t\t<\/div>\n\t\t\t\t\t\t<\/div>\n\t\t\t\t<\/div>\n\t\t\t\t<\/div>\n\t\t<div class=\"elementor-element elementor-element-9012a19 e-flex e-con-boxed e-con e-parent\" data-id=\"9012a19\" data-element_type=\"container\" data-e-type=\"container\">\n\t\t\t\t\t<div class=\"e-con-inner\">\n\t\t\t\t<div class=\"elementor-element elementor-element-d07dbac elementor-widget elementor-widget-text-editor\" data-id=\"d07dbac\" data-element_type=\"widget\" data-e-type=\"widget\" data-widget_type=\"text-editor.default\">\n\t\t\t\t\t\t\t\t\t<h2>Specifika krav och skillnader vid import &#8211; Dokument som beh\u00f6vs i Sverige<\/h2><hr \/><p>N\u00e4r du importerar en b\u00e5tmotor till Sverige beh\u00f6ver du flera viktiga dokument. Dessa inkluderar:<\/p><ul><li><strong>Faktura:<\/strong> En detaljerad faktura fr\u00e5n s\u00e4ljaren som visar priset och specifikationerna f\u00f6r motorn.<br \/><br \/><\/li><li><strong>Fraktdokument:<\/strong> Dokument som bevisar frakten, s\u00e5som en bill of lading eller fraktsedel.<br \/><br \/><\/li><li><strong>Tullhandlingar:<\/strong> Deklarationsformul\u00e4r och eventuella licenser som kr\u00e4vs f\u00f6r import.<br \/><br \/><\/li><li><strong>CE-certifikat:<\/strong> Om motorn \u00e4r tillverkad i eller importeras fr\u00e5n ett land utanf\u00f6r EU, beh\u00f6ver du ett CE-certifikat som visar att motorn uppfyller EU<br \/>s\u00e4kerhets- och milj\u00f6krav.<br \/><br \/><\/li><\/ul><h3>Myndigheter som granskar detta<\/h3><p>Flera svenska myndigheter \u00e4r inblandade i importprocessen:<\/p><ul><li>Tullverket: Ansvarar f\u00f6r tullklarering och kontroll av importvaror.<\/li><li>Transportstyrelsen: Hanterar registrering och certifiering av b\u00e5tmotorer.<\/li><li>Naturv\u00e5rdsverket: Granskar att milj\u00f6krav och utsl\u00e4ppsregler f\u00f6ljs.<\/li><\/ul>\t\t\t\t\t\t\t\t<\/div>\n\t\t<div class=\"elementor-element elementor-element-13f3f7f e-con-full e-flex e-con e-child\" data-id=\"13f3f7f\" data-element_type=\"container\" data-e-type=\"container\" data-settings=\"{&quot;background_background&quot;:&quot;classic&quot;}\">\n\t\t\t\t<div class=\"elementor-element elementor-element-22777a3 elementor-cta--skin-cover elementor-cta--valign-middle elementor-animated-content elementor-widget elementor-widget-call-to-action\" data-id=\"22777a3\" data-element_type=\"widget\" data-e-type=\"widget\" data-settings=\"{&quot;motion_fx_motion_fx_scrolling&quot;:&quot;yes&quot;,&quot;motion_fx_translateY_effect&quot;:&quot;yes&quot;,&quot;motion_fx_translateY_speed&quot;:{&quot;unit&quot;:&quot;px&quot;,&quot;size&quot;:1,&quot;sizes&quot;:[]},&quot;motion_fx_translateY_affectedRange&quot;:{&quot;unit&quot;:&quot;%&quot;,&quot;size&quot;:&quot;&quot;,&quot;sizes&quot;:{&quot;start&quot;:0,&quot;end&quot;:100}},&quot;motion_fx_devices&quot;:[&quot;desktop&quot;,&quot;tablet&quot;,&quot;mobile&quot;]}\" data-widget_type=\"call-to-action.default\">\n\t\t\t\t\t\t\t<div class=\"elementor-cta\">\n\t\t\t\t\t<div class=\"elementor-cta__bg-wrapper\">\n\t\t\t\t<div class=\"elementor-cta__bg elementor-bg\" style=\"background-image: url();\" role=\"img\" aria-label=\"\"><\/div>\n\t\t\t\t<div class=\"elementor-cta__bg-overlay\"><\/div>\n\t\t\t<\/div>\n\t\t\t\t\t\t\t<div class=\"elementor-cta__content\">\n\t\t\t\t\t\t\t\t\t<div class=\"elementor-content-item elementor-cta__content-item elementor-icon-wrapper elementor-cta__icon elementor-view-default elementor-animated-item--grow\">\n\t\t\t\t\t\t<div class=\"elementor-icon\">\n\t\t\t\t\t\t\t<svg xmlns=\"http:\/\/www.w3.org\/2000\/svg\" width=\"119\" height=\"119\" viewBox=\"0 0 119 119\" fill=\"none\"><path fill-rule=\"evenodd\" clip-rule=\"evenodd\" d=\"M114.346 35.9705L59.6732 5L5 35.9705V61.7149L59.5934 30.8615V30.8612L59.5937 30.8613L114.422 61.7199L114.346 35.9705ZM59.5937 41.0042V41L114.453 71.9567L114.5 88L105.9 92.8475L59.5928 66.7852L13.4996 92.8346L5 88V71.8196L59.5937 41.0042ZM59.5928 76.928L96.8486 97.949L73.7458 110.971L59.5951 103.178L45.418 110.99L22.4214 97.9094L59.5928 76.928Z\" fill=\"white\"><\/path><\/svg>\t\t\t\t\t\t<\/div>\n\t\t\t\t\t<\/div>\n\t\t\t\t\n\t\t\t\t\t\t\t\t\t<h3 class=\"elementor-cta__title elementor-cta__content-item elementor-content-item elementor-animated-item--grow\">\n\t\t\t\t\t\tVi finns h\u00e4r om du beh\u00f6ver hj\u00e4lp\t\t\t\t\t<\/h3>\n\t\t\t\t\n\t\t\t\t\n\t\t\t\t\t\t\t\t\t<div class=\"elementor-cta__button-wrapper elementor-cta__content-item elementor-content-item elementor-animated-item--grow\">\n\t\t\t\t\t<a class=\"elementor-cta__button elementor-button elementor-size-\" href=\"https:\/\/tullify.se\/nb\/kontakt\/\">\n\t\t\t\t\t\tKontakta oss\t\t\t\t\t<\/a>\n\t\t\t\t\t<\/div>\n\t\t\t\t\t\t\t<\/div>\n\t\t\t\t\t\t<\/div>\n\t\t\t\t\t\t<\/div>\n\t\t\t\t<\/div>\n\t\t\t\t<div class=\"elementor-element elementor-element-4af0129 elementor-widget elementor-widget-text-editor\" data-id=\"4af0129\" data-element_type=\"widget\" data-e-type=\"widget\" data-widget_type=\"text-editor.default\">\n\t\t\t\t\t\t\t\t\t<h2>Skillnader p\u00e5 att importera olika b\u00e5tmotorer<\/h2><hr \/><p>Det finns skillnader beroende p\u00e5 vilken typ av b\u00e5tmotor du importerar. H\u00e4r \u00e4r n\u00e5gra huvudkategorier:<\/p><ul><li>Tv\u00e5taktsmotorer vs. fyrtaktsmotorer: Tv\u00e5taktsmotorer \u00e4r generellt sett enklare och billigare, men de kan vara mindre br\u00e4nsleeffektiva och ha h\u00f6gre utsl\u00e4pp j\u00e4mf\u00f6rt med fyrtaktsmotorer.<br \/><br \/><\/li><li>Elmotorer: Elmotorer kr\u00e4ver specifik infrastruktur f\u00f6r laddning och underh\u00e5ll, och de har ofta olika regler och krav j\u00e4mf\u00f6rt med f\u00f6rbr\u00e4nningsmotorer.<br \/><br \/><\/li><li>Dieselmotorer vs. bensinmotorer: Diesel- och bensinmotorer har olika br\u00e4nslekrav och underh\u00e5llsbehov. Dieselmotorer \u00e4r ofta mer br\u00e4nsleeffektiva och har l\u00e4ngre livsl\u00e4ngd, men de kan vara dyrare att k\u00f6pa och underh\u00e5lla.<br \/><br \/><\/li><\/ul><p>Genom att f\u00f6rst\u00e5 dessa skillnader och krav kan du b\u00e4ttre f\u00f6rbereda dig f\u00f6r att importera r\u00e4tt typ av motor som uppfyller dina specifika behov och f\u00f6ljer alla lagliga krav i Sverige.<\/p>\t\t\t\t\t\t\t\t<\/div>\n\t\t\t\t\t<\/div>\n\t\t\t\t<\/div>\n\t\t\t\t<\/div>\n\t\t","protected":false},"excerpt":{"rendered":"<p>10st enkla steg du beh\u00f6ver f\u00f6lja Denna guide syftar till att ge dig en klar och omfattande bild av hur du ska g\u00f6ra f\u00f6r att importerar b\u00e5tmotorer. F\u00f6lj stegen s\u00e5 kommer du lyckas med din import. Om du inte har tiden eller kunskapen \u00e4r du varmt v\u00e4lkommen att kontakta oss. Vi hj\u00e4lper dig med din [&hellip;]<\/p>\n","protected":false},"author":1,"featured_media":5985,"parent":5978,"menu_order":0,"comment_status":"closed","ping_status":"closed","template":"","meta":{"_acf_changed":false,"footnotes":""},"class_list":["post-5976","page","type-page","status-publish","has-post-thumbnail","hentry"],"acf":[],"_links":{"self":[{"href":"https:\/\/tullify.se\/nb\/wp-json\/wp\/v2\/pages\/5976","targetHints":{"allow":["GET"]}}],"collection":[{"href":"https:\/\/tullify.se\/nb\/wp-json\/wp\/v2\/pages"}],"about":[{"href":"https:\/\/tullify.se\/nb\/wp-json\/wp\/v2\/types\/page"}],"author":[{"embeddable":true,"href":"https:\/\/tullify.se\/nb\/wp-json\/wp\/v2\/users\/1"}],"replies":[{"embeddable":true,"href":"https:\/\/tullify.se\/nb\/wp-json\/wp\/v2\/comments?post=5976"}],"version-history":[{"count":26,"href":"https:\/\/tullify.se\/nb\/wp-json\/wp\/v2\/pages\/5976\/revisions"}],"predecessor-version":[{"id":9656,"href":"https:\/\/tullify.se\/nb\/wp-json\/wp\/v2\/pages\/5976\/revisions\/9656"}],"up":[{"embeddable":true,"href":"https:\/\/tullify.se\/nb\/wp-json\/wp\/v2\/pages\/5978"}],"wp:featuredmedia":[{"embeddable":true,"href":"https:\/\/tullify.se\/nb\/wp-json\/wp\/v2\/media\/5985"}],"wp:attachment":[{"href":"https:\/\/tullify.se\/nb\/wp-json\/wp\/v2\/media?parent=5976"}],"curies":[{"name":"wp","href":"https:\/\/api.w.org\/{rel}","templated":true}]}}