{"id":6315,"date":"2025-05-01T07:55:24","date_gmt":"2025-05-01T07:55:24","guid":{"rendered":"https:\/\/tullify.se\/?page_id=6315"},"modified":"2025-06-03T15:33:39","modified_gmt":"2025-06-03T13:33:39","slug":"t1-dokument-i-sverige","status":"publish","type":"page","link":"https:\/\/tullify.se\/nb\/dokument\/t1-dokument-i-sverige\/","title":{"rendered":"Avkj\u00f8rsel T1 (kollektivtrafikk) i Sverige"},"content":{"rendered":"\t\t<div data-elementor-type=\"wp-page\" data-elementor-id=\"6315\" class=\"elementor elementor-6315\" data-elementor-post-type=\"page\">\n\t\t\t\t<div class=\"elementor-element elementor-element-cf47e5d e-con-full e-flex e-con e-parent\" data-id=\"cf47e5d\" data-element_type=\"container\" data-e-type=\"container\">\n\t\t\t\t<div class=\"elementor-element elementor-element-e37c0d7 elementor-widget elementor-widget-template\" data-id=\"e37c0d7\" data-element_type=\"widget\" data-e-type=\"widget\" data-widget_type=\"template.default\">\n\t\t\t\t<div class=\"elementor-widget-container\">\n\t\t\t\t\t\t\t<div class=\"elementor-template\">\n\t\t\t\t\t<div data-elementor-type=\"container\" data-elementor-id=\"4245\" class=\"elementor elementor-4245\" data-elementor-post-type=\"elementor_library\">\n\t\t\t\t<div class=\"elementor-element elementor-element-44d9dce4 e-flex e-con-boxed e-con e-parent\" data-id=\"44d9dce4\" data-element_type=\"container\" data-e-type=\"container\" data-settings=\"{&quot;motion_fx_motion_fx_scrolling&quot;:&quot;yes&quot;,&quot;motion_fx_devices&quot;:[&quot;desktop&quot;,&quot;tablet&quot;,&quot;mobile&quot;]}\">\n\t\t\t\t\t<div class=\"e-con-inner\">\n\t\t\t\t<div class=\"elementor-element elementor-element-7642a86e elementor-widget elementor-widget-heading\" data-id=\"7642a86e\" data-element_type=\"widget\" data-e-type=\"widget\" data-widget_type=\"heading.default\">\n\t\t\t\t\t<h1 class=\"elementor-heading-title elementor-size-default\">Avsluta T1 (transit) i Sverige<\/h1>\t\t\t\t<\/div>\n\t\t\t\t\t<\/div>\n\t\t\t\t<\/div>\n\t\t\t\t<\/div>\n\t\t\t\t<\/div>\n\t\t\t\t\t\t<\/div>\n\t\t\t\t<\/div>\n\t\t\t\t<\/div>\n\t\t<div class=\"elementor-element elementor-element-e44b89a e-flex e-con-boxed e-con e-parent\" data-id=\"e44b89a\" data-element_type=\"container\" data-e-type=\"container\">\n\t\t\t\t\t<div class=\"e-con-inner\">\n\t\t\t\t<div class=\"elementor-element elementor-element-905ba02 elementor-widget elementor-widget-text-editor\" data-id=\"905ba02\" data-element_type=\"widget\" data-e-type=\"widget\" data-widget_type=\"text-editor.default\">\n\t\t\t\t\t\t\t\t\t<h2>Intro<\/h2><hr \/><p><strong>F\u00f6rst innan vi g\u00e5r vidare m\u00e5ste vi reda ut begreppen. Transitering, T1, T-Doc, eller T1-dokument, k\u00e4rt barn har m\u00e5nga namn men l\u00e5t oss k\u00f6ra p\u00e5 T1-dokument. <\/strong><\/p>\t\t\t\t\t\t\t\t<\/div>\n\t\t\t\t<div class=\"elementor-element elementor-element-20ff8ff elementor-widget elementor-widget-text-editor\" data-id=\"20ff8ff\" data-element_type=\"widget\" data-e-type=\"widget\" data-widget_type=\"text-editor.default\">\n\t\t\t\t\t\t\t\t\t<h2>T1-dokument<\/h2><hr \/><p>Vi vet att importprocesser kan verka komplicerade och tidskr\u00e4vande, men oroa dig inte \u2013 vi \u00e4r h\u00e4r f\u00f6r att hj\u00e4lpa dig genom varje steg. I den h\u00e4r guiden kommer vi att f\u00f6rklara hur du avslutar ett T1-dokument i Sverige med en svensk importdeklaration p\u00e5 ett smidigt och effektivt s\u00e4tt men innan det k\u00f6r vi lite bakrund om T1.<\/p>\t\t\t\t\t\t\t\t<\/div>\n\t\t\t\t<div class=\"elementor-element elementor-element-d0d71d1 elementor-widget elementor-widget-text-editor\" data-id=\"d0d71d1\" data-element_type=\"widget\" data-e-type=\"widget\" data-widget_type=\"text-editor.default\">\n\t\t\t\t\t\t\t\t\t<h2>Vad \u00e4r ett T1-dokument?<\/h2><hr \/><p>Ett T1-dokument \u00e4r ett transitdokument som anv\u00e4nds f\u00f6r att transportera icke-unionsvaror genom EU-l\u00e4nder utan att beh\u00f6va betala tull och andra avgifter vid varje gr\u00e4ns. Syftet med T1-dokumentet \u00e4r att underl\u00e4tta internationell handel genom att till\u00e5ta varor att r\u00f6ra sig fritt mellan olika tullkontor tills de n\u00e5r sin slutdestination, d\u00e4r de antingen importeras eller exporteras vidare.<\/p><p>Ett T1-dokument inneh\u00e5ller viktig information om de transporterade varorna, s\u00e5som:<\/p><ul><li><strong>Avs\u00e4ndare och mottagare:<\/strong> Information om varornas ursprung och destination.<\/li><li><strong>Varubeskrivning:<\/strong> En detaljerad beskrivning av de transporterade varorna.<\/li><li><strong>Varukod:<\/strong> Klassificering av varorna enligt tulltaxan.<\/li><li><strong>Transportmedel:<\/strong> Information om hur varorna transporteras, exempelvis lastbil, t\u00e5g eller fartyg.<\/li><li><strong>Tullv\u00e4rde:<\/strong> Varornas v\u00e4rde f\u00f6r tull\u00e4ndam\u00e5l, vilket inkluderar kostnader f\u00f6r transport och f\u00f6rs\u00e4kring fram till f\u00f6rsta inf\u00f6rselpunkten i EU.<\/li><\/ul><p>T1-dokumentet \u00e4r en del av <strong>NCTS<\/strong> (New Computerised Transit System), vilket m\u00f6jligg\u00f6r elektronisk hantering och \u00f6vervakning av transiteringen.<\/p>\t\t\t\t\t\t\t\t<\/div>\n\t\t<div class=\"elementor-element elementor-element-5d28d00 e-con-full e-flex e-con e-child\" data-id=\"5d28d00\" data-element_type=\"container\" data-e-type=\"container\" data-settings=\"{&quot;background_background&quot;:&quot;classic&quot;}\">\n\t\t\t\t<div class=\"elementor-element elementor-element-9166fa1 elementor-align-start elementor-icon-list--layout-inline elementor-list-item-link-full_width elementor-widget elementor-widget-icon-list\" data-id=\"9166fa1\" data-element_type=\"widget\" data-e-type=\"widget\" data-widget_type=\"icon-list.default\">\n\t\t\t\t\t\t\t<ul class=\"elementor-icon-list-items elementor-inline-items\">\n\t\t\t\t\t\t\t<li class=\"elementor-icon-list-item elementor-inline-item\">\n\t\t\t\t\t\t\t\t\t\t\t<a href=\"mailto:info@tullify.se\">\n\n\t\t\t\t\t\t\t\t\t\t\t\t<span class=\"elementor-icon-list-icon\">\n\t\t\t\t\t\t\t<svg aria-hidden=\"true\" class=\"e-font-icon-svg e-fas-envelope\" viewBox=\"0 0 512 512\" xmlns=\"http:\/\/www.w3.org\/2000\/svg\"><path d=\"M502.3 190.8c3.9-3.1 9.7-.2 9.7 4.7V400c0 26.5-21.5 48-48 48H48c-26.5 0-48-21.5-48-48V195.6c0-5 5.7-7.8 9.7-4.7 22.4 17.4 52.1 39.5 154.1 113.6 21.1 15.4 56.7 47.8 92.2 47.6 35.7.3 72-32.8 92.3-47.6 102-74.1 131.6-96.3 154-113.7zM256 320c23.2.4 56.6-29.2 73.4-41.4 132.7-96.3 142.8-104.7 173.4-128.7 5.8-4.5 9.2-11.5 9.2-18.9v-19c0-26.5-21.5-48-48-48H48C21.5 64 0 85.5 0 112v19c0 7.4 3.4 14.3 9.2 18.9 30.6 23.9 40.7 32.4 173.4 128.7 16.8 12.2 50.2 41.8 73.4 41.4z\"><\/path><\/svg>\t\t\t\t\t\t<\/span>\n\t\t\t\t\t\t\t\t\t\t<span class=\"elementor-icon-list-text\">info@tullify.se<\/span>\n\t\t\t\t\t\t\t\t\t\t\t<\/a>\n\t\t\t\t\t\t\t\t\t<\/li>\n\t\t\t\t\t\t\t\t<li class=\"elementor-icon-list-item elementor-inline-item\">\n\t\t\t\t\t\t\t\t\t\t\t<a href=\"tel:+46103333555\">\n\n\t\t\t\t\t\t\t\t\t\t\t\t<span class=\"elementor-icon-list-icon\">\n\t\t\t\t\t\t\t<svg aria-hidden=\"true\" class=\"e-font-icon-svg e-fas-phone\" viewBox=\"0 0 512 512\" xmlns=\"http:\/\/www.w3.org\/2000\/svg\"><path d=\"M493.4 24.6l-104-24c-11.3-2.6-22.9 3.3-27.5 13.9l-48 112c-4.2 9.8-1.4 21.3 6.9 28l60.6 49.6c-36 76.7-98.9 140.5-177.2 177.2l-49.6-60.6c-6.8-8.3-18.2-11.1-28-6.9l-112 48C3.9 366.5-2 378.1.6 389.4l24 104C27.1 504.2 36.7 512 48 512c256.1 0 464-207.5 464-464 0-11.2-7.7-20.9-18.6-23.4z\"><\/path><\/svg>\t\t\t\t\t\t<\/span>\n\t\t\t\t\t\t\t\t\t\t<span class=\"elementor-icon-list-text\">+46 (0) 10-33 33 555<\/span>\n\t\t\t\t\t\t\t\t\t\t\t<\/a>\n\t\t\t\t\t\t\t\t\t<\/li>\n\t\t\t\t\t\t<\/ul>\n\t\t\t\t\t\t<\/div>\n\t\t\t\t<div class=\"elementor-element elementor-element-79f29d6 elementor-widget elementor-widget-button\" data-id=\"79f29d6\" data-element_type=\"widget\" data-e-type=\"widget\" data-widget_type=\"button.default\">\n\t\t\t\t\t\t\t\t\t\t<a class=\"elementor-button elementor-button-link elementor-size-sm\" href=\"https:\/\/tullify.se\/nb\/kontakt\/\">\n\t\t\t\t\t\t<span class=\"elementor-button-content-wrapper\">\n\t\t\t\t\t\t\t\t\t<span class=\"elementor-button-text\">Kontakta oss<\/span>\n\t\t\t\t\t<\/span>\n\t\t\t\t\t<\/a>\n\t\t\t\t\t\t\t\t<\/div>\n\t\t\t\t<\/div>\n\t\t\t\t<div class=\"elementor-element elementor-element-cf67eff elementor-widget elementor-widget-text-editor\" data-id=\"cf67eff\" data-element_type=\"widget\" data-e-type=\"widget\" data-widget_type=\"text-editor.default\">\n\t\t\t\t\t\t\t\t\t<h2>Varornas ankomst: <span style=\"color: var(--e-global-color-primary);\">Den f\u00f6rsta etappen<\/span><\/h2>\n\n<hr \/>\n\nN\u00e4r dina varor anl\u00e4nder till den svenska gr\u00e4nsen \u00e4r de fortfarande under det transiteringsf\u00f6rfarande som inleddes med T1-dokumentet. Det f\u00f6rsta steget \u00e4r att presentera varorna vid ett utsedd tullkontor. Detta \u00e4r viktigt f\u00f6r att s\u00e4kerst\u00e4lla att alla dokument \u00e4r i ordning och att varorna kan inspekteras korrekt.\t\t\t\t\t\t\t\t<\/div>\n\t\t\t\t<div class=\"elementor-element elementor-element-df2aceb elementor-widget elementor-widget-text-editor\" data-id=\"df2aceb\" data-element_type=\"widget\" data-e-type=\"widget\" data-widget_type=\"text-editor.default\">\n\t\t\t\t\t\t\t\t\t<h2>Presentation av T1-dokumentet: <span style=\"color: var(--e-global-color-primary);\">Allt b\u00f6rjar h\u00e4r<\/span><\/h2>\n\n<hr \/>\n\nVid tullkontoret m\u00e5ste du presentera <a href=\"https:\/\/www.tullverket.se\/foretag\/internationellhandel\/transporteraochlagravaror\/transporteravaror\/transiteravaror\/t1ocht2transiteringar.4.78aa922815794d801e218e.html\" target=\"_blank\" rel=\"noopener\">T1-dokumentet<\/a> tillsammans med andra relevanta transportdokument. Detta steg \u00e4r avg\u00f6rande f\u00f6r att tullmyndigheterna ska kunna verifiera att varorna som transporteras st\u00e4mmer \u00f6verens med det som anges i T1-dokumentet. Det kan k\u00e4nnas som en byr\u00e5kratisk process, men det \u00e4r ett viktigt steg f\u00f6r att s\u00e4kerst\u00e4lla en smidig import.\t\t\t\t\t\t\t\t<\/div>\n\t\t\t\t<div class=\"elementor-element elementor-element-999f311 elementor-widget elementor-widget-text-editor\" data-id=\"999f311\" data-element_type=\"widget\" data-e-type=\"widget\" data-widget_type=\"text-editor.default\">\n\t\t\t\t\t\t\t\t\t<h2>Tullkontroll: <span style=\"color: var(--e-global-color-primary);\">S\u00e4kerst\u00e4llning av dina varor<\/span><\/h2>\n\n<hr \/>\n\nN\u00e4r Tullverket f\u00e5r dina dokument kommer de att kontrollera dokumenten. Denna kontroll \u00e4r till f\u00f6r att s\u00e4kerst\u00e4lla att allt \u00f6verensst\u00e4mmer med vad som angetts i T1-dokumentet. Tullinspekt\u00f6rerna kan \u00e4ven komma att kontrollera varorna.\t\t\t\t\t\t\t\t<\/div>\n\t\t\t\t<div class=\"elementor-element elementor-element-427c405 elementor-widget elementor-widget-text-editor\" data-id=\"427c405\" data-element_type=\"widget\" data-e-type=\"widget\" data-widget_type=\"text-editor.default\">\n\t\t\t\t\t\t\t\t\t<h2>Inl\u00e4mning av importdeklaration<\/h2><hr \/><p>Nu \u00e4r det dags att l\u00e4mna in din svenska importdeklaration. Denna process kan g\u00f6ras elektroniskt via Tullverket eller s\u00e5 hj\u00e4lper vi dig. Vilket g\u00f6r det enkelt och bekv\u00e4mt f\u00f6r dig. Importdeklarationen b\u00f6r inneh\u00e5lla detaljerad information om varorna, s\u00e5som deras v\u00e4rde, ursprung och andra relevanta uppgifter. H\u00e4r \u00e4r vad som kr\u00e4vs f\u00f6r att g\u00f6ra en importdeklaration:<\/p><ul><li><strong>Varubeskrivning:<\/strong> En detaljerad beskrivning av varorna.<\/li><li><strong>Varukod (TARIC-nummer):<\/strong> Den korrekta varukoden enligt tulltaxan.<\/li><li><strong>V\u00e4rde p\u00e5 varorna:<\/strong> Varornas tullv\u00e4rde inklusive kostnader f\u00f6r transport och f\u00f6rs\u00e4kring fram till f\u00f6rsta inf\u00f6rselpunkten i EU.<\/li><li><strong>Ursprungsland:<\/strong> Det land d\u00e4r varorna tillverkats eller bearbetats.<\/li><li><strong>Kvantitet:<\/strong> Antal enheter eller vikten av varorna.<\/li><li><strong>Transportdokument:<\/strong> Exempelvis fraktsedlar eller konossement.<\/li><\/ul>\t\t\t\t\t\t\t\t<\/div>\n\t\t\t\t\t<\/div>\n\t\t\t\t<\/div>\n\t\t<div class=\"elementor-element elementor-element-13e6552 e-con-full e-flex e-con e-parent\" data-id=\"13e6552\" data-element_type=\"container\" data-e-type=\"container\">\n\t\t\t\t<div class=\"elementor-element elementor-element-205f101 elementor-widget elementor-widget-template\" data-id=\"205f101\" data-element_type=\"widget\" data-e-type=\"widget\" data-widget_type=\"template.default\">\n\t\t\t\t<div class=\"elementor-widget-container\">\n\t\t\t\t\t\t\t<div class=\"elementor-template\">\n\t\t\t\t\t<div data-elementor-type=\"container\" data-elementor-id=\"5585\" class=\"elementor elementor-5585\" data-elementor-post-type=\"elementor_library\">\n\t\t\t\t<div class=\"elementor-element elementor-element-790d88ff e-flex e-con-boxed e-con e-parent\" data-id=\"790d88ff\" data-element_type=\"container\" data-e-type=\"container\" data-settings=\"{&quot;motion_fx_motion_fx_scrolling&quot;:&quot;yes&quot;,&quot;motion_fx_devices&quot;:[&quot;desktop&quot;,&quot;tablet&quot;,&quot;mobile&quot;]}\">\n\t\t\t\t\t<div class=\"e-con-inner\">\n\t\t\t\t<div class=\"elementor-element elementor-element-2a413fd elementor-cta--skin-cover elementor-cta--valign-middle elementor-animated-content elementor-widget elementor-widget-call-to-action\" data-id=\"2a413fd\" data-element_type=\"widget\" data-e-type=\"widget\" data-settings=\"{&quot;motion_fx_motion_fx_scrolling&quot;:&quot;yes&quot;,&quot;motion_fx_translateY_effect&quot;:&quot;yes&quot;,&quot;motion_fx_translateY_speed&quot;:{&quot;unit&quot;:&quot;px&quot;,&quot;size&quot;:1,&quot;sizes&quot;:[]},&quot;motion_fx_translateY_affectedRange&quot;:{&quot;unit&quot;:&quot;%&quot;,&quot;size&quot;:&quot;&quot;,&quot;sizes&quot;:{&quot;start&quot;:0,&quot;end&quot;:100}},&quot;motion_fx_devices&quot;:[&quot;desktop&quot;,&quot;tablet&quot;,&quot;mobile&quot;]}\" data-widget_type=\"call-to-action.default\">\n\t\t\t\t\t\t\t<div class=\"elementor-cta\">\n\t\t\t\t\t<div class=\"elementor-cta__bg-wrapper\">\n\t\t\t\t<div class=\"elementor-cta__bg elementor-bg\" style=\"background-image: url();\" role=\"img\" aria-label=\"\"><\/div>\n\t\t\t\t<div class=\"elementor-cta__bg-overlay\"><\/div>\n\t\t\t<\/div>\n\t\t\t\t\t\t\t<div class=\"elementor-cta__content\">\n\t\t\t\t\t\t\t\t\t<div class=\"elementor-content-item elementor-cta__content-item elementor-icon-wrapper elementor-cta__icon elementor-view-default elementor-animated-item--grow\">\n\t\t\t\t\t\t<div class=\"elementor-icon\">\n\t\t\t\t\t\t\t<svg xmlns=\"http:\/\/www.w3.org\/2000\/svg\" width=\"119\" height=\"119\" viewBox=\"0 0 119 119\" fill=\"none\"><path d=\"M96.8477 97.9482L73.7451 110.97L59.5947 103.179L45.417 110.989L22.4209 97.9092L59.5928 76.9277L96.8477 97.9482ZM114.452 71.9561L114.5 88L105.899 92.8467L59.5928 66.7852L13.499 92.834L5 88V71.8203L59.5938 41.0039V41L114.452 71.9561ZM114.347 35.9707L114.422 61.7197L59.5938 30.8613L5 61.7148V35.9707L59.6729 5L114.347 35.9707Z\" fill=\"url(#paint0_linear_49_4)\"><\/path><defs><linearGradient id=\"paint0_linear_49_4\" x1=\"114.5\" y1=\"57.9946\" x2=\"5\" y2=\"57.9946\" gradientUnits=\"userSpaceOnUse\"><stop stop-color=\"#1EFFFF\"><\/stop><stop offset=\"1\" stop-color=\"#147D6C\"><\/stop><\/linearGradient><\/defs><\/svg>\t\t\t\t\t\t<\/div>\n\t\t\t\t\t<\/div>\n\t\t\t\t\n\t\t\t\t\t\t\t\t\t<h3 class=\"elementor-cta__title elementor-cta__content-item elementor-content-item elementor-animated-item--grow\">\n\t\t\t\t\t\tVi finns h\u00e4r om du beh\u00f6ver hj\u00e4lp\t\t\t\t\t<\/h3>\n\t\t\t\t\n\t\t\t\t\n\t\t\t\t\t\t\t\t\t<div class=\"elementor-cta__button-wrapper elementor-cta__content-item elementor-content-item elementor-animated-item--grow\">\n\t\t\t\t\t<a class=\"elementor-cta__button elementor-button elementor-size-\" href=\"https:\/\/tullify.se\/nb\/kontakt\/\">\n\t\t\t\t\t\tKontakta oss\t\t\t\t\t<\/a>\n\t\t\t\t\t<\/div>\n\t\t\t\t\t\t\t<\/div>\n\t\t\t\t\t\t<\/div>\n\t\t\t\t\t\t<\/div>\n\t\t\t\t\t<\/div>\n\t\t\t\t<\/div>\n\t\t\t\t<\/div>\n\t\t\t\t<\/div>\n\t\t\t\t\t\t<\/div>\n\t\t\t\t<\/div>\n\t\t\t\t<\/div>\n\t\t<div class=\"elementor-element elementor-element-ced7273 e-flex e-con-boxed e-con e-parent\" data-id=\"ced7273\" data-element_type=\"container\" data-e-type=\"container\">\n\t\t\t\t\t<div class=\"e-con-inner\">\n\t\t\t\t<div class=\"elementor-element elementor-element-4c15f50 elementor-widget elementor-widget-text-editor\" data-id=\"4c15f50\" data-element_type=\"widget\" data-e-type=\"widget\" data-widget_type=\"text-editor.default\">\n\t\t\t\t\t\t\t\t\t<h2>Tullv\u00e4rdedeklaration:<span style=\"color: var(--e-global-color-primary);\"> Viktig information f\u00f6r tullhantering<\/span><\/h2><hr \/><p>Tullv\u00e4rdedeklarationen \u00e4r ett obligatoriskt dokument n\u00e4r v\u00e4rdet p\u00e5 de importerade varorna \u00f6verstiger ett visst belopp, vanligtvis 200 000 SEK. Detta dokument anv\u00e4nds f\u00f6r att fastst\u00e4lla varornas tullv\u00e4rde, vilket \u00e4r grunden f\u00f6r ber\u00e4kningen av tullavgifter och andra skatter. H\u00e4r \u00e4r vad som kr\u00e4vs f\u00f6r att fylla i en Tullv\u00e4rdedeklaration:<\/p><ul><li><strong>Faktura:<\/strong> En kopia av den kommersiella fakturan som visar varornas pris.<\/li><li><strong>Fraktdokument:<\/strong> Dokument som visar transportkostnaderna.<\/li><li><strong>F\u00f6rs\u00e4kringsbevis:<\/strong> Om varorna \u00e4r f\u00f6rs\u00e4krade under transporten.<\/li><li><strong>\u00d6vriga Kostnader:<\/strong> Dokumentation av eventuella andra kostnader relaterade till varorna, s\u00e5som packning och hantering.<\/li><\/ul><p>P\u00e5 Tullify kan vi hj\u00e4lpa dig att fylla i Tullv\u00e4rdedeklarationen korrekt f\u00f6r att s\u00e4kerst\u00e4lla att alla uppgifter \u00e4r fullst\u00e4ndiga och exakta.<\/p>\t\t\t\t\t\t\t\t<\/div>\n\t\t\t\t<div class=\"elementor-element elementor-element-2cf971b elementor-widget elementor-widget-text-editor\" data-id=\"2cf971b\" data-element_type=\"widget\" data-e-type=\"widget\" data-widget_type=\"text-editor.default\">\n\t\t\t\t\t\t\t\t\t\n<h2>Avslutning av <span style=\"color: var(--e-global-color-primary);\">T1-dokumentet<\/span><\/h2>\n\n<hr \/>\n\nN\u00e4r din importdeklaration har blivit inl\u00e4mnad och godk\u00e4nd av Tullverket, kommer ditt T1-dokument att avslutas. Detta markerar slutet p\u00e5 transiteringsf\u00f6rfarandet och inneb\u00e4r att dina varor nu \u00e4r under den svenska importprocessen. Detta steg kan k\u00e4nnas som en milstolpe i importresan, och vi p\u00e5 Tullify \u00e4r h\u00e4r f\u00f6r att fira med dig!\t\t\t\t\t\t\t\t<\/div>\n\t\t\t\t<div class=\"elementor-element elementor-element-9197b49 elementor-widget elementor-widget-text-editor\" data-id=\"9197b49\" data-element_type=\"widget\" data-e-type=\"widget\" data-widget_type=\"text-editor.default\">\n\t\t\t\t\t\t\t\t\t<h2>Betalning av Tullar och Skatter<\/h2>\n\n<hr \/>\n\nEfter att T1-dokumentet har avslutats, \u00e4r du ansvarig f\u00f6r att betala eventuella till\u00e4mpliga tullavgifter, moms och andra skatter. Dessa betalningar m\u00e5ste g\u00f6ras innan varorna kan frisl\u00e4ppas f\u00f6r fri cirkulation inom Sverige. P\u00e5 Tullify kan vi hj\u00e4lpa dig att f\u00f6rst\u00e5 och ber\u00e4kna dessa avgifter f\u00f6r att s\u00e4kerst\u00e4lla att allt g\u00e5r smidigt.\t\t\t\t\t\t\t\t<\/div>\n\t\t<div class=\"elementor-element elementor-element-ba2414f e-con-full e-flex e-con e-child\" data-id=\"ba2414f\" data-element_type=\"container\" data-e-type=\"container\" data-settings=\"{&quot;background_background&quot;:&quot;classic&quot;}\">\n\t\t\t\t<div class=\"elementor-element elementor-element-68a2ac5 elementor-cta--skin-cover elementor-cta--valign-middle elementor-animated-content elementor-widget elementor-widget-call-to-action\" data-id=\"68a2ac5\" data-element_type=\"widget\" data-e-type=\"widget\" data-settings=\"{&quot;motion_fx_motion_fx_scrolling&quot;:&quot;yes&quot;,&quot;motion_fx_translateY_effect&quot;:&quot;yes&quot;,&quot;motion_fx_translateY_speed&quot;:{&quot;unit&quot;:&quot;px&quot;,&quot;size&quot;:1,&quot;sizes&quot;:[]},&quot;motion_fx_translateY_affectedRange&quot;:{&quot;unit&quot;:&quot;%&quot;,&quot;size&quot;:&quot;&quot;,&quot;sizes&quot;:{&quot;start&quot;:0,&quot;end&quot;:100}},&quot;motion_fx_devices&quot;:[&quot;desktop&quot;,&quot;tablet&quot;,&quot;mobile&quot;]}\" data-widget_type=\"call-to-action.default\">\n\t\t\t\t\t\t\t<div class=\"elementor-cta\">\n\t\t\t\t\t<div class=\"elementor-cta__bg-wrapper\">\n\t\t\t\t<div class=\"elementor-cta__bg elementor-bg\" style=\"background-image: url();\" role=\"img\" aria-label=\"\"><\/div>\n\t\t\t\t<div class=\"elementor-cta__bg-overlay\"><\/div>\n\t\t\t<\/div>\n\t\t\t\t\t\t\t<div class=\"elementor-cta__content\">\n\t\t\t\t\t\t\t\t\t<div class=\"elementor-content-item elementor-cta__content-item elementor-icon-wrapper elementor-cta__icon elementor-view-default elementor-animated-item--grow\">\n\t\t\t\t\t\t<div class=\"elementor-icon\">\n\t\t\t\t\t\t\t<svg xmlns=\"http:\/\/www.w3.org\/2000\/svg\" width=\"119\" height=\"119\" viewBox=\"0 0 119 119\" fill=\"none\"><path fill-rule=\"evenodd\" clip-rule=\"evenodd\" d=\"M114.346 35.9705L59.6732 5L5 35.9705V61.7149L59.5934 30.8615V30.8612L59.5937 30.8613L114.422 61.7199L114.346 35.9705ZM59.5937 41.0042V41L114.453 71.9567L114.5 88L105.9 92.8475L59.5928 66.7852L13.4996 92.8346L5 88V71.8196L59.5937 41.0042ZM59.5928 76.928L96.8486 97.949L73.7458 110.971L59.5951 103.178L45.418 110.99L22.4214 97.9094L59.5928 76.928Z\" fill=\"white\"><\/path><\/svg>\t\t\t\t\t\t<\/div>\n\t\t\t\t\t<\/div>\n\t\t\t\t\n\t\t\t\t\t\t\t\t\t<h3 class=\"elementor-cta__title elementor-cta__content-item elementor-content-item elementor-animated-item--grow\">\n\t\t\t\t\t\tVi finns h\u00e4r om du beh\u00f6ver hj\u00e4lp\t\t\t\t\t<\/h3>\n\t\t\t\t\n\t\t\t\t\n\t\t\t\t\t\t\t\t\t<div class=\"elementor-cta__button-wrapper elementor-cta__content-item elementor-content-item elementor-animated-item--grow\">\n\t\t\t\t\t<a class=\"elementor-cta__button elementor-button elementor-size-\" href=\"https:\/\/tullify.se\/nb\/kontakt\/\">\n\t\t\t\t\t\tKontakta oss\t\t\t\t\t<\/a>\n\t\t\t\t\t<\/div>\n\t\t\t\t\t\t\t<\/div>\n\t\t\t\t\t\t<\/div>\n\t\t\t\t\t\t<\/div>\n\t\t\t\t<\/div>\n\t\t\t\t<div class=\"elementor-element elementor-element-c545b69 elementor-widget elementor-widget-text-editor\" data-id=\"c545b69\" data-element_type=\"widget\" data-e-type=\"widget\" data-widget_type=\"text-editor.default\">\n\t\t\t\t\t\t\t\t\t<h2>Frisl\u00e4ppande av varor<\/h2>\n\n<hr \/>\n\nN\u00e4r alla n\u00f6dv\u00e4ndiga betalningar har gjorts och importdeklarationen har godk\u00e4nts, kommer Tullverket att frisl\u00e4ppa dina varor. Detta \u00e4r det sista steget i importprocessen, och det \u00e4r alltid ett gl\u00e4djande \u00f6gonblick n\u00e4r varorna \u00e4ntligen kan tas i bruk eller distribueras vidare.\t\t\t\t\t\t\t\t<\/div>\n\t\t\t\t<div class=\"elementor-element elementor-element-ecf9e66 elementor-widget elementor-widget-text-editor\" data-id=\"ecf9e66\" data-element_type=\"widget\" data-e-type=\"widget\" data-widget_type=\"text-editor.default\">\n\t\t\t\t\t\t\t\t\t<h2>NCTS:<span style=\"color: var(--e-global-color-primary);\"> Det Nya Datoriserade Transiteringssystemet<br \/><\/span><\/h2><hr \/><p>NCTS (New Computerised Transit System) \u00e4r ett elektroniskt system som anv\u00e4nds f\u00f6r att f\u00f6renkla och \u00f6vervaka transitering av varor inom EU och EFTA-l\u00e4nder. Systemet g\u00f6r det m\u00f6jligt att:<\/p><ul><li>Elektroniskt skicka in och behandla transiteringsdeklarationer.<\/li><li>F\u00f6lja varornas r\u00f6relse i realtid.<\/li><li>Snabbt och enkelt rapportera eventuella avvikelser under transporten.<\/li><\/ul><p>Genom att anv\u00e4nda NCTS kan du minska pappersarbete och snabba upp hela transiteringsprocessen. Vi p\u00e5 Tullify \u00e4r v\u00e4l f\u00f6rtrogna med NCTS och kan hj\u00e4lpa dig att dra full nytta av systemets f\u00f6rdelar.<br \/><br \/><\/p><h3>Dokumentation<\/h3><p>Det \u00e4r viktigt att spara all dokumentation som r\u00f6r importprocessen, inklusive T1-dokumentet, importdeklarationen och all kommunikation med tullmyndigheterna. Dessa dokument \u00e4r v\u00e4rdefulla f\u00f6r framtida referenser och f\u00f6r eventuella revisioner. Tullify hj\u00e4lper dig att h\u00e5lla ordning p\u00e5 alla dessa dokument s\u00e5 att du alltid har dem tillg\u00e4ngliga. P\u00e5 Tullify \u00e4r v\u00e5r mission att g\u00f6ra importprocessen s\u00e5 enkel och stressfri som m\u00f6jligt f\u00f6r dig. Vi vet att varje steg kan k\u00e4nnas \u00f6verv\u00e4ldigande, men med v\u00e5r hj\u00e4lp kan du vara s\u00e4ker p\u00e5 att allt g\u00e5r r\u00e4tt till. Om du har n\u00e5gra fr\u00e5gor eller beh\u00f6ver ytterligare assistans, tveka inte att kontakta oss. Vi \u00e4r h\u00e4r f\u00f6r dig!<\/p>\t\t\t\t\t\t\t\t<\/div>\n\t\t\t\t\t<\/div>\n\t\t\t\t<\/div>\n\t\t\t\t<\/div>\n\t\t","protected":false},"excerpt":{"rendered":"<p>Intro F\u00f6rst innan vi g\u00e5r vidare m\u00e5ste vi reda ut begreppen. Transitering, T1, T-Doc, eller T1-dokument, k\u00e4rt barn har m\u00e5nga namn men l\u00e5t oss k\u00f6ra p\u00e5 T1-dokument. T1-dokument Vi vet att importprocesser kan verka komplicerade och tidskr\u00e4vande, men oroa dig inte \u2013 vi \u00e4r h\u00e4r f\u00f6r att hj\u00e4lpa dig genom varje steg. I den h\u00e4r [&hellip;]<\/p>\n","protected":false},"author":1,"featured_media":6317,"parent":4147,"menu_order":0,"comment_status":"closed","ping_status":"closed","template":"","meta":{"_acf_changed":false,"footnotes":""},"class_list":["post-6315","page","type-page","status-publish","has-post-thumbnail","hentry"],"acf":[],"_links":{"self":[{"href":"https:\/\/tullify.se\/nb\/wp-json\/wp\/v2\/pages\/6315","targetHints":{"allow":["GET"]}}],"collection":[{"href":"https:\/\/tullify.se\/nb\/wp-json\/wp\/v2\/pages"}],"about":[{"href":"https:\/\/tullify.se\/nb\/wp-json\/wp\/v2\/types\/page"}],"author":[{"embeddable":true,"href":"https:\/\/tullify.se\/nb\/wp-json\/wp\/v2\/users\/1"}],"replies":[{"embeddable":true,"href":"https:\/\/tullify.se\/nb\/wp-json\/wp\/v2\/comments?post=6315"}],"version-history":[{"count":37,"href":"https:\/\/tullify.se\/nb\/wp-json\/wp\/v2\/pages\/6315\/revisions"}],"predecessor-version":[{"id":8797,"href":"https:\/\/tullify.se\/nb\/wp-json\/wp\/v2\/pages\/6315\/revisions\/8797"}],"up":[{"embeddable":true,"href":"https:\/\/tullify.se\/nb\/wp-json\/wp\/v2\/pages\/4147"}],"wp:featuredmedia":[{"embeddable":true,"href":"https:\/\/tullify.se\/nb\/wp-json\/wp\/v2\/media\/6317"}],"wp:attachment":[{"href":"https:\/\/tullify.se\/nb\/wp-json\/wp\/v2\/media?parent=6315"}],"curies":[{"name":"wp","href":"https:\/\/api.w.org\/{rel}","templated":true}]}}