{"id":6541,"date":"2025-05-02T07:44:23","date_gmt":"2025-05-02T07:44:23","guid":{"rendered":"https:\/\/tullify.se\/?page_id=6541"},"modified":"2025-06-03T15:32:18","modified_gmt":"2025-06-03T13:32:18","slug":"bytte-tollagent","status":"publish","type":"page","link":"https:\/\/tullify.se\/nb\/byta-tullombud\/","title":{"rendered":"Bytt tollagent"},"content":{"rendered":"\t\t<div data-elementor-type=\"wp-page\" data-elementor-id=\"6541\" class=\"elementor elementor-6541\" data-elementor-post-type=\"page\">\n\t\t\t\t<div class=\"elementor-element elementor-element-cf47e5d e-con-full e-flex e-con e-parent\" data-id=\"cf47e5d\" data-element_type=\"container\" data-e-type=\"container\">\n\t\t\t\t<div class=\"elementor-element elementor-element-e37c0d7 elementor-widget elementor-widget-template\" data-id=\"e37c0d7\" data-element_type=\"widget\" data-e-type=\"widget\" data-widget_type=\"template.default\">\n\t\t\t\t<div class=\"elementor-widget-container\">\n\t\t\t\t\t\t\t<div class=\"elementor-template\">\n\t\t\t\t\t<div data-elementor-type=\"container\" data-elementor-id=\"4245\" class=\"elementor elementor-4245\" data-elementor-post-type=\"elementor_library\">\n\t\t\t\t<div class=\"elementor-element elementor-element-44d9dce4 e-flex e-con-boxed e-con e-parent\" data-id=\"44d9dce4\" data-element_type=\"container\" data-e-type=\"container\" data-settings=\"{&quot;motion_fx_motion_fx_scrolling&quot;:&quot;yes&quot;,&quot;motion_fx_devices&quot;:[&quot;desktop&quot;,&quot;tablet&quot;,&quot;mobile&quot;]}\">\n\t\t\t\t\t<div class=\"e-con-inner\">\n\t\t\t\t<div class=\"elementor-element elementor-element-7642a86e elementor-widget elementor-widget-heading\" data-id=\"7642a86e\" data-element_type=\"widget\" data-e-type=\"widget\" data-widget_type=\"heading.default\">\n\t\t\t\t\t<h1 class=\"elementor-heading-title elementor-size-default\">Byta tullombud<\/h1>\t\t\t\t<\/div>\n\t\t\t\t\t<\/div>\n\t\t\t\t<\/div>\n\t\t\t\t<\/div>\n\t\t\t\t<\/div>\n\t\t\t\t\t\t<\/div>\n\t\t\t\t<\/div>\n\t\t\t\t<\/div>\n\t\t<div class=\"elementor-element elementor-element-1dad306 e-flex e-con-boxed e-con e-parent\" data-id=\"1dad306\" data-element_type=\"container\" data-e-type=\"container\">\n\t\t\t\t\t<div class=\"e-con-inner\">\n\t\t\t\t<div class=\"elementor-element elementor-element-6d038a2 elementor-widget elementor-widget-text-editor\" data-id=\"6d038a2\" data-element_type=\"widget\" data-e-type=\"widget\" data-widget_type=\"text-editor.default\">\n\t\t\t\t\t\t\t\t\t<h2>Lite info om <span style=\"color: var(--e-global-color-primary);\"> Tullify<\/span> som <span style=\"color: var(--e-global-color-primary);\"> Tullombud<\/span><\/h2><hr \/><p>S\u00f6ker du efter ett p\u00e5litligt och professionellt <a href=\"https:\/\/tullify.se\/tullombud\/\">tullombud<\/a> f\u00f6r att underl\u00e4tta dina import- och exportaff\u00e4rer? D\u00e5 kan Tullify vara det perfekta valet f\u00f6r dig!<\/p><p>Vi \u00e4r ett f\u00f6retag som har specialiserat sig p\u00e5 att hj\u00e4lpa f\u00f6retag att hantera tullprocedurer och tulldeklarationer. Med v\u00e5r expertis och erfarenhet inom tullhantering kan vi hj\u00e4lpa dig att spara b\u00e5de tid och pengar p\u00e5 dina import- och exportaff\u00e4rer.<\/p><p>\u200bN\u00e4r du v\u00e4ljer oss som din partner kan du vara s\u00e4ker p\u00e5 att du f\u00e5r en personlig och skr\u00e4ddarsydd tj\u00e4nst som passar dina behov. Vi arbetar n\u00e4ra med v\u00e5ra kunder f\u00f6r att f\u00f6rst\u00e5 deras aff\u00e4rsverksamhet och tullbehov f\u00f6r att kunna erbjuda den b\u00e4sta tullhanteringsl\u00f6sningen.<\/p><p>Ut\u00f6ver v\u00e5r expertis och personliga service har vi ocks\u00e5 en h\u00f6g teknisk kompetens. Vi anv\u00e4nder oss av modern teknik f\u00f6r att automatisera och effektivisera tullhanteringen och g\u00f6ra processen s\u00e5 smidig och snabb som m\u00f6jligt.<\/p><p>En annan f\u00f6rdel med att v\u00e4lja oss som din partner inom tull, \u00e4r v\u00e5r h\u00f6ga kvalitetss\u00e4kring. Vi ser till att alla tulldeklarationer uppfyller de krav och regler som g\u00e4ller f\u00f6r att undvika f\u00f6rseningar och eventuella b\u00f6ter.<\/p><p>Sammanfattningsvis kan vi p\u00e5 Tullify erbjuda dig en p\u00e5litlig, personlig och effektiv <span style=\"text-decoration: underline;\">tullhanteringstj\u00e4nst<\/span> som g\u00f6r att du kan fokusera p\u00e5 din k\u00e4rnverksamhet samtidigt som du sparar tid och pengar p\u00e5 dina import- och exportaff\u00e4rer. Byt till Tullify som ditt tullombud idag och upplev skillnaden!<\/p>\t\t\t\t\t\t\t\t<\/div>\n\t\t<div class=\"elementor-element elementor-element-96d4701 e-con-full e-flex e-con e-child\" data-id=\"96d4701\" data-element_type=\"container\" data-e-type=\"container\" data-settings=\"{&quot;background_background&quot;:&quot;classic&quot;}\">\n\t\t\t\t<div class=\"elementor-element elementor-element-8936527 elementor-cta--skin-cover elementor-cta--valign-middle elementor-animated-content elementor-widget elementor-widget-call-to-action\" data-id=\"8936527\" data-element_type=\"widget\" data-e-type=\"widget\" data-settings=\"{&quot;motion_fx_motion_fx_scrolling&quot;:&quot;yes&quot;,&quot;motion_fx_translateY_effect&quot;:&quot;yes&quot;,&quot;motion_fx_translateY_speed&quot;:{&quot;unit&quot;:&quot;px&quot;,&quot;size&quot;:1,&quot;sizes&quot;:[]},&quot;motion_fx_translateY_affectedRange&quot;:{&quot;unit&quot;:&quot;%&quot;,&quot;size&quot;:&quot;&quot;,&quot;sizes&quot;:{&quot;start&quot;:0,&quot;end&quot;:100}},&quot;motion_fx_devices&quot;:[&quot;desktop&quot;,&quot;tablet&quot;,&quot;mobile&quot;]}\" data-widget_type=\"call-to-action.default\">\n\t\t\t\t\t\t\t<div class=\"elementor-cta\">\n\t\t\t\t\t<div class=\"elementor-cta__bg-wrapper\">\n\t\t\t\t<div class=\"elementor-cta__bg elementor-bg\" style=\"background-image: url();\" role=\"img\" aria-label=\"\"><\/div>\n\t\t\t\t<div class=\"elementor-cta__bg-overlay\"><\/div>\n\t\t\t<\/div>\n\t\t\t\t\t\t\t<div class=\"elementor-cta__content\">\n\t\t\t\t\t\t\t\t\t<div class=\"elementor-content-item elementor-cta__content-item elementor-icon-wrapper elementor-cta__icon elementor-view-default elementor-animated-item--grow\">\n\t\t\t\t\t\t<div class=\"elementor-icon\">\n\t\t\t\t\t\t\t<svg xmlns=\"http:\/\/www.w3.org\/2000\/svg\" width=\"119\" height=\"119\" viewBox=\"0 0 119 119\" fill=\"none\"><path fill-rule=\"evenodd\" clip-rule=\"evenodd\" d=\"M114.346 35.9705L59.6732 5L5 35.9705V61.7149L59.5934 30.8615V30.8612L59.5937 30.8613L114.422 61.7199L114.346 35.9705ZM59.5937 41.0042V41L114.453 71.9567L114.5 88L105.9 92.8475L59.5928 66.7852L13.4996 92.8346L5 88V71.8196L59.5937 41.0042ZM59.5928 76.928L96.8486 97.949L73.7458 110.971L59.5951 103.178L45.418 110.99L22.4214 97.9094L59.5928 76.928Z\" fill=\"white\"><\/path><\/svg>\t\t\t\t\t\t<\/div>\n\t\t\t\t\t<\/div>\n\t\t\t\t\n\t\t\t\t\t\t\t\t\t<h3 class=\"elementor-cta__title elementor-cta__content-item elementor-content-item elementor-animated-item--grow\">\n\t\t\t\t\t\tVi finns h\u00e4r om du beh\u00f6ver hj\u00e4lp\t\t\t\t\t<\/h3>\n\t\t\t\t\n\t\t\t\t\n\t\t\t\t\t\t\t\t\t<div class=\"elementor-cta__button-wrapper elementor-cta__content-item elementor-content-item elementor-animated-item--grow\">\n\t\t\t\t\t<a class=\"elementor-cta__button elementor-button elementor-size-\" href=\"https:\/\/tullify.se\/nb\/kontakt\/\">\n\t\t\t\t\t\tKontakta oss\t\t\t\t\t<\/a>\n\t\t\t\t\t<\/div>\n\t\t\t\t\t\t\t<\/div>\n\t\t\t\t\t\t<\/div>\n\t\t\t\t\t\t<\/div>\n\t\t\t\t<\/div>\n\t\t\t\t<div class=\"elementor-element elementor-element-45365e4 elementor-widget elementor-widget-text-editor\" data-id=\"45365e4\" data-element_type=\"widget\" data-e-type=\"widget\" data-widget_type=\"text-editor.default\">\n\t\t\t\t\t\t\t\t\t<h2>Hur g\u00e5r det till att <span style=\"color: var(--e-global-color-primary);\"> byta Tullombud?<\/span><\/h2><hr \/><p>Letar du efter en p\u00e5litlig partner f\u00f6r din tullhantering? D\u00e5 beh\u00f6ver du inte leta l\u00e4ngre! Vi \u00e4r det sj\u00e4lvklara valet f\u00f6r alla dina tullbehov.<\/p><p>\u200bVi \u00e4r din partner f\u00f6r en smidig och effektiv tullhantering! Kontakta oss h\u00e4r f\u00f6r att byta.<\/p><p>Vi f\u00f6rst\u00e5r att det kan vara en utmaning att hitta r\u00e4tt kompetens som passar dina behov och krav p\u00e5 tullhantering. Men ibland kan det vara n\u00f6dv\u00e4ndigt att byta tullombud f\u00f6r att uppn\u00e5 b\u00e4ttre service, l\u00e4gre priser eller en mer skr\u00e4ddarsydd l\u00f6sning.<\/p><p>Hos oss erbjuder vi enkel och problemfri hj\u00e4lp med att byta ombud. V\u00e5rt team av erfarna tullspecialister st\u00e5r redo att guida dig genom hela processen och s\u00e4kerst\u00e4lla att \u00f6verg\u00e5ngen sker smidigt och utan on\u00f6diga f\u00f6rseningar eller missf\u00f6rst\u00e5nd.<\/p><p>Vi b\u00f6rjar med att utv\u00e4rdera dina nuvarande tullbehov och identifiera om det finns n\u00e5gra brister eller utmaningar som kan l\u00f6sas genom att byta ombud. Sedan arbetar vi med att hitta det b\u00e4sta tullombudet f\u00f6r dina behov, baserat p\u00e5 faktorer som priser, tillg\u00e4nglighet, erfarenhet och kompetens.<\/p><p>N\u00e4r vi har hittat det perfekta tullombudet f\u00f6r dig, som s\u00e4kert \u00e4r oss s\u00e5 tar vi hand om hela \u00f6verg\u00e5ngen &#8211; fr\u00e5n avslutning av ditt tidigare avtal till uppr\u00e4ttande av ett nytt avtal med det nya tullombudet. Vi s\u00e4kerst\u00e4ller ocks\u00e5 att alla tullhandlingar och dokumentation uppdateras korrekt och att dina tullavgifter och avgifter minimeras s\u00e5 mycket som m\u00f6jligt.<\/p><p>S\u00e5 om du funderar p\u00e5 att byta tullombud, tveka inte att kontakta oss p\u00e5 Tullify idag. Vi \u00e4r redo att hj\u00e4lpa dig att hitta det b\u00e4sta tullombudet f\u00f6r dina behov och g\u00f6ra \u00f6verg\u00e5ngen s\u00e5 enkel och smidig som m\u00f6jligt.<\/p>\t\t\t\t\t\t\t\t<\/div>\n\t\t<div class=\"elementor-element elementor-element-7106ed6 e-con-full e-flex e-con e-child\" data-id=\"7106ed6\" data-element_type=\"container\" data-e-type=\"container\" data-settings=\"{&quot;background_background&quot;:&quot;classic&quot;}\">\n\t\t\t\t<div class=\"elementor-element elementor-element-006bb4b elementor-align-start elementor-icon-list--layout-inline elementor-list-item-link-full_width elementor-widget elementor-widget-icon-list\" data-id=\"006bb4b\" data-element_type=\"widget\" data-e-type=\"widget\" data-widget_type=\"icon-list.default\">\n\t\t\t\t\t\t\t<ul class=\"elementor-icon-list-items elementor-inline-items\">\n\t\t\t\t\t\t\t<li class=\"elementor-icon-list-item elementor-inline-item\">\n\t\t\t\t\t\t\t\t\t\t\t<a href=\"mailto:info@tullify.se\">\n\n\t\t\t\t\t\t\t\t\t\t\t\t<span class=\"elementor-icon-list-icon\">\n\t\t\t\t\t\t\t<svg aria-hidden=\"true\" class=\"e-font-icon-svg e-fas-envelope\" viewBox=\"0 0 512 512\" xmlns=\"http:\/\/www.w3.org\/2000\/svg\"><path d=\"M502.3 190.8c3.9-3.1 9.7-.2 9.7 4.7V400c0 26.5-21.5 48-48 48H48c-26.5 0-48-21.5-48-48V195.6c0-5 5.7-7.8 9.7-4.7 22.4 17.4 52.1 39.5 154.1 113.6 21.1 15.4 56.7 47.8 92.2 47.6 35.7.3 72-32.8 92.3-47.6 102-74.1 131.6-96.3 154-113.7zM256 320c23.2.4 56.6-29.2 73.4-41.4 132.7-96.3 142.8-104.7 173.4-128.7 5.8-4.5 9.2-11.5 9.2-18.9v-19c0-26.5-21.5-48-48-48H48C21.5 64 0 85.5 0 112v19c0 7.4 3.4 14.3 9.2 18.9 30.6 23.9 40.7 32.4 173.4 128.7 16.8 12.2 50.2 41.8 73.4 41.4z\"><\/path><\/svg>\t\t\t\t\t\t<\/span>\n\t\t\t\t\t\t\t\t\t\t<span class=\"elementor-icon-list-text\">info@tullify.se<\/span>\n\t\t\t\t\t\t\t\t\t\t\t<\/a>\n\t\t\t\t\t\t\t\t\t<\/li>\n\t\t\t\t\t\t\t\t<li class=\"elementor-icon-list-item elementor-inline-item\">\n\t\t\t\t\t\t\t\t\t\t\t<a href=\"tel:+46103333555\">\n\n\t\t\t\t\t\t\t\t\t\t\t\t<span class=\"elementor-icon-list-icon\">\n\t\t\t\t\t\t\t<svg aria-hidden=\"true\" class=\"e-font-icon-svg e-fas-phone\" viewBox=\"0 0 512 512\" xmlns=\"http:\/\/www.w3.org\/2000\/svg\"><path d=\"M493.4 24.6l-104-24c-11.3-2.6-22.9 3.3-27.5 13.9l-48 112c-4.2 9.8-1.4 21.3 6.9 28l60.6 49.6c-36 76.7-98.9 140.5-177.2 177.2l-49.6-60.6c-6.8-8.3-18.2-11.1-28-6.9l-112 48C3.9 366.5-2 378.1.6 389.4l24 104C27.1 504.2 36.7 512 48 512c256.1 0 464-207.5 464-464 0-11.2-7.7-20.9-18.6-23.4z\"><\/path><\/svg>\t\t\t\t\t\t<\/span>\n\t\t\t\t\t\t\t\t\t\t<span class=\"elementor-icon-list-text\">+46 (0) 10-33 33 555<\/span>\n\t\t\t\t\t\t\t\t\t\t\t<\/a>\n\t\t\t\t\t\t\t\t\t<\/li>\n\t\t\t\t\t\t<\/ul>\n\t\t\t\t\t\t<\/div>\n\t\t\t\t<div class=\"elementor-element elementor-element-79720c1 elementor-widget elementor-widget-button\" data-id=\"79720c1\" data-element_type=\"widget\" data-e-type=\"widget\" data-widget_type=\"button.default\">\n\t\t\t\t\t\t\t\t\t\t<a class=\"elementor-button elementor-button-link elementor-size-sm\" href=\"https:\/\/tullify.se\/nb\/kontakt\/\">\n\t\t\t\t\t\t<span class=\"elementor-button-content-wrapper\">\n\t\t\t\t\t\t\t\t\t<span class=\"elementor-button-text\">Kontakta oss<\/span>\n\t\t\t\t\t<\/span>\n\t\t\t\t\t<\/a>\n\t\t\t\t\t\t\t\t<\/div>\n\t\t\t\t<\/div>\n\t\t\t\t\t<\/div>\n\t\t\t\t<\/div>\n\t\t<div class=\"elementor-element elementor-element-56eb1c5 e-flex e-con-boxed e-con e-parent\" data-id=\"56eb1c5\" data-element_type=\"container\" data-e-type=\"container\">\n\t\t\t\t\t<div class=\"e-con-inner\">\n\t\t\t\t<div class=\"elementor-element elementor-element-9f675f1 elementor-cta--skin-cover elementor-cta--valign-middle elementor-animated-content elementor-widget elementor-widget-call-to-action\" data-id=\"9f675f1\" data-element_type=\"widget\" data-e-type=\"widget\" data-settings=\"{&quot;motion_fx_motion_fx_scrolling&quot;:&quot;yes&quot;,&quot;motion_fx_translateY_effect&quot;:&quot;yes&quot;,&quot;motion_fx_translateY_speed&quot;:{&quot;unit&quot;:&quot;px&quot;,&quot;size&quot;:1,&quot;sizes&quot;:[]},&quot;motion_fx_translateY_affectedRange&quot;:{&quot;unit&quot;:&quot;%&quot;,&quot;size&quot;:&quot;&quot;,&quot;sizes&quot;:{&quot;start&quot;:0,&quot;end&quot;:100}},&quot;motion_fx_devices&quot;:[&quot;desktop&quot;,&quot;tablet&quot;,&quot;mobile&quot;]}\" data-widget_type=\"call-to-action.default\">\n\t\t\t\t\t\t\t<div class=\"elementor-cta\">\n\t\t\t\t\t<div class=\"elementor-cta__bg-wrapper\">\n\t\t\t\t<div class=\"elementor-cta__bg elementor-bg\" style=\"background-image: url();\" role=\"img\" aria-label=\"\"><\/div>\n\t\t\t\t<div class=\"elementor-cta__bg-overlay\"><\/div>\n\t\t\t<\/div>\n\t\t\t\t\t\t\t<div class=\"elementor-cta__content\">\n\t\t\t\t\t\t\t\t\t<div class=\"elementor-content-item elementor-cta__content-item elementor-icon-wrapper elementor-cta__icon elementor-view-default elementor-animated-item--grow\">\n\t\t\t\t\t\t<div class=\"elementor-icon\">\n\t\t\t\t\t\t\t<svg xmlns=\"http:\/\/www.w3.org\/2000\/svg\" width=\"119\" height=\"119\" viewBox=\"0 0 119 119\" fill=\"none\"><path fill-rule=\"evenodd\" clip-rule=\"evenodd\" d=\"M114.346 35.9705L59.6732 5L5 35.9705V61.7149L59.5934 30.8615V30.8612L59.5937 30.8613L114.422 61.7199L114.346 35.9705ZM59.5937 41.0042V41L114.453 71.9567L114.5 88L105.9 92.8475L59.5928 66.7852L13.4996 92.8346L5 88V71.8196L59.5937 41.0042ZM59.5928 76.928L96.8486 97.949L73.7458 110.971L59.5951 103.178L45.418 110.99L22.4214 97.9094L59.5928 76.928Z\" fill=\"white\"><\/path><\/svg>\t\t\t\t\t\t<\/div>\n\t\t\t\t\t<\/div>\n\t\t\t\t\n\t\t\t\t\t\t\t\t\t<h3 class=\"elementor-cta__title elementor-cta__content-item elementor-content-item elementor-animated-item--grow\">\n\t\t\t\t\t\tVi finns h\u00e4r om du beh\u00f6ver hj\u00e4lp\t\t\t\t\t<\/h3>\n\t\t\t\t\n\t\t\t\t\n\t\t\t\t\t\t\t\t\t<div class=\"elementor-cta__button-wrapper elementor-cta__content-item elementor-content-item elementor-animated-item--grow\">\n\t\t\t\t\t<a class=\"elementor-cta__button elementor-button elementor-size-\" href=\"https:\/\/tullify.se\/nb\/kontakt\/\">\n\t\t\t\t\t\tKontakta oss\t\t\t\t\t<\/a>\n\t\t\t\t\t<\/div>\n\t\t\t\t\t\t\t<\/div>\n\t\t\t\t\t\t<\/div>\n\t\t\t\t\t\t<\/div>\n\t\t\t\t\t<\/div>\n\t\t\t\t<\/div>\n\t\t<div class=\"elementor-element elementor-element-3fe91a2 e-flex e-con-boxed e-con e-parent\" data-id=\"3fe91a2\" data-element_type=\"container\" data-e-type=\"container\">\n\t\t\t\t\t<div class=\"e-con-inner\">\n\t\t\t\t<div class=\"elementor-element elementor-element-c26d69d elementor-widget elementor-widget-text-editor\" data-id=\"c26d69d\" data-element_type=\"widget\" data-e-type=\"widget\" data-widget_type=\"text-editor.default\">\n\t\t\t\t\t\t\t\t\t<h2>Fr\u00e5n G\u00f6teborg &#8211; <span style=\"color: var(--e-global-color-primary);\"> till hela Sverige<\/span><\/h2><hr \/><p>Utforska Tullify, din p\u00e5litliga och professionella tullpartner med verksamhet i G\u00f6teborg och expertis som str\u00e4cker sig \u00f6ver hela Sverige. Vi \u00e4r specialiserade p\u00e5 att underl\u00e4tta import- och exportaff\u00e4rer genom effektiv hantering av tullprocedurer och deklarationer.<\/p><p>\u200bVi har h\u00e4ngivit sig \u00e5t att st\u00f6dja f\u00f6retag, var de \u00e4n befinner sig i Sverige, med m\u00e5let att spara b\u00e5de tid och pengar genom v\u00e5r breda erfarenhet inom tullhantering. V\u00e5r personliga och skr\u00e4ddarsydda tj\u00e4nst s\u00e4kerst\u00e4ller att vi tar h\u00e4nsyn till dina unika behov och aff\u00e4rsf\u00f6ruts\u00e4ttningar.<\/p><p>V\u00e4ljer du oss som din partner kan du lita p\u00e5 att vi samarbetar n\u00e4ra dig f\u00f6r att f\u00f6rst\u00e5 dina specifika tullkrav och erbjuda den b\u00e4sta tullhanteringsl\u00f6sningen anpassad f\u00f6r din verksamhet.<\/p><p>N\u00e4r det \u00e4r dags att \u00f6verg\u00e5 till det perfekta tullombudet, vilket sj\u00e4lvklart \u00e4r oss, tar vi hand om hela processen. Fr\u00e5n att avsluta ditt tidigare avtal till att uppr\u00e4tta ett nytt avtal med det nya tullombudet. Vi s\u00e4kerst\u00e4ller ocks\u00e5 att all tullhandling och dokumentation uppdateras korrekt, samtidigt som vi str\u00e4var efter att minimera dina tullavgifter och avgifter.<\/p><p>S\u00e5, om du \u00f6verv\u00e4ger att byta tullombud och \u00f6nskar en s\u00f6ml\u00f6s \u00f6verg\u00e5ng, tveka inte att kontakta oss idag. Vi \u00e4r redo att hj\u00e4lpa dig att hitta det b\u00e4sta tullombudet f\u00f6r dina behov, med fokus p\u00e5 att g\u00f6ra \u00f6verg\u00e5ngen enkel och smidig \u2013 oavsett var i Sverige du befinner dig.<\/p>\t\t\t\t\t\t\t\t<\/div>\n\t\t<div class=\"elementor-element elementor-element-3f7be31 e-con-full e-flex e-con e-child\" data-id=\"3f7be31\" data-element_type=\"container\" data-e-type=\"container\" data-settings=\"{&quot;motion_fx_motion_fx_scrolling&quot;:&quot;yes&quot;,&quot;motion_fx_translateY_effect&quot;:&quot;yes&quot;,&quot;motion_fx_translateY_speed&quot;:{&quot;unit&quot;:&quot;px&quot;,&quot;size&quot;:1,&quot;sizes&quot;:[]},&quot;motion_fx_translateY_affectedRange&quot;:{&quot;unit&quot;:&quot;%&quot;,&quot;size&quot;:&quot;&quot;,&quot;sizes&quot;:{&quot;start&quot;:0,&quot;end&quot;:100}},&quot;motion_fx_devices&quot;:[&quot;desktop&quot;,&quot;tablet&quot;,&quot;mobile&quot;]}\">\n\t\t<div class=\"elementor-element elementor-element-a7ebf48 e-con-full e-flex e-con e-child\" data-id=\"a7ebf48\" data-element_type=\"container\" data-e-type=\"container\" data-settings=\"{&quot;background_background&quot;:&quot;classic&quot;}\">\n\t\t<div class=\"elementor-element elementor-element-cf75df6 e-con-full e-flex e-con e-child\" data-id=\"cf75df6\" data-element_type=\"container\" data-e-type=\"container\">\n\t\t\t\t<div class=\"elementor-element elementor-element-dd18b36 elementor-widget__width-initial elementor-widget elementor-widget-image\" data-id=\"dd18b36\" data-element_type=\"widget\" data-e-type=\"widget\" data-widget_type=\"image.default\">\n\t\t\t\t\t\t\t\t\t\t\t\t\t\t\t<img fetchpriority=\"high\" decoding=\"async\" width=\"490\" height=\"1000\" src=\"https:\/\/tullify.se\/wp-content\/uploads\/2025\/05\/opt-richard-cutout-490.webp\" class=\"attachment-full size-full wp-image-6553\" alt=\"Richard Coster\" \/>\t\t\t\t\t\t\t\t\t\t\t\t\t\t\t<\/div>\n\t\t<div class=\"elementor-element elementor-element-d0119f8 e-con-full e-flex e-con e-child\" data-id=\"d0119f8\" data-element_type=\"container\" data-e-type=\"container\">\n\t\t\t\t<div class=\"elementor-element elementor-element-0feb580 elementor-widget elementor-widget-heading\" data-id=\"0feb580\" data-element_type=\"widget\" data-e-type=\"widget\" data-widget_type=\"heading.default\">\n\t\t\t\t\t<p class=\"elementor-heading-title elementor-size-default\">Prata med Richard om hur du byter tullombud<\/p>\t\t\t\t<\/div>\n\t\t\t\t<\/div>\n\t\t\t\t<\/div>\n\t\t<div class=\"elementor-element elementor-element-fd02944 e-con-full e-flex e-con e-child\" data-id=\"fd02944\" data-element_type=\"container\" data-e-type=\"container\" data-settings=\"{&quot;background_background&quot;:&quot;classic&quot;}\">\n\t\t\t\t<div class=\"elementor-element elementor-element-76d72b0 elementor-widget elementor-widget-heading\" data-id=\"76d72b0\" data-element_type=\"widget\" data-e-type=\"widget\" data-widget_type=\"heading.default\">\n\t\t\t\t\t<h3 class=\"elementor-heading-title elementor-size-default\">Richard Coster\n\n<\/h3>\t\t\t\t<\/div>\n\t\t\t\t<div class=\"elementor-element elementor-element-2252935 elementor-align-start elementor-icon-list--layout-inline elementor-mobile-align-center elementor-list-item-link-full_width elementor-widget elementor-widget-icon-list\" data-id=\"2252935\" data-element_type=\"widget\" data-e-type=\"widget\" data-widget_type=\"icon-list.default\">\n\t\t\t\t\t\t\t<ul class=\"elementor-icon-list-items elementor-inline-items\">\n\t\t\t\t\t\t\t<li class=\"elementor-icon-list-item elementor-inline-item\">\n\t\t\t\t\t\t\t\t\t\t\t<a href=\"tel:+46103333555\">\n\n\t\t\t\t\t\t\t\t\t\t\t\t<span class=\"elementor-icon-list-icon\">\n\t\t\t\t\t\t\t<svg aria-hidden=\"true\" class=\"e-font-icon-svg e-fas-phone\" viewBox=\"0 0 512 512\" xmlns=\"http:\/\/www.w3.org\/2000\/svg\"><path d=\"M493.4 24.6l-104-24c-11.3-2.6-22.9 3.3-27.5 13.9l-48 112c-4.2 9.8-1.4 21.3 6.9 28l60.6 49.6c-36 76.7-98.9 140.5-177.2 177.2l-49.6-60.6c-6.8-8.3-18.2-11.1-28-6.9l-112 48C3.9 366.5-2 378.1.6 389.4l24 104C27.1 504.2 36.7 512 48 512c256.1 0 464-207.5 464-464 0-11.2-7.7-20.9-18.6-23.4z\"><\/path><\/svg>\t\t\t\t\t\t<\/span>\n\t\t\t\t\t\t\t\t\t\t<span class=\"elementor-icon-list-text\">+46 (0) 10-33 33 555<\/span>\n\t\t\t\t\t\t\t\t\t\t\t<\/a>\n\t\t\t\t\t\t\t\t\t<\/li>\n\t\t\t\t\t\t\t\t<li class=\"elementor-icon-list-item elementor-inline-item\">\n\t\t\t\t\t\t\t\t\t\t\t<a href=\"mailto:info@tullify.se\">\n\n\t\t\t\t\t\t\t\t\t\t\t\t<span class=\"elementor-icon-list-icon\">\n\t\t\t\t\t\t\t<svg aria-hidden=\"true\" class=\"e-font-icon-svg e-fas-envelope\" viewBox=\"0 0 512 512\" xmlns=\"http:\/\/www.w3.org\/2000\/svg\"><path d=\"M502.3 190.8c3.9-3.1 9.7-.2 9.7 4.7V400c0 26.5-21.5 48-48 48H48c-26.5 0-48-21.5-48-48V195.6c0-5 5.7-7.8 9.7-4.7 22.4 17.4 52.1 39.5 154.1 113.6 21.1 15.4 56.7 47.8 92.2 47.6 35.7.3 72-32.8 92.3-47.6 102-74.1 131.6-96.3 154-113.7zM256 320c23.2.4 56.6-29.2 73.4-41.4 132.7-96.3 142.8-104.7 173.4-128.7 5.8-4.5 9.2-11.5 9.2-18.9v-19c0-26.5-21.5-48-48-48H48C21.5 64 0 85.5 0 112v19c0 7.4 3.4 14.3 9.2 18.9 30.6 23.9 40.7 32.4 173.4 128.7 16.8 12.2 50.2 41.8 73.4 41.4z\"><\/path><\/svg>\t\t\t\t\t\t<\/span>\n\t\t\t\t\t\t\t\t\t\t<span class=\"elementor-icon-list-text\">info@tullify.se<\/span>\n\t\t\t\t\t\t\t\t\t\t\t<\/a>\n\t\t\t\t\t\t\t\t\t<\/li>\n\t\t\t\t\t\t<\/ul>\n\t\t\t\t\t\t<\/div>\n\t\t\t\t<\/div>\n\t\t\t\t<\/div>\n\t\t\t\t<\/div>\n\t\t\t\t\t<\/div>\n\t\t\t\t<\/div>\n\t\t\t\t<\/div>\n\t\t","protected":false},"excerpt":{"rendered":"<p>Lite info om Tullify som Tullombud S\u00f6ker du efter ett p\u00e5litligt och professionellt tullombud f\u00f6r att underl\u00e4tta dina import- och exportaff\u00e4rer? D\u00e5 kan Tullify vara det perfekta valet f\u00f6r dig! Vi \u00e4r ett f\u00f6retag som har specialiserat sig p\u00e5 att hj\u00e4lpa f\u00f6retag att hantera tullprocedurer och tulldeklarationer. Med v\u00e5r expertis och erfarenhet inom tullhantering kan [&hellip;]<\/p>\n","protected":false},"author":1,"featured_media":6478,"parent":0,"menu_order":0,"comment_status":"closed","ping_status":"closed","template":"","meta":{"_acf_changed":false,"footnotes":""},"class_list":["post-6541","page","type-page","status-publish","has-post-thumbnail","hentry"],"acf":[],"_links":{"self":[{"href":"https:\/\/tullify.se\/nb\/wp-json\/wp\/v2\/pages\/6541","targetHints":{"allow":["GET"]}}],"collection":[{"href":"https:\/\/tullify.se\/nb\/wp-json\/wp\/v2\/pages"}],"about":[{"href":"https:\/\/tullify.se\/nb\/wp-json\/wp\/v2\/types\/page"}],"author":[{"embeddable":true,"href":"https:\/\/tullify.se\/nb\/wp-json\/wp\/v2\/users\/1"}],"replies":[{"embeddable":true,"href":"https:\/\/tullify.se\/nb\/wp-json\/wp\/v2\/comments?post=6541"}],"version-history":[{"count":55,"href":"https:\/\/tullify.se\/nb\/wp-json\/wp\/v2\/pages\/6541\/revisions"}],"predecessor-version":[{"id":8790,"href":"https:\/\/tullify.se\/nb\/wp-json\/wp\/v2\/pages\/6541\/revisions\/8790"}],"wp:featuredmedia":[{"embeddable":true,"href":"https:\/\/tullify.se\/nb\/wp-json\/wp\/v2\/media\/6478"}],"wp:attachment":[{"href":"https:\/\/tullify.se\/nb\/wp-json\/wp\/v2\/media?parent=6541"}],"curies":[{"name":"wp","href":"https:\/\/api.w.org\/{rel}","templated":true}]}}