{"id":7442,"date":"2025-05-08T13:11:55","date_gmt":"2025-05-08T13:11:55","guid":{"rendered":"https:\/\/tullify.se\/?page_id=7442"},"modified":"2025-05-21T13:42:25","modified_gmt":"2025-05-21T13:42:25","slug":"importvarsel","status":"publish","type":"page","link":"https:\/\/tullify.se\/nb\/importavisering\/","title":{"rendered":"Importvarsel"},"content":{"rendered":"\t\t<div data-elementor-type=\"wp-page\" data-elementor-id=\"7442\" class=\"elementor elementor-7442\" data-elementor-post-type=\"page\">\n\t\t\t\t<div class=\"elementor-element elementor-element-225c2a3 e-con-full e-flex e-con e-parent\" data-id=\"225c2a3\" data-element_type=\"container\" data-e-type=\"container\">\n\t\t\t\t<div class=\"elementor-element elementor-element-cdd22c6 elementor-widget elementor-widget-template\" data-id=\"cdd22c6\" data-element_type=\"widget\" data-e-type=\"widget\" data-widget_type=\"template.default\">\n\t\t\t\t<div class=\"elementor-widget-container\">\n\t\t\t\t\t\t\t<div class=\"elementor-template\">\n\t\t\t\t\t<div data-elementor-type=\"container\" data-elementor-id=\"2040\" class=\"elementor elementor-2040\" data-elementor-post-type=\"elementor_library\">\n\t\t\t\t<div class=\"elementor-element elementor-element-44d9dce4 e-flex e-con-boxed e-con e-parent\" data-id=\"44d9dce4\" data-element_type=\"container\" data-e-type=\"container\" data-settings=\"{&quot;motion_fx_motion_fx_scrolling&quot;:&quot;yes&quot;,&quot;motion_fx_devices&quot;:[&quot;desktop&quot;,&quot;tablet&quot;,&quot;mobile&quot;]}\">\n\t\t\t\t\t<div class=\"e-con-inner\">\n\t\t\t\t<div class=\"elementor-element elementor-element-7642a86e elementor-widget elementor-widget-heading\" data-id=\"7642a86e\" data-element_type=\"widget\" data-e-type=\"widget\" data-widget_type=\"heading.default\">\n\t\t\t\t\t<h1 class=\"elementor-heading-title elementor-size-default\">Importavisering<\/h1>\t\t\t\t<\/div>\n\t\t\t\t\t<\/div>\n\t\t\t\t<\/div>\n\t\t\t\t<\/div>\n\t\t\t\t<\/div>\n\t\t\t\t\t\t<\/div>\n\t\t\t\t<\/div>\n\t\t\t\t<\/div>\n\t\t<div class=\"elementor-element elementor-element-21779c7 e-flex e-con-boxed e-con e-parent\" data-id=\"21779c7\" data-element_type=\"container\" data-e-type=\"container\">\n\t\t\t\t\t<div class=\"e-con-inner\">\n\t\t<div class=\"elementor-element elementor-element-0005983 e-con-full e-flex e-con e-child\" data-id=\"0005983\" data-element_type=\"container\" data-e-type=\"container\" data-settings=\"{&quot;background_background&quot;:&quot;classic&quot;}\">\n\t\t<div class=\"elementor-element elementor-element-553af6d e-con-full e-flex e-con e-child\" data-id=\"553af6d\" data-element_type=\"container\" data-e-type=\"container\">\n\t\t\t\t<div class=\"elementor-element elementor-element-49a2f83 lucide elementor-view-default elementor-widget elementor-widget-icon\" data-id=\"49a2f83\" data-element_type=\"widget\" data-e-type=\"widget\" data-widget_type=\"icon.default\">\n\t\t\t\t\t\t\t<div class=\"elementor-icon-wrapper\">\n\t\t\t<div class=\"elementor-icon\">\n\t\t\t<svg xmlns=\"http:\/\/www.w3.org\/2000\/svg\" width=\"24\" height=\"24\" viewBox=\"0 0 24 24\" fill=\"none\" stroke=\"currentColor\" stroke-width=\"2\" stroke-linecap=\"round\" stroke-linejoin=\"round\" class=\"lucide lucide-file-symlink-icon lucide-file-symlink\"><path d=\"m10 18 3-3-3-3\"><\/path><path d=\"M14 2v4a2 2 0 0 0 2 2h4\"><\/path><path d=\"M4 11V4a2 2 0 0 1 2-2h9l5 5v13a2 2 0 0 1-2 2H6a2 2 0 0 1-2-2v-3a2 2 0 0 1 2-2h7\"><\/path><\/svg>\t\t\t<\/div>\n\t\t<\/div>\n\t\t\t\t\t\t<\/div>\n\t\t\t\t<div class=\"elementor-element elementor-element-b94f2d4 elementor-widget__width-inherit elementor-widget elementor-widget-heading\" data-id=\"b94f2d4\" data-element_type=\"widget\" data-e-type=\"widget\" data-widget_type=\"heading.default\">\n\t\t\t\t\t<h3 class=\"elementor-heading-title elementor-size-default\">AVISERINGSMALL F\u00d6R IMPORT<\/h3>\t\t\t\t<\/div>\n\t\t\t\t<\/div>\n\t\t\t\t<div class=\"elementor-element elementor-element-213d53a elementor-widget elementor-widget-text-editor\" data-id=\"213d53a\" data-element_type=\"widget\" data-e-type=\"widget\" data-widget_type=\"text-editor.default\">\n\t\t\t\t\t\t\t\t\t<p>Fyll i nedan formul\u00e4r om din s\u00e4ndning och f\u00e5 svar om pris p\u00e5 mail.<\/p>\t\t\t\t\t\t\t\t<\/div>\n\t\t\t\t<div class=\"elementor-element elementor-element-5ec4fd8 elementor-mobile-button-align-stretch elementor-button-align-stretch elementor-widget elementor-widget-form\" data-id=\"5ec4fd8\" data-element_type=\"widget\" data-e-type=\"widget\" data-settings=\"{&quot;step_next_label&quot;:&quot;Next&quot;,&quot;step_previous_label&quot;:&quot;Previous&quot;,&quot;button_width&quot;:&quot;100&quot;,&quot;step_type&quot;:&quot;number_text&quot;,&quot;step_icon_shape&quot;:&quot;circle&quot;}\" data-widget_type=\"form.default\">\n\t\t\t\t\t\t\t<form class=\"elementor-form\" method=\"post\" name=\"Importavisering\" aria-label=\"Importavisering\">\n\t\t\t<input type=\"hidden\" name=\"post_id\" value=\"7442\"\/>\n\t\t\t<input type=\"hidden\" name=\"form_id\" value=\"5ec4fd8\"\/>\n\t\t\t<input type=\"hidden\" name=\"referer_title\" value=\"\" \/>\n\n\t\t\t\n\t\t\t<div class=\"elementor-form-fields-wrapper elementor-labels-above\">\n\t\t\t\t\t\t\t\t<div class=\"elementor-field-type-text elementor-field-group elementor-column elementor-field-group-name elementor-col-33 elementor-field-required elementor-mark-required\">\n\t\t\t\t\t\t\t\t\t\t\t\t<label for=\"form-field-name\" class=\"elementor-field-label\">\n\t\t\t\t\t\t\t\tF\u00f6rnamn och efternamn\t\t\t\t\t\t\t<\/label>\n\t\t\t\t\t\t\t\t\t\t\t\t\t\t<input size=\"1\" type=\"text\" name=\"form_fields[name]\" id=\"form-field-name\" class=\"elementor-field elementor-size-lg  elementor-field-textual\" placeholder=\"F\u00f6rnamn och efternamn\" required=\"required\">\n\t\t\t\t\t\t\t\t\t\t\t<\/div>\n\t\t\t\t\t\t\t\t<div class=\"elementor-field-type-email elementor-field-group elementor-column elementor-field-group-email elementor-col-33 elementor-field-required elementor-mark-required\">\n\t\t\t\t\t\t\t\t\t\t\t\t<label for=\"form-field-email\" class=\"elementor-field-label\">\n\t\t\t\t\t\t\t\tE-post\t\t\t\t\t\t\t<\/label>\n\t\t\t\t\t\t\t\t\t\t\t\t\t\t<input size=\"1\" type=\"email\" name=\"form_fields[email]\" id=\"form-field-email\" class=\"elementor-field elementor-size-lg  elementor-field-textual\" placeholder=\"E-post\" required=\"required\">\n\t\t\t\t\t\t\t\t\t\t\t<\/div>\n\t\t\t\t\t\t\t\t<div class=\"elementor-field-type-tel elementor-field-group elementor-column elementor-field-group-field_0d523e0 elementor-col-33 elementor-field-required elementor-mark-required\">\n\t\t\t\t\t\t\t\t\t\t\t\t<label for=\"form-field-field_0d523e0\" class=\"elementor-field-label\">\n\t\t\t\t\t\t\t\tTelefonnummer\t\t\t\t\t\t\t<\/label>\n\t\t\t\t\t\t\t\t<input size=\"1\" type=\"tel\" name=\"form_fields[field_0d523e0]\" id=\"form-field-field_0d523e0\" class=\"elementor-field elementor-size-lg  elementor-field-textual\" placeholder=\"Telefonnummer\" required=\"required\" pattern=\"[0-9()#&amp;+*-=.]+\" title=\"Only numbers and phone characters (#, -, *, etc) are accepted.\">\n\n\t\t\t\t\t\t<\/div>\n\t\t\t\t\t\t\t\t<div class=\"elementor-field-type-text elementor-field-group elementor-column elementor-field-group-field_2e9bb82 elementor-col-33 elementor-field-required elementor-mark-required\">\n\t\t\t\t\t\t\t\t\t\t\t\t<label for=\"form-field-field_2e9bb82\" class=\"elementor-field-label\">\n\t\t\t\t\t\t\t\tImport\u00f6r\/Deklarant\t\t\t\t\t\t\t<\/label>\n\t\t\t\t\t\t\t\t\t\t\t\t\t\t<input size=\"1\" type=\"text\" name=\"form_fields[field_2e9bb82]\" id=\"form-field-field_2e9bb82\" class=\"elementor-field elementor-size-lg  elementor-field-textual\" placeholder=\"Ange vem som \u00e4r import\u00f6r\" required=\"required\">\n\t\t\t\t\t\t\t\t\t\t\t<\/div>\n\t\t\t\t\t\t\t\t<div class=\"elementor-field-type-text elementor-field-group elementor-column elementor-field-group-field_1d8afea elementor-col-33 elementor-field-required elementor-mark-required\">\n\t\t\t\t\t\t\t\t\t\t\t\t<label for=\"form-field-field_1d8afea\" class=\"elementor-field-label\">\n\t\t\t\t\t\t\t\tEORI-nummer <a href=\"https:\/\/www.tullverket.se\/sv\/foretag\/tillstandochregistreringar\/eori.4.6ac2c843157b7beb007364.html\" target=\"_blank\" rel=\"noopener\">(?)<\/a>\t\t\t\t\t\t\t<\/label>\n\t\t\t\t\t\t\t\t\t\t\t\t\t\t<input size=\"1\" type=\"text\" name=\"form_fields[field_1d8afea]\" id=\"form-field-field_1d8afea\" class=\"elementor-field elementor-size-lg  elementor-field-textual\" placeholder=\"Ange ditt f\u00f6retags EORI-nummer\" required=\"required\">\n\t\t\t\t\t\t\t\t\t\t\t<\/div>\n\t\t\t\t\t\t\t\t<div class=\"elementor-field-type-date elementor-field-group elementor-column elementor-field-group-field_ab13b88 elementor-col-33 elementor-field-required elementor-mark-required\">\n\t\t\t\t\t\t\t\t\t\t\t\t<label for=\"form-field-field_ab13b88\" class=\"elementor-field-label\">\n\t\t\t\t\t\t\t\tETA\t\t\t\t\t\t\t<\/label>\n\t\t\t\t\t\t\n\t\t<input type=\"date\" name=\"form_fields[field_ab13b88]\" id=\"form-field-field_ab13b88\" class=\"elementor-field elementor-size-lg  elementor-field-textual elementor-date-field\" placeholder=\"V\u00e4lj ett datum\" required=\"required\" pattern=\"[0-9]{4}-[0-9]{2}-[0-9]{2}\">\n\t\t\t\t\t\t<\/div>\n\t\t\t\t\t\t\t\t<div class=\"elementor-field-type-number elementor-field-group elementor-column elementor-field-group-field_5041d9a elementor-col-33 elementor-field-required elementor-mark-required\">\n\t\t\t\t\t\t\t\t\t\t\t\t<label for=\"form-field-field_5041d9a\" class=\"elementor-field-label\">\n\t\t\t\t\t\t\t\tKolli\t\t\t\t\t\t\t<\/label>\n\t\t\t\t\t\t\t\t\t<input type=\"number\" name=\"form_fields[field_5041d9a]\" id=\"form-field-field_5041d9a\" class=\"elementor-field elementor-size-lg  elementor-field-textual\" placeholder=\"Ange det totala kolliantalet\" required=\"required\" min=\"\" max=\"\" >\n\t\t\t\t\t\t<\/div>\n\t\t\t\t\t\t\t\t<div class=\"elementor-field-type-number elementor-field-group elementor-column elementor-field-group-field_9b1c46c elementor-col-33 elementor-field-required elementor-mark-required\">\n\t\t\t\t\t\t\t\t\t\t\t\t<label for=\"form-field-field_9b1c46c\" class=\"elementor-field-label\">\n\t\t\t\t\t\t\t\tBruttovikt\t\t\t\t\t\t\t<\/label>\n\t\t\t\t\t\t\t\t\t<input type=\"number\" name=\"form_fields[field_9b1c46c]\" id=\"form-field-field_9b1c46c\" class=\"elementor-field elementor-size-lg  elementor-field-textual\" placeholder=\"Ange den totala bruttovikten\" required=\"required\" min=\"\" max=\"\" >\n\t\t\t\t\t\t<\/div>\n\t\t\t\t\t\t\t\t<div class=\"elementor-field-type-number elementor-field-group elementor-column elementor-field-group-field_60e84cc elementor-col-33 elementor-field-required elementor-mark-required\">\n\t\t\t\t\t\t\t\t\t\t\t\t<label for=\"form-field-field_60e84cc\" class=\"elementor-field-label\">\n\t\t\t\t\t\t\t\tNettovikt\t\t\t\t\t\t\t<\/label>\n\t\t\t\t\t\t\t\t\t<input type=\"number\" name=\"form_fields[field_60e84cc]\" id=\"form-field-field_60e84cc\" class=\"elementor-field elementor-size-lg  elementor-field-textual\" placeholder=\"Ange den totala nettovikten\" required=\"required\" min=\"\" max=\"\" >\n\t\t\t\t\t\t<\/div>\n\t\t\t\t\t\t\t\t<div class=\"elementor-field-type-textarea elementor-field-group elementor-column elementor-field-group-field_857fe4f elementor-col-100\">\n\t\t\t\t\t\t\t\t\t\t\t\t<label for=\"form-field-field_857fe4f\" class=\"elementor-field-label\">\n\t\t\t\t\t\t\t\t\u00d6vrig information\t\t\t\t\t\t\t<\/label>\n\t\t\t\t\t\t<textarea class=\"elementor-field-textual elementor-field  elementor-size-lg\" name=\"form_fields[field_857fe4f]\" id=\"form-field-field_857fe4f\" rows=\"3\" placeholder=\"Ange \u00f6vrig information om din s\u00e4ndning som kan vara viktig\"><\/textarea>\t\t\t\t<\/div>\n\t\t\t\t\t\t\t\t<div class=\"elementor-field-type-upload elementor-field-group elementor-column elementor-field-group-faktura elementor-col-33 elementor-md-50 elementor-field-required elementor-mark-required\">\n\t\t\t\t\t\t\t\t\t\t\t\t<label for=\"form-field-faktura\" class=\"elementor-field-label\">\n\t\t\t\t\t\t\t\tLadda upp faktura\t\t\t\t\t\t\t<\/label>\n\t\t\t\t\t\t\t\t<input type=\"file\" name=\"form_fields[faktura][]\" id=\"form-field-faktura\" class=\"elementor-field elementor-size-lg  elementor-upload-field\" required=\"required\" multiple=\"multiple\" data-maxsize=\"15\" data-maxsize-message=\"This file exceeds the maximum allowed size.\">\n\n\t\t\t\t\t\t<\/div>\n\t\t\t\t\t\t\t\t<div class=\"elementor-field-type-upload elementor-field-group elementor-column elementor-field-group-packlista elementor-col-33 elementor-md-50\">\n\t\t\t\t\t\t\t\t\t\t\t\t<label for=\"form-field-packlista\" class=\"elementor-field-label\">\n\t\t\t\t\t\t\t\tLadda upp packlista\t\t\t\t\t\t\t<\/label>\n\t\t\t\t\t\t\t\t<input type=\"file\" name=\"form_fields[packlista][]\" id=\"form-field-packlista\" class=\"elementor-field elementor-size-lg  elementor-upload-field\" multiple=\"multiple\" data-maxsize=\"15\" data-maxsize-message=\"This file exceeds the maximum allowed size.\">\n\n\t\t\t\t\t\t<\/div>\n\t\t\t\t\t\t\t\t<div class=\"elementor-field-type-upload elementor-field-group elementor-column elementor-field-group-ovrigt elementor-col-33 elementor-md-50\">\n\t\t\t\t\t\t\t\t\t\t\t\t<label for=\"form-field-ovrigt\" class=\"elementor-field-label\">\n\t\t\t\t\t\t\t\tLadda upp \u00f6vrigt\t\t\t\t\t\t\t<\/label>\n\t\t\t\t\t\t\t\t<input type=\"file\" name=\"form_fields[ovrigt][]\" id=\"form-field-ovrigt\" class=\"elementor-field elementor-size-lg  elementor-upload-field\" multiple=\"multiple\" data-maxsize=\"15\" data-maxsize-message=\"This file exceeds the maximum allowed size.\">\n\n\t\t\t\t\t\t<\/div>\n\t\t\t\t\t\t\t\t<div class=\"elementor-field-type-acceptance elementor-field-group elementor-column elementor-field-group-field_ad0f616 elementor-col-100 elementor-field-required elementor-mark-required\">\n\t\t\t\t\t\t\t<div class=\"elementor-field-subgroup\">\n\t\t\t<span class=\"elementor-field-option\">\n\t\t\t\t<input type=\"checkbox\" name=\"form_fields[field_ad0f616]\" id=\"form-field-field_ad0f616\" class=\"elementor-field elementor-size-lg  elementor-acceptance-field\" required=\"required\">\n\t\t\t\t<label for=\"form-field-field_ad0f616\">Jag godk\u00e4nner att Tullify AB (559196-3029) och\/eller v\u00e5r partner Logent Customs AB (556794-2056) f\u00f6retr\u00e4der F\u00f6retaget som direkt ombud enligt art. 19 i Europaparlamentets och R\u00e5dets f\u00f6rordning nr 952\/2013. Fullmakten g\u00e4ller tills den skriftligen \u00e5terkallas. L\u00e4s fullst\u00e4ndiga villkor<strong> <a style=\"color: var(--e-global-color-primary) \" \n href=\"\/villkor\/\">h\u00e4r<\/a><\/strong>.<\/label>\t\t\t<\/span>\n\t\t<\/div>\n\t\t\t\t\t\t<\/div>\n\t\t\t\t\t\t\t\t<div class=\"elementor-field-group elementor-column elementor-field-type-submit elementor-col-100 e-form__buttons\">\n\t\t\t\t\t<button class=\"elementor-button elementor-size-md\" type=\"submit\">\n\t\t\t\t\t\t<span class=\"elementor-button-content-wrapper\">\n\t\t\t\t\t\t\t\t\t\t\t\t\t\t\t\t\t\t\t\t\t\t<span class=\"elementor-button-text\">Skicka<\/span>\n\t\t\t\t\t\t\t\t\t\t\t\t\t<\/span>\n\t\t\t\t\t<\/button>\n\t\t\t\t<\/div>\n\t\t\t<\/div>\n\t\t<\/form>\n\t\t\t\t\t\t<\/div>\n\t\t\t\t<\/div>\n\t\t\t\t\t<\/div>\n\t\t\t\t<\/div>\n\t\t\t\t<\/div>\n\t\t","protected":false},"excerpt":{"rendered":"<p>AVISERINGSMALL F\u00d6R IMPORT Fyll i nedan formul\u00e4r om din s\u00e4ndning och f\u00e5 svar om pris p\u00e5 mail.<\/p>","protected":false},"author":1,"featured_media":6141,"parent":0,"menu_order":0,"comment_status":"closed","ping_status":"closed","template":"","meta":{"_acf_changed":false,"footnotes":""},"class_list":["post-7442","page","type-page","status-publish","has-post-thumbnail","hentry"],"acf":[],"_links":{"self":[{"href":"https:\/\/tullify.se\/nb\/wp-json\/wp\/v2\/pages\/7442","targetHints":{"allow":["GET"]}}],"collection":[{"href":"https:\/\/tullify.se\/nb\/wp-json\/wp\/v2\/pages"}],"about":[{"href":"https:\/\/tullify.se\/nb\/wp-json\/wp\/v2\/types\/page"}],"author":[{"embeddable":true,"href":"https:\/\/tullify.se\/nb\/wp-json\/wp\/v2\/users\/1"}],"replies":[{"embeddable":true,"href":"https:\/\/tullify.se\/nb\/wp-json\/wp\/v2\/comments?post=7442"}],"version-history":[{"count":88,"href":"https:\/\/tullify.se\/nb\/wp-json\/wp\/v2\/pages\/7442\/revisions"}],"predecessor-version":[{"id":8456,"href":"https:\/\/tullify.se\/nb\/wp-json\/wp\/v2\/pages\/7442\/revisions\/8456"}],"wp:featuredmedia":[{"embeddable":true,"href":"https:\/\/tullify.se\/nb\/wp-json\/wp\/v2\/media\/6141"}],"wp:attachment":[{"href":"https:\/\/tullify.se\/nb\/wp-json\/wp\/v2\/media?parent=7442"}],"curies":[{"name":"wp","href":"https:\/\/api.w.org\/{rel}","templated":true}]}}