{"id":7523,"date":"2025-05-12T08:14:12","date_gmt":"2025-05-12T08:14:12","guid":{"rendered":"https:\/\/tullify.se\/?page_id=7523"},"modified":"2025-05-19T14:28:31","modified_gmt":"2025-05-19T14:28:31","slug":"takk","status":"publish","type":"page","link":"https:\/\/tullify.se\/nb\/tack\/","title":{"rendered":"Takk for foresp\u00f8rselen din."},"content":{"rendered":"<div data-elementor-type=\"wp-page\" data-elementor-id=\"7523\" class=\"elementor elementor-7523\" data-elementor-post-type=\"page\">\n\t\t\t\t<div class=\"elementor-element elementor-element-6447528 e-flex e-con-boxed e-con e-parent\" data-id=\"6447528\" data-element_type=\"container\" data-e-type=\"container\">\n\t\t\t\t\t<div class=\"e-con-inner\">\n\t\t\t\t<div class=\"elementor-element elementor-element-691000b elementor-widget elementor-widget-text-editor\" data-id=\"691000b\" data-element_type=\"widget\" data-e-type=\"widget\" data-widget_type=\"text-editor.default\">\n\t\t\t\t\t\t\t\t\t<h1>Takk for foresp\u00f8rselen din.<\/h1><hr \/><p>Vi vil kontakte deg s\u00e5 snart som mulig.<\/p>\t\t\t\t\t\t\t\t<\/div>\n\t\t\t\t<div class=\"elementor-element elementor-element-ac18413 elementor-align-center elementor-widget elementor-widget-button\" data-id=\"ac18413\" data-element_type=\"widget\" data-e-type=\"widget\" data-widget_type=\"button.default\">\n\t\t\t\t\t\t\t\t\t\t<a class=\"elementor-button elementor-button-link elementor-size-sm\" href=\"https:\/\/tullify.se\/nb\">\n\t\t\t\t\t\t<span class=\"elementor-button-content-wrapper\">\n\t\t\t\t\t\t\t\t\t<span class=\"elementor-button-text\">G\u00e5 til hjemmesiden<\/span>\n\t\t\t\t\t<\/span>\n\t\t\t\t\t<\/a>\n\t\t\t\t\t\t\t\t<\/div>\n\t\t\t\t<div class=\"elementor-element elementor-element-eca068c elementor-widget elementor-widget-text-editor\" data-id=\"eca068c\" data-element_type=\"widget\" data-e-type=\"widget\" data-widget_type=\"text-editor.default\">\n\t\t\t\t\t\t\t\t\t<p>Hvis du har sp\u00f8rsm\u00e5l eller andre tollrelaterte problemer du trenger hjelp med, ikke n\u00f8l med \u00e5 kontakte oss p\u00e5 <a href=\"mailto:info@tullify.se\">info@tullify.se<\/a> s\u00e5 hjelper vi deg.<\/p>\t\t\t\t\t\t\t\t<\/div>\n\t\t\t\t\t<\/div>\n\t\t\t\t<\/div>\n\t\t\t\t<\/div>","protected":false},"excerpt":{"rendered":"<p>Tack f\u00f6r din f\u00f6rfr\u00e5gan Vi \u00e5terkommer s\u00e5 snart som m\u00f6jligt. G\u00e5 till startsidan Om du har n\u00e5gra fr\u00e5gor eller andra tullrelaterade fr\u00e5gor du beh\u00f6ver hj\u00e4lp med, tveka inte att kontakta oss p\u00e5 info@tullify.se s\u00e5 hj\u00e4lper vi dig.<\/p>","protected":false},"author":1,"featured_media":0,"parent":0,"menu_order":0,"comment_status":"closed","ping_status":"closed","template":"","meta":{"_acf_changed":false,"footnotes":""},"class_list":["post-7523","page","type-page","status-publish","hentry"],"acf":[],"_links":{"self":[{"href":"https:\/\/tullify.se\/nb\/wp-json\/wp\/v2\/pages\/7523","targetHints":{"allow":["GET"]}}],"collection":[{"href":"https:\/\/tullify.se\/nb\/wp-json\/wp\/v2\/pages"}],"about":[{"href":"https:\/\/tullify.se\/nb\/wp-json\/wp\/v2\/types\/page"}],"author":[{"embeddable":true,"href":"https:\/\/tullify.se\/nb\/wp-json\/wp\/v2\/users\/1"}],"replies":[{"embeddable":true,"href":"https:\/\/tullify.se\/nb\/wp-json\/wp\/v2\/comments?post=7523"}],"version-history":[{"count":20,"href":"https:\/\/tullify.se\/nb\/wp-json\/wp\/v2\/pages\/7523\/revisions"}],"predecessor-version":[{"id":9366,"href":"https:\/\/tullify.se\/nb\/wp-json\/wp\/v2\/pages\/7523\/revisions\/9366"}],"wp:attachment":[{"href":"https:\/\/tullify.se\/nb\/wp-json\/wp\/v2\/media?parent=7523"}],"curies":[{"name":"wp","href":"https:\/\/api.w.org\/{rel}","templated":true}]}}