{"id":8529,"date":"2025-05-22T11:54:18","date_gmt":"2025-05-22T09:54:18","guid":{"rendered":"https:\/\/tullify.se\/?page_id=8529"},"modified":"2025-06-27T10:53:16","modified_gmt":"2025-06-27T08:53:16","slug":"takk-for-fullmakten","status":"publish","type":"page","link":"https:\/\/tullify.se\/nb\/tack-for-fullmakt\/","title":{"rendered":"Tack f\u00f6r fullmakten"},"content":{"rendered":"<div data-elementor-type=\"wp-page\" data-elementor-id=\"8529\" class=\"elementor elementor-8529\" data-elementor-post-type=\"page\">\n\t\t\t\t<div class=\"elementor-element elementor-element-6447528 e-flex e-con-boxed e-con e-parent\" data-id=\"6447528\" data-element_type=\"container\" data-e-type=\"container\">\n\t\t\t\t\t<div class=\"e-con-inner\">\n\t\t\t\t<div class=\"elementor-element elementor-element-691000b elementor-widget elementor-widget-text-editor\" data-id=\"691000b\" data-element_type=\"widget\" data-e-type=\"widget\" data-widget_type=\"text-editor.default\">\n\t\t\t\t\t\t\t\t\t<h1>Takk for fullmakten!<\/h1>\t\t\t\t\t\t\t\t<\/div>\n\t\t\t\t<div class=\"elementor-element elementor-element-ac18413 elementor-align-center elementor-widget elementor-widget-button\" data-id=\"ac18413\" data-element_type=\"widget\" data-e-type=\"widget\" data-widget_type=\"button.default\">\n\t\t\t\t\t\t\t\t\t\t<a class=\"elementor-button elementor-button-link elementor-size-sm\" href=\"https:\/\/tullify.se\/nb\">\n\t\t\t\t\t\t<span class=\"elementor-button-content-wrapper\">\n\t\t\t\t\t\t\t\t\t<span class=\"elementor-button-text\">G\u00e5 til hjemmesiden<\/span>\n\t\t\t\t\t<\/span>\n\t\t\t\t\t<\/a>\n\t\t\t\t\t\t\t\t<\/div>\n\t\t\t\t<div class=\"elementor-element elementor-element-eca068c elementor-widget elementor-widget-text-editor\" data-id=\"eca068c\" data-element_type=\"widget\" data-e-type=\"widget\" data-widget_type=\"text-editor.default\">\n\t\t\t\t\t\t\t\t\t<p>Hvis du har sp\u00f8rsm\u00e5l eller andre tollrelaterte problemer du trenger hjelp med, ikke n\u00f8l med \u00e5 kontakte oss p\u00e5 <a href=\"mailto:info@tullify.se\">info@tullify.se<\/a> s\u00e5 hjelper vi deg.<\/p>\t\t\t\t\t\t\t\t<\/div>\n\t\t\t\t\t<\/div>\n\t\t\t\t<\/div>\n\t\t\t\t<\/div>","protected":false},"excerpt":{"rendered":"<p>Tack f\u00f6r fullmakten! G\u00e5 till startsidan Om du har n\u00e5gra fr\u00e5gor eller andra tullrelaterade fr\u00e5gor du beh\u00f6ver hj\u00e4lp med, tveka inte att kontakta oss p\u00e5 info@tullify.se s\u00e5 hj\u00e4lper vi dig.<\/p>","protected":false},"author":3,"featured_media":8355,"parent":0,"menu_order":0,"comment_status":"closed","ping_status":"closed","template":"","meta":{"_acf_changed":false,"footnotes":""},"class_list":["post-8529","page","type-page","status-publish","has-post-thumbnail","hentry"],"acf":[],"_links":{"self":[{"href":"https:\/\/tullify.se\/nb\/wp-json\/wp\/v2\/pages\/8529","targetHints":{"allow":["GET"]}}],"collection":[{"href":"https:\/\/tullify.se\/nb\/wp-json\/wp\/v2\/pages"}],"about":[{"href":"https:\/\/tullify.se\/nb\/wp-json\/wp\/v2\/types\/page"}],"author":[{"embeddable":true,"href":"https:\/\/tullify.se\/nb\/wp-json\/wp\/v2\/users\/3"}],"replies":[{"embeddable":true,"href":"https:\/\/tullify.se\/nb\/wp-json\/wp\/v2\/comments?post=8529"}],"version-history":[{"count":5,"href":"https:\/\/tullify.se\/nb\/wp-json\/wp\/v2\/pages\/8529\/revisions"}],"predecessor-version":[{"id":9367,"href":"https:\/\/tullify.se\/nb\/wp-json\/wp\/v2\/pages\/8529\/revisions\/9367"}],"wp:featuredmedia":[{"embeddable":true,"href":"https:\/\/tullify.se\/nb\/wp-json\/wp\/v2\/media\/8355"}],"wp:attachment":[{"href":"https:\/\/tullify.se\/nb\/wp-json\/wp\/v2\/media?parent=8529"}],"curies":[{"name":"wp","href":"https:\/\/api.w.org\/{rel}","templated":true}]}}