{"id":8703,"date":"2025-05-27T15:14:48","date_gmt":"2025-05-27T13:14:48","guid":{"rendered":"https:\/\/tullify.se\/?page_id=8703"},"modified":"2025-05-27T15:48:21","modified_gmt":"2025-05-27T13:48:21","slug":"tv-en","status":"publish","type":"page","link":"https:\/\/tullify.se\/nb\/tvd\/","title":{"rendered":"Opprett tollverdideklarasjon"},"content":{"rendered":"\t\t<div data-elementor-type=\"wp-page\" data-elementor-id=\"8703\" class=\"elementor elementor-8703\" data-elementor-post-type=\"page\">\n\t\t\t\t<div class=\"elementor-element elementor-element-225c2a3 e-con-full e-flex e-con e-parent\" data-id=\"225c2a3\" data-element_type=\"container\" data-e-type=\"container\">\n\t\t\t\t<div class=\"elementor-element elementor-element-cdd22c6 elementor-widget elementor-widget-template\" data-id=\"cdd22c6\" data-element_type=\"widget\" data-e-type=\"widget\" data-widget_type=\"template.default\">\n\t\t\t\t<div class=\"elementor-widget-container\">\n\t\t\t\t\t\t\t<div class=\"elementor-template\">\n\t\t\t\t\t<div data-elementor-type=\"container\" data-elementor-id=\"2040\" class=\"elementor elementor-2040\" data-elementor-post-type=\"elementor_library\">\n\t\t\t\t<div class=\"elementor-element elementor-element-44d9dce4 e-flex e-con-boxed e-con e-parent\" data-id=\"44d9dce4\" data-element_type=\"container\" data-e-type=\"container\" data-settings=\"{&quot;motion_fx_motion_fx_scrolling&quot;:&quot;yes&quot;,&quot;motion_fx_devices&quot;:[&quot;desktop&quot;,&quot;tablet&quot;,&quot;mobile&quot;]}\">\n\t\t\t\t\t<div class=\"e-con-inner\">\n\t\t\t\t<div class=\"elementor-element elementor-element-7642a86e elementor-widget elementor-widget-heading\" data-id=\"7642a86e\" data-element_type=\"widget\" data-e-type=\"widget\" data-widget_type=\"heading.default\">\n\t\t\t\t\t<h1 class=\"elementor-heading-title elementor-size-default\">Skapa Tullv\u00e4rdedeklaration<\/h1>\t\t\t\t<\/div>\n\t\t\t\t\t<\/div>\n\t\t\t\t<\/div>\n\t\t\t\t<\/div>\n\t\t\t\t<\/div>\n\t\t\t\t\t\t<\/div>\n\t\t\t\t<\/div>\n\t\t\t\t<\/div>\n\t\t<div class=\"elementor-element elementor-element-21779c7 e-flex e-con-boxed e-con e-parent\" data-id=\"21779c7\" data-element_type=\"container\" data-e-type=\"container\">\n\t\t\t\t\t<div class=\"e-con-inner\">\n\t\t<div class=\"elementor-element elementor-element-0005983 e-con-full e-flex e-con e-child\" data-id=\"0005983\" data-element_type=\"container\" data-e-type=\"container\" data-settings=\"{&quot;background_background&quot;:&quot;classic&quot;}\">\n\t\t<div class=\"elementor-element elementor-element-553af6d e-con-full e-flex e-con e-child\" data-id=\"553af6d\" data-element_type=\"container\" data-e-type=\"container\">\n\t\t\t\t<div class=\"elementor-element elementor-element-49a2f83 lucide elementor-view-default elementor-widget elementor-widget-icon\" data-id=\"49a2f83\" data-element_type=\"widget\" data-e-type=\"widget\" data-widget_type=\"icon.default\">\n\t\t\t\t\t\t\t<div class=\"elementor-icon-wrapper\">\n\t\t\t<div class=\"elementor-icon\">\n\t\t\t<svg xmlns=\"http:\/\/www.w3.org\/2000\/svg\" width=\"24\" height=\"24\" viewBox=\"0 0 24 24\" fill=\"none\" stroke=\"currentColor\" stroke-width=\"2\" stroke-linecap=\"round\" stroke-linejoin=\"round\" class=\"lucide lucide-file-symlink-icon lucide-file-symlink\"><path d=\"m10 18 3-3-3-3\"><\/path><path d=\"M14 2v4a2 2 0 0 0 2 2h4\"><\/path><path d=\"M4 11V4a2 2 0 0 1 2-2h9l5 5v13a2 2 0 0 1-2 2H6a2 2 0 0 1-2-2v-3a2 2 0 0 1 2-2h7\"><\/path><\/svg>\t\t\t<\/div>\n\t\t<\/div>\n\t\t\t\t\t\t<\/div>\n\t\t\t\t<div class=\"elementor-element elementor-element-b94f2d4 elementor-widget__width-inherit elementor-widget elementor-widget-heading\" data-id=\"b94f2d4\" data-element_type=\"widget\" data-e-type=\"widget\" data-widget_type=\"heading.default\">\n\t\t\t\t\t<h3 class=\"elementor-heading-title elementor-size-default\">TULLV\u00c4RDEDEKLARATION<\/h3>\t\t\t\t<\/div>\n\t\t\t\t<\/div>\n\t\t\t\t<div class=\"elementor-element elementor-element-5ec4fd8 elementor-mobile-button-align-stretch elementor-button-align-stretch elementor-widget elementor-widget-form\" data-id=\"5ec4fd8\" data-element_type=\"widget\" data-e-type=\"widget\" data-settings=\"{&quot;step_next_label&quot;:&quot;Next&quot;,&quot;step_previous_label&quot;:&quot;Previous&quot;,&quot;button_width&quot;:&quot;100&quot;,&quot;step_type&quot;:&quot;number_text&quot;,&quot;step_icon_shape&quot;:&quot;circle&quot;}\" data-widget_type=\"form.default\">\n\t\t\t\t\t\t\t<form class=\"elementor-form\" method=\"post\" name=\"Tullv\u00e4rdedeklaration\" aria-label=\"Tullv\u00e4rdedeklaration\">\n\t\t\t<input type=\"hidden\" name=\"post_id\" value=\"8703\"\/>\n\t\t\t<input type=\"hidden\" name=\"form_id\" value=\"5ec4fd8\"\/>\n\t\t\t<input type=\"hidden\" name=\"referer_title\" value=\"\" \/>\n\n\t\t\t\n\t\t\t<div class=\"elementor-form-fields-wrapper elementor-labels-above\">\n\t\t\t\t\t\t\t\t<div class=\"elementor-field-type-textarea elementor-field-group elementor-column elementor-field-group-name elementor-col-40 elementor-field-required elementor-mark-required\">\n\t\t\t\t\t\t\t\t\t\t\t\t<label for=\"form-field-name\" class=\"elementor-field-label\">\n\t\t\t\t\t\t\t\tS\u00e4ljarens namn och adress\t\t\t\t\t\t\t<\/label>\n\t\t\t\t\t\t<textarea class=\"elementor-field-textual elementor-field  elementor-size-lg\" name=\"form_fields[name]\" id=\"form-field-name\" rows=\"4\" placeholder=\"F\u00f6retagsnamn och adress\" required=\"required\"><\/textarea>\t\t\t\t<\/div>\n\t\t\t\t\t\t\t\t<div class=\"elementor-field-type-textarea elementor-field-group elementor-column elementor-field-group-email elementor-col-40 elementor-field-required elementor-mark-required\">\n\t\t\t\t\t\t\t\t\t\t\t\t<label for=\"form-field-email\" class=\"elementor-field-label\">\n\t\t\t\t\t\t\t\tImport\u00f6rens namn och adress\t\t\t\t\t\t\t<\/label>\n\t\t\t\t\t\t<textarea class=\"elementor-field-textual elementor-field  elementor-size-lg\" name=\"form_fields[email]\" id=\"form-field-email\" rows=\"4\" placeholder=\"F\u00f6retagsnamn och adress\" required=\"required\"><\/textarea>\t\t\t\t<\/div>\n\t\t\t\t\t\t\t\t<div class=\"elementor-field-type-text elementor-field-group elementor-column elementor-field-group-field_2e9bb82 elementor-col-33 elementor-field-required elementor-mark-required\">\n\t\t\t\t\t\t\t\t\t\t\t\t<label for=\"form-field-field_2e9bb82\" class=\"elementor-field-label\">\n\t\t\t\t\t\t\t\tEORI-nummer\t\t\t\t\t\t\t<\/label>\n\t\t\t\t\t\t\t\t\t\t\t\t\t\t<input size=\"1\" type=\"text\" name=\"form_fields[field_2e9bb82]\" id=\"form-field-field_2e9bb82\" class=\"elementor-field elementor-size-lg  elementor-field-textual\" placeholder=\"Import\u00f6rens EORI-nummer\" required=\"required\">\n\t\t\t\t\t\t\t\t\t\t\t<\/div>\n\t\t\t\t\t\t\t\t<div class=\"elementor-field-type-select elementor-field-group elementor-column elementor-field-group-field_0d523e0 elementor-col-33 elementor-field-required elementor-mark-required\">\n\t\t\t\t\t\t\t\t\t\t\t\t<label for=\"form-field-field_0d523e0\" class=\"elementor-field-label\">\n\t\t\t\t\t\t\t\tIncoterms\t\t\t\t\t\t\t<\/label>\n\t\t\t\t\t\t\t\t<div class=\"elementor-field elementor-select-wrapper remove-before \">\n\t\t\t<div class=\"select-caret-down-wrapper\">\n\t\t\t\t<svg aria-hidden=\"true\" class=\"e-font-icon-svg e-eicon-caret-down\" viewBox=\"0 0 571.4 571.4\" xmlns=\"http:\/\/www.w3.org\/2000\/svg\"><path d=\"M571 393Q571 407 561 418L311 668Q300 679 286 679T261 668L11 418Q0 407 0 393T11 368 36 357H536Q550 357 561 368T571 393Z\"><\/path><\/svg>\t\t\t<\/div>\n\t\t\t<select name=\"form_fields[field_0d523e0]\" id=\"form-field-field_0d523e0\" class=\"elementor-field-textual elementor-size-lg\" required=\"required\">\n\t\t\t\t\t\t\t\t\t<option value=\"DAP\">DAP<\/option>\n\t\t\t\t\t\t\t\t\t<option value=\"DDP\">DDP<\/option>\n\t\t\t\t\t\t\t\t\t<option value=\"EXW\">EXW<\/option>\n\t\t\t\t\t\t\t\t\t<option value=\"FCA\">FCA<\/option>\n\t\t\t\t\t\t\t\t\t<option value=\"CIP\">CIP<\/option>\n\t\t\t\t\t\t\t\t\t<option value=\"CPT\">CPT<\/option>\n\t\t\t\t\t\t\t\t\t<option value=\"CFR\">CFR<\/option>\n\t\t\t\t\t\t\t<\/select>\n\t\t<\/div>\n\t\t\t\t\t\t<\/div>\n\t\t\t\t\t\t\t\t<div class=\"elementor-field-type-text elementor-field-group elementor-column elementor-field-group-field_5041d9a elementor-col-33 elementor-field-required elementor-mark-required\">\n\t\t\t\t\t\t\t\t\t\t\t\t<label for=\"form-field-field_5041d9a\" class=\"elementor-field-label\">\n\t\t\t\t\t\t\t\tFakturanummer och datum\t\t\t\t\t\t\t<\/label>\n\t\t\t\t\t\t\t\t\t\t\t\t\t\t<input size=\"1\" type=\"text\" name=\"form_fields[field_5041d9a]\" id=\"form-field-field_5041d9a\" class=\"elementor-field elementor-size-lg  elementor-field-textual\" placeholder=\"Fyll i fakturans referens och datum\" required=\"required\">\n\t\t\t\t\t\t\t\t\t\t\t<\/div>\n\t\t\t\t\t\t\t\t<div class=\"elementor-field-type-checkbox elementor-field-group elementor-column elementor-field-group-field_5966868 elementor-col-100\">\n\t\t\t\t\t\t\t\t\t\t\t\t<label for=\"form-field-field_5966868\" class=\"elementor-field-label\">\n\t\t\t\t\t\t\t\t\u00c4r k\u00f6paren och s\u00e4ljaren n\u00e4rst\u00e5ende i den mening som avses i artikel 127(*) i genomf\u00f6randef\u00f6rordning (EU) nr 2015\/2447?\t\t\t\t\t\t\t<\/label>\n\t\t\t\t\t\t<div class=\"elementor-field-subgroup  elementor-subgroup-inline\"><span class=\"elementor-field-option\"><input type=\"checkbox\" value=\"Ja\" id=\"form-field-field_5966868-0\" name=\"form_fields[field_5966868][]\"> <label for=\"form-field-field_5966868-0\">Ja<\/label><\/span><span class=\"elementor-field-option\"><input type=\"checkbox\" value=\"Nej\" id=\"form-field-field_5966868-1\" name=\"form_fields[field_5966868][]\"> <label for=\"form-field-field_5966868-1\">Nej<\/label><\/span><\/div>\t\t\t\t<\/div>\n\t\t\t\t\t\t\t\t<div class=\"elementor-field-type-checkbox elementor-field-group elementor-column elementor-field-group-field_b1f977d elementor-col-100\">\n\t\t\t\t\t\t\t\t\t\t\t\t<label for=\"form-field-field_b1f977d\" class=\"elementor-field-label\">\n\t\t\t\t\t\t\t\tFinns det n\u00e5gra INSKR\u00c4NKNINGAR n\u00e4r det g\u00e4ller f\u00f6rfogande eller anv\u00e4ndning av varan, andra \u00e4n s\u00e5dana som - inf\u00f6rs eller kr\u00e4vs enligt lag eller av de offentliga myndigheterna i unionen, eller - begr\u00e4nsar det geografiska omr\u00e5de inom vilket varorna f\u00e5r \u00e5terf\u00f6rs\u00e4ljas, eller som inte - v\u00e4sentligt p\u00e5verkar varornas v\u00e4rde?\t\t\t\t\t\t\t<\/label>\n\t\t\t\t\t\t<div class=\"elementor-field-subgroup  elementor-subgroup-inline\"><span class=\"elementor-field-option\"><input type=\"checkbox\" value=\"Ja\" id=\"form-field-field_b1f977d-0\" name=\"form_fields[field_b1f977d][]\"> <label for=\"form-field-field_b1f977d-0\">Ja<\/label><\/span><span class=\"elementor-field-option\"><input type=\"checkbox\" value=\"Nej\" id=\"form-field-field_b1f977d-1\" name=\"form_fields[field_b1f977d][]\"> <label for=\"form-field-field_b1f977d-1\">Nej<\/label><\/span><\/div>\t\t\t\t<\/div>\n\t\t\t\t\t\t\t\t<div class=\"elementor-field-type-checkbox elementor-field-group elementor-column elementor-field-group-field_df539c6 elementor-col-100\">\n\t\t\t\t\t\t\t\t\t\t\t\t<label for=\"form-field-field_df539c6\" class=\"elementor-field-label\">\n\t\t\t\t\t\t\t\t\u00c4r f\u00f6rs\u00e4ljningen eller priset underkastat n\u00e5got VILLKOR eller n\u00e5gon ERS\u00c4TTNING f\u00f6r vilket ett v\u00e4rde inte kan fastst\u00e4llas med avseende p\u00e5 de varor som omfattas av tullv\u00e4rderingen? \t\t\t\t\t\t\t<\/label>\n\t\t\t\t\t\t<div class=\"elementor-field-subgroup  elementor-subgroup-inline\"><span class=\"elementor-field-option\"><input type=\"checkbox\" value=\"Ja\" id=\"form-field-field_df539c6-0\" name=\"form_fields[field_df539c6][]\"> <label for=\"form-field-field_df539c6-0\">Ja<\/label><\/span><span class=\"elementor-field-option\"><input type=\"checkbox\" value=\"Nej\" id=\"form-field-field_df539c6-1\" name=\"form_fields[field_df539c6][]\"> <label for=\"form-field-field_df539c6-1\">Nej<\/label><\/span><\/div>\t\t\t\t<\/div>\n\t\t\t\t\t\t\t\t<div class=\"elementor-field-type-checkbox elementor-field-group elementor-column elementor-field-group-field_4425c25 elementor-col-100\">\n\t\t\t\t\t\t\t\t\t\t\t\t<label for=\"form-field-field_4425c25\" class=\"elementor-field-label\">\n\t\t\t\t\t\t\t\tIng\u00e5r i k\u00f6pevillkoret n\u00e5gra ROYALTYER eller LICENSAVGIFTER f\u00f6r de importerade varorna, som ska betalas antingen direkt eller indirekt av k\u00f6paren?\t\t\t\t\t\t\t<\/label>\n\t\t\t\t\t\t<div class=\"elementor-field-subgroup  elementor-subgroup-inline\"><span class=\"elementor-field-option\"><input type=\"checkbox\" value=\"Ja\" id=\"form-field-field_4425c25-0\" name=\"form_fields[field_4425c25][]\"> <label for=\"form-field-field_4425c25-0\">Ja<\/label><\/span><span class=\"elementor-field-option\"><input type=\"checkbox\" value=\"Nej\" id=\"form-field-field_4425c25-1\" name=\"form_fields[field_4425c25][]\"> <label for=\"form-field-field_4425c25-1\">Nej<\/label><\/span><\/div>\t\t\t\t<\/div>\n\t\t\t\t\t\t\t\t<div class=\"elementor-field-type-checkbox elementor-field-group elementor-column elementor-field-group-field_8f32c82 elementor-col-100\">\n\t\t\t\t\t\t\t\t\t\t\t\t<label for=\"form-field-field_8f32c82\" class=\"elementor-field-label\">\n\t\t\t\t\t\t\t\t\u00c4r f\u00f6rs\u00e4ljningen eller priset f\u00f6rem\u00e5l f\u00f6r en ordning enligt vilken en del av f\u00f6rtj\u00e4nsten av varje senare \u00c5TERF\u00d6RS\u00c4LJNING, AVYTTRING ELLER ANV\u00c4NDNING av varorna direkt eller indirekt tillfaller s\u00e4ljaren? \t\t\t\t\t\t\t<\/label>\n\t\t\t\t\t\t<div class=\"elementor-field-subgroup  elementor-subgroup-inline\"><span class=\"elementor-field-option\"><input type=\"checkbox\" value=\"Ja\" id=\"form-field-field_8f32c82-0\" name=\"form_fields[field_8f32c82][]\"> <label for=\"form-field-field_8f32c82-0\">Ja<\/label><\/span><span class=\"elementor-field-option\"><input type=\"checkbox\" value=\"Nej\" id=\"form-field-field_8f32c82-1\" name=\"form_fields[field_8f32c82][]\"> <label for=\"form-field-field_8f32c82-1\">Nej<\/label><\/span><\/div>\t\t\t\t<\/div>\n\t\t\t\t\t\t\t\t<div class=\"elementor-field-type-acceptance elementor-field-group elementor-column elementor-field-group-field_83f6069 elementor-col-100 elementor-field-required elementor-mark-required\">\n\t\t\t\t\t\t\t<div class=\"elementor-field-subgroup\">\n\t\t\t<span class=\"elementor-field-option\">\n\t\t\t\t<input type=\"checkbox\" name=\"form_fields[field_83f6069]\" id=\"form-field-field_83f6069\" class=\"elementor-field elementor-size-lg  elementor-acceptance-field\" required=\"required\">\n\t\t\t\t<label for=\"form-field-field_83f6069\">Jag bekr\u00e4ftar att informationen jag angivit \u00e4r korrekt<\/label>\t\t\t<\/span>\n\t\t<\/div>\n\t\t\t\t\t\t<\/div>\n\t\t\t\t\t\t\t\t<div class=\"elementor-field-group elementor-column elementor-field-type-submit elementor-col-100 e-form__buttons\">\n\t\t\t\t\t<button class=\"elementor-button elementor-size-md\" type=\"submit\">\n\t\t\t\t\t\t<span class=\"elementor-button-content-wrapper\">\n\t\t\t\t\t\t\t\t\t\t\t\t\t\t\t\t\t\t\t\t\t\t<span class=\"elementor-button-text\">Skicka<\/span>\n\t\t\t\t\t\t\t\t\t\t\t\t\t<\/span>\n\t\t\t\t\t<\/button>\n\t\t\t\t<\/div>\n\t\t\t<\/div>\n\t\t<\/form>\n\t\t\t\t\t\t<\/div>\n\t\t\t\t<\/div>\n\t\t\t\t\t<\/div>\n\t\t\t\t<\/div>\n\t\t\t\t<\/div>\n\t\t","protected":false},"excerpt":{"rendered":"<p>TOLLVERDIDEKLARASJON<\/p>","protected":false},"author":3,"featured_media":6141,"parent":0,"menu_order":0,"comment_status":"closed","ping_status":"closed","template":"","meta":{"_acf_changed":false,"footnotes":""},"class_list":["post-8703","page","type-page","status-publish","has-post-thumbnail","hentry"],"acf":[],"_links":{"self":[{"href":"https:\/\/tullify.se\/nb\/wp-json\/wp\/v2\/pages\/8703","targetHints":{"allow":["GET"]}}],"collection":[{"href":"https:\/\/tullify.se\/nb\/wp-json\/wp\/v2\/pages"}],"about":[{"href":"https:\/\/tullify.se\/nb\/wp-json\/wp\/v2\/types\/page"}],"author":[{"embeddable":true,"href":"https:\/\/tullify.se\/nb\/wp-json\/wp\/v2\/users\/3"}],"replies":[{"embeddable":true,"href":"https:\/\/tullify.se\/nb\/wp-json\/wp\/v2\/comments?post=8703"}],"version-history":[{"count":11,"href":"https:\/\/tullify.se\/nb\/wp-json\/wp\/v2\/pages\/8703\/revisions"}],"predecessor-version":[{"id":9365,"href":"https:\/\/tullify.se\/nb\/wp-json\/wp\/v2\/pages\/8703\/revisions\/9365"}],"wp:featuredmedia":[{"embeddable":true,"href":"https:\/\/tullify.se\/nb\/wp-json\/wp\/v2\/media\/6141"}],"wp:attachment":[{"href":"https:\/\/tullify.se\/nb\/wp-json\/wp\/v2\/media?parent=8703"}],"curies":[{"name":"wp","href":"https:\/\/api.w.org\/{rel}","templated":true}]}}