{"id":9145,"date":"2025-09-09T15:02:48","date_gmt":"2025-09-09T13:02:48","guid":{"rendered":"https:\/\/tullify.se\/?page_id=9145"},"modified":"2025-09-11T15:11:21","modified_gmt":"2025-09-11T13:11:21","slug":"jobb-teknologidirektor","status":"publish","type":"page","link":"https:\/\/tullify.se\/nb\/jobb-cto\/","title":{"rendered":"Teknisk direkt\u00f8r"},"content":{"rendered":"<div data-elementor-type=\"wp-page\" data-elementor-id=\"9145\" class=\"elementor elementor-9145\" data-elementor-post-type=\"page\">\n\t\t\t\t<div class=\"elementor-element elementor-element-12c2005 e-flex e-con-boxed e-con e-parent\" data-id=\"12c2005\" data-element_type=\"container\" data-e-type=\"container\">\n\t\t\t\t\t<div class=\"e-con-inner\">\n\t\t\t\t<div class=\"elementor-element elementor-element-6572fa9 elementor-widget elementor-widget-spacer\" data-id=\"6572fa9\" data-element_type=\"widget\" data-e-type=\"widget\" data-widget_type=\"spacer.default\">\n\t\t\t\t\t\t\t<div class=\"elementor-spacer\">\n\t\t\t<div class=\"elementor-spacer-inner\"><\/div>\n\t\t<\/div>\n\t\t\t\t\t\t<\/div>\n\t\t\t\t<div class=\"elementor-element elementor-element-0973393 elementor-widget elementor-widget-heading\" data-id=\"0973393\" data-element_type=\"widget\" data-e-type=\"widget\" data-widget_type=\"heading.default\">\n\t\t\t\t\t<h2 class=\"elementor-heading-title elementor-size-default\">CTO \/ Teknisk leder innen AI og programmering<\/h2>\t\t\t\t<\/div>\n\t\t\t\t<div class=\"elementor-element elementor-element-9042a60 elementor-widget elementor-widget-spacer\" data-id=\"9042a60\" data-element_type=\"widget\" data-e-type=\"widget\" data-widget_type=\"spacer.default\">\n\t\t\t\t\t\t\t<div class=\"elementor-spacer\">\n\t\t\t<div class=\"elementor-spacer-inner\"><\/div>\n\t\t<\/div>\n\t\t\t\t\t\t<\/div>\n\t\t\t\t<div class=\"elementor-element elementor-element-fa55587 elementor-widget elementor-widget-text-editor\" data-id=\"fa55587\" data-element_type=\"widget\" data-e-type=\"widget\" data-widget_type=\"text-editor.default\">\n\t\t\t\t\t\t\t\t\t<p><strong>\ud83d\ude80 Vi ser etter en CTO\/teknisk leder innen AI og programmering<\/strong><\/p><p><strong>Sted:<\/strong> Fleksibel \/ hybrid<br \/><strong>Ansettelsestype:<\/strong> Heltid<\/p><p><strong>Om oss<\/strong><\/p><p>Vi p\u00e5 <strong>Tullify<\/strong> er et innovativt selskap som brenner for \u00e5 utvikle smarte, datadrevne l\u00f8sninger som forenkler og forbedrer kundenes hverdag. Vi er inne i en spennende ekspansjonsfase og ser n\u00e5 etter en <strong>CTO\/Teknisk leder<\/strong> som \u00f8nsker \u00e5 bli med oss i \u00e5 bygge fremtidens tekniske plattform.<\/p><p><strong>Rollen<\/strong><\/p><p>Hos oss bygger du nye ting \u2013 fra f\u00f8rste kodelinje. Ingen eldre kode, men frihet til \u00e5 forme arkitekturen, stakken og arbeidsmetodene for et banebrytende system som vil skaleres i flere land. Liker du \u00e5 skape nye ting? Som v\u00e5r CTO f\u00e5r du eie reisen fra id\u00e9 til global utrulling \u2013 med de beste mulige forutsetningene for \u00e5 bygge et fremtidssikkert og banebrytende system.<\/p><p>Som v\u00e5r tekniske direkt\u00f8r vil du ha det overordnede ansvaret for v\u00e5r tekniske strategi og arkitektur. Du vil:<\/p><ul style=\"font-weight: 400;\"><li><p>Lede og utvikle v\u00e5rt tekniske team.<\/p><\/li><li><p>Ansvarlig for valg av tekniske rammeverk og verkt\u00f8y.<\/p><\/li><li><p>S\u00f8rg for h\u00f8y kvalitet og skalerbarhet i produktene v\u00e5re.<\/p><\/li><li><p>Driv utviklingen innen AI og maskinl\u00e6ring.<\/p><\/li><li><p>Bygg en langsiktig teknologisk veikart i tett dialog med ledelsen og forretningssiden.<\/p><\/li><li><p>Utvikle og effektivisere v\u00e5re n\u00e5v\u00e6rende arbeidsrutiner.<\/p><\/li><\/ul><p><strong>Kvalifikasjoner<\/strong><\/p><p>Vi ser etter noen som har:<\/p><ul style=\"font-weight: 400;\"><li><p>Solid utdanning innen IT\/teknologi (f.eks. byggingeni\u00f8r, informatikk eller tilsvarende).<\/p><\/li><li><p>Dyp kunnskap innen programmering og systemarkitektur.<\/p><\/li><li><p>Erfaring med AI\/ML \u2013 fra modellutvikling til implementering i produksjon.<\/p><\/li><li><p>Erfaring med \u00e5 bygge og lede team innen teknologi.<\/p><\/li><li><p>Evne til \u00e5 kombinere strategisk tenkning med et \u00abpraktisk\u00bb drive.<\/p><\/li><\/ul><p><strong>Krav til AI-drevne utviklingsmetoder<\/strong><br \/>Vi ser etter en seniorutvikler som ikke bare er komfortabel med tradisjonell programmering, men som fullt ut omfavner AI-utvikling i sine arbeidsmetoder. Du ser p\u00e5 AI som en naturlig forlengelse av dine egne ferdigheter og bruker verkt\u00f8y som Claude Code eller til og med plattformer som Lovable for raskt og effektivt \u00e5 levere spesifikke l\u00f8sninger.<br \/>Dette betyr at du har muligheten til \u00e5:<br \/>\u00a0\u00a0\u00a0\u00a0\u2022 Drive utviklingsprosjekter med AI som motor gjennom hele prosessen \u2013 fra id\u00e9 til ferdig leveranse.<br \/>\u00a0\u00a0\u00a0\u00a0\u2022 Bytt mellom praktisk koding og bruk av AI-verkt\u00f8y for \u00e5 \u00f8ke produktiviteten og kvaliteten.<br \/>\u00a0\u00a0\u00a0\u00a0\u2022 Utforske, teste og implementere ny AI-st\u00f8tte for \u00e5 optimalisere teamets arbeidsflyter og skape banebrytende l\u00f8sninger.<\/p><p>Det vil v\u00e6re en fordel om du har erfaring innen:<\/p><ul style=\"font-weight: 400;\"><li><p>Skalerbare SaaS-l\u00f8sninger.<\/p><\/li><li><p>Skyinfrastruktur (AWS, Azure eller GCP).<\/p><\/li><li><p>Oppstarts-\/skaleringsmilj\u00f8er der du bygger fra bunnen av.<\/p><\/li><\/ul><p><strong>Vi tilbyr<\/strong><\/p><ul style=\"font-weight: 400;\"><li><p>Muligheten til \u00e5 sette ditt preg p\u00e5 en voksende teknologiorganisasjon.<\/p><\/li><li><p>Et entrepren\u00f8rskapsklima med korte beslutningsveier.<\/p><\/li><li><p>God plass til innovasjon, kreativitet og eget initiativ.<\/p><\/li><li><p>Konkurransedyktige vilk\u00e5r og mulighet for sameie.<\/p><\/li><\/ul><p>\u00a0<\/p><p>\u00a0<\/p><p>\u00a0<\/p><p>\ud83d\udc49 H\u00f8res dette interessant ut? Send s\u00f8knaden din til <strong><a href=\"mailto:info@tullify.se\">info@tullify.se<\/a><\/strong> og fortell oss hvorfor du er den rette personen for rollen!<\/p><p>Hvis du vil vite mer om rollen eller Tullify som selskap, kan du kontakte <strong><a href=\"mailto:richard@tullify.se\" data-outlook-id=\"7eb14b32-60af-4037-822c-d33ece0e7aa7\">richard@tullify.se<\/a>.<\/strong><\/p>\t\t\t\t\t\t\t\t<\/div>\n\t\t\t\t\t<\/div>\n\t\t\t\t<\/div>\n\t\t\t\t<\/div>","protected":false},"excerpt":{"rendered":"<p>CTO \/ Tech Lead inom AI och Programmering \ud83d\ude80 Vi s\u00f6ker en CTO \/ Tech Lead inom AI och Programmering Plats: Flexibelt \/ hybridAnst\u00e4llningsform: Heltid Om oss Vi p\u00e5 Tullify \u00e4r ett innovativt bolag som brinner f\u00f6r att utveckla smarta, datadrivna l\u00f6sningar som f\u00f6renklar och f\u00f6rb\u00e4ttrar v\u00e5ra kunders vardag. Vi befinner oss i en sp\u00e4nnande [&hellip;]<\/p>\n","protected":false},"author":3,"featured_media":8355,"parent":0,"menu_order":0,"comment_status":"closed","ping_status":"closed","template":"","meta":{"_acf_changed":false,"footnotes":""},"class_list":["post-9145","page","type-page","status-publish","has-post-thumbnail","hentry"],"acf":[],"_links":{"self":[{"href":"https:\/\/tullify.se\/nb\/wp-json\/wp\/v2\/pages\/9145","targetHints":{"allow":["GET"]}}],"collection":[{"href":"https:\/\/tullify.se\/nb\/wp-json\/wp\/v2\/pages"}],"about":[{"href":"https:\/\/tullify.se\/nb\/wp-json\/wp\/v2\/types\/page"}],"author":[{"embeddable":true,"href":"https:\/\/tullify.se\/nb\/wp-json\/wp\/v2\/users\/3"}],"replies":[{"embeddable":true,"href":"https:\/\/tullify.se\/nb\/wp-json\/wp\/v2\/comments?post=9145"}],"version-history":[{"count":27,"href":"https:\/\/tullify.se\/nb\/wp-json\/wp\/v2\/pages\/9145\/revisions"}],"predecessor-version":[{"id":9279,"href":"https:\/\/tullify.se\/nb\/wp-json\/wp\/v2\/pages\/9145\/revisions\/9279"}],"wp:featuredmedia":[{"embeddable":true,"href":"https:\/\/tullify.se\/nb\/wp-json\/wp\/v2\/media\/8355"}],"wp:attachment":[{"href":"https:\/\/tullify.se\/nb\/wp-json\/wp\/v2\/media?parent=9145"}],"curies":[{"name":"wp","href":"https:\/\/api.w.org\/{rel}","templated":true}]}}