{"id":9166,"date":"2025-09-09T15:10:22","date_gmt":"2025-09-09T13:10:22","guid":{"rendered":"https:\/\/tullify.se\/?page_id=9166"},"modified":"2025-09-10T11:27:20","modified_gmt":"2025-09-10T09:27:20","slug":"jobb-cpa","status":"publish","type":"page","link":"https:\/\/tullify.se\/nb\/jobb-cpa\/","title":{"rendered":"Tolladministrator"},"content":{"rendered":"<div data-elementor-type=\"wp-page\" data-elementor-id=\"9166\" class=\"elementor elementor-9166\" data-elementor-post-type=\"page\">\n\t\t\t\t<div class=\"elementor-element elementor-element-12c2005 e-flex e-con-boxed e-con e-parent\" data-id=\"12c2005\" data-element_type=\"container\" data-e-type=\"container\">\n\t\t\t\t\t<div class=\"e-con-inner\">\n\t\t\t\t<div class=\"elementor-element elementor-element-e203657 elementor-widget elementor-widget-spacer\" data-id=\"e203657\" data-element_type=\"widget\" data-e-type=\"widget\" data-widget_type=\"spacer.default\">\n\t\t\t\t\t\t\t<div class=\"elementor-spacer\">\n\t\t\t<div class=\"elementor-spacer-inner\"><\/div>\n\t\t<\/div>\n\t\t\t\t\t\t<\/div>\n\t\t\t\t<div class=\"elementor-element elementor-element-b727b54 elementor-widget elementor-widget-heading\" data-id=\"b727b54\" data-element_type=\"widget\" data-e-type=\"widget\" data-widget_type=\"heading.default\">\n\t\t\t\t\t<h2 class=\"elementor-heading-title elementor-size-default\">Tolladministrator<\/h2>\t\t\t\t<\/div>\n\t\t\t\t<div class=\"elementor-element elementor-element-844513c elementor-widget elementor-widget-spacer\" data-id=\"844513c\" data-element_type=\"widget\" data-e-type=\"widget\" data-widget_type=\"spacer.default\">\n\t\t\t\t\t\t\t<div class=\"elementor-spacer\">\n\t\t\t<div class=\"elementor-spacer-inner\"><\/div>\n\t\t<\/div>\n\t\t\t\t\t\t<\/div>\n\t\t\t\t<div class=\"elementor-element elementor-element-fa55587 elementor-widget elementor-widget-text-editor\" data-id=\"fa55587\" data-element_type=\"widget\" data-e-type=\"widget\" data-widget_type=\"text-editor.default\">\n\t\t\t\t\t\t\t\t\t<p style=\"font-weight: 400;\"><strong>\ud83d\udce6<\/strong><strong> Vi s\u00f8ker en tolladministrator for Tullify<\/strong><\/p><p style=\"font-weight: 400;\"><strong>Sted:<\/strong> Fleksibel<br \/><strong>Ansettelsestype:<\/strong> Heltid<\/p><p style=\"font-weight: 400;\"><strong>Om oss<\/strong><\/p><p style=\"font-weight: 400;\">Tullify er et voksende selskap som hjelper bedrifter med \u00e5 navigere i den komplekse verdenen av tollh\u00e5ndtering. Med v\u00e5r ekspertise, moderne systemer og personlige service forenkler vi internasjonal handel for v\u00e5re kunder. Vi ser n\u00e5 etter en <strong>tolladministrator<\/strong> som \u00f8nsker \u00e5 bli en del av v\u00e5rt dedikerte team.<\/p><p style=\"font-weight: 400;\"><strong>Rollen<\/strong><\/p><p style=\"font-weight: 400;\">Som tolladministrator vil du v\u00e6re en viktig del av arbeidet v\u00e5rt for \u00e5 sikre smidige tollprosesser. Dine hovedoppgaver vil v\u00e6re:<\/p><ul style=\"font-weight: 400;\"><li>H\u00e5ndtering av tolldeklarasjoner og import-\/eksportdokumentasjon.<\/li><li>Kontakt med kunder, spedit\u00f8rer og myndigheter.<\/li><li>Kontroll av tolldokumenter for \u00e5 sikre n\u00f8yaktighet og samsvar.<\/li><li>Bidra til \u00e5 utvikle og effektivisere v\u00e5re prosesser.<\/li><\/ul><p style=\"font-weight: 400;\"><strong>Kvalifikasjoner<\/strong><\/p><p style=\"font-weight: 400;\">Vi ser etter deg som:<\/p><ul style=\"font-weight: 400;\"><li>Har erfaring fra tolladministrasjon, logistikk eller lignende arbeid.<\/li><li>Ha gode kunnskaper i svensk og engelsk, b\u00e5de muntlig og skriftlig.<\/li><li>Er n\u00f8yaktig, strukturert og vant til \u00e5 jobbe med tidsfrister.<\/li><li>Liker kundekontakt og kan yte service i toppklasse.<\/li><\/ul><p style=\"font-weight: 400;\">Det er en fordel om du har:<\/p><ul style=\"font-weight: 400;\"><li>Erfaring med tolldatasystemer.<\/li><li>Kjennskap til internasjonale handelsregler.<\/li><\/ul><p style=\"font-weight: 400;\"><strong>Vi tilbyr<\/strong><\/p><ul style=\"font-weight: 400;\"><li>En stabil arbeidsplass med voksende muligheter.<\/li><li>Et engasjert team og et inkluderende arbeidsmilj\u00f8.<\/li><li>Mulighet for kompetanseutvikling innen toll og logistikk.<\/li><li>Konkurransedyktige vilk\u00e5r.<\/li><\/ul><p style=\"font-weight: 400;\">\ud83d\udc49 Er du klar til \u00e5 bli en del av Tullify? Send s\u00f8knaden din til <strong><a href=\"mailto:info@tullify.se\">info@tullify.se<\/a><\/strong> allerede i dag!<\/p><p style=\"font-weight: 400;\">Hvis du vil vite mer om rollen eller Tullify som selskap, kan du kontakte\u00a0<strong><a href=\"mailto:richard@tullify.se\" data-outlook-id=\"46819254-fcde-488f-b31f-1fd2d3e31063\">richard@tullify.se<\/a>.<\/strong><\/p>\t\t\t\t\t\t\t\t<\/div>\n\t\t\t\t\t<\/div>\n\t\t\t\t<\/div>\n\t\t\t\t<\/div>","protected":false},"excerpt":{"rendered":"<p>Tulladministrat\u00f6r \ud83d\udce6 Vi s\u00f6ker en Tulladministrat\u00f6r till Tullify Plats: FlexibeltAnst\u00e4llningsform: Heltid Om oss Tullify \u00e4r ett v\u00e4xande bolag som hj\u00e4lper f\u00f6retag att navigera i den komplexa v\u00e4rlden av tullhantering. Med v\u00e5r expertis, moderna system och personliga service f\u00f6renklar vi internationell handel f\u00f6r v\u00e5ra kunder. Nu s\u00f6ker vi en tulladministrat\u00f6r som vill bli en del av [&hellip;]<\/p>\n","protected":false},"author":3,"featured_media":8355,"parent":0,"menu_order":0,"comment_status":"closed","ping_status":"closed","template":"","meta":{"_acf_changed":false,"footnotes":""},"class_list":["post-9166","page","type-page","status-publish","has-post-thumbnail","hentry"],"acf":[],"_links":{"self":[{"href":"https:\/\/tullify.se\/nb\/wp-json\/wp\/v2\/pages\/9166","targetHints":{"allow":["GET"]}}],"collection":[{"href":"https:\/\/tullify.se\/nb\/wp-json\/wp\/v2\/pages"}],"about":[{"href":"https:\/\/tullify.se\/nb\/wp-json\/wp\/v2\/types\/page"}],"author":[{"embeddable":true,"href":"https:\/\/tullify.se\/nb\/wp-json\/wp\/v2\/users\/3"}],"replies":[{"embeddable":true,"href":"https:\/\/tullify.se\/nb\/wp-json\/wp\/v2\/comments?post=9166"}],"version-history":[{"count":7,"href":"https:\/\/tullify.se\/nb\/wp-json\/wp\/v2\/pages\/9166\/revisions"}],"predecessor-version":[{"id":9199,"href":"https:\/\/tullify.se\/nb\/wp-json\/wp\/v2\/pages\/9166\/revisions\/9199"}],"wp:featuredmedia":[{"embeddable":true,"href":"https:\/\/tullify.se\/nb\/wp-json\/wp\/v2\/media\/8355"}],"wp:attachment":[{"href":"https:\/\/tullify.se\/nb\/wp-json\/wp\/v2\/media?parent=9166"}],"curies":[{"name":"wp","href":"https:\/\/api.w.org\/{rel}","templated":true}]}}